{"id":989,"date":"2018-04-07T10:58:26","date_gmt":"2018-04-07T08:58:26","guid":{"rendered":"https:\/\/oldehanhoff.nl\/?page_id=989"},"modified":"2021-07-04T11:18:31","modified_gmt":"2021-07-04T09:18:31","slug":"legendia","status":"publish","type":"page","link":"https:\/\/oldehanhoff.nl\/?page_id=989","title":{"rendered":"Legendia"},"content":{"rendered":"\n<figure class=\"wp-block-image\"><img decoding=\"async\" src=\"https:\/\/oldehanhoff.nl\/wp-content\/uploads\/2018\/04\/Legendia-logo655.png\" alt=\"\"\/><\/figure>\n\n\n\n<figure class=\"wp-block-image alignnone size-large size-full wp-image-1002\"><a href=\"https:\/\/oldehanhoff.nl\/wp-content\/uploads\/2021\/05\/mapa_20201-scaled.jpg\" data-rel=\"lightbox-image-0\" data-rl_title=\"\" data-rl_caption=\"\" title=\"\"><img loading=\"lazy\" decoding=\"async\" width=\"1024\" height=\"886\" src=\"https:\/\/oldehanhoff.nl\/wp-content\/uploads\/2021\/05\/mapa_20201-1024x886.jpg\" alt=\"\" class=\"wp-image-19674\" srcset=\"https:\/\/oldehanhoff.nl\/wp-content\/uploads\/2021\/05\/mapa_20201-1024x886.jpg 1024w, https:\/\/oldehanhoff.nl\/wp-content\/uploads\/2021\/05\/mapa_20201-300x259.jpg 300w, https:\/\/oldehanhoff.nl\/wp-content\/uploads\/2021\/05\/mapa_20201-768x664.jpg 768w, https:\/\/oldehanhoff.nl\/wp-content\/uploads\/2021\/05\/mapa_20201-1536x1328.jpg 1536w, https:\/\/oldehanhoff.nl\/wp-content\/uploads\/2021\/05\/mapa_20201-2048x1771.jpg 2048w, https:\/\/oldehanhoff.nl\/wp-content\/uploads\/2021\/05\/mapa_20201-150x130.jpg 150w\" sizes=\"auto, (max-width: 1024px) 100vw, 1024px\" \/><\/a><figcaption>Parkmap 2020<\/figcaption><\/figure>\n\n\n\n<p><strong>Legendia<\/strong>, ook wel het <strong>Silezisch attractiepark <\/strong>genoemd (Pools: <em>\u015al\u0105skie Weso\u0142e Miasteczko<\/em>) is een pretpark gelegen in het Silezisch Cultuur- en Recreatiepark in de stad Chorz\u00f3w, Polen. Het pretpark heeft een oppervlakte van 26 ha. <\/p>\n\n\n\n<figure class=\"wp-block-image\"><img loading=\"lazy\" decoding=\"async\" width=\"1024\" height=\"683\" src=\"https:\/\/oldehanhoff.nl\/wp-content\/uploads\/2019\/10\/1024px-Legendia_-_brama_g\u0142\u00f3wna-1024x683.jpg\" alt=\"\" class=\"wp-image-6944\" srcset=\"https:\/\/oldehanhoff.nl\/wp-content\/uploads\/2019\/10\/1024px-Legendia_-_brama_g\u0142\u00f3wna.jpg 1024w, https:\/\/oldehanhoff.nl\/wp-content\/uploads\/2019\/10\/1024px-Legendia_-_brama_g\u0142\u00f3wna-300x200.jpg 300w, https:\/\/oldehanhoff.nl\/wp-content\/uploads\/2019\/10\/1024px-Legendia_-_brama_g\u0142\u00f3wna-768x512.jpg 768w, https:\/\/oldehanhoff.nl\/wp-content\/uploads\/2019\/10\/1024px-Legendia_-_brama_g\u0142\u00f3wna-150x100.jpg 150w\" sizes=\"auto, (max-width: 1024px) 100vw, 1024px\" \/><\/figure>\n\n\n\n<p>De bouw van het park starte in 1956 en in 1959 mocht het de eerste bezoekers ontvangen. <br>In 2015 werd het slovaakse bedrijf  Tatra Mountain Resort, de nieuwe investeerder in het park en hun wens was om het park te moderniseren. In 2016 werd daarom als eerste de naam van het park veranderd in <em>Legendia Silezisch attractiepark<\/em>. En in 2017 volgde een grote nieuwe achtbaan als eerste grote nieuwe attractie voor het park.<br>Lech Coaster, gebouwd door Vekoma Rides, was bij opening de hoogste, langste en snelste achtbaan in Polen. Ondertussen zijn deze records allemaal verbroken door Hyperion in Energylandia.<\/p>\n\n\n\n<p><iframe loading=\"lazy\" src=\"https:\/\/www.youtube.com\/embed\/qnH6nW3k1ZY\" allow=\"accelerometer; autoplay; encrypted-media; gyroscope; picture-in-picture\" allowfullscreen=\"\" width=\"560\" height=\"315\" frameborder=\"0\"><\/iframe><\/p>\n\n\n\n<p>In 2018 heeft het park als onderdeel van deze investeringen een nieuwe trackless darkride geopend, met de naam Bazyliszek. En in 2020 zal er nog een nieuwe rapid river volgen.<\/p>\n\n\n\n<p><iframe loading=\"lazy\" src=\"https:\/\/www.youtube.com\/embed\/cNxyAaFE51Q\" allow=\"accelerometer; autoplay; encrypted-media; gyroscope; picture-in-picture\" allowfullscreen=\"\" width=\"560\" height=\"315\" frameborder=\"0\"><\/iframe><\/p>\n","protected":false},"excerpt":{"rendered":"<p>Legendia, ook wel het Silezisch attractiepark genoemd (Pools: \u015al\u0105skie Weso\u0142e Miasteczko) is een pretpark gelegen in het Silezisch Cultuur- en Recreatiepark in de stad Chorz\u00f3w, Polen. Het pretpark heeft een oppervlakte van 26 ha. De bouw van het park starte in 1956 en in 1959 mocht het de eerste bezoekers\u2026<\/p>\n<p class=\"continue-reading-button\"> <a class=\"continue-reading-link\" href=\"https:\/\/oldehanhoff.nl\/?page_id=989\">Lees verder<i class=\"crycon-right-dir\"><\/i><\/a><\/p>\n","protected":false},"author":1,"featured_media":20653,"parent":837,"menu_order":0,"comment_status":"closed","ping_status":"closed","template":"","meta":{"_uag_custom_page_level_css":"","footnotes":"","_links_to":"","_links_to_target":""},"class_list":["post-989","page","type-page","status-publish","has-post-thumbnail","hentry"],"uagb_featured_image_src":{"full":["https:\/\/oldehanhoff.nl\/wp-content\/uploads\/2021\/07\/cropped-krakow.jpg",1180,140,false],"thumbnail":["https:\/\/oldehanhoff.nl\/wp-content\/uploads\/2021\/07\/cropped-krakow-150x140.jpg",150,140,true],"medium":["https:\/\/oldehanhoff.nl\/wp-content\/uploads\/2021\/07\/cropped-krakow-300x36.jpg",300,36,true],"medium_large":["https:\/\/oldehanhoff.nl\/wp-content\/uploads\/2021\/07\/cropped-krakow-768x91.jpg",768,91,true],"large":["https:\/\/oldehanhoff.nl\/wp-content\/uploads\/2021\/07\/cropped-krakow-1024x121.jpg",900,106,true],"1536x1536":["https:\/\/oldehanhoff.nl\/wp-content\/uploads\/2021\/07\/cropped-krakow.jpg",1180,140,false],"2048x2048":["https:\/\/oldehanhoff.nl\/wp-content\/uploads\/2021\/07\/cropped-krakow.jpg",1180,140,false],"custom":["https:\/\/oldehanhoff.nl\/wp-content\/uploads\/2021\/07\/cropped-krakow-780x140.jpg",780,140,true],"post-thumbnail":["https:\/\/oldehanhoff.nl\/wp-content\/uploads\/2021\/07\/cropped-krakow-150x18.jpg",150,18,true],"header":["https:\/\/oldehanhoff.nl\/wp-content\/uploads\/2021\/07\/cropped-krakow-1180x140.jpg",1180,140,true],"slider":["https:\/\/oldehanhoff.nl\/wp-content\/uploads\/2021\/07\/cropped-krakow.jpg",1180,140,false],"columns":["https:\/\/oldehanhoff.nl\/wp-content\/uploads\/2021\/07\/cropped-krakow-327x140.jpg",327,140,true]},"uagb_author_info":{"display_name":"Eddy","author_link":"https:\/\/oldehanhoff.nl\/?author=1"},"uagb_comment_info":0,"uagb_excerpt":"Legendia, ook wel het Silezisch attractiepark genoemd (Pools: \u015al\u0105skie Weso\u0142e Miasteczko) is een pretpark gelegen in het Silezisch Cultuur- en Recreatiepark in de stad Chorz\u00f3w, Polen. Het pretpark heeft een oppervlakte van 26 ha. De bouw van het park starte in 1956 en in 1959 mocht het de eerste bezoekers\u2026 Lees verder","_links":{"self":[{"href":"https:\/\/oldehanhoff.nl\/index.php?rest_route=\/wp\/v2\/pages\/989","targetHints":{"allow":["GET"]}}],"collection":[{"href":"https:\/\/oldehanhoff.nl\/index.php?rest_route=\/wp\/v2\/pages"}],"about":[{"href":"https:\/\/oldehanhoff.nl\/index.php?rest_route=\/wp\/v2\/types\/page"}],"author":[{"embeddable":true,"href":"https:\/\/oldehanhoff.nl\/index.php?rest_route=\/wp\/v2\/users\/1"}],"replies":[{"embeddable":true,"href":"https:\/\/oldehanhoff.nl\/index.php?rest_route=%2Fwp%2Fv2%2Fcomments&post=989"}],"version-history":[{"count":9,"href":"https:\/\/oldehanhoff.nl\/index.php?rest_route=\/wp\/v2\/pages\/989\/revisions"}],"predecessor-version":[{"id":19675,"href":"https:\/\/oldehanhoff.nl\/index.php?rest_route=\/wp\/v2\/pages\/989\/revisions\/19675"}],"up":[{"embeddable":true,"href":"https:\/\/oldehanhoff.nl\/index.php?rest_route=\/wp\/v2\/pages\/837"}],"wp:featuredmedia":[{"embeddable":true,"href":"https:\/\/oldehanhoff.nl\/index.php?rest_route=\/wp\/v2\/media\/20653"}],"wp:attachment":[{"href":"https:\/\/oldehanhoff.nl\/index.php?rest_route=%2Fwp%2Fv2%2Fmedia&parent=989"}],"curies":[{"name":"wp","href":"https:\/\/api.w.org\/{rel}","templated":true}]}}