{"id":85,"date":"2018-03-16T23:08:21","date_gmt":"2018-03-16T22:08:21","guid":{"rendered":"https:\/\/oldehanhoff.nl\/?page_id=85"},"modified":"2025-11-24T18:26:35","modified_gmt":"2025-11-24T17:26:35","slug":"2019-2","status":"publish","type":"page","link":"https:\/\/oldehanhoff.nl\/?page_id=85","title":{"rendered":"20xx &#8211; Kroati\u00eb (Istri\u00eb &#8211; o.a. Pore\u010d)"},"content":{"rendered":"\n<figure class=\"wp-block-image\"><img loading=\"lazy\" decoding=\"async\" width=\"1024\" height=\"683\" src=\"https:\/\/oldehanhoff.nl\/wp-content\/uploads\/2018\/04\/porec_panorama-1024x683.jpg\" alt=\"\" class=\"wp-image-844\" srcset=\"https:\/\/oldehanhoff.nl\/wp-content\/uploads\/2018\/04\/porec_panorama-1024x683.jpg 1024w, https:\/\/oldehanhoff.nl\/wp-content\/uploads\/2018\/04\/porec_panorama-300x200.jpg 300w, https:\/\/oldehanhoff.nl\/wp-content\/uploads\/2018\/04\/porec_panorama-768x512.jpg 768w, https:\/\/oldehanhoff.nl\/wp-content\/uploads\/2018\/04\/porec_panorama-150x100.jpg 150w, https:\/\/oldehanhoff.nl\/wp-content\/uploads\/2018\/04\/porec_panorama.jpg 1620w\" sizes=\"auto, (max-width: 1024px) 100vw, 1024px\" \/><\/figure>\n\n\n\n<p><\/p>\n\n\n\n<p>Ik wil heel erg graag weer eens terug naar het prachtig mooie stadje Pore\u010d in Istri\u00eb, Kroati\u00eb.<br>Ik ben hier in 2008 al eens een keer geweest en dat is goed bevallen. Een volgende keer wil dan ook mijn broertje, schoonzus en neefjes verrassen met een plotseling bezoek als ze zelf hier ook op de camping zitten.<br>Zij zullen hopelijk tot die tijd niets van deze plannen afweten \ud83d\ude09<\/p>\n\n\n\n<p>Ik zou ook de geweldig mooie historische stad Dubrovnik, in de streek <a href=\"https:\/\/oldehanhoff.nl\/?page_id=40659\" data-type=\"page\" data-id=\"40659\">Dalmati\u00eb<\/a> wel eens willen bezoeken. Maar ik ben bang dat dit met het openbaar vervoer bijna niet te doen zal zijn. Daarom splits ik deze megatrip maar in twee\u00ebn. <\/p>\n\n\n\n<ul class=\"wp-block-list\">\n<li><a href=\"https:\/\/oldehanhoff.nl\/?page_id=843\">Reisschema<\/a><\/li>\n\n\n\n<li><a href=\"https:\/\/oldehanhoff.nl\/?page_id=849\">Hotel<\/a><\/li>\n\n\n\n<li><a href=\"https:\/\/oldehanhoff.nl\/?page_id=851\">Info<\/a><\/li>\n\n\n\n<li><a href=\"https:\/\/oldehanhoff.nl\/?page_id=853\">Links<\/a><\/li>\n<\/ul>\n\n\n\n<hr class=\"wp-block-separator has-alpha-channel-opacity\"\/>\n\n\n\n<h5 class=\"wp-block-heading\">Het laatste nieuws over deze vakantie:<\/h5>\n\n\n<strong><a href=\"https:\/\/oldehanhoff.nl\/?cat=28\">20xx \u2013 Kroati\u00eb (Istri\u00eb \u2013 o.a. Pore\u010d)<\/a><\/strong><p>Ik wil graag weer terug naar deze prachtige kustplaats in Istri\u00eb, maar wanneer dat zal zijn, is nu helaas nog niet bekend.<\/p><ul class=\"lcp_catlist\" id=\"lcp_instance_0\"><li><a href=\"https:\/\/oldehanhoff.nl\/?p=42356\">Promo ticketprijzen voor Plitvice Meren<\/a>  5 april 2026<\/li><li><a href=\"https:\/\/oldehanhoff.nl\/?p=41397\">Kroati\u00eb, een van de top 5 reisbestemmingen voor 2026<\/a>  2 januari 2026<\/li><li><a href=\"https:\/\/oldehanhoff.nl\/?p=40645\">BING Spotlight: De oude stadskern van Rovinj<\/a>  24 november 2025<\/li><li><a href=\"https:\/\/oldehanhoff.nl\/?p=40399\">Goed nieuws: Unesco status Plitvice Meren verbeterd<\/a>  22 oktober 2025<\/li><li><a href=\"https:\/\/oldehanhoff.nl\/?p=40014\">Toeristische gidsen tegen wet die buitenlanders rondleidingen laat geven<\/a>  16 september 2025<\/li><\/ul>\n","protected":false},"excerpt":{"rendered":"<p>Ik wil heel erg graag weer eens terug naar het prachtig mooie stadje Pore\u010d in Istri\u00eb, Kroati\u00eb.Ik ben hier in 2008 al eens een keer geweest en dat is goed bevallen. Een volgende keer wil dan ook mijn broertje, schoonzus en neefjes verrassen met een plotseling bezoek als ze zelf\u2026<\/p>\n<p class=\"continue-reading-button\"> <a class=\"continue-reading-link\" href=\"https:\/\/oldehanhoff.nl\/?page_id=85\">Lees verder<i class=\"crycon-right-dir\"><\/i><\/a><\/p>\n","protected":false},"author":1,"featured_media":1239,"parent":46,"menu_order":0,"comment_status":"closed","ping_status":"closed","template":"","meta":{"_uag_custom_page_level_css":"","footnotes":"","_links_to":"","_links_to_target":""},"class_list":["post-85","page","type-page","status-publish","has-post-thumbnail","hentry"],"uagb_featured_image_src":{"full":["https:\/\/oldehanhoff.nl\/wp-content\/uploads\/2018\/04\/cropped-porec_panorama-1.jpg",1180,140,false],"thumbnail":["https:\/\/oldehanhoff.nl\/wp-content\/uploads\/2018\/04\/cropped-porec_panorama-1-150x140.jpg",150,140,true],"medium":["https:\/\/oldehanhoff.nl\/wp-content\/uploads\/2018\/04\/cropped-porec_panorama-1-300x36.jpg",300,36,true],"medium_large":["https:\/\/oldehanhoff.nl\/wp-content\/uploads\/2018\/04\/cropped-porec_panorama-1-768x91.jpg",768,91,true],"large":["https:\/\/oldehanhoff.nl\/wp-content\/uploads\/2018\/04\/cropped-porec_panorama-1-1024x121.jpg",900,106,true],"1536x1536":["https:\/\/oldehanhoff.nl\/wp-content\/uploads\/2018\/04\/cropped-porec_panorama-1.jpg",1180,140,false],"2048x2048":["https:\/\/oldehanhoff.nl\/wp-content\/uploads\/2018\/04\/cropped-porec_panorama-1.jpg",1180,140,false],"custom":["https:\/\/oldehanhoff.nl\/wp-content\/uploads\/2018\/04\/cropped-porec_panorama-1-780x140.jpg",780,140,true],"post-thumbnail":["https:\/\/oldehanhoff.nl\/wp-content\/uploads\/2018\/04\/cropped-porec_panorama-1-150x18.jpg",150,18,true],"header":["https:\/\/oldehanhoff.nl\/wp-content\/uploads\/2018\/04\/cropped-porec_panorama-1.jpg",1180,140,false],"slider":["https:\/\/oldehanhoff.nl\/wp-content\/uploads\/2018\/04\/cropped-porec_panorama-1-1180x140.jpg",1180,140,true],"columns":["https:\/\/oldehanhoff.nl\/wp-content\/uploads\/2018\/04\/cropped-porec_panorama-1-327x140.jpg",327,140,true]},"uagb_author_info":{"display_name":"Eddy","author_link":"https:\/\/oldehanhoff.nl\/?author=1"},"uagb_comment_info":0,"uagb_excerpt":"Ik wil heel erg graag weer eens terug naar het prachtig mooie stadje Pore\u010d in Istri\u00eb, Kroati\u00eb.Ik ben hier in 2008 al eens een keer geweest en dat is goed bevallen. Een volgende keer wil dan ook mijn broertje, schoonzus en neefjes verrassen met een plotseling bezoek als ze zelf\u2026 Lees verder","_links":{"self":[{"href":"https:\/\/oldehanhoff.nl\/index.php?rest_route=\/wp\/v2\/pages\/85","targetHints":{"allow":["GET"]}}],"collection":[{"href":"https:\/\/oldehanhoff.nl\/index.php?rest_route=\/wp\/v2\/pages"}],"about":[{"href":"https:\/\/oldehanhoff.nl\/index.php?rest_route=\/wp\/v2\/types\/page"}],"author":[{"embeddable":true,"href":"https:\/\/oldehanhoff.nl\/index.php?rest_route=\/wp\/v2\/users\/1"}],"replies":[{"embeddable":true,"href":"https:\/\/oldehanhoff.nl\/index.php?rest_route=%2Fwp%2Fv2%2Fcomments&post=85"}],"version-history":[{"count":28,"href":"https:\/\/oldehanhoff.nl\/index.php?rest_route=\/wp\/v2\/pages\/85\/revisions"}],"predecessor-version":[{"id":40670,"href":"https:\/\/oldehanhoff.nl\/index.php?rest_route=\/wp\/v2\/pages\/85\/revisions\/40670"}],"up":[{"embeddable":true,"href":"https:\/\/oldehanhoff.nl\/index.php?rest_route=\/wp\/v2\/pages\/46"}],"wp:featuredmedia":[{"embeddable":true,"href":"https:\/\/oldehanhoff.nl\/index.php?rest_route=\/wp\/v2\/media\/1239"}],"wp:attachment":[{"href":"https:\/\/oldehanhoff.nl\/index.php?rest_route=%2Fwp%2Fv2%2Fmedia&parent=85"}],"curies":[{"name":"wp","href":"https:\/\/api.w.org\/{rel}","templated":true}]}}