{"id":8275,"date":"2020-02-29T09:08:37","date_gmt":"2020-02-29T08:08:37","guid":{"rendered":"https:\/\/oldehanhoff.nl\/?page_id=8275"},"modified":"2021-06-03T08:38:28","modified_gmt":"2021-06-03T06:38:28","slug":"segovia","status":"publish","type":"page","link":"https:\/\/oldehanhoff.nl\/?page_id=8275","title":{"rendered":"Segovia"},"content":{"rendered":"\n<figure class=\"wp-block-image size-large\"><img loading=\"lazy\" decoding=\"async\" width=\"770\" height=\"334\" src=\"https:\/\/oldehanhoff.nl\/wp-content\/uploads\/2020\/03\/segovia_02_big1.jpg\" alt=\"\" class=\"wp-image-8426\" srcset=\"https:\/\/oldehanhoff.nl\/wp-content\/uploads\/2020\/03\/segovia_02_big1.jpg 770w, https:\/\/oldehanhoff.nl\/wp-content\/uploads\/2020\/03\/segovia_02_big1-300x130.jpg 300w, https:\/\/oldehanhoff.nl\/wp-content\/uploads\/2020\/03\/segovia_02_big1-768x333.jpg 768w, https:\/\/oldehanhoff.nl\/wp-content\/uploads\/2020\/03\/segovia_02_big1-150x65.jpg 150w\" sizes=\"auto, (max-width: 770px) 100vw, 770px\" \/><\/figure>\n\n\n\n<p><a href=\"https:\/\/nl.wikipedia.org\/wiki\/Segovia_(stad)\" data-type=\"URL\" data-id=\"https:\/\/nl.wikipedia.org\/wiki\/Segovia_(stad)\" target=\"_blank\" rel=\"noreferrer noopener\">Segovia<\/a> is een Spaanse stad in het zuidelijke deel van autonome regio   Castili\u00eb en Le\u00f3n en hoofdstad van de gelijknamige provincie Segovia. De   oude stad ligt boven op een rots waar de rivieren de Eresma en Clamores   samenkomen aan de voet van de Sierra de Guadarrama. De stad ligt 87 km   van Madrid en 111 km van Valladolid. <\/p>\n\n\n\n<figure class=\"wp-block-image size-large\"><a href=\"https:\/\/oldehanhoff.nl\/wp-content\/uploads\/2020\/02\/segovia-old-city-map1-scaled.jpg\" data-rel=\"lightbox-image-0\" data-rl_title=\"\" data-rl_caption=\"\" title=\"\"><img loading=\"lazy\" decoding=\"async\" width=\"1024\" height=\"684\" src=\"https:\/\/oldehanhoff.nl\/wp-content\/uploads\/2020\/02\/segovia-old-city-map1-1024x684.jpg\" alt=\"\" class=\"wp-image-8284\" srcset=\"https:\/\/oldehanhoff.nl\/wp-content\/uploads\/2020\/02\/segovia-old-city-map1-1024x684.jpg 1024w, https:\/\/oldehanhoff.nl\/wp-content\/uploads\/2020\/02\/segovia-old-city-map1-300x200.jpg 300w, https:\/\/oldehanhoff.nl\/wp-content\/uploads\/2020\/02\/segovia-old-city-map1-768x513.jpg 768w, https:\/\/oldehanhoff.nl\/wp-content\/uploads\/2020\/02\/segovia-old-city-map1-1536x1026.jpg 1536w, https:\/\/oldehanhoff.nl\/wp-content\/uploads\/2020\/02\/segovia-old-city-map1-2048x1368.jpg 2048w, https:\/\/oldehanhoff.nl\/wp-content\/uploads\/2020\/02\/segovia-old-city-map1-150x100.jpg 150w\" sizes=\"auto, (max-width: 1024px) 100vw, 1024px\" \/><\/a><figcaption>Klik voor een grote map<\/figcaption><\/figure>\n\n\n\n<p>Het hooggelegen deel van de stad is geheel ommuurd. In de stad zijn veel  Romeinse en middeleeuwse monumenten te zien. <\/p>\n\n\n\n<figure class=\"wp-block-image size-large\"><img loading=\"lazy\" decoding=\"async\" width=\"1024\" height=\"777\" src=\"https:\/\/oldehanhoff.nl\/wp-content\/uploads\/2020\/03\/1280px-AcueductoSegovia_edit11-1024x777.jpg\" alt=\"\" class=\"wp-image-8429\" srcset=\"https:\/\/oldehanhoff.nl\/wp-content\/uploads\/2020\/03\/1280px-AcueductoSegovia_edit11-1024x777.jpg 1024w, https:\/\/oldehanhoff.nl\/wp-content\/uploads\/2020\/03\/1280px-AcueductoSegovia_edit11-300x228.jpg 300w, https:\/\/oldehanhoff.nl\/wp-content\/uploads\/2020\/03\/1280px-AcueductoSegovia_edit11-768x583.jpg 768w, https:\/\/oldehanhoff.nl\/wp-content\/uploads\/2020\/03\/1280px-AcueductoSegovia_edit11-150x114.jpg 150w, https:\/\/oldehanhoff.nl\/wp-content\/uploads\/2020\/03\/1280px-AcueductoSegovia_edit11.jpg 1280w\" sizes=\"auto, (max-width: 1024px) 100vw, 1024px\" \/><\/figure>\n\n\n\n<p>Het Romeinse <a rel=\"noreferrer noopener\" aria-label=\"aquaduct van  Trajanus (opent in een nieuwe tab)\" href=\"https:\/\/nl.wikipedia.org\/wiki\/Aquaduct_van_Segovia\" target=\"_blank\">aquaduct van  Trajanus<\/a>, uit de 1e eeuw, loopt ca 28 m hoog door een deel van het  centrum. De constructie bestaat uit 160 bogen, deels in twee  verdiepingen, gebouwd van 24.000 granieten blokken. De lengte van het  aquaduct is 728 m, en maakte deel uit van de 16 km lange waterleiding  tussen R\u00edofr\u00edo en Segovia. <br>Sinds 1985 staat het op de Unesco-Werelderfgoedlijst als onderdeel van de &#8220;Oude stad Segovia en aquaduct&#8221;. <\/p>\n\n\n\n<figure class=\"wp-block-image size-large\"><img loading=\"lazy\" decoding=\"async\" width=\"800\" height=\"922\" src=\"https:\/\/oldehanhoff.nl\/wp-content\/uploads\/2020\/03\/800px-View_of_the_Alcazar_Segovia1.jpg\" alt=\"\" class=\"wp-image-8432\" srcset=\"https:\/\/oldehanhoff.nl\/wp-content\/uploads\/2020\/03\/800px-View_of_the_Alcazar_Segovia1.jpg 800w, https:\/\/oldehanhoff.nl\/wp-content\/uploads\/2020\/03\/800px-View_of_the_Alcazar_Segovia1-260x300.jpg 260w, https:\/\/oldehanhoff.nl\/wp-content\/uploads\/2020\/03\/800px-View_of_the_Alcazar_Segovia1-768x885.jpg 768w, https:\/\/oldehanhoff.nl\/wp-content\/uploads\/2020\/03\/800px-View_of_the_Alcazar_Segovia1-130x150.jpg 130w\" sizes=\"auto, (max-width: 800px) 100vw, 800px\" \/><\/figure>\n\n\n\n<p><a rel=\"noreferrer noopener\" aria-label=\"Het Alc\u00e1zar van Segovia (opent in een nieuwe tab)\" href=\"https:\/\/nl.wikipedia.org\/wiki\/Alc%C3%A1zar_van_Segovia\" target=\"_blank\">Het <strong>Alc\u00e1zar van Segovia<\/strong><\/a> is een kasteel gebouwd op een driehoekige bergpunt bij de samenloop van de rivieren Eresma en Clamores.<br>De bouw begon in de 11de eeuw onder koning Alfonso VI op een plaats waar  al een houten constructie stond. Het kasteel onderging minstens twintig verbouwingen, waarvan die in de  15de eeuw ingrijpend waren. Een van de verbouwingen was onder leiding  van Francisco De Mora  (1553-1610). Gedurende de 19de eeuw werd het kasteel gerestaureerd na  een brand. Het bevat onder andere een troonzaal en een schatkamer.  <\/p>\n\n\n\n<figure class=\"wp-block-image size-large\"><img loading=\"lazy\" decoding=\"async\" width=\"1024\" height=\"682\" src=\"https:\/\/oldehanhoff.nl\/wp-content\/uploads\/2020\/03\/1280px-Catedral_de_Santa_Mar\u00eda_de_Segovia_-_011-1024x682.jpg\" alt=\"\" class=\"wp-image-8430\" srcset=\"https:\/\/oldehanhoff.nl\/wp-content\/uploads\/2020\/03\/1280px-Catedral_de_Santa_Mar\u00eda_de_Segovia_-_011-1024x682.jpg 1024w, https:\/\/oldehanhoff.nl\/wp-content\/uploads\/2020\/03\/1280px-Catedral_de_Santa_Mar\u00eda_de_Segovia_-_011-300x200.jpg 300w, https:\/\/oldehanhoff.nl\/wp-content\/uploads\/2020\/03\/1280px-Catedral_de_Santa_Mar\u00eda_de_Segovia_-_011-768x512.jpg 768w, https:\/\/oldehanhoff.nl\/wp-content\/uploads\/2020\/03\/1280px-Catedral_de_Santa_Mar\u00eda_de_Segovia_-_011-150x100.jpg 150w, https:\/\/oldehanhoff.nl\/wp-content\/uploads\/2020\/03\/1280px-Catedral_de_Santa_Mar\u00eda_de_Segovia_-_011.jpg 1280w\" sizes=\"auto, (max-width: 1024px) 100vw, 1024px\" \/><\/figure>\n\n\n\n<p> <a rel=\"noreferrer noopener\" aria-label=\"De kathedraal van Segovia (opent in een nieuwe tab)\" href=\"https:\/\/nl.wikipedia.org\/wiki\/Kathedraal_van_Segovia\" target=\"_blank\">De kathedraal van Segovia<\/a> werd gebouwd tussen 1525 en 1577. Het is een gotisch gebouw met invloeden uit de renaissance, ontworpen door Juan Gil de Honta\u00f1\u00f3n en zijn zoon Rodrigo Gil de Honta\u00f1\u00f3n.  <br>De oude kathedraal werd bij de opstand van de Comuneros, die in opstand kwamen tegen koning Karel I van Spanje, verwoest. Begin 16e eeuw werd besloten een nieuwe gotische kathedraal te bouwen. Deze nieuwe kathedraal is drieschepig. <br>Ook de kathedraal staat sinds 1985 op de Werelderfgoedlijst van UNESCO. <\/p>\n\n\n\n<h5 class=\"wp-block-heading\">Must see: <\/h5>\n\n\n\n<ul class=\"wp-block-list\"><li><a rel=\"noreferrer noopener\" aria-label=\"https:\/\/www.planetware.com\/tourist-attractions-\/segovia-e-castl-seg.htm (opent in een nieuwe tab)\" href=\"https:\/\/www.planetware.com\/tourist-attractions-\/segovia-e-castl-seg.htm\" target=\"_blank\">https:\/\/www.planetware.com\/tourist-attractions-\/segovia-e-castl-seg.htm<\/a><\/li><li><a rel=\"noreferrer noopener\" aria-label=\"https:\/\/mytravelingworld.com\/page\/spain_segovia.html (opent in een nieuwe tab)\" href=\"https:\/\/mytravelingworld.com\/page\/spain_segovia.html\" target=\"_blank\">https:\/\/mytravelingworld.com\/page\/spain_segovia.html<\/a><\/li><li><a href=\"https:\/\/www.airpano.com\/360photo\/Segovia-Spain\/\">https:\/\/www.airpano.com\/360photo\/Segovia-Spain\/<\/a><\/li><li><a rel=\"noreferrer noopener\" aria-label=\"https:\/\/travel.sygic.com\/nl\/poi\/segovia-city:6771 (opent in een nieuwe tab)\" href=\"https:\/\/travel.sygic.com\/nl\/poi\/segovia-city:6771\" target=\"_blank\">https:\/\/travel.sygic.com\/nl\/poi\/segovia-city:6771<\/a><\/li><li><a href=\"https:\/\/www.esmadrid.com\/en\/trips-segovia\">https:\/\/www.esmadrid.com\/en\/trips-segovia<\/a><\/li><li><a rel=\"noreferrer noopener\" href=\"https:\/\/spaansesteden.nl\/segovia.html\" target=\"_blank\">https:\/\/spaansesteden.nl\/segovia.html<\/a><\/li><li><a rel=\"noreferrer noopener\" href=\"https:\/\/www.top10bezienswaardigheden.nl\/spanje\/segovia.htm\" target=\"_blank\">https:\/\/www.top10bezienswaardigheden.nl\/spanje\/segovia.htm<\/a><\/li><li><a href=\"https:\/\/www.vakantiehuizenspanje.nl\/Segovia\/artikels\/wat-zie-je-op-wandeling-door-segovia\" target=\"_blank\" rel=\"noreferrer noopener\">https:\/\/www.vakantiehuizenspanje.nl\/Segovia\/artikels\/wat-zie-je-op-wandeling-door-segovia<\/a><\/li><\/ul>\n\n\n\n<figure class=\"wp-block-image size-large\"><img loading=\"lazy\" decoding=\"async\" width=\"800\" height=\"533\" src=\"https:\/\/oldehanhoff.nl\/wp-content\/uploads\/2020\/03\/TintinSGGUIOMAR16NOV131.jpg\" alt=\"\" class=\"wp-image-8419\" srcset=\"https:\/\/oldehanhoff.nl\/wp-content\/uploads\/2020\/03\/TintinSGGUIOMAR16NOV131.jpg 800w, https:\/\/oldehanhoff.nl\/wp-content\/uploads\/2020\/03\/TintinSGGUIOMAR16NOV131-300x200.jpg 300w, https:\/\/oldehanhoff.nl\/wp-content\/uploads\/2020\/03\/TintinSGGUIOMAR16NOV131-768x512.jpg 768w, https:\/\/oldehanhoff.nl\/wp-content\/uploads\/2020\/03\/TintinSGGUIOMAR16NOV131-150x100.jpg 150w\" sizes=\"auto, (max-width: 800px) 100vw, 800px\" \/><\/figure>\n\n\n<p><a name=\"ov-segovia\"><\/a><\/p>\n\n\n<h2 class=\"wp-block-heading\">Met de trein naar Segovia:<\/h2>\n\n\n\n<p>Segovia heeft sinds 2007 een nieuw centraal station (<a href=\"https:\/\/en.wikipedia.org\/wiki\/Segovia-Guiomar_railway_station\" target=\"_blank\" rel=\"noreferrer noopener\" aria-label=\"Segovia-Guiomar (opent in een nieuwe tab)\">Segovia-Guiomar<\/a>) in het zuiden van de stad (ongeveer 5km van het centrum), als vervanging van het oude station (Estaci\u00f3n de Segovia), welke in het centrum van de stad lag.<br>Dit nieuwe station is ook een stop in de hoge snelheids lijn tussen Madrid (Chamart\u00edn) en Valladolid (Campo Grande). Het oude station is sinds dien alleen nog in gebruik voor de stoptrein tussen Segovia en Madrid.<\/p>\n\n\n\n<p>Helaas licht dit nieuwe station niet echt op loop afstand van het oude centrum van Segovia, maar gelukkig zijn er een aantal betaalbare opties die je in korte tijd naar het centrum brengen en weer terug.<\/p>\n\n\n\n<p>Zo kun je gemakkelijk een taxi nemen die je voor ongeveer \u20ac10,- naar de rand van het oude centrum brengt. Maar goedkoper is toch de bus (<a rel=\"noreferrer noopener\" aria-label=\"bus 11 (opent in een nieuwe tab)\" href=\"https:\/\/segovia.avanzagrupo.com\/lineas\/linea-11\" target=\"_blank\">bus 11<\/a> of <a rel=\"noreferrer noopener\" aria-label=\"12 (opent in een nieuwe tab)\" href=\"https:\/\/segovia.avanzagrupo.com\/lineas\/linea-12\" target=\"_blank\">12<\/a>), welke je voor ongeveer \u20ac2,- van het station in zo&#8217;n 9 minuten naar Plaza de Torres en zelfs het Romeins Aquaduct brengt. Dit is aan de rand van het oude centrum.<\/p>\n\n\n\n<ul class=\"wp-block-list\"><li><a href=\"https:\/\/www.rome2rio.com\/s\/Segovia-Guiomar\/Segovia\">https:\/\/www.rome2rio.com\/s\/Segovia-Guiomar\/Segovia<\/a><\/li><li><a rel=\"noreferrer noopener\" aria-label=\"https:\/\/wikitravel.org\/en\/Segovia (opent in een nieuwe tab)\" href=\"https:\/\/wikitravel.org\/en\/Segovia\" target=\"_blank\">https:\/\/wikitravel.org\/en\/Segovia<\/a><\/li><li><a href=\"https:\/\/venta.renfe.com\/vol\/search.do?c=_vfvb\" target=\"_blank\" rel=\"noreferrer noopener\">https:\/\/venta.renfe.com\/vol\/search.do?c=_vfvb<\/a><\/li><\/ul>\n\n\n\n<p><iframe src=\"https:\/\/www.google.com\/maps\/embed?pb=!1m28!1m12!1m3!1d1515439.8478854762!2d-4.500470077269898!3d42.11082345012314!2m3!1f0!2f0!3f0!3m2!1i1024!2i768!4f13.1!4m13!3e3!4m5!1s0xd51affe3b68fe15%3A0xe43ec55994864649!2sSan%20Sebastian%2C%20Gipuzkoa%2C%20Spanje!3m2!1d43.318334!2d-1.9812313!4m5!1s0xd413ee6a93332f9%3A0x54567221bf13dfb7!2sSegovia%2C%20Spanje!3m2!1d40.942903199999996!2d-4.108806899999999!5e0!3m2!1snl!2snl!4v1622701571257!5m2!1snl!2snl\" width=\"800\" height=\"450\" style=\"border:0;\" allowfullscreen=\"\" loading=\"lazy\"><\/iframe><\/p>\n","protected":false},"excerpt":{"rendered":"<p>Segovia is een Spaanse stad in het zuidelijke deel van autonome regio Castili\u00eb en Le\u00f3n en hoofdstad van de gelijknamige provincie Segovia. De oude stad ligt boven op een rots waar de rivieren de Eresma en Clamores samenkomen aan de voet van de Sierra de Guadarrama. De stad ligt 87\u2026<\/p>\n<p class=\"continue-reading-button\"> <a class=\"continue-reading-link\" href=\"https:\/\/oldehanhoff.nl\/?page_id=8275\">Lees verder<i class=\"crycon-right-dir\"><\/i><\/a><\/p>\n","protected":false},"author":1,"featured_media":0,"parent":7498,"menu_order":0,"comment_status":"closed","ping_status":"closed","template":"","meta":{"_uag_custom_page_level_css":"","footnotes":"","_links_to":"","_links_to_target":""},"class_list":["post-8275","page","type-page","status-publish","hentry"],"uagb_featured_image_src":{"full":false,"thumbnail":false,"medium":false,"medium_large":false,"large":false,"1536x1536":false,"2048x2048":false,"custom":false,"post-thumbnail":false,"header":false,"slider":false,"columns":false},"uagb_author_info":{"display_name":"Eddy","author_link":"https:\/\/oldehanhoff.nl\/?author=1"},"uagb_comment_info":0,"uagb_excerpt":"Segovia is een Spaanse stad in het zuidelijke deel van autonome regio Castili\u00eb en Le\u00f3n en hoofdstad van de gelijknamige provincie Segovia. De oude stad ligt boven op een rots waar de rivieren de Eresma en Clamores samenkomen aan de voet van de Sierra de Guadarrama. De stad ligt 87\u2026 Lees verder","_links":{"self":[{"href":"https:\/\/oldehanhoff.nl\/index.php?rest_route=\/wp\/v2\/pages\/8275","targetHints":{"allow":["GET"]}}],"collection":[{"href":"https:\/\/oldehanhoff.nl\/index.php?rest_route=\/wp\/v2\/pages"}],"about":[{"href":"https:\/\/oldehanhoff.nl\/index.php?rest_route=\/wp\/v2\/types\/page"}],"author":[{"embeddable":true,"href":"https:\/\/oldehanhoff.nl\/index.php?rest_route=\/wp\/v2\/users\/1"}],"replies":[{"embeddable":true,"href":"https:\/\/oldehanhoff.nl\/index.php?rest_route=%2Fwp%2Fv2%2Fcomments&post=8275"}],"version-history":[{"count":19,"href":"https:\/\/oldehanhoff.nl\/index.php?rest_route=\/wp\/v2\/pages\/8275\/revisions"}],"predecessor-version":[{"id":19788,"href":"https:\/\/oldehanhoff.nl\/index.php?rest_route=\/wp\/v2\/pages\/8275\/revisions\/19788"}],"up":[{"embeddable":true,"href":"https:\/\/oldehanhoff.nl\/index.php?rest_route=\/wp\/v2\/pages\/7498"}],"wp:attachment":[{"href":"https:\/\/oldehanhoff.nl\/index.php?rest_route=%2Fwp%2Fv2%2Fmedia&parent=8275"}],"curies":[{"name":"wp","href":"https:\/\/api.w.org\/{rel}","templated":true}]}}