{"id":8219,"date":"2020-02-22T08:44:08","date_gmt":"2020-02-22T07:44:08","guid":{"rendered":"https:\/\/oldehanhoff.nl\/?page_id=8219"},"modified":"2021-03-15T10:56:07","modified_gmt":"2021-03-15T09:56:07","slug":"oslo","status":"publish","type":"page","link":"https:\/\/oldehanhoff.nl\/?page_id=8219","title":{"rendered":"Oslo"},"content":{"rendered":"\n<figure class=\"wp-block-image size-large\"><img loading=\"lazy\" decoding=\"async\" width=\"1024\" height=\"583\" src=\"https:\/\/oldehanhoff.nl\/wp-content\/uploads\/2021\/03\/1920px-14-09-02-oslo-RalfR-3931-1024x583.jpg\" alt=\"\" class=\"wp-image-17385\" srcset=\"https:\/\/oldehanhoff.nl\/wp-content\/uploads\/2021\/03\/1920px-14-09-02-oslo-RalfR-3931-1024x583.jpg 1024w, https:\/\/oldehanhoff.nl\/wp-content\/uploads\/2021\/03\/1920px-14-09-02-oslo-RalfR-3931-300x171.jpg 300w, https:\/\/oldehanhoff.nl\/wp-content\/uploads\/2021\/03\/1920px-14-09-02-oslo-RalfR-3931-768x437.jpg 768w, https:\/\/oldehanhoff.nl\/wp-content\/uploads\/2021\/03\/1920px-14-09-02-oslo-RalfR-3931-1536x874.jpg 1536w, https:\/\/oldehanhoff.nl\/wp-content\/uploads\/2021\/03\/1920px-14-09-02-oslo-RalfR-3931-150x85.jpg 150w, https:\/\/oldehanhoff.nl\/wp-content\/uploads\/2021\/03\/1920px-14-09-02-oslo-RalfR-3931.jpg 1920w\" sizes=\"auto, (max-width: 1024px) 100vw, 1024px\" \/><\/figure>\n\n\n\n<p><strong>Oslo<\/strong> is de hoofdstad en grootste stad van Noorwegen en is gelegen in het zuidoosten van het land, aan het begin van de Oslofjord. Volgens Noorse sagen werd Oslo gesticht rond 1048 door koning Harald Hardr\u00e5de. Recent archeologisch onderzoek heeft christelijke begraafplaatsen van v\u00f3\u00f3r 1000 blootgelegd, wat bewijsmateriaal is voor de theorie dat verstedelijking van het gebied rondom Oslo eerder was begonnen.<\/p>\n\n\n\n<figure class=\"wp-block-image size-large\"><img loading=\"lazy\" decoding=\"async\" width=\"1024\" height=\"692\" src=\"https:\/\/oldehanhoff.nl\/wp-content\/uploads\/2020\/02\/oslo-kaart-om-af-te-drukken-871301-1024x692.png\" alt=\"\" class=\"wp-image-8220\" srcset=\"https:\/\/oldehanhoff.nl\/wp-content\/uploads\/2020\/02\/oslo-kaart-om-af-te-drukken-871301-1024x692.png 1024w, https:\/\/oldehanhoff.nl\/wp-content\/uploads\/2020\/02\/oslo-kaart-om-af-te-drukken-871301-300x203.png 300w, https:\/\/oldehanhoff.nl\/wp-content\/uploads\/2020\/02\/oslo-kaart-om-af-te-drukken-871301-768x519.png 768w, https:\/\/oldehanhoff.nl\/wp-content\/uploads\/2020\/02\/oslo-kaart-om-af-te-drukken-871301-150x101.png 150w, https:\/\/oldehanhoff.nl\/wp-content\/uploads\/2020\/02\/oslo-kaart-om-af-te-drukken-871301.png 1530w\" sizes=\"auto, (max-width: 1024px) 100vw, 1024px\" \/><\/figure>\n\n\n\n<p>Meer info: <a rel=\"noreferrer noopener\" aria-label=\"https:\/\/travel.sygic.com\/nl\/map\/oslo-kaart-om-af-te-drukken-city:4 (opent in een nieuwe tab)\" href=\"https:\/\/travel.sygic.com\/nl\/map\/oslo-kaart-om-af-te-drukken-city:4\" target=\"_blank\">https:\/\/travel.sygic.com\/nl\/map\/oslo-kaart-om-af-te-drukken-city:4<\/a><\/p>\n\n\n\n<p>Enkele bezienswaardigheden in de stad, welke bijna allemaal op loopafstand van het centrum te vinden zijn, zijn de volgende:<\/p>\n\n\n\n<h5 class=\"wp-block-heading\">Slottet (Koninklijk Paleis):<\/h5>\n\n\n\n<figure class=\"wp-block-image size-large\"><img loading=\"lazy\" decoding=\"async\" width=\"1024\" height=\"682\" src=\"https:\/\/oldehanhoff.nl\/wp-content\/uploads\/2021\/03\/1280px-Slottet_i_Oslo_11-1024x682.jpg\" alt=\"\" class=\"wp-image-17390\" srcset=\"https:\/\/oldehanhoff.nl\/wp-content\/uploads\/2021\/03\/1280px-Slottet_i_Oslo_11-1024x682.jpg 1024w, https:\/\/oldehanhoff.nl\/wp-content\/uploads\/2021\/03\/1280px-Slottet_i_Oslo_11-300x200.jpg 300w, https:\/\/oldehanhoff.nl\/wp-content\/uploads\/2021\/03\/1280px-Slottet_i_Oslo_11-768x512.jpg 768w, https:\/\/oldehanhoff.nl\/wp-content\/uploads\/2021\/03\/1280px-Slottet_i_Oslo_11-150x100.jpg 150w, https:\/\/oldehanhoff.nl\/wp-content\/uploads\/2021\/03\/1280px-Slottet_i_Oslo_11.jpg 1280w\" sizes=\"auto, (max-width: 1024px) 100vw, 1024px\" \/><\/figure>\n\n\n\n<h5 class=\"wp-block-heading\">Karl Johans Gate:<\/h5>\n\n\n\n<figure class=\"wp-block-image size-large\"><img loading=\"lazy\" decoding=\"async\" width=\"450\" height=\"600\" src=\"https:\/\/oldehanhoff.nl\/wp-content\/uploads\/2021\/03\/Karl_Johans_gate1.jpg\" alt=\"\" class=\"wp-image-17391\" srcset=\"https:\/\/oldehanhoff.nl\/wp-content\/uploads\/2021\/03\/Karl_Johans_gate1.jpg 450w, https:\/\/oldehanhoff.nl\/wp-content\/uploads\/2021\/03\/Karl_Johans_gate1-225x300.jpg 225w, https:\/\/oldehanhoff.nl\/wp-content\/uploads\/2021\/03\/Karl_Johans_gate1-113x150.jpg 113w\" sizes=\"auto, (max-width: 450px) 100vw, 450px\" \/><\/figure>\n\n\n\n<h5 class=\"wp-block-heading\">Oslo domkirke:<\/h5>\n\n\n\n<figure class=\"wp-block-image size-large is-resized\"><img decoding=\"async\" src=\"https:\/\/oldehanhoff.nl\/wp-content\/uploads\/2021\/03\/800px-Oslo_Cathedral1-768x1024.jpg\" alt=\"\" class=\"wp-image-17394\" width=\"450\" srcset=\"https:\/\/oldehanhoff.nl\/wp-content\/uploads\/2021\/03\/800px-Oslo_Cathedral1-768x1024.jpg 768w, https:\/\/oldehanhoff.nl\/wp-content\/uploads\/2021\/03\/800px-Oslo_Cathedral1-225x300.jpg 225w, https:\/\/oldehanhoff.nl\/wp-content\/uploads\/2021\/03\/800px-Oslo_Cathedral1-112x150.jpg 112w, https:\/\/oldehanhoff.nl\/wp-content\/uploads\/2021\/03\/800px-Oslo_Cathedral1.jpg 800w\" sizes=\"(max-width: 768px) 100vw, 768px\" \/><\/figure>\n\n\n\n<h5 class=\"wp-block-heading\">Operahuset:<\/h5>\n\n\n\n<figure class=\"wp-block-image size-large\"><img loading=\"lazy\" decoding=\"async\" width=\"1024\" height=\"320\" src=\"https:\/\/oldehanhoff.nl\/wp-content\/uploads\/2021\/03\/1920px-Full_Opera_by_night1-1024x320.jpg\" alt=\"\" class=\"wp-image-17389\" srcset=\"https:\/\/oldehanhoff.nl\/wp-content\/uploads\/2021\/03\/1920px-Full_Opera_by_night1-1024x320.jpg 1024w, https:\/\/oldehanhoff.nl\/wp-content\/uploads\/2021\/03\/1920px-Full_Opera_by_night1-300x94.jpg 300w, https:\/\/oldehanhoff.nl\/wp-content\/uploads\/2021\/03\/1920px-Full_Opera_by_night1-768x240.jpg 768w, https:\/\/oldehanhoff.nl\/wp-content\/uploads\/2021\/03\/1920px-Full_Opera_by_night1-1536x480.jpg 1536w, https:\/\/oldehanhoff.nl\/wp-content\/uploads\/2021\/03\/1920px-Full_Opera_by_night1-150x47.jpg 150w, https:\/\/oldehanhoff.nl\/wp-content\/uploads\/2021\/03\/1920px-Full_Opera_by_night1.jpg 1920w\" sizes=\"auto, (max-width: 1024px) 100vw, 1024px\" \/><\/figure>\n\n\n\n<h5 class=\"wp-block-heading\">Aker Brygge:<\/h5>\n\n\n\n<figure class=\"wp-block-image size-large\"><img loading=\"lazy\" decoding=\"async\" width=\"1024\" height=\"682\" src=\"https:\/\/oldehanhoff.nl\/wp-content\/uploads\/2021\/03\/1280px-Oslo_Aker_Brygge_2005_June_191-1024x682.jpg\" alt=\"\" class=\"wp-image-17399\" srcset=\"https:\/\/oldehanhoff.nl\/wp-content\/uploads\/2021\/03\/1280px-Oslo_Aker_Brygge_2005_June_191-1024x682.jpg 1024w, https:\/\/oldehanhoff.nl\/wp-content\/uploads\/2021\/03\/1280px-Oslo_Aker_Brygge_2005_June_191-300x200.jpg 300w, https:\/\/oldehanhoff.nl\/wp-content\/uploads\/2021\/03\/1280px-Oslo_Aker_Brygge_2005_June_191-768x512.jpg 768w, https:\/\/oldehanhoff.nl\/wp-content\/uploads\/2021\/03\/1280px-Oslo_Aker_Brygge_2005_June_191-150x100.jpg 150w, https:\/\/oldehanhoff.nl\/wp-content\/uploads\/2021\/03\/1280px-Oslo_Aker_Brygge_2005_June_191.jpg 1280w\" sizes=\"auto, (max-width: 1024px) 100vw, 1024px\" \/><\/figure>\n\n\n\n<h5 class=\"wp-block-heading\">Slot Akershus:<\/h5>\n\n\n\n<figure class=\"wp-block-image size-large\"><img loading=\"lazy\" decoding=\"async\" width=\"1024\" height=\"526\" src=\"https:\/\/oldehanhoff.nl\/wp-content\/uploads\/2021\/03\/OSLO-NO-02_05_ubt1-1024x526.jpeg\" alt=\"\" class=\"wp-image-17388\" srcset=\"https:\/\/oldehanhoff.nl\/wp-content\/uploads\/2021\/03\/OSLO-NO-02_05_ubt1-1024x526.jpeg 1024w, https:\/\/oldehanhoff.nl\/wp-content\/uploads\/2021\/03\/OSLO-NO-02_05_ubt1-300x154.jpeg 300w, https:\/\/oldehanhoff.nl\/wp-content\/uploads\/2021\/03\/OSLO-NO-02_05_ubt1-768x394.jpeg 768w, https:\/\/oldehanhoff.nl\/wp-content\/uploads\/2021\/03\/OSLO-NO-02_05_ubt1-150x77.jpeg 150w, https:\/\/oldehanhoff.nl\/wp-content\/uploads\/2021\/03\/OSLO-NO-02_05_ubt1.jpeg 1251w\" sizes=\"auto, (max-width: 1024px) 100vw, 1024px\" \/><\/figure>\n\n\n\n<h5 class=\"wp-block-heading\">Nobels Fredssenter:<\/h5>\n\n\n\n<figure class=\"wp-block-image size-large\"><img loading=\"lazy\" decoding=\"async\" width=\"1024\" height=\"768\" src=\"https:\/\/oldehanhoff.nl\/wp-content\/uploads\/2021\/03\/1280px-Nobel_Peace_Center_121-1024x768.jpg\" alt=\"\" class=\"wp-image-17401\" srcset=\"https:\/\/oldehanhoff.nl\/wp-content\/uploads\/2021\/03\/1280px-Nobel_Peace_Center_121-1024x768.jpg 1024w, https:\/\/oldehanhoff.nl\/wp-content\/uploads\/2021\/03\/1280px-Nobel_Peace_Center_121-300x225.jpg 300w, https:\/\/oldehanhoff.nl\/wp-content\/uploads\/2021\/03\/1280px-Nobel_Peace_Center_121-768x576.jpg 768w, https:\/\/oldehanhoff.nl\/wp-content\/uploads\/2021\/03\/1280px-Nobel_Peace_Center_121-150x113.jpg 150w, https:\/\/oldehanhoff.nl\/wp-content\/uploads\/2021\/03\/1280px-Nobel_Peace_Center_121.jpg 1280w\" sizes=\"auto, (max-width: 1024px) 100vw, 1024px\" \/><\/figure>\n\n\n\n<h5 class=\"wp-block-heading\">Mathallen:<\/h5>\n\n\n\n<figure class=\"wp-block-image size-large\"><img loading=\"lazy\" decoding=\"async\" width=\"1000\" height=\"670\" src=\"https:\/\/oldehanhoff.nl\/wp-content\/uploads\/2021\/03\/EYJIDW1.jpg\" alt=\"\" class=\"wp-image-17436\" srcset=\"https:\/\/oldehanhoff.nl\/wp-content\/uploads\/2021\/03\/EYJIDW1.jpg 1000w, https:\/\/oldehanhoff.nl\/wp-content\/uploads\/2021\/03\/EYJIDW1-300x201.jpg 300w, https:\/\/oldehanhoff.nl\/wp-content\/uploads\/2021\/03\/EYJIDW1-768x515.jpg 768w, https:\/\/oldehanhoff.nl\/wp-content\/uploads\/2021\/03\/EYJIDW1-150x101.jpg 150w\" sizes=\"auto, (max-width: 1000px) 100vw, 1000px\" \/><\/figure>\n\n\n\n<h5 class=\"wp-block-heading\">Vikingskiphuset:<\/h5>\n\n\n\n<figure class=\"wp-block-image size-large\"><img loading=\"lazy\" decoding=\"async\" width=\"1024\" height=\"768\" src=\"https:\/\/oldehanhoff.nl\/wp-content\/uploads\/2021\/03\/1280px-Wikingerschiff_Oslo1-1024x768.jpg\" alt=\"\" class=\"wp-image-17397\" srcset=\"https:\/\/oldehanhoff.nl\/wp-content\/uploads\/2021\/03\/1280px-Wikingerschiff_Oslo1-1024x768.jpg 1024w, https:\/\/oldehanhoff.nl\/wp-content\/uploads\/2021\/03\/1280px-Wikingerschiff_Oslo1-300x225.jpg 300w, https:\/\/oldehanhoff.nl\/wp-content\/uploads\/2021\/03\/1280px-Wikingerschiff_Oslo1-768x576.jpg 768w, https:\/\/oldehanhoff.nl\/wp-content\/uploads\/2021\/03\/1280px-Wikingerschiff_Oslo1-150x113.jpg 150w, https:\/\/oldehanhoff.nl\/wp-content\/uploads\/2021\/03\/1280px-Wikingerschiff_Oslo1.jpg 1280w\" sizes=\"auto, (max-width: 1024px) 100vw, 1024px\" \/><\/figure>\n\n\n\n<h5 class=\"wp-block-heading\">Frammuseet:<\/h5>\n\n\n\n<figure class=\"wp-block-image size-large\"><img loading=\"lazy\" decoding=\"async\" width=\"1024\" height=\"559\" src=\"https:\/\/oldehanhoff.nl\/wp-content\/uploads\/2021\/03\/The_Fram_Museum_in_Oslo_Norway1-1024x559.jpg\" alt=\"\" class=\"wp-image-17404\" srcset=\"https:\/\/oldehanhoff.nl\/wp-content\/uploads\/2021\/03\/The_Fram_Museum_in_Oslo_Norway1-1024x559.jpg 1024w, https:\/\/oldehanhoff.nl\/wp-content\/uploads\/2021\/03\/The_Fram_Museum_in_Oslo_Norway1-300x164.jpg 300w, https:\/\/oldehanhoff.nl\/wp-content\/uploads\/2021\/03\/The_Fram_Museum_in_Oslo_Norway1-768x419.jpg 768w, https:\/\/oldehanhoff.nl\/wp-content\/uploads\/2021\/03\/The_Fram_Museum_in_Oslo_Norway1-1536x838.jpg 1536w, https:\/\/oldehanhoff.nl\/wp-content\/uploads\/2021\/03\/The_Fram_Museum_in_Oslo_Norway1-150x82.jpg 150w, https:\/\/oldehanhoff.nl\/wp-content\/uploads\/2021\/03\/The_Fram_Museum_in_Oslo_Norway1.jpg 1920w\" sizes=\"auto, (max-width: 1024px) 100vw, 1024px\" \/><\/figure>\n\n\n\n<h5 class=\"wp-block-heading\">Kon-Tiki Museet:<\/h5>\n\n\n\n<figure class=\"wp-block-image size-large is-resized\"><img decoding=\"async\" src=\"https:\/\/oldehanhoff.nl\/wp-content\/uploads\/2021\/03\/KON-TIKI-MUSEUM-11.jpg\" alt=\"\" class=\"wp-image-17433\" width=\"850\" srcset=\"https:\/\/oldehanhoff.nl\/wp-content\/uploads\/2021\/03\/KON-TIKI-MUSEUM-11.jpg 799w, https:\/\/oldehanhoff.nl\/wp-content\/uploads\/2021\/03\/KON-TIKI-MUSEUM-11-300x200.jpg 300w, https:\/\/oldehanhoff.nl\/wp-content\/uploads\/2021\/03\/KON-TIKI-MUSEUM-11-768x512.jpg 768w, https:\/\/oldehanhoff.nl\/wp-content\/uploads\/2021\/03\/KON-TIKI-MUSEUM-11-150x100.jpg 150w\" sizes=\"(max-width: 799px) 100vw, 799px\" \/><\/figure>\n\n\n\n<p><iframe loading=\"lazy\" src=\"https:\/\/www.google.com\/maps\/d\/embed?mid=1cjz9U9A10VNKHIpNHaCO0r2hXT3jysAs&amp;hl=nl\" width=\"800\" height=\"600\"><\/iframe><\/p>\n","protected":false},"excerpt":{"rendered":"<p>Oslo is de hoofdstad en grootste stad van Noorwegen en is gelegen in het zuidoosten van het land, aan het begin van de Oslofjord. Volgens Noorse sagen werd Oslo gesticht rond 1048 door koning Harald Hardr\u00e5de. Recent archeologisch onderzoek heeft christelijke begraafplaatsen van v\u00f3\u00f3r 1000 blootgelegd, wat bewijsmateriaal is voor\u2026<\/p>\n<p class=\"continue-reading-button\"> <a class=\"continue-reading-link\" href=\"https:\/\/oldehanhoff.nl\/?page_id=8219\">Lees verder<i class=\"crycon-right-dir\"><\/i><\/a><\/p>\n","protected":false},"author":1,"featured_media":0,"parent":8217,"menu_order":0,"comment_status":"closed","ping_status":"closed","template":"","meta":{"_uag_custom_page_level_css":"","footnotes":"","_links_to":"","_links_to_target":""},"class_list":["post-8219","page","type-page","status-publish","hentry"],"uagb_featured_image_src":{"full":false,"thumbnail":false,"medium":false,"medium_large":false,"large":false,"1536x1536":false,"2048x2048":false,"custom":false,"post-thumbnail":false,"header":false,"slider":false,"columns":false},"uagb_author_info":{"display_name":"Eddy","author_link":"https:\/\/oldehanhoff.nl\/?author=1"},"uagb_comment_info":0,"uagb_excerpt":"Oslo is de hoofdstad en grootste stad van Noorwegen en is gelegen in het zuidoosten van het land, aan het begin van de Oslofjord. Volgens Noorse sagen werd Oslo gesticht rond 1048 door koning Harald Hardr\u00e5de. Recent archeologisch onderzoek heeft christelijke begraafplaatsen van v\u00f3\u00f3r 1000 blootgelegd, wat bewijsmateriaal is voor\u2026 Lees verder","_links":{"self":[{"href":"https:\/\/oldehanhoff.nl\/index.php?rest_route=\/wp\/v2\/pages\/8219","targetHints":{"allow":["GET"]}}],"collection":[{"href":"https:\/\/oldehanhoff.nl\/index.php?rest_route=\/wp\/v2\/pages"}],"about":[{"href":"https:\/\/oldehanhoff.nl\/index.php?rest_route=\/wp\/v2\/types\/page"}],"author":[{"embeddable":true,"href":"https:\/\/oldehanhoff.nl\/index.php?rest_route=\/wp\/v2\/users\/1"}],"replies":[{"embeddable":true,"href":"https:\/\/oldehanhoff.nl\/index.php?rest_route=%2Fwp%2Fv2%2Fcomments&post=8219"}],"version-history":[{"count":11,"href":"https:\/\/oldehanhoff.nl\/index.php?rest_route=\/wp\/v2\/pages\/8219\/revisions"}],"predecessor-version":[{"id":17508,"href":"https:\/\/oldehanhoff.nl\/index.php?rest_route=\/wp\/v2\/pages\/8219\/revisions\/17508"}],"up":[{"embeddable":true,"href":"https:\/\/oldehanhoff.nl\/index.php?rest_route=\/wp\/v2\/pages\/8217"}],"wp:attachment":[{"href":"https:\/\/oldehanhoff.nl\/index.php?rest_route=%2Fwp%2Fv2%2Fmedia&parent=8219"}],"curies":[{"name":"wp","href":"https:\/\/api.w.org\/{rel}","templated":true}]}}