{"id":7320,"date":"2019-11-26T17:52:35","date_gmt":"2019-11-26T16:52:35","guid":{"rendered":"https:\/\/oldehanhoff.nl\/?page_id=7320"},"modified":"2019-12-16T11:22:48","modified_gmt":"2019-12-16T10:22:48","slug":"vliegen","status":"publish","type":"page","link":"https:\/\/oldehanhoff.nl\/?page_id=7320","title":{"rendered":"Vliegen"},"content":{"rendered":"\n<figure class=\"wp-block-image size-large\"><img loading=\"lazy\" decoding=\"async\" width=\"800\" height=\"600\" src=\"https:\/\/oldehanhoff.nl\/wp-content\/uploads\/2019\/12\/800px-Vertekhal_Eindhoven_airport1.jpg\" alt=\"\" class=\"wp-image-7611\" srcset=\"https:\/\/oldehanhoff.nl\/wp-content\/uploads\/2019\/12\/800px-Vertekhal_Eindhoven_airport1.jpg 800w, https:\/\/oldehanhoff.nl\/wp-content\/uploads\/2019\/12\/800px-Vertekhal_Eindhoven_airport1-300x225.jpg 300w, https:\/\/oldehanhoff.nl\/wp-content\/uploads\/2019\/12\/800px-Vertekhal_Eindhoven_airport1-768x576.jpg 768w, https:\/\/oldehanhoff.nl\/wp-content\/uploads\/2019\/12\/800px-Vertekhal_Eindhoven_airport1-150x113.jpg 150w\" sizes=\"auto, (max-width: 800px) 100vw, 800px\" \/><\/figure>\n\n\n\n<p>Op vrijdag 18 september vlieg ik met Transavia van Eindhoven naar Krakau.<\/p>\n\n\n\n<p>Vertrek Eindhoven (<strong>Eindhoven Airport<\/strong>): 18:30uur<br>Aankomst Krakau (<strong>Airport Johannes Paulus II Krak\u00f3w-Balice<\/strong>):  20:15uur<br>Vluchtduur:  01u45m <\/p>\n\n\n\n<p>Vliegtuig: Boeing 737-8K2<\/p>\n\n\n\n<hr class=\"wp-block-separator\"\/>\n\n\n\n<h5 class=\"wp-block-heading\"><strong>Eindhoven Airport<\/strong><\/h5>\n\n\n\n<p>Eindhoven Airport ligt aan de westkant van Eindhoven, tussen Best en Veldhoven. Vanaf 1932 word op deze locatie al gevlogen, al was het toen nog wel vanaf een grasbaan.<br>In de 2e wereldoorlog werd het vliegveld door de Duitsers snel omgevormd tot een professioneel vliegveld met drie geplaveide startbanen.<br>Na de oorlog kwam het vliegveld in gebruik bij de Koninklijke Luchtmacht, maar ook de burgerluchtvaart bleef gebruik maken van het vliegveld.<br>In 1984 werd op het civiele deel van het veld een aankomst- en vertrekhal gevestigd. En in 2002 startte Ryanair  met haar eerste lijndienst, naar Londen Stansted. Met deze lijndienst  werd een begin gemaakt aan de ontwikkeling van Eindhoven Airport tot de  grootste regionale luchthaven van Nederland. In 2005 volgde de opening  van het nieuwe luchthavengebouw met in 2013 een verdere uitbreiding. <\/p>\n\n\n\n<p>Eindhoven Airport is vanaf Station Eindhoven Centraal bereikbaar via de HOV-lijn 401, de aanvullende AirportShuttle lijn 400 en lijn 10 van Hermes. <\/p>\n\n\n\n<figure class=\"wp-block-image size-large\"><img loading=\"lazy\" decoding=\"async\" width=\"800\" height=\"600\" src=\"https:\/\/oldehanhoff.nl\/wp-content\/uploads\/2019\/12\/800px-John_Paul_II_Airport_in_Balice-Krak\u00f3w_night_november_201731.jpg\" alt=\"\" class=\"wp-image-7613\" srcset=\"https:\/\/oldehanhoff.nl\/wp-content\/uploads\/2019\/12\/800px-John_Paul_II_Airport_in_Balice-Krak\u00f3w_night_november_201731.jpg 800w, https:\/\/oldehanhoff.nl\/wp-content\/uploads\/2019\/12\/800px-John_Paul_II_Airport_in_Balice-Krak\u00f3w_night_november_201731-300x225.jpg 300w, https:\/\/oldehanhoff.nl\/wp-content\/uploads\/2019\/12\/800px-John_Paul_II_Airport_in_Balice-Krak\u00f3w_night_november_201731-768x576.jpg 768w, https:\/\/oldehanhoff.nl\/wp-content\/uploads\/2019\/12\/800px-John_Paul_II_Airport_in_Balice-Krak\u00f3w_night_november_201731-150x113.jpg 150w\" sizes=\"auto, (max-width: 800px) 100vw, 800px\" \/><\/figure>\n\n\n\n<h5 class=\"wp-block-heading\"><strong>Airport Johannes Paulus II Krak\u00f3w-Balice<\/strong> <\/h5>\n\n\n\n<p>De internationale luchthaven van Krak\u00f3w-Balice ligt op tien kilometer ten westen van het centrum van Krak\u00f3w en is na de luchthaven van Warschau, de grootste luchthaven van Polen.<br>Het vliegvel opende in 1964 en kreeg in 1995 zijn huidige naam.<\/p>\n\n\n\n<p>Het vliegveld is goed bereikbaar met bus en trein.<br>Bij de hoofdingang ligt een busstation en het treinstation Krakow Lotnisko, waarvandaan om het half uur pendeltreinen vertrekken naar het centrale station van Krak\u00f3w (<em>Krak\u00f3w-Glown\u00fd<\/em>). Een rit met de trein van en naar het vliegveld duurt ongeveer 17 minuten. <\/p>\n\n\n\n<figure class=\"wp-block-image size-large\"><img loading=\"lazy\" decoding=\"async\" width=\"640\" height=\"374\" src=\"https:\/\/oldehanhoff.nl\/wp-content\/uploads\/2019\/12\/Transavia_New_Livery1-e1576488518157.jpg\" alt=\"\" class=\"wp-image-7615\" srcset=\"https:\/\/oldehanhoff.nl\/wp-content\/uploads\/2019\/12\/Transavia_New_Livery1-e1576488518157.jpg 640w, https:\/\/oldehanhoff.nl\/wp-content\/uploads\/2019\/12\/Transavia_New_Livery1-e1576488518157-300x175.jpg 300w, https:\/\/oldehanhoff.nl\/wp-content\/uploads\/2019\/12\/Transavia_New_Livery1-e1576488518157-150x88.jpg 150w\" sizes=\"auto, (max-width: 640px) 100vw, 640px\" \/><\/figure>\n\n\n\n<h5 class=\"wp-block-heading\"><strong>Transavia<\/strong><\/h5>\n\n\n\n<p>Transavia is een Nederlandse luchtvaartmaatschappij, die voornamelijk charter- en lijnvluchten uitvoert vanaf o.a. Eindhoven Airport maar ook Schiphol.<br>Transavia werd eind 1965 opgericht door een Belgische en een Schotse particulier onder de naam <em>Transavia Limburg N.V.<\/em> en had destijds Maastricht Aachen Airport als thuisbasis. <br>Transavia maakt onderdeel uit van de Air France-KLM-groep <\/p>\n\n\n\n<p>Sinds de jaren 80 vliegt Transavia voornamelijk nog met Boeing 737 vliegtuigen. Sinds eind november 2019 zijn het bijna allemaal 737-800 modellen. De nog aanwezige 737-700 modellen worden uitgefaseerd.<br>De Boeing 737-800 kan tussen de 150-189 passagiers vervoeren.<\/p>\n","protected":false},"excerpt":{"rendered":"<p>Op vrijdag 18 september vlieg ik met Transavia van Eindhoven naar Krakau. Vertrek Eindhoven (Eindhoven Airport): 18:30uurAankomst Krakau (Airport Johannes Paulus II Krak\u00f3w-Balice): 20:15uurVluchtduur: 01u45m Vliegtuig: Boeing 737-8K2 Eindhoven Airport Eindhoven Airport ligt aan de westkant van Eindhoven, tussen Best en Veldhoven. Vanaf 1932 word op deze locatie al gevlogen,\u2026<\/p>\n<p class=\"continue-reading-button\"> <a class=\"continue-reading-link\" href=\"https:\/\/oldehanhoff.nl\/?page_id=7320\">Lees verder<i class=\"crycon-right-dir\"><\/i><\/a><\/p>\n","protected":false},"author":1,"featured_media":7327,"parent":837,"menu_order":0,"comment_status":"closed","ping_status":"closed","template":"","meta":{"_uag_custom_page_level_css":"","footnotes":"","_links_to":"","_links_to_target":""},"class_list":["post-7320","page","type-page","status-publish","has-post-thumbnail","hentry"],"uagb_featured_image_src":{"full":["https:\/\/oldehanhoff.nl\/wp-content\/uploads\/2019\/11\/cropped-krakow1.jpg",1180,140,false],"thumbnail":["https:\/\/oldehanhoff.nl\/wp-content\/uploads\/2019\/11\/cropped-krakow1-150x140.jpg",150,140,true],"medium":["https:\/\/oldehanhoff.nl\/wp-content\/uploads\/2019\/11\/cropped-krakow1-300x36.jpg",300,36,true],"medium_large":["https:\/\/oldehanhoff.nl\/wp-content\/uploads\/2019\/11\/cropped-krakow1-768x91.jpg",768,91,true],"large":["https:\/\/oldehanhoff.nl\/wp-content\/uploads\/2019\/11\/cropped-krakow1-1024x121.jpg",900,106,true],"1536x1536":["https:\/\/oldehanhoff.nl\/wp-content\/uploads\/2019\/11\/cropped-krakow1.jpg",1180,140,false],"2048x2048":["https:\/\/oldehanhoff.nl\/wp-content\/uploads\/2019\/11\/cropped-krakow1.jpg",1180,140,false],"custom":["https:\/\/oldehanhoff.nl\/wp-content\/uploads\/2019\/11\/cropped-krakow1-780x140.jpg",780,140,true],"post-thumbnail":["https:\/\/oldehanhoff.nl\/wp-content\/uploads\/2019\/11\/cropped-krakow1-150x18.jpg",150,18,true],"header":["https:\/\/oldehanhoff.nl\/wp-content\/uploads\/2019\/11\/cropped-krakow1-1180x140.jpg",1180,140,true],"slider":["https:\/\/oldehanhoff.nl\/wp-content\/uploads\/2019\/11\/cropped-krakow1.jpg",1180,140,false],"columns":["https:\/\/oldehanhoff.nl\/wp-content\/uploads\/2019\/11\/cropped-krakow1-327x140.jpg",327,140,true]},"uagb_author_info":{"display_name":"Eddy","author_link":"https:\/\/oldehanhoff.nl\/?author=1"},"uagb_comment_info":0,"uagb_excerpt":"Op vrijdag 18 september vlieg ik met Transavia van Eindhoven naar Krakau. Vertrek Eindhoven (Eindhoven Airport): 18:30uurAankomst Krakau (Airport Johannes Paulus II Krak\u00f3w-Balice): 20:15uurVluchtduur: 01u45m Vliegtuig: Boeing 737-8K2 Eindhoven Airport Eindhoven Airport ligt aan de westkant van Eindhoven, tussen Best en Veldhoven. Vanaf 1932 word op deze locatie al gevlogen,\u2026 Lees verder","_links":{"self":[{"href":"https:\/\/oldehanhoff.nl\/index.php?rest_route=\/wp\/v2\/pages\/7320","targetHints":{"allow":["GET"]}}],"collection":[{"href":"https:\/\/oldehanhoff.nl\/index.php?rest_route=\/wp\/v2\/pages"}],"about":[{"href":"https:\/\/oldehanhoff.nl\/index.php?rest_route=\/wp\/v2\/types\/page"}],"author":[{"embeddable":true,"href":"https:\/\/oldehanhoff.nl\/index.php?rest_route=\/wp\/v2\/users\/1"}],"replies":[{"embeddable":true,"href":"https:\/\/oldehanhoff.nl\/index.php?rest_route=%2Fwp%2Fv2%2Fcomments&post=7320"}],"version-history":[{"count":16,"href":"https:\/\/oldehanhoff.nl\/index.php?rest_route=\/wp\/v2\/pages\/7320\/revisions"}],"predecessor-version":[{"id":7634,"href":"https:\/\/oldehanhoff.nl\/index.php?rest_route=\/wp\/v2\/pages\/7320\/revisions\/7634"}],"up":[{"embeddable":true,"href":"https:\/\/oldehanhoff.nl\/index.php?rest_route=\/wp\/v2\/pages\/837"}],"wp:featuredmedia":[{"embeddable":true,"href":"https:\/\/oldehanhoff.nl\/index.php?rest_route=\/wp\/v2\/media\/7327"}],"wp:attachment":[{"href":"https:\/\/oldehanhoff.nl\/index.php?rest_route=%2Fwp%2Fv2%2Fmedia&parent=7320"}],"curies":[{"name":"wp","href":"https:\/\/api.w.org\/{rel}","templated":true}]}}