{"id":7297,"date":"2019-11-21T17:19:51","date_gmt":"2019-11-21T16:19:51","guid":{"rendered":"https:\/\/oldehanhoff.nl\/?page_id=7297"},"modified":"2021-08-07T10:50:49","modified_gmt":"2021-08-07T08:50:49","slug":"katowice","status":"publish","type":"page","link":"https:\/\/oldehanhoff.nl\/?page_id=7297","title":{"rendered":"Katowice"},"content":{"rendered":"\n<figure class=\"wp-block-image size-large\"><a href=\"https:\/\/oldehanhoff.nl\/wp-content\/uploads\/2019\/11\/katowice-mapa-turystyczna-do-druku-1009671.png\" data-rel=\"lightbox-image-0\" data-rl_title=\"\" data-rl_caption=\"\" title=\"\"><img loading=\"lazy\" decoding=\"async\" width=\"1024\" height=\"692\" src=\"https:\/\/oldehanhoff.nl\/wp-content\/uploads\/2019\/11\/katowice-mapa-turystyczna-do-druku-1009671-1024x692.png\" alt=\"\" class=\"wp-image-7300\" srcset=\"https:\/\/oldehanhoff.nl\/wp-content\/uploads\/2019\/11\/katowice-mapa-turystyczna-do-druku-1009671-1024x692.png 1024w, https:\/\/oldehanhoff.nl\/wp-content\/uploads\/2019\/11\/katowice-mapa-turystyczna-do-druku-1009671-300x203.png 300w, https:\/\/oldehanhoff.nl\/wp-content\/uploads\/2019\/11\/katowice-mapa-turystyczna-do-druku-1009671-768x519.png 768w, https:\/\/oldehanhoff.nl\/wp-content\/uploads\/2019\/11\/katowice-mapa-turystyczna-do-druku-1009671-150x101.png 150w, https:\/\/oldehanhoff.nl\/wp-content\/uploads\/2019\/11\/katowice-mapa-turystyczna-do-druku-1009671.png 1530w\" sizes=\"auto, (max-width: 1024px) 100vw, 1024px\" \/><\/a><\/figure>\n\n\n\n<p>Plattegrond Katowice<\/p>\n\n\n\n<p>Meer info: <a rel=\"noreferrer noopener\" aria-label=\"https:\/\/travel.sygic.com\/pl\/map\/katowice-mapa-turystyczna-do-druku-city:192 (opent in een nieuwe tab)\" href=\"https:\/\/travel.sygic.com\/pl\/map\/katowice-mapa-turystyczna-do-druku-city:192\" target=\"_blank\">https:\/\/travel.sygic.com\/pl\/map\/katowice-mapa-turystyczna-do-druku-city:192<\/a><\/p>\n\n\n\n<p><strong>Katowice<\/strong>&nbsp;is de hoofdstad van de&nbsp;Poolse&nbsp;woiwodschap (provincie)&nbsp;Silezi\u00eb. Kattowitz werd pas van belang door de industrialisering in de negentiende eeuw. De plaats maakte toen al sinds 1742 onderdeel uit van het Koninkrijk Pruisen.<\/p>\n\n\n\n<p>Ik zal maar 1 dag doorbrengen in deze stad als ik deze Polen trip in mijn eentje ga maken.<br>Dat is dan voornamelijk vanwege pretpark <a href=\"https:\/\/oldehanhoff.nl\/?page_id=989\" data-type=\"URL\" data-id=\"https:\/\/oldehanhoff.nl\/?page_id=989\">Legendia<\/a>. Misschien heb ik nog tijd over voor een beetje <a rel=\"noreferrer noopener\" href=\"https:\/\/en.wikipedia.org\/wiki\/Katowice#Tourist_attractions\" data-type=\"URL\" data-id=\"https:\/\/en.wikipedia.org\/wiki\/Katowice#Tourist_attractions\" target=\"_blank\">sightseeing<\/a>, want ik heb geen idee of ik deze dag volledig in Legendia door ga brengen of dat ik al eerder uitgekeken ben in dit relatief kleine parkje. Ook weet ik nog niet of ik <a href=\"https:\/\/oldehanhoff.nl\/?p=21098\" data-type=\"post\" data-id=\"21098\">in dit pretparkje ga eten<\/a> voordat mijn trein terug gaat naar Krakau, of dat ik dat in Katowice zelf doe.<\/p>\n\n\n\n<p><iframe loading=\"lazy\" src=\"https:\/\/www.google.com\/maps\/d\/embed?mid=1YuUJSvKrlEdy8gO3wL7azI4zhzKc16JM\" width=\"800\" height=\"550\"><\/iframe><\/p>\n\n\n\n<p>In de stad zelf zijn nog wel een aantal interessante plekken te vinden voor touristen, zoals het <a rel=\"noreferrer noopener\" href=\"https:\/\/en.wikipedia.org\/wiki\/Market_Square_in_Katowice\" data-type=\"URL\" data-id=\"https:\/\/en.wikipedia.org\/wiki\/Market_Square_in_Katowice\" target=\"_blank\">Marktplein<\/a> (Rynek w Katowicach), de wijk <a rel=\"noreferrer noopener\" href=\"https:\/\/en.wikipedia.org\/wiki\/Nikiszowiec\" data-type=\"URL\" data-id=\"https:\/\/en.wikipedia.org\/wiki\/Nikiszowiec\" target=\"_blank\">Nikiszowiec<\/a>, de <a rel=\"noreferrer noopener\" href=\"https:\/\/nl.wikipedia.org\/wiki\/Aartsengel_Micha%C3%ABlkerk_(Katowice)\" data-type=\"URL\" data-id=\"https:\/\/nl.wikipedia.org\/wiki\/Aartsengel_Micha%C3%ABlkerk_(Katowice)\" target=\"_blank\">Aartsengel Micha\u00eblkerk<\/a> (<em>Ko\u015bci\u00f3\u0142 \u015bw. Micha\u0142a Archanio\u0142a w Katowicach<\/em>) en het <a rel=\"noreferrer noopener\" href=\"https:\/\/nl.wikipedia.org\/wiki\/Spodek\" data-type=\"URL\" data-id=\"https:\/\/nl.wikipedia.org\/wiki\/Spodek\" target=\"_blank\">Spodek<\/a> sport &amp; evenementen complex. <\/p>\n\n\n\n<figure class=\"wp-block-image size-large\"><img loading=\"lazy\" decoding=\"async\" width=\"1024\" height=\"678\" src=\"https:\/\/oldehanhoff.nl\/wp-content\/uploads\/2021\/03\/1280px-Katowice_Rynek1-1024x678.jpg\" alt=\"\" class=\"wp-image-18263\" srcset=\"https:\/\/oldehanhoff.nl\/wp-content\/uploads\/2021\/03\/1280px-Katowice_Rynek1-1024x678.jpg 1024w, https:\/\/oldehanhoff.nl\/wp-content\/uploads\/2021\/03\/1280px-Katowice_Rynek1-300x199.jpg 300w, https:\/\/oldehanhoff.nl\/wp-content\/uploads\/2021\/03\/1280px-Katowice_Rynek1-768x509.jpg 768w, https:\/\/oldehanhoff.nl\/wp-content\/uploads\/2021\/03\/1280px-Katowice_Rynek1-150x99.jpg 150w, https:\/\/oldehanhoff.nl\/wp-content\/uploads\/2021\/03\/1280px-Katowice_Rynek1.jpg 1280w\" sizes=\"auto, (max-width: 1024px) 100vw, 1024px\" \/><\/figure>\n\n\n\n<figure class=\"wp-block-image size-large\"><img loading=\"lazy\" decoding=\"async\" width=\"1024\" height=\"768\" src=\"https:\/\/oldehanhoff.nl\/wp-content\/uploads\/2021\/03\/1280px-Kosciol_sw._Michala_Park_Kosciuszki_Katowice1-1024x768.jpg\" alt=\"\" class=\"wp-image-18264\" srcset=\"https:\/\/oldehanhoff.nl\/wp-content\/uploads\/2021\/03\/1280px-Kosciol_sw._Michala_Park_Kosciuszki_Katowice1-1024x768.jpg 1024w, https:\/\/oldehanhoff.nl\/wp-content\/uploads\/2021\/03\/1280px-Kosciol_sw._Michala_Park_Kosciuszki_Katowice1-300x225.jpg 300w, https:\/\/oldehanhoff.nl\/wp-content\/uploads\/2021\/03\/1280px-Kosciol_sw._Michala_Park_Kosciuszki_Katowice1-768x576.jpg 768w, https:\/\/oldehanhoff.nl\/wp-content\/uploads\/2021\/03\/1280px-Kosciol_sw._Michala_Park_Kosciuszki_Katowice1-150x113.jpg 150w, https:\/\/oldehanhoff.nl\/wp-content\/uploads\/2021\/03\/1280px-Kosciol_sw._Michala_Park_Kosciuszki_Katowice1.jpg 1280w\" sizes=\"auto, (max-width: 1024px) 100vw, 1024px\" \/><\/figure>\n\n\n\n<figure class=\"wp-block-image size-large\"><img loading=\"lazy\" decoding=\"async\" width=\"1024\" height=\"689\" src=\"https:\/\/oldehanhoff.nl\/wp-content\/uploads\/2021\/03\/1280px-Katowice_-_Spodek_by_night1-1024x689.jpg\" alt=\"\" class=\"wp-image-18265\" srcset=\"https:\/\/oldehanhoff.nl\/wp-content\/uploads\/2021\/03\/1280px-Katowice_-_Spodek_by_night1-1024x689.jpg 1024w, https:\/\/oldehanhoff.nl\/wp-content\/uploads\/2021\/03\/1280px-Katowice_-_Spodek_by_night1-300x202.jpg 300w, https:\/\/oldehanhoff.nl\/wp-content\/uploads\/2021\/03\/1280px-Katowice_-_Spodek_by_night1-768x517.jpg 768w, https:\/\/oldehanhoff.nl\/wp-content\/uploads\/2021\/03\/1280px-Katowice_-_Spodek_by_night1-150x101.jpg 150w, https:\/\/oldehanhoff.nl\/wp-content\/uploads\/2021\/03\/1280px-Katowice_-_Spodek_by_night1.jpg 1280w\" sizes=\"auto, (max-width: 1024px) 100vw, 1024px\" \/><\/figure>\n\n\n\n<figure class=\"wp-block-image size-large\"><img loading=\"lazy\" decoding=\"async\" width=\"1024\" height=\"692\" src=\"https:\/\/oldehanhoff.nl\/wp-content\/uploads\/2021\/03\/1280px-Karowice-Mariacka-uea1-1024x692.jpg\" alt=\"\" class=\"wp-image-18266\" srcset=\"https:\/\/oldehanhoff.nl\/wp-content\/uploads\/2021\/03\/1280px-Karowice-Mariacka-uea1-1024x692.jpg 1024w, https:\/\/oldehanhoff.nl\/wp-content\/uploads\/2021\/03\/1280px-Karowice-Mariacka-uea1-300x203.jpg 300w, https:\/\/oldehanhoff.nl\/wp-content\/uploads\/2021\/03\/1280px-Karowice-Mariacka-uea1-768x519.jpg 768w, https:\/\/oldehanhoff.nl\/wp-content\/uploads\/2021\/03\/1280px-Karowice-Mariacka-uea1-150x101.jpg 150w, https:\/\/oldehanhoff.nl\/wp-content\/uploads\/2021\/03\/1280px-Karowice-Mariacka-uea1.jpg 1280w\" sizes=\"auto, (max-width: 1024px) 100vw, 1024px\" \/><\/figure>\n\n\n\n<p><a rel=\"noreferrer noopener\" href=\"https:\/\/pl.wikipedia.org\/wiki\/Ulica_Mariacka_w_Katowicach\" data-type=\"URL\" data-id=\"https:\/\/pl.wikipedia.org\/wiki\/Ulica_Mariacka_w_Katowicach\" target=\"_blank\">Ulica Mariacka<\/a> (St Mary\u2019s Street) en <a rel=\"noreferrer noopener\" href=\"https:\/\/pl.wikipedia.org\/wiki\/Ko%C5%9Bci%C3%B3%C5%82_Mariacki_w_Katowicach\" data-type=\"URL\" data-id=\"https:\/\/pl.wikipedia.org\/wiki\/Ko%C5%9Bci%C3%B3%C5%82_Mariacki_w_Katowicach\" target=\"_blank\">St Mary\u2019s Church<\/a>, <a rel=\"noreferrer noopener\" href=\"https:\/\/en.wikipedia.org\/wiki\/Silesian_Philharmonic\" data-type=\"URL\" data-id=\"https:\/\/en.wikipedia.org\/wiki\/Silesian_Philharmonic\" target=\"_blank\">Silesian Philharmonic<\/a> (<a rel=\"noreferrer noopener\" href=\"https:\/\/www.thecrazytourist.com\/15-best-things-to-do-in-katowice-poland\/\" target=\"_blank\">https:\/\/www.thecrazytourist.com\/15-best-things-to-do-in-katowice-poland\/<\/a>)<br><a rel=\"noreferrer noopener\" href=\"https:\/\/en.wikipedia.org\/wiki\/Cathedral_of_Christ_the_King,_Katowice\" data-type=\"URL\" data-id=\"https:\/\/en.wikipedia.org\/wiki\/Cathedral_of_Christ_the_King,_Katowice\" target=\"_blank\">Katowice\u2019s Cathedral<\/a>, <a href=\"https:\/\/www.facebook.com\/Browariat\/\" data-type=\"URL\" data-id=\"https:\/\/www.facebook.com\/Browariat\/\" target=\"_blank\" rel=\"noreferrer noopener\">Browariat<\/a> craft brewery (<a rel=\"noreferrer noopener\" href=\"https:\/\/theculturetrip.com\/europe\/poland\/articles\/the-top-10-things-to-do-in-katowice\/\" target=\"_blank\">https:\/\/theculturetrip.com\/europe\/poland\/articles\/the-top-10-things-to-do-in-katowice\/<\/a>)<\/p>\n","protected":false},"excerpt":{"rendered":"<p>Plattegrond Katowice Meer info: https:\/\/travel.sygic.com\/pl\/map\/katowice-mapa-turystyczna-do-druku-city:192 Katowice&nbsp;is de hoofdstad van de&nbsp;Poolse&nbsp;woiwodschap (provincie)&nbsp;Silezi\u00eb. Kattowitz werd pas van belang door de industrialisering in de negentiende eeuw. De plaats maakte toen al sinds 1742 onderdeel uit van het Koninkrijk Pruisen. Ik zal maar 1 dag doorbrengen in deze stad als ik deze Polen trip\u2026<\/p>\n<p class=\"continue-reading-button\"> <a class=\"continue-reading-link\" href=\"https:\/\/oldehanhoff.nl\/?page_id=7297\">Lees verder<i class=\"crycon-right-dir\"><\/i><\/a><\/p>\n","protected":false},"author":1,"featured_media":951,"parent":837,"menu_order":0,"comment_status":"closed","ping_status":"closed","template":"","meta":{"_uag_custom_page_level_css":"","footnotes":"","_links_to":"","_links_to_target":""},"class_list":["post-7297","page","type-page","status-publish","has-post-thumbnail","hentry"],"uagb_featured_image_src":{"full":["https:\/\/oldehanhoff.nl\/wp-content\/uploads\/2018\/04\/cropped-krakow1-1.jpg",1180,140,false],"thumbnail":["https:\/\/oldehanhoff.nl\/wp-content\/uploads\/2018\/04\/cropped-krakow1-1-150x140.jpg",150,140,true],"medium":["https:\/\/oldehanhoff.nl\/wp-content\/uploads\/2018\/04\/cropped-krakow1-1-300x36.jpg",300,36,true],"medium_large":["https:\/\/oldehanhoff.nl\/wp-content\/uploads\/2018\/04\/cropped-krakow1-1-768x91.jpg",768,91,true],"large":["https:\/\/oldehanhoff.nl\/wp-content\/uploads\/2018\/04\/cropped-krakow1-1-1024x121.jpg",900,106,true],"1536x1536":["https:\/\/oldehanhoff.nl\/wp-content\/uploads\/2018\/04\/cropped-krakow1-1.jpg",1180,140,false],"2048x2048":["https:\/\/oldehanhoff.nl\/wp-content\/uploads\/2018\/04\/cropped-krakow1-1.jpg",1180,140,false],"custom":["https:\/\/oldehanhoff.nl\/wp-content\/uploads\/2018\/04\/cropped-krakow1-1-780x140.jpg",780,140,true],"post-thumbnail":["https:\/\/oldehanhoff.nl\/wp-content\/uploads\/2018\/04\/cropped-krakow1-1-150x18.jpg",150,18,true],"header":["https:\/\/oldehanhoff.nl\/wp-content\/uploads\/2018\/04\/cropped-krakow1-1.jpg",1180,140,false],"slider":["https:\/\/oldehanhoff.nl\/wp-content\/uploads\/2018\/04\/cropped-krakow1-1-1180x140.jpg",1180,140,true],"columns":["https:\/\/oldehanhoff.nl\/wp-content\/uploads\/2018\/04\/cropped-krakow1-1-327x140.jpg",327,140,true]},"uagb_author_info":{"display_name":"Eddy","author_link":"https:\/\/oldehanhoff.nl\/?author=1"},"uagb_comment_info":0,"uagb_excerpt":"Plattegrond Katowice Meer info: https:\/\/travel.sygic.com\/pl\/map\/katowice-mapa-turystyczna-do-druku-city:192 Katowice&nbsp;is de hoofdstad van de&nbsp;Poolse&nbsp;woiwodschap (provincie)&nbsp;Silezi\u00eb. Kattowitz werd pas van belang door de industrialisering in de negentiende eeuw. De plaats maakte toen al sinds 1742 onderdeel uit van het Koninkrijk Pruisen. Ik zal maar 1 dag doorbrengen in deze stad als ik deze Polen trip\u2026 Lees verder","_links":{"self":[{"href":"https:\/\/oldehanhoff.nl\/index.php?rest_route=\/wp\/v2\/pages\/7297","targetHints":{"allow":["GET"]}}],"collection":[{"href":"https:\/\/oldehanhoff.nl\/index.php?rest_route=\/wp\/v2\/pages"}],"about":[{"href":"https:\/\/oldehanhoff.nl\/index.php?rest_route=\/wp\/v2\/types\/page"}],"author":[{"embeddable":true,"href":"https:\/\/oldehanhoff.nl\/index.php?rest_route=\/wp\/v2\/users\/1"}],"replies":[{"embeddable":true,"href":"https:\/\/oldehanhoff.nl\/index.php?rest_route=%2Fwp%2Fv2%2Fcomments&post=7297"}],"version-history":[{"count":15,"href":"https:\/\/oldehanhoff.nl\/index.php?rest_route=\/wp\/v2\/pages\/7297\/revisions"}],"predecessor-version":[{"id":21146,"href":"https:\/\/oldehanhoff.nl\/index.php?rest_route=\/wp\/v2\/pages\/7297\/revisions\/21146"}],"up":[{"embeddable":true,"href":"https:\/\/oldehanhoff.nl\/index.php?rest_route=\/wp\/v2\/pages\/837"}],"wp:featuredmedia":[{"embeddable":true,"href":"https:\/\/oldehanhoff.nl\/index.php?rest_route=\/wp\/v2\/media\/951"}],"wp:attachment":[{"href":"https:\/\/oldehanhoff.nl\/index.php?rest_route=%2Fwp%2Fv2%2Fmedia&parent=7297"}],"curies":[{"name":"wp","href":"https:\/\/api.w.org\/{rel}","templated":true}]}}