{"id":5683,"date":"2019-03-10T12:01:52","date_gmt":"2019-03-10T11:01:52","guid":{"rendered":"https:\/\/oldehanhoff.nl\/?page_id=5683"},"modified":"2020-10-27T18:23:19","modified_gmt":"2020-10-27T17:23:19","slug":"barcelona","status":"publish","type":"page","link":"https:\/\/oldehanhoff.nl\/?page_id=5683","title":{"rendered":"Barcelona"},"content":{"rendered":"\n<figure class=\"wp-block-image\"><img decoding=\"async\" src=\"https:\/\/oldehanhoff.nl\/wp-content\/uploads\/2019\/03\/barcelona-pagina1.jpg\" alt=\"barcelona-pagina\" class=\"wp-image-118\"\/><\/figure>\n\n\n\n<p><b>Barcelona<\/b> is de grootste stad van Cataloni\u00eb. Het is de hoofdstad van de autonome regio (Comunitat Aut\u00f2noma)Cataloni\u00eb en van de provincie Barcelona. De stad heeft 1.602.386 (2014) inwoners en een oppervlakte van 101,4&nbsp;km\u00b2.&nbsp;In de metropool Barcelona, (de stad en haar voorsteden) wonen 5.029.181 (2011) mensen. In Spanje telt alleen de hoofdstad Madrid meer inwoners.<\/p>\n\n\n\n<p>Barcelona ligt aan de Middellandse Zee, aan de Costa del Maresme, met in het noorden de Costa Brava en in het zuiden de Costa del Garraf, en heeft een belangrijke haven. De stad ligt op 160 kilometer van de Pyrenee\u00ebn. Barcelona organiseerde diverse evenementen zoals de Wereldtentoonstellingen van 1888 en 1929, de Olympische Zomerspelen van 1992 en het F\u00f3rum (Universeel Cultureel Evenement) in 2004.<\/p>\n\n\n\n<p>De combinatie van perfecte winkelstad, veel bezienswaardigheden, heerlijk eten en de ligging aan het water maken van Barcelona de topbestemming die het is.<\/p>\n\n\n\n<p>Barcelona bestaat uit 10 verschillende wijken, genaamd <em>\u2018districtes\u2019<\/em>. En iedere wijk is weer onderverdeeld in meerdere buurten (<em>\u2018barris\u2019<\/em>) en heeft zijn eigen geschiedenis en karakter.<br>Van echte volkswijken tot aan de meest chique contreien.<br>Elke buurt heeft enorm veel interessante dingen te zien en te beleven.<\/p>\n\n\n\n<p>Zelf zal ik voornamelijk in de volgende wijken (en buurten) te vinden zijn:<br>Ciutat Vella (Barri G\u00f2tic, El Raval,&nbsp;El Born, La Barceloneta), Eixample (Sagrada Fam\u00edlia, Dreta de l&#8217;Eixample , La Nova Esquerra de l&#8217;Eixample),&nbsp;Sants-Montju\u00efc (Montju\u00efc, Hostafrancs), Les Corts (La Maternitat i Sant Ramon), Sarri\u00e0-Sant Gervasi (Vallvidrera, Tibidabo i les Planes), Gr\u00e0cia en Horta-Guinard\u00f3 (El Carmel).<br><img loading=\"lazy\" decoding=\"async\" class=\"alignnone size-full wp-image-592\" src=\"https:\/\/oldehanhoff.nl\/wp-content\/uploads\/2019\/03\/Barcelona-Wijken1.png\" alt=\"\" width=\"667\" height=\"599\"><\/p>\n\n\n\n<p>Must See:<\/p>\n\n\n\n<ul class=\"wp-block-list\"><li><a href=\"http:\/\/nl.wikipedia.org\/wiki\/Sagrada_Fam%C3%ADlia\" target=\"_blank\" rel=\"noopener noreferrer\">Sagrada Fam\u00edlia<\/a><\/li><li><a href=\"http:\/\/nl.wikipedia.org\/wiki\/Montju%C3%AFc_%28berg%29\" target=\"_blank\" rel=\"noopener noreferrer\">Montju\u00efc<\/a><\/li><li>Voormalig F1 circuit <a href=\"https:\/\/salou2017.oldehanhoff.nl\/?page_id=250\">Montju\u00efc Park<\/a><br>(<a href=\"https:\/\/nl.wikipedia.org\/wiki\/Montju%C3%AFc_Park\" target=\"_blank\" rel=\"noopener noreferrer\">Wikipedia<\/a>)&nbsp;(<a href=\"http:\/\/formulaspy.com\/features\/classic-f1\/a-walk-around-montjuic-park-circuit-spanish-gp-venue-1969-1975-3515\" target=\"_blank\" rel=\"noopener noreferrer\">Trackwalk&nbsp;1<\/a>) (<a href=\"http:\/\/wtf1.co.uk\/a-grand-day-out-a-trip-around-montjuic-park\/\" target=\"_blank\" rel=\"noopener noreferrer\">Trackwalk 2<\/a>) (<a href=\"http:\/\/www.circuitsofthepast.nl\/en-US\/montjuich\" target=\"_blank\" rel=\"noopener noreferrer\">Circuits Of The Past<\/a>) (<a href=\"https:\/\/sidepodcast.com\/post\/fast-but-dangerous-montjuic-circuit\">Sidepotcast<\/a>)<\/li><li>Voormalig Pretpark <a href=\"https:\/\/salou2017.oldehanhoff.nl\/?page_id=277\" target=\"_blank\" rel=\"noopener noreferrer\">Parque de atracciones de Montjuic<\/a>&nbsp;(<a href=\"https:\/\/es.wikipedia.org\/wiki\/Parque_de_atracciones_de_Montjuic\" target=\"_blank\" rel=\"noopener noreferrer\">Wikipedia<\/a>)&nbsp;(<a href=\"http:\/\/www.achus.biz\/\" target=\"_blank\" rel=\"noopener noreferrer\">Historische website<\/a>)<\/li><li><a href=\"http:\/\/nl.wikipedia.org\/wiki\/Kasteel_van_Montju%C3%AFc\" target=\"_blank\" rel=\"noopener noreferrer\"><em>Castell de Montju\u00efc<\/em><\/a><\/li><li><a href=\"http:\/\/nl.wikipedia.org\/wiki\/Olympisch_stadion_Llu%C3%ADs_Companys\" target=\"_blank\" rel=\"noopener noreferrer\">Estadi Ol\u00edmpic Llu\u00eds Companys<\/a><\/li><li><a href=\"http:\/\/nl.wikipedia.org\/wiki\/Font_M%C3%A0gica\" target=\"_blank\" rel=\"noopener noreferrer\">Font M\u00e0gica<\/a><\/li><li><a href=\"http:\/\/nl.wikipedia.org\/wiki\/Pla%C3%A7a_d%27Espanya\" target=\"_blank\" rel=\"noopener noreferrer\">Pla\u00e7a d&#8217;Espanya<\/a><\/li><li><a href=\"http:\/\/nl.wikipedia.org\/wiki\/Park_G%C3%BCell\" target=\"_blank\" rel=\"noopener noreferrer\">Park G\u00fcell<\/a><\/li><li><a href=\"http:\/\/nl.wikipedia.org\/wiki\/Casa_Mil%C3%A0\" target=\"_blank\" rel=\"noopener noreferrer\"><em>Casa Mil\u00e0<\/em><\/a><\/li><li><a href=\"http:\/\/nl.wikipedia.org\/wiki\/Casa_Batll%C3%B3\" target=\"_blank\" rel=\"noopener noreferrer\">Casa Batll\u00f3<\/a><\/li><li><a href=\"http:\/\/nl.wikipedia.org\/wiki\/Palau_G%C3%BCell\" target=\"_blank\" rel=\"noopener noreferrer\">Palau G\u00fcell (Palacio G\u00fcell)<\/a><\/li><li><a href=\"http:\/\/nl.wikipedia.org\/wiki\/Colonia_G%C3%BCell\" target=\"_blank\" rel=\"noopener noreferrer\">Cripta Col\u00f2nia G\u00fcell<\/a><\/li><li><a href=\"http:\/\/nl.wikipedia.org\/wiki\/La_Rambla_%28Barcelona%29\" target=\"_blank\" rel=\"noopener noreferrer\">La Rambla<\/a><\/li><li><a href=\"http:\/\/nl.wikipedia.org\/wiki\/Parc_de_la_Ciutadella\" target=\"_blank\" rel=\"noopener noreferrer\">Parc de la Ciutadella<\/a><\/li><li><a href=\"http:\/\/nl.wikipedia.org\/wiki\/Arc_de_Triomf_%28Barcelona%29\" target=\"_blank\" rel=\"noopener noreferrer\">Arco de Triunfo<\/a><\/li><li><a href=\"http:\/\/nl.wikipedia.org\/wiki\/Pla%C3%A7a_de_Catalunya\" target=\"_blank\" rel=\"noopener noreferrer\">Pla\u00e7a de Catalunya<\/a><\/li><li><a href=\"http:\/\/nl.wikipedia.org\/wiki\/Camp_Nou\" target=\"_blank\" rel=\"noopener noreferrer\">Camp Nou<\/a><\/li><li><a href=\"http:\/\/nl.wikipedia.org\/wiki\/Pla%C3%A7a_Reial\" target=\"_blank\" rel=\"noopener noreferrer\">Pla\u00e7a Reial<\/a><\/li><li><a href=\"http:\/\/nl.wikipedia.org\/wiki\/Aquarium_van_Barcelona\" target=\"_blank\" rel=\"noopener noreferrer\">Aquarium de Barcelona<\/a><\/li><li><a href=\"http:\/\/nl.wikipedia.org\/wiki\/Kathedraal_van_Barcelona\" target=\"_blank\" rel=\"noopener noreferrer\">Catedral de Santa Eul\u00e0lia<\/a><\/li><li><a href=\"http:\/\/nl.wikipedia.org\/wiki\/Gaud%C3%AD-museum\" target=\"_blank\" rel=\"noopener noreferrer\">Casa Museu Gaud\u00ed<\/a><\/li><li><a href=\"http:\/\/nl.wikipedia.org\/wiki\/Tibidabo_%28berg%29\" target=\"_blank\" rel=\"noopener noreferrer\">Tibidabo (Berg)<\/a><\/li><li><a href=\"http:\/\/es.wikipedia.org\/wiki\/Parque_de_Atracciones_Tibidabo\" target=\"_blank\" rel=\"noopener noreferrer\">Parque de Atracciones del Tibidabo<\/a> \/&nbsp;<a title=\"Torre de Collserola\" href=\"https:\/\/en.wikipedia.org\/wiki\/Torre_de_Collserola\">Torre de Collserola <\/a><\/li><li><a href=\"http:\/\/en.wikipedia.org\/wiki\/Sagrat_Cor\" target=\"_blank\" rel=\"noopener noreferrer\">Temple de Sagrat Cor<\/a><\/li><li>Bunquers Del Carmel (<a href=\"https:\/\/www.tripadvisor.nl\/Attraction_Review-g187497-d6612716-Reviews-Bunker_del_Carmel-Barcelona_Catalonia.html\" target=\"_blank\" rel=\"noopener noreferrer\">Tripadvisor<\/a> \/ <a href=\"http:\/\/irbarcelona.org\/barcelona-viewpoints\/bunkers-carmel-turo-rovira\/\" target=\"_blank\" rel=\"noopener noreferrer\">IrBarcelona<\/a> \/ <a href=\"http:\/\/www.atlasobscura.com\/places\/bunkers-del-carmel\" target=\"_blank\" rel=\"noopener noreferrer\">AtlasObscura<\/a> \/ <a href=\"http:\/\/www.atlasobscura.com\/places\/bunkers-del-carmel\" target=\"_blank\" rel=\"noopener noreferrer\">TheCultureTrip<\/a> \/<\/li><li><a href=\"https:\/\/nl.wikipedia.org\/wiki\/La_Monumental\" target=\"_blank\" rel=\"noopener noreferrer\">La Monumental<\/a><\/li><li><a href=\"https:\/\/nl.wikipedia.org\/wiki\/Les_Arenes_(Barcelona)\" target=\"_blank\" rel=\"noopener noreferrer\">Les Arenes<\/a><\/li><\/ul>\n\n\n\n<figure class=\"wp-block-image size-large\"><a href=\"https:\/\/oldehanhoff.nl\/wp-content\/uploads\/2020\/10\/barcelona-attractions-map1.gif\" data-rel=\"lightbox-image-0\" data-rl_title=\"\" data-rl_caption=\"\" title=\"\"><img loading=\"lazy\" decoding=\"async\" width=\"1024\" height=\"739\" src=\"https:\/\/oldehanhoff.nl\/wp-content\/uploads\/2020\/10\/barcelona-attractions-map1-1024x739.gif\" alt=\"\" class=\"wp-image-12989\" srcset=\"https:\/\/oldehanhoff.nl\/wp-content\/uploads\/2020\/10\/barcelona-attractions-map1-1024x739.gif 1024w, https:\/\/oldehanhoff.nl\/wp-content\/uploads\/2020\/10\/barcelona-attractions-map1-300x217.gif 300w, https:\/\/oldehanhoff.nl\/wp-content\/uploads\/2020\/10\/barcelona-attractions-map1-768x554.gif 768w, https:\/\/oldehanhoff.nl\/wp-content\/uploads\/2020\/10\/barcelona-attractions-map1-150x108.gif 150w\" sizes=\"auto, (max-width: 1024px) 100vw, 1024px\" \/><\/a><\/figure>\n\n\n\n<p><iframe loading=\"lazy\" src=\"https:\/\/www.google.com\/maps\/d\/embed?mid=18cytVKN92jIjTjSTjxMxMWTQrvM\" width=\"700\" height=\"700\"><\/iframe><\/p>\n","protected":false},"excerpt":{"rendered":"<p>Barcelona is de grootste stad van Cataloni\u00eb. Het is de hoofdstad van de autonome regio (Comunitat Aut\u00f2noma)Cataloni\u00eb en van de provincie Barcelona. De stad heeft 1.602.386 (2014) inwoners en een oppervlakte van 101,4&nbsp;km\u00b2.&nbsp;In de metropool Barcelona, (de stad en haar voorsteden) wonen 5.029.181 (2011) mensen. In Spanje telt alleen de\u2026<\/p>\n<p class=\"continue-reading-button\"> <a class=\"continue-reading-link\" href=\"https:\/\/oldehanhoff.nl\/?page_id=5683\">Lees verder<i class=\"crycon-right-dir\"><\/i><\/a><\/p>\n","protected":false},"author":1,"featured_media":2778,"parent":2786,"menu_order":0,"comment_status":"closed","ping_status":"closed","template":"","meta":{"_uag_custom_page_level_css":"","footnotes":"","_links_to":"","_links_to_target":""},"class_list":["post-5683","page","type-page","status-publish","has-post-thumbnail","hentry"],"uagb_featured_image_src":{"full":["https:\/\/oldehanhoff.nl\/wp-content\/uploads\/2018\/07\/cropped-IMG_20170621_142309.jpg",1180,140,false],"thumbnail":["https:\/\/oldehanhoff.nl\/wp-content\/uploads\/2018\/07\/cropped-IMG_20170621_142309-150x140.jpg",150,140,true],"medium":["https:\/\/oldehanhoff.nl\/wp-content\/uploads\/2018\/07\/cropped-IMG_20170621_142309-300x36.jpg",300,36,true],"medium_large":["https:\/\/oldehanhoff.nl\/wp-content\/uploads\/2018\/07\/cropped-IMG_20170621_142309-768x91.jpg",768,91,true],"large":["https:\/\/oldehanhoff.nl\/wp-content\/uploads\/2018\/07\/cropped-IMG_20170621_142309-1024x121.jpg",900,106,true],"1536x1536":["https:\/\/oldehanhoff.nl\/wp-content\/uploads\/2018\/07\/cropped-IMG_20170621_142309.jpg",1180,140,false],"2048x2048":["https:\/\/oldehanhoff.nl\/wp-content\/uploads\/2018\/07\/cropped-IMG_20170621_142309.jpg",1180,140,false],"custom":["https:\/\/oldehanhoff.nl\/wp-content\/uploads\/2018\/07\/cropped-IMG_20170621_142309-780x140.jpg",780,140,true],"post-thumbnail":["https:\/\/oldehanhoff.nl\/wp-content\/uploads\/2018\/07\/cropped-IMG_20170621_142309-150x18.jpg",150,18,true],"header":["https:\/\/oldehanhoff.nl\/wp-content\/uploads\/2018\/07\/cropped-IMG_20170621_142309.jpg",1180,140,false],"slider":["https:\/\/oldehanhoff.nl\/wp-content\/uploads\/2018\/07\/cropped-IMG_20170621_142309-1180x140.jpg",1180,140,true],"columns":["https:\/\/oldehanhoff.nl\/wp-content\/uploads\/2018\/07\/cropped-IMG_20170621_142309-327x140.jpg",327,140,true]},"uagb_author_info":{"display_name":"Eddy","author_link":"https:\/\/oldehanhoff.nl\/?author=1"},"uagb_comment_info":0,"uagb_excerpt":"Barcelona is de grootste stad van Cataloni\u00eb. Het is de hoofdstad van de autonome regio (Comunitat Aut\u00f2noma)Cataloni\u00eb en van de provincie Barcelona. De stad heeft 1.602.386 (2014) inwoners en een oppervlakte van 101,4&nbsp;km\u00b2.&nbsp;In de metropool Barcelona, (de stad en haar voorsteden) wonen 5.029.181 (2011) mensen. In Spanje telt alleen de\u2026 Lees verder","_links":{"self":[{"href":"https:\/\/oldehanhoff.nl\/index.php?rest_route=\/wp\/v2\/pages\/5683","targetHints":{"allow":["GET"]}}],"collection":[{"href":"https:\/\/oldehanhoff.nl\/index.php?rest_route=\/wp\/v2\/pages"}],"about":[{"href":"https:\/\/oldehanhoff.nl\/index.php?rest_route=\/wp\/v2\/types\/page"}],"author":[{"embeddable":true,"href":"https:\/\/oldehanhoff.nl\/index.php?rest_route=\/wp\/v2\/users\/1"}],"replies":[{"embeddable":true,"href":"https:\/\/oldehanhoff.nl\/index.php?rest_route=%2Fwp%2Fv2%2Fcomments&post=5683"}],"version-history":[{"count":3,"href":"https:\/\/oldehanhoff.nl\/index.php?rest_route=\/wp\/v2\/pages\/5683\/revisions"}],"predecessor-version":[{"id":12990,"href":"https:\/\/oldehanhoff.nl\/index.php?rest_route=\/wp\/v2\/pages\/5683\/revisions\/12990"}],"up":[{"embeddable":true,"href":"https:\/\/oldehanhoff.nl\/index.php?rest_route=\/wp\/v2\/pages\/2786"}],"wp:featuredmedia":[{"embeddable":true,"href":"https:\/\/oldehanhoff.nl\/index.php?rest_route=\/wp\/v2\/media\/2778"}],"wp:attachment":[{"href":"https:\/\/oldehanhoff.nl\/index.php?rest_route=%2Fwp%2Fv2%2Fmedia&parent=5683"}],"curies":[{"name":"wp","href":"https:\/\/api.w.org\/{rel}","templated":true}]}}