{"id":4840,"date":"2019-02-08T18:41:31","date_gmt":"2019-02-08T17:41:31","guid":{"rendered":"https:\/\/oldehanhoff.nl\/?page_id=4840"},"modified":"2019-08-08T18:30:47","modified_gmt":"2019-08-08T16:30:47","slug":"wisselkoers-euro-deense-kroon","status":"publish","type":"page","link":"https:\/\/oldehanhoff.nl\/?page_id=4840","title":{"rendered":"Wisselkoers (Euro &#8211; Deense Kroon)"},"content":{"rendered":"\n<p>Alhoewel Denemarken onderdeel uitmaakt van de Europese Unie, heeft de Deense bevolking via een referendum bepaald dat de Deense kroon (Deens: <em>Dansk krone<\/em>) niet door de euro vervangen wordt. Hiermee is de Deense kroon samen met het Britse pond en de Zweedse kroon een uitzondering binnen de EU.  <\/p>\n\n\n\n<p>De Deense kroon is de munteenheid die in Denemarken en het Deense gebiedsdeel Groenland wordt gebruikt. <br>Een kroon is verdeeld in 100 \u00f8re.  Op het moment zijn er munten van 50 \u00f8re en 1, 2, 5, 10 en 20 kronen in  omloop. De munt van 25 \u00f8re is op 1 oktober 2008 afgeschaft.  Naast deze munten zijn er zijn bankbiljetten van 50, 100, 200, 500 en 1000 kronen. <\/p>\n\n\n\n<p>Vooral in toeristische gebieden staan winkeliers en horecagelegenheden toe dat met de euro wordt betaald. <\/p>\n\n\n\n<h2 class=\"wp-block-heading\">Deense kroon euro omrekenen\n<\/h2>\n\n\n\n<p>Het berekenen van de wisselkoers Deense Kroon Euro is &nbsp;geen eenvoudige rekensom. Gelukkig zijn daar handige hulpmiddelen voor zoals allerlei websites, zoals <a href=\"https:\/\/www.wisselkoers.nl\/deense_kroon\" target=\"_blank\" rel=\"noreferrer noopener\" aria-label=\"wisselkoers.nl (opent in een nieuwe tab)\">wisselkoers.nl<\/a><\/p>\n\n\n\n<figure class=\"wp-block-image\"><img loading=\"lazy\" decoding=\"async\" width=\"737\" height=\"509\" src=\"https:\/\/oldehanhoff.nl\/wp-content\/uploads\/2019\/02\/wisselkoers-euro-dkk.jpg\" alt=\"\" class=\"wp-image-4841\" srcset=\"https:\/\/oldehanhoff.nl\/wp-content\/uploads\/2019\/02\/wisselkoers-euro-dkk.jpg 737w, https:\/\/oldehanhoff.nl\/wp-content\/uploads\/2019\/02\/wisselkoers-euro-dkk-300x207.jpg 300w, https:\/\/oldehanhoff.nl\/wp-content\/uploads\/2019\/02\/wisselkoers-euro-dkk-150x104.jpg 150w\" sizes=\"auto, (max-width: 737px) 100vw, 737px\" \/><\/figure>\n\n\n\n<figure class=\"wp-block-image\"><img loading=\"lazy\" decoding=\"async\" width=\"737\" height=\"510\" src=\"https:\/\/oldehanhoff.nl\/wp-content\/uploads\/2019\/02\/wisselkoers-dkk-euro.jpg\" alt=\"\" class=\"wp-image-4842\" srcset=\"https:\/\/oldehanhoff.nl\/wp-content\/uploads\/2019\/02\/wisselkoers-dkk-euro.jpg 737w, https:\/\/oldehanhoff.nl\/wp-content\/uploads\/2019\/02\/wisselkoers-dkk-euro-300x208.jpg 300w, https:\/\/oldehanhoff.nl\/wp-content\/uploads\/2019\/02\/wisselkoers-dkk-euro-150x104.jpg 150w\" sizes=\"auto, (max-width: 737px) 100vw, 737px\" \/><\/figure>\n\n\n\n<p><br><\/p>\n","protected":false},"excerpt":{"rendered":"<p>Alhoewel Denemarken onderdeel uitmaakt van de Europese Unie, heeft de Deense bevolking via een referendum bepaald dat de Deense kroon (Deens: Dansk krone) niet door de euro vervangen wordt. Hiermee is de Deense kroon samen met het Britse pond en de Zweedse kroon een uitzondering binnen de EU. De Deense\u2026<\/p>\n<p class=\"continue-reading-button\"> <a class=\"continue-reading-link\" href=\"https:\/\/oldehanhoff.nl\/?page_id=4840\">Lees verder<i class=\"crycon-right-dir\"><\/i><\/a><\/p>\n","protected":false},"author":1,"featured_media":4813,"parent":4665,"menu_order":0,"comment_status":"closed","ping_status":"closed","template":"","meta":{"_uag_custom_page_level_css":"","footnotes":"","_links_to":"","_links_to_target":""},"class_list":["post-4840","page","type-page","status-publish","has-post-thumbnail","hentry"],"uagb_featured_image_src":{"full":["https:\/\/oldehanhoff.nl\/wp-content\/uploads\/2019\/02\/kopenhagen-tivoli.jpg",1280,152,false],"thumbnail":["https:\/\/oldehanhoff.nl\/wp-content\/uploads\/2019\/02\/kopenhagen-tivoli-150x150.jpg",150,150,true],"medium":["https:\/\/oldehanhoff.nl\/wp-content\/uploads\/2019\/02\/kopenhagen-tivoli-300x36.jpg",300,36,true],"medium_large":["https:\/\/oldehanhoff.nl\/wp-content\/uploads\/2019\/02\/kopenhagen-tivoli-768x91.jpg",768,91,true],"large":["https:\/\/oldehanhoff.nl\/wp-content\/uploads\/2019\/02\/kopenhagen-tivoli-1024x122.jpg",900,107,true],"1536x1536":["https:\/\/oldehanhoff.nl\/wp-content\/uploads\/2019\/02\/kopenhagen-tivoli.jpg",1280,152,false],"2048x2048":["https:\/\/oldehanhoff.nl\/wp-content\/uploads\/2019\/02\/kopenhagen-tivoli.jpg",1280,152,false],"custom":["https:\/\/oldehanhoff.nl\/wp-content\/uploads\/2019\/02\/kopenhagen-tivoli-780x152.jpg",780,152,true],"post-thumbnail":["https:\/\/oldehanhoff.nl\/wp-content\/uploads\/2019\/02\/kopenhagen-tivoli-150x18.jpg",150,18,true],"header":["https:\/\/oldehanhoff.nl\/wp-content\/uploads\/2019\/02\/kopenhagen-tivoli-1180x140.jpg",1180,140,true],"slider":["https:\/\/oldehanhoff.nl\/wp-content\/uploads\/2019\/02\/kopenhagen-tivoli-1180x152.jpg",1180,152,true],"columns":["https:\/\/oldehanhoff.nl\/wp-content\/uploads\/2019\/02\/kopenhagen-tivoli-327x152.jpg",327,152,true]},"uagb_author_info":{"display_name":"Eddy","author_link":"https:\/\/oldehanhoff.nl\/?author=1"},"uagb_comment_info":0,"uagb_excerpt":"Alhoewel Denemarken onderdeel uitmaakt van de Europese Unie, heeft de Deense bevolking via een referendum bepaald dat de Deense kroon (Deens: Dansk krone) niet door de euro vervangen wordt. Hiermee is de Deense kroon samen met het Britse pond en de Zweedse kroon een uitzondering binnen de EU. De Deense\u2026 Lees verder","_links":{"self":[{"href":"https:\/\/oldehanhoff.nl\/index.php?rest_route=\/wp\/v2\/pages\/4840","targetHints":{"allow":["GET"]}}],"collection":[{"href":"https:\/\/oldehanhoff.nl\/index.php?rest_route=\/wp\/v2\/pages"}],"about":[{"href":"https:\/\/oldehanhoff.nl\/index.php?rest_route=\/wp\/v2\/types\/page"}],"author":[{"embeddable":true,"href":"https:\/\/oldehanhoff.nl\/index.php?rest_route=\/wp\/v2\/users\/1"}],"replies":[{"embeddable":true,"href":"https:\/\/oldehanhoff.nl\/index.php?rest_route=%2Fwp%2Fv2%2Fcomments&post=4840"}],"version-history":[{"count":2,"href":"https:\/\/oldehanhoff.nl\/index.php?rest_route=\/wp\/v2\/pages\/4840\/revisions"}],"predecessor-version":[{"id":6606,"href":"https:\/\/oldehanhoff.nl\/index.php?rest_route=\/wp\/v2\/pages\/4840\/revisions\/6606"}],"up":[{"embeddable":true,"href":"https:\/\/oldehanhoff.nl\/index.php?rest_route=\/wp\/v2\/pages\/4665"}],"wp:featuredmedia":[{"embeddable":true,"href":"https:\/\/oldehanhoff.nl\/index.php?rest_route=\/wp\/v2\/media\/4813"}],"wp:attachment":[{"href":"https:\/\/oldehanhoff.nl\/index.php?rest_route=%2Fwp%2Fv2%2Fmedia&parent=4840"}],"curies":[{"name":"wp","href":"https:\/\/api.w.org\/{rel}","templated":true}]}}