{"id":44,"date":"2018-03-15T19:32:41","date_gmt":"2018-03-15T19:32:41","guid":{"rendered":"https:\/\/oldehanhoff.nl\/?page_id=44"},"modified":"2023-11-28T08:22:58","modified_gmt":"2023-11-28T07:22:58","slug":"fotos","status":"publish","type":"page","link":"https:\/\/oldehanhoff.nl\/?page_id=44","title":{"rendered":"Foto&#8217;s"},"content":{"rendered":"<p>Voor de albums met foto&#8217;s van al mijn vakanties klik op onderstaande links.<br \/>Je komt dan uit bij het album van de betreffende vakantie.<\/p>\n\n\n<figure class=\"wp-block-table is-style-stripes\"><table><tbody><tr><td class=\"has-text-align-center\" data-align=\"center\"><a href=\"https:\/\/oldehanhoff.nl\/?page_id=2547\" data-type=\"URL\" data-id=\"https:\/\/oldehanhoff.nl\/?page_id=2547\"><img loading=\"lazy\" decoding=\"async\" src=\"https:\/\/oldehanhoff.nl\/wp-content\/uploads\/photo-gallery\/2006_Californie\/Dag_1\/DSC01613.jpg\" alt=\"\" width=\"200\" height=\"900\"><br><strong>2006 Californi\u00eb<\/strong><\/a><\/td><td class=\"has-text-align-center\" data-align=\"center\"><strong>2007 Itali\u00eb<\/strong><\/td><td class=\"has-text-align-center\" data-align=\"center\"><strong>2009 Florida<\/strong><\/td><\/tr><tr><td class=\"has-text-align-center\" data-align=\"center\"><strong>2011 Itali\u00eb<\/strong><\/td><td class=\"has-text-align-center\" data-align=\"center\"><strong>2012 Londen<\/strong><\/td><td class=\"has-text-align-center\" data-align=\"center\"><strong>2013 Madrid<\/strong><\/td><\/tr><tr><td class=\"has-text-align-center\" data-align=\"center\"><strong>2014 Disneyland Parijs<\/strong><\/td><td class=\"has-text-align-center\" data-align=\"center\"><strong>2015 Itali\u00eb<\/strong><\/td><td class=\"has-text-align-center\" data-align=\"center\"><a href=\"https:\/\/oldehanhoff.nl\/?page_id=5542\" data-type=\"URL\" data-id=\"https:\/\/oldehanhoff.nl\/?page_id=5542\"><img loading=\"lazy\" decoding=\"async\" src=\"https:\/\/oldehanhoff.nl\/wp-content\/uploads\/photo-gallery\/2016_Frankrijk\/Vincent_Keuchen\/26751532653_6ab6b3ed32_b.jpg?bwg=1552115674.jpg\" alt=\"\" width=\"200\" height=\"900\"><br><strong>2016 Frankrijk<\/strong><\/a><\/td><\/tr><tr><td class=\"has-text-align-center\" data-align=\"center\"><strong>2016 Berlijn<\/strong><\/td><td class=\"has-text-align-center\" data-align=\"center\"><strong>2017 Barcelona \/ Salou<\/strong><\/td><td class=\"has-text-align-center\" data-align=\"center\"><a href=\"https:\/\/oldehanhoff.nl\/?page_id=5029\" data-type=\"URL\" data-id=\"https:\/\/oldehanhoff.nl\/?page_id=5029\"><img loading=\"lazy\" decoding=\"async\" src=\"https:\/\/oldehanhoff.nl\/wp-content\/uploads\/photo-gallery\/2018_Zweden\/Groepsfotos\/eddyoldehanhoff--1550770799808.jpg\" alt=\"\" width=\"200\" height=\"900\"><br><strong>2018 Zweden<\/strong><\/a><\/td><\/tr><tr><td class=\"has-text-align-center\" data-align=\"center\"><strong>2019 Kopenhagen<\/strong><\/td><td class=\"has-text-align-center\" data-align=\"center\"><a href=\"https:\/\/oldehanhoff.nl\/?page_id=18423\" data-type=\"URL\" data-id=\"https:\/\/oldehanhoff.nl\/?page_id=18423\"><img loading=\"lazy\" decoding=\"async\" src=\"https:\/\/oldehanhoff.nl\/wp-content\/uploads\/photo-gallery\/2020_Berlijn\/Flakturm_Volkspark_Humboldthain\/IMG_20200822_173233.jpg?bwg=1617441400\" alt=\"\" width=\"200\" height=\"900\"><br><strong>2020 Berlijn<\/strong><\/a><\/td><td class=\"has-text-align-center\" data-align=\"center\"><strong>2021 Krakau<\/strong><\/td><\/tr><tr><td class=\"has-text-align-center\" data-align=\"center\"><strong>2022 Zweden<\/strong><\/td><td class=\"has-text-align-center\" data-align=\"center\"><strong>2023 Spanje<\/strong><a href=\"https:\/\/oldehanhoff.nl\/?page_id=18423\" data-type=\"URL\" data-id=\"https:\/\/oldehanhoff.nl\/?page_id=18423\"><br><\/a><\/td><td class=\"has-text-align-center\" data-align=\"center\"><strong>2023 Berlijn<\/strong><\/td><\/tr><\/tbody><\/table><\/figure>\n","protected":false},"excerpt":{"rendered":"<p>Voor de albums met foto&#8217;s van al mijn vakanties klik op onderstaande links.Je komt dan uit bij het album van de betreffende vakantie. 2006 Californi\u00eb 2007 Itali\u00eb 2009 Florida 2011 Itali\u00eb 2012 Londen 2013 Madrid 2014 Disneyland Parijs 2015 Itali\u00eb 2016 Frankrijk 2016 Berlijn 2017 Barcelona \/ Salou 2018 Zweden\u2026<\/p>\n<p class=\"continue-reading-button\"> <a class=\"continue-reading-link\" href=\"https:\/\/oldehanhoff.nl\/?page_id=44\">Lees verder<i class=\"crycon-right-dir\"><\/i><\/a><\/p>\n","protected":false},"author":1,"featured_media":0,"parent":0,"menu_order":3,"comment_status":"closed","ping_status":"closed","template":"","meta":{"_uag_custom_page_level_css":"","footnotes":"","_links_to":"","_links_to_target":""},"class_list":["post-44","page","type-page","status-publish","hentry"],"uagb_featured_image_src":{"full":false,"thumbnail":false,"medium":false,"medium_large":false,"large":false,"1536x1536":false,"2048x2048":false,"custom":false,"post-thumbnail":false,"header":false,"slider":false,"columns":false},"uagb_author_info":{"display_name":"Eddy","author_link":"https:\/\/oldehanhoff.nl\/?author=1"},"uagb_comment_info":0,"uagb_excerpt":"Voor de albums met foto&#8217;s van al mijn vakanties klik op onderstaande links.Je komt dan uit bij het album van de betreffende vakantie. 2006 Californi\u00eb 2007 Itali\u00eb 2009 Florida 2011 Itali\u00eb 2012 Londen 2013 Madrid 2014 Disneyland Parijs 2015 Itali\u00eb 2016 Frankrijk 2016 Berlijn 2017 Barcelona \/ Salou 2018 Zweden\u2026 Lees verder","_links":{"self":[{"href":"https:\/\/oldehanhoff.nl\/index.php?rest_route=\/wp\/v2\/pages\/44","targetHints":{"allow":["GET"]}}],"collection":[{"href":"https:\/\/oldehanhoff.nl\/index.php?rest_route=\/wp\/v2\/pages"}],"about":[{"href":"https:\/\/oldehanhoff.nl\/index.php?rest_route=\/wp\/v2\/types\/page"}],"author":[{"embeddable":true,"href":"https:\/\/oldehanhoff.nl\/index.php?rest_route=\/wp\/v2\/users\/1"}],"replies":[{"embeddable":true,"href":"https:\/\/oldehanhoff.nl\/index.php?rest_route=%2Fwp%2Fv2%2Fcomments&post=44"}],"version-history":[{"count":65,"href":"https:\/\/oldehanhoff.nl\/index.php?rest_route=\/wp\/v2\/pages\/44\/revisions"}],"predecessor-version":[{"id":33018,"href":"https:\/\/oldehanhoff.nl\/index.php?rest_route=\/wp\/v2\/pages\/44\/revisions\/33018"}],"wp:attachment":[{"href":"https:\/\/oldehanhoff.nl\/index.php?rest_route=%2Fwp%2Fv2%2Fmedia&parent=44"}],"curies":[{"name":"wp","href":"https:\/\/api.w.org\/{rel}","templated":true}]}}