{"id":434,"date":"2018-03-24T18:28:41","date_gmt":"2018-03-24T17:28:41","guid":{"rendered":"https:\/\/oldehanhoff.nl\/?page_id=434"},"modified":"2018-03-25T09:21:33","modified_gmt":"2018-03-25T07:21:33","slug":"parc-asterix","status":"publish","type":"page","link":"https:\/\/oldehanhoff.nl\/?page_id=434","title":{"rendered":"Parc Asterix"},"content":{"rendered":"<p><img loading=\"lazy\" decoding=\"async\" class=\"alignleft wp-image-460 size-full\" src=\"https:\/\/oldehanhoff.nl\/wp-content\/uploads\/2018\/03\/logo-parc-asterix-300x163.jpg\" alt=\"\" width=\"300\" height=\"163\" srcset=\"https:\/\/oldehanhoff.nl\/wp-content\/uploads\/2018\/03\/logo-parc-asterix-300x163.jpg 300w, https:\/\/oldehanhoff.nl\/wp-content\/uploads\/2018\/03\/logo-parc-asterix-300x163-150x82.jpg 150w\" sizes=\"auto, (max-width: 300px) 100vw, 300px\" \/>Parc Ast\u00e9rix is een Frans attractiepark in Plailly, ongeveer 35 km ten noorden van Parijs. Het is gebaseerd op de stripverhalen van Asterix en Obelix van Albert Uderzo en Ren\u00e9 Goscinny. Het park werd in 1989 geopend en is erg populair.<\/p>\n<p>Qua bezoekersaantallen kan het park overigens niet worden vergeleken met Disneyland Parijs, dat ook nog eens het hele jaar geopend is, terwijl Parc Ast\u00e9rix slechts open is van april tot november.<\/p>\n<p>Parc Ast\u00e9rix ligt naast de autosnelweg A1 tussen Rijsel en Parijs en heeft een eigen rechtstreekse afrit op die snelweg.<\/p>\n<p><a href=\"https:\/\/oldehanhoff.nl\/wp-content\/uploads\/2018\/03\/parc-asterix-zoom2.jpg\" data-rel=\"lightbox-image-0\" data-rl_title=\"\" data-rl_caption=\"\" title=\"\"><img loading=\"lazy\" decoding=\"async\" class=\"alignnone wp-image-462 size-full\" src=\"https:\/\/oldehanhoff.nl\/wp-content\/uploads\/2018\/03\/parc-asterix-zoom2.jpg\" alt=\"\" width=\"2400\" height=\"1697\" srcset=\"https:\/\/oldehanhoff.nl\/wp-content\/uploads\/2018\/03\/parc-asterix-zoom2.jpg 2400w, https:\/\/oldehanhoff.nl\/wp-content\/uploads\/2018\/03\/parc-asterix-zoom2-300x212.jpg 300w, https:\/\/oldehanhoff.nl\/wp-content\/uploads\/2018\/03\/parc-asterix-zoom2-768x543.jpg 768w, https:\/\/oldehanhoff.nl\/wp-content\/uploads\/2018\/03\/parc-asterix-zoom2-1024x724.jpg 1024w, https:\/\/oldehanhoff.nl\/wp-content\/uploads\/2018\/03\/parc-asterix-zoom2-150x106.jpg 150w\" sizes=\"auto, (max-width: 2400px) 100vw, 2400px\" \/><\/a><\/p>\n<p>In het park staan zes achtbanen waaronder de houten achtbaan, Tonnerre de Zeus. Deze 33 meter hoge achtbaan bereikt snelheden van 80 km\/h, en is een van de langste houten achtbanen in Europa.<\/p>\n<p><img loading=\"lazy\" decoding=\"async\" class=\"alignnone size-full wp-image-464\" src=\"https:\/\/oldehanhoff.nl\/wp-content\/uploads\/2018\/03\/oziris-05.jpg\" alt=\"\" width=\"1024\" height=\"555\" srcset=\"https:\/\/oldehanhoff.nl\/wp-content\/uploads\/2018\/03\/oziris-05.jpg 1024w, https:\/\/oldehanhoff.nl\/wp-content\/uploads\/2018\/03\/oziris-05-300x163.jpg 300w, https:\/\/oldehanhoff.nl\/wp-content\/uploads\/2018\/03\/oziris-05-768x416.jpg 768w, https:\/\/oldehanhoff.nl\/wp-content\/uploads\/2018\/03\/oziris-05-150x81.jpg 150w\" sizes=\"auto, (max-width: 1024px) 100vw, 1024px\" \/><\/p>\n<p>De nieuwste achtbaan in het park is <a href=\"http:\/\/www.parcasterix.fr\/en\/oziris\" target=\"_blank\" rel=\"noopener\">Oziris<\/a> een Inverted achtbaan gebouwd door de Zwitserse achtbaanfabrikant B&amp;M en geopend in april 2012 .<br \/>\nDeze baan is 35meter hoog en bevat 5 inversies, namelijk een Dive Loop, een Vertical Loop, een Immelmann en 2 Zero-g Roll&#8217;s.<\/p>\n<p><img loading=\"lazy\" decoding=\"async\" class=\"alignnone size-full wp-image-465\" src=\"https:\/\/oldehanhoff.nl\/wp-content\/uploads\/2018\/03\/visu-discobelix_0.jpg\" alt=\"\" width=\"751\" height=\"660\" srcset=\"https:\/\/oldehanhoff.nl\/wp-content\/uploads\/2018\/03\/visu-discobelix_0.jpg 751w, https:\/\/oldehanhoff.nl\/wp-content\/uploads\/2018\/03\/visu-discobelix_0-300x264.jpg 300w, https:\/\/oldehanhoff.nl\/wp-content\/uploads\/2018\/03\/visu-discobelix_0-150x132.jpg 150w\" sizes=\"auto, (max-width: 751px) 100vw, 751px\" \/><\/p>\n<p>In 2016 opent het park hun nieuwste attractie, genaamd <a href=\"http:\/\/www.parcasterix.fr\/en\/discobelix\" target=\"_blank\" rel=\"noopener\">Discobelix<\/a>.<br \/>\nDeze doldwaze attractie voor de gehele familie, brengt je naar de oude Griekse stad Olympia ten tijde van de Olympische Spelen. Je maakt hier het discuswerpen van dichtbij mee, dankzij Obelix persoonlijk.<\/p>\n<p>Andere bekende attracties zijn onder andere <i>Transdemonium<\/i>, een darkride door een middeleeuws spookhuis, Le d\u00e9fi de C\u00e9sar, een madhouse, <i>L&#8217;oxyg\u00e9narium<\/i>, het glijden in een rubberband van een glijbaan, en de <i>Menhir Express<\/i> en <i>Grand Splatch<\/i>, twee waterattracties. Het park staat ook bekend om zijn vele shows, waaronder een voorstelling met dolfijnen, een stuntshow en een komisch spektakel rond Romeinse soldaten.<\/p>\n<p><iframe loading=\"lazy\" src=\"https:\/\/www.youtube.com\/embed\/Vx4X9PdcxVs\" allowfullscreen=\"allowfullscreen\" width=\"700\" height=\"394\" frameborder=\"0\"><\/iframe><\/p>\n<p><iframe loading=\"lazy\" src=\"https:\/\/www.youtube.com\/embed\/g0EebbSPjVo\" allowfullscreen=\"allowfullscreen\" width=\"700\" height=\"394\" frameborder=\"0\"><\/iframe><\/p>\n<p><iframe loading=\"lazy\" src=\"https:\/\/www.youtube.com\/embed\/kVsD2Hb9LSg\" allowfullscreen=\"allowfullscreen\" width=\"700\" height=\"394\" frameborder=\"0\"><\/iframe><\/p>\n<p><iframe loading=\"lazy\" src=\"https:\/\/www.youtube.com\/embed\/s1q7LW_LA3M\" allowfullscreen=\"allowfullscreen\" width=\"700\" height=\"394\" frameborder=\"0\"><\/iframe><\/p>\n<p><iframe loading=\"lazy\" src=\"https:\/\/www.youtube.com\/embed\/cwt0WmlavgU\" allowfullscreen=\"allowfullscreen\" width=\"700\" height=\"394\" frameborder=\"0\"><\/iframe><\/p>\n<p><iframe loading=\"lazy\" src=\"https:\/\/www.youtube.com\/embed\/I4Ol8pGtCxo\" allowfullscreen=\"allowfullscreen\" width=\"700\" height=\"394\" frameborder=\"0\"><\/iframe><\/p>\n<p><iframe loading=\"lazy\" src=\"https:\/\/www.youtube.com\/embed\/57E-gnXpQM8\" allowfullscreen=\"allowfullscreen\" width=\"700\" height=\"394\" frameborder=\"0\"><\/iframe><\/p>\n<p><iframe loading=\"lazy\" src=\"https:\/\/www.youtube.com\/embed\/D6a6P-Zw_ts\" allowfullscreen=\"allowfullscreen\" width=\"700\" height=\"394\" frameborder=\"0\"><\/iframe><\/p>\n<p><iframe loading=\"lazy\" src=\"https:\/\/www.youtube.com\/embed\/P6p3GRa9mQY\" allowfullscreen=\"allowfullscreen\" width=\"700\" height=\"394\" frameborder=\"0\"><\/iframe><\/p>\n","protected":false},"excerpt":{"rendered":"<p>Parc Ast\u00e9rix is een Frans attractiepark in Plailly, ongeveer 35 km ten noorden van Parijs. Het is gebaseerd op de stripverhalen van Asterix en Obelix van Albert Uderzo en Ren\u00e9 Goscinny. Het park werd in 1989 geopend en is erg populair. Qua bezoekersaantallen kan het park overigens niet worden vergeleken\u2026<\/p>\n<p class=\"continue-reading-button\"> <a class=\"continue-reading-link\" href=\"https:\/\/oldehanhoff.nl\/?page_id=434\">Lees verder<i class=\"crycon-right-dir\"><\/i><\/a><\/p>\n","protected":false},"author":1,"featured_media":273,"parent":28,"menu_order":0,"comment_status":"closed","ping_status":"closed","template":"","meta":{"_uag_custom_page_level_css":"","footnotes":"","_links_to":"","_links_to_target":""},"class_list":["post-434","page","type-page","status-publish","has-post-thumbnail","hentry"],"uagb_featured_image_src":{"full":["https:\/\/oldehanhoff.nl\/wp-content\/uploads\/2018\/03\/cropped-Park-Asterix-117-600x400.jpg",1180,140,false],"thumbnail":["https:\/\/oldehanhoff.nl\/wp-content\/uploads\/2018\/03\/cropped-Park-Asterix-117-600x400-150x140.jpg",150,140,true],"medium":["https:\/\/oldehanhoff.nl\/wp-content\/uploads\/2018\/03\/cropped-Park-Asterix-117-600x400-300x36.jpg",300,36,true],"medium_large":["https:\/\/oldehanhoff.nl\/wp-content\/uploads\/2018\/03\/cropped-Park-Asterix-117-600x400-768x91.jpg",768,91,true],"large":["https:\/\/oldehanhoff.nl\/wp-content\/uploads\/2018\/03\/cropped-Park-Asterix-117-600x400-1024x121.jpg",900,106,true],"1536x1536":["https:\/\/oldehanhoff.nl\/wp-content\/uploads\/2018\/03\/cropped-Park-Asterix-117-600x400.jpg",1180,140,false],"2048x2048":["https:\/\/oldehanhoff.nl\/wp-content\/uploads\/2018\/03\/cropped-Park-Asterix-117-600x400.jpg",1180,140,false],"custom":["https:\/\/oldehanhoff.nl\/wp-content\/uploads\/2018\/03\/cropped-Park-Asterix-117-600x400-780x140.jpg",780,140,true],"post-thumbnail":["https:\/\/oldehanhoff.nl\/wp-content\/uploads\/2018\/03\/cropped-Park-Asterix-117-600x400-150x18.jpg",150,18,true],"header":["https:\/\/oldehanhoff.nl\/wp-content\/uploads\/2018\/03\/cropped-Park-Asterix-117-600x400.jpg",1180,140,false],"slider":["https:\/\/oldehanhoff.nl\/wp-content\/uploads\/2018\/03\/cropped-Park-Asterix-117-600x400-1180x140.jpg",1180,140,true],"columns":["https:\/\/oldehanhoff.nl\/wp-content\/uploads\/2018\/03\/cropped-Park-Asterix-117-600x400-327x140.jpg",327,140,true]},"uagb_author_info":{"display_name":"Eddy","author_link":"https:\/\/oldehanhoff.nl\/?author=1"},"uagb_comment_info":0,"uagb_excerpt":"Parc Ast\u00e9rix is een Frans attractiepark in Plailly, ongeveer 35 km ten noorden van Parijs. Het is gebaseerd op de stripverhalen van Asterix en Obelix van Albert Uderzo en Ren\u00e9 Goscinny. Het park werd in 1989 geopend en is erg populair. Qua bezoekersaantallen kan het park overigens niet worden vergeleken\u2026 Lees verder","_links":{"self":[{"href":"https:\/\/oldehanhoff.nl\/index.php?rest_route=\/wp\/v2\/pages\/434","targetHints":{"allow":["GET"]}}],"collection":[{"href":"https:\/\/oldehanhoff.nl\/index.php?rest_route=\/wp\/v2\/pages"}],"about":[{"href":"https:\/\/oldehanhoff.nl\/index.php?rest_route=\/wp\/v2\/types\/page"}],"author":[{"embeddable":true,"href":"https:\/\/oldehanhoff.nl\/index.php?rest_route=\/wp\/v2\/users\/1"}],"replies":[{"embeddable":true,"href":"https:\/\/oldehanhoff.nl\/index.php?rest_route=%2Fwp%2Fv2%2Fcomments&post=434"}],"version-history":[{"count":5,"href":"https:\/\/oldehanhoff.nl\/index.php?rest_route=\/wp\/v2\/pages\/434\/revisions"}],"predecessor-version":[{"id":7764,"href":"https:\/\/oldehanhoff.nl\/index.php?rest_route=\/wp\/v2\/pages\/434\/revisions\/7764"}],"up":[{"embeddable":true,"href":"https:\/\/oldehanhoff.nl\/index.php?rest_route=\/wp\/v2\/pages\/28"}],"wp:featuredmedia":[{"embeddable":true,"href":"https:\/\/oldehanhoff.nl\/index.php?rest_route=\/wp\/v2\/media\/273"}],"wp:attachment":[{"href":"https:\/\/oldehanhoff.nl\/index.php?rest_route=%2Fwp%2Fv2%2Fmedia&parent=434"}],"curies":[{"name":"wp","href":"https:\/\/api.w.org\/{rel}","templated":true}]}}