{"id":4316,"date":"2019-01-06T08:34:19","date_gmt":"2019-01-06T07:34:19","guid":{"rendered":"https:\/\/oldehanhoff.nl\/?page_id=4316"},"modified":"2019-01-06T09:13:32","modified_gmt":"2019-01-06T08:13:32","slug":"sightseeing","status":"publish","type":"page","link":"https:\/\/oldehanhoff.nl\/?page_id=4316","title":{"rendered":"Sightseeing"},"content":{"rendered":"<p><iframe loading=\"lazy\" src=\"https:\/\/www.google.com\/maps\/d\/embed?mid=1p8hryFt05bjHvK98Hmh4g8E66EE\" width=\"750\" height=\"500\"><\/iframe><\/p>\n\n\n<ul class=\"wp-block-list\"><li>Alexanderplatz<\/li><li>Berliner Dom<\/li><li>Brandenburger Tor<\/li><li>East-Side Gallery<\/li><li>Fernsehturm<\/li><li>Gedenkst\u00e4tte Berliner Mauer<\/li><li>Hard Rock Cafe<\/li><li>Holocaust Memorial<\/li><li>KaDeWe<\/li><li>Kaiser-Wilhelm-Ged\u00e4chtniskirche<\/li><li>Kurf\u00fcrstendamm<\/li><li>Olympia Park<\/li><li>Potsdamer Platz<\/li><li>Prater Biergarten<\/li><li><a href=\"https:\/\/oldehanhoff.nl\/?page_id=4325\">Ramones Museum<\/a><\/li><li>Reichstag building<\/li><li>Stadtschloss<\/li><li>Volkspark Humboldthain<\/li><li>Zoologischer Garten<\/li><\/ul>\n","protected":false},"excerpt":{"rendered":"<p>Alexanderplatz Berliner Dom Brandenburger Tor East-Side Gallery Fernsehturm Gedenkst\u00e4tte Berliner Mauer Hard Rock Cafe Holocaust Memorial KaDeWe Kaiser-Wilhelm-Ged\u00e4chtniskirche Kurf\u00fcrstendamm Olympia Park Potsdamer Platz Prater Biergarten Ramones Museum Reichstag building Stadtschloss Volkspark Humboldthain Zoologischer Garten<\/p>\n<p class=\"continue-reading-button\"> <a class=\"continue-reading-link\" href=\"https:\/\/oldehanhoff.nl\/?page_id=4316\">Lees verder<i class=\"crycon-right-dir\"><\/i><\/a><\/p>\n","protected":false},"author":1,"featured_media":4103,"parent":4099,"menu_order":0,"comment_status":"closed","ping_status":"closed","template":"","meta":{"_uag_custom_page_level_css":"","footnotes":"","_links_to":"","_links_to_target":""},"class_list":["post-4316","page","type-page","status-publish","has-post-thumbnail","hentry"],"uagb_featured_image_src":{"full":["https:\/\/oldehanhoff.nl\/wp-content\/uploads\/2018\/12\/cropped-IMG_20160709_161301.jpg",1180,140,false],"thumbnail":["https:\/\/oldehanhoff.nl\/wp-content\/uploads\/2018\/12\/cropped-IMG_20160709_161301-150x140.jpg",150,140,true],"medium":["https:\/\/oldehanhoff.nl\/wp-content\/uploads\/2018\/12\/cropped-IMG_20160709_161301-300x36.jpg",300,36,true],"medium_large":["https:\/\/oldehanhoff.nl\/wp-content\/uploads\/2018\/12\/cropped-IMG_20160709_161301-768x91.jpg",768,91,true],"large":["https:\/\/oldehanhoff.nl\/wp-content\/uploads\/2018\/12\/cropped-IMG_20160709_161301-1024x121.jpg",900,106,true],"1536x1536":["https:\/\/oldehanhoff.nl\/wp-content\/uploads\/2018\/12\/cropped-IMG_20160709_161301.jpg",1180,140,false],"2048x2048":["https:\/\/oldehanhoff.nl\/wp-content\/uploads\/2018\/12\/cropped-IMG_20160709_161301.jpg",1180,140,false],"custom":["https:\/\/oldehanhoff.nl\/wp-content\/uploads\/2018\/12\/cropped-IMG_20160709_161301-780x140.jpg",780,140,true],"post-thumbnail":["https:\/\/oldehanhoff.nl\/wp-content\/uploads\/2018\/12\/cropped-IMG_20160709_161301-150x18.jpg",150,18,true],"header":["https:\/\/oldehanhoff.nl\/wp-content\/uploads\/2018\/12\/cropped-IMG_20160709_161301.jpg",1180,140,false],"slider":["https:\/\/oldehanhoff.nl\/wp-content\/uploads\/2018\/12\/cropped-IMG_20160709_161301-1180x140.jpg",1180,140,true],"columns":["https:\/\/oldehanhoff.nl\/wp-content\/uploads\/2018\/12\/cropped-IMG_20160709_161301-327x140.jpg",327,140,true]},"uagb_author_info":{"display_name":"Eddy","author_link":"https:\/\/oldehanhoff.nl\/?author=1"},"uagb_comment_info":0,"uagb_excerpt":"Alexanderplatz Berliner Dom Brandenburger Tor East-Side Gallery Fernsehturm Gedenkst\u00e4tte Berliner Mauer Hard Rock Cafe Holocaust Memorial KaDeWe Kaiser-Wilhelm-Ged\u00e4chtniskirche Kurf\u00fcrstendamm Olympia Park Potsdamer Platz Prater Biergarten Ramones Museum Reichstag building Stadtschloss Volkspark Humboldthain Zoologischer Garten Lees verder","_links":{"self":[{"href":"https:\/\/oldehanhoff.nl\/index.php?rest_route=\/wp\/v2\/pages\/4316","targetHints":{"allow":["GET"]}}],"collection":[{"href":"https:\/\/oldehanhoff.nl\/index.php?rest_route=\/wp\/v2\/pages"}],"about":[{"href":"https:\/\/oldehanhoff.nl\/index.php?rest_route=\/wp\/v2\/types\/page"}],"author":[{"embeddable":true,"href":"https:\/\/oldehanhoff.nl\/index.php?rest_route=\/wp\/v2\/users\/1"}],"replies":[{"embeddable":true,"href":"https:\/\/oldehanhoff.nl\/index.php?rest_route=%2Fwp%2Fv2%2Fcomments&post=4316"}],"version-history":[{"count":4,"href":"https:\/\/oldehanhoff.nl\/index.php?rest_route=\/wp\/v2\/pages\/4316\/revisions"}],"predecessor-version":[{"id":4327,"href":"https:\/\/oldehanhoff.nl\/index.php?rest_route=\/wp\/v2\/pages\/4316\/revisions\/4327"}],"up":[{"embeddable":true,"href":"https:\/\/oldehanhoff.nl\/index.php?rest_route=\/wp\/v2\/pages\/4099"}],"wp:featuredmedia":[{"embeddable":true,"href":"https:\/\/oldehanhoff.nl\/index.php?rest_route=\/wp\/v2\/media\/4103"}],"wp:attachment":[{"href":"https:\/\/oldehanhoff.nl\/index.php?rest_route=%2Fwp%2Fv2%2Fmedia&parent=4316"}],"curies":[{"name":"wp","href":"https:\/\/api.w.org\/{rel}","templated":true}]}}