{"id":428,"date":"2018-03-24T15:19:42","date_gmt":"2018-03-24T14:19:42","guid":{"rendered":"https:\/\/oldehanhoff.nl\/?page_id=428"},"modified":"2018-03-25T09:16:34","modified_gmt":"2018-03-25T07:16:34","slug":"inter-hotel-city","status":"publish","type":"page","link":"https:\/\/oldehanhoff.nl\/?page_id=428","title":{"rendered":"Inter-Hotel City"},"content":{"rendered":"<p><img loading=\"lazy\" decoding=\"async\" class=\"alignnone size-full wp-image-455\" src=\"https:\/\/oldehanhoff.nl\/wp-content\/uploads\/2018\/03\/Inter-hotel-1.jpg\" alt=\"\" width=\"840\" height=\"460\" srcset=\"https:\/\/oldehanhoff.nl\/wp-content\/uploads\/2018\/03\/Inter-hotel-1.jpg 840w, https:\/\/oldehanhoff.nl\/wp-content\/uploads\/2018\/03\/Inter-hotel-1-300x164.jpg 300w, https:\/\/oldehanhoff.nl\/wp-content\/uploads\/2018\/03\/Inter-hotel-1-768x421.jpg 768w, https:\/\/oldehanhoff.nl\/wp-content\/uploads\/2018\/03\/Inter-hotel-1-150x82.jpg 150w\" sizes=\"auto, (max-width: 840px) 100vw, 840px\" \/><\/p>\n<h1>Het hotel:<\/h1>\n<p>Voor een verblijf in Picardi\u00eb zet u uw koffers neer bij het INTER-HOTEL City H\u00f4tel van Beauvais! Op slechts 800 m van het centrum wordt u hier ontvangen in een groene, rustige en comfortabele omgeving. Het eenvoudig bereikbare INTER-HOTEL van Beauvais, op slechts een paar minuten van het vliegveld, staat ook dicht bij het watersportcentrum met balneotherapie.<\/p>\n<p><img loading=\"lazy\" decoding=\"async\" class=\"alignnone size-full wp-image-456\" src=\"https:\/\/oldehanhoff.nl\/wp-content\/uploads\/2018\/03\/Inter-hotel-2.jpg\" alt=\"\" width=\"840\" height=\"460\" srcset=\"https:\/\/oldehanhoff.nl\/wp-content\/uploads\/2018\/03\/Inter-hotel-2.jpg 840w, https:\/\/oldehanhoff.nl\/wp-content\/uploads\/2018\/03\/Inter-hotel-2-300x164.jpg 300w, https:\/\/oldehanhoff.nl\/wp-content\/uploads\/2018\/03\/Inter-hotel-2-768x421.jpg 768w, https:\/\/oldehanhoff.nl\/wp-content\/uploads\/2018\/03\/Inter-hotel-2-150x82.jpg 150w\" sizes=\"auto, (max-width: 840px) 100vw, 840px\" \/><\/p>\n<p>Het City H\u00f4tel beschikt over 43 kamers waar niet gerookt wordt, met LCD-tv met Canal + en satellietzenders, wifi, een kluisje en een priv\u00e9badkamer met haardroger Sommige kamers zijn geschikt voor gezinnen, andere voor personen met een beperkte mobiliteit.Voor het eten kunt u een sandwich halen bij de automaat in het hotel of naar \u00e9\u00e9n van de restaurants in de nabijheid gaan. U zult uw INTER-HOTEL City H\u00f4tel ook waarderen om zijn gratis parkeerplaats en de ontvangst van huisdieren.<\/p>\n<p><img loading=\"lazy\" decoding=\"async\" class=\"alignnone size-full wp-image-458\" src=\"https:\/\/oldehanhoff.nl\/wp-content\/uploads\/2018\/03\/Inter-hotel-3.jpg\" alt=\"\" width=\"840\" height=\"460\" srcset=\"https:\/\/oldehanhoff.nl\/wp-content\/uploads\/2018\/03\/Inter-hotel-3.jpg 840w, https:\/\/oldehanhoff.nl\/wp-content\/uploads\/2018\/03\/Inter-hotel-3-300x164.jpg 300w, https:\/\/oldehanhoff.nl\/wp-content\/uploads\/2018\/03\/Inter-hotel-3-768x421.jpg 768w, https:\/\/oldehanhoff.nl\/wp-content\/uploads\/2018\/03\/Inter-hotel-3-150x82.jpg 150w\" sizes=\"auto, (max-width: 840px) 100vw, 840px\" \/><\/p>\n<p>Tijdens uw zakelijke- of toeristische verblijf kunt u zich ontspannen in de rustige tuin of op het terras, of rond het biljart. Profiteer van uw verblijf in de Oise voor een bezoek aan Beauvais, de kathedraal en de beroemde astronomische klok, of het Mus\u00e9e de la tapisserie en de fabriek.<\/p>\n<p>Website hotel:<br \/>\n<a href=\"http:\/\/nl.inter-hotel.com\/hotel\/picardie\/beauvais\/city-hotel\" target=\"_blank\" rel=\"noopener\">http:\/\/nl.inter-hotel.com\/hotel\/picardie\/beauvais\/city-hotel<\/a><\/p>\n<h2>Adres:<\/h2>\n<p>3, rue Antonio de Hojas<br \/>\n60000 Beauvais<br \/>\nFrankrijk<\/p>\n<h2>Afstand tussen hotel en Parc Saint Paul<\/h2>\n<p><iframe loading=\"lazy\" src=\"https:\/\/www.google.com\/maps\/d\/embed?mid=1uYxmkBHrl2qMuxZ4z4SaEHbGKlU\" width=\"700\" height=\"480\"><\/iframe><\/p>\n","protected":false},"excerpt":{"rendered":"<p>Het hotel: Voor een verblijf in Picardi\u00eb zet u uw koffers neer bij het INTER-HOTEL City H\u00f4tel van Beauvais! Op slechts 800 m van het centrum wordt u hier ontvangen in een groene, rustige en comfortabele omgeving. Het eenvoudig bereikbare INTER-HOTEL van Beauvais, op slechts een paar minuten van het\u2026<\/p>\n<p class=\"continue-reading-button\"> <a class=\"continue-reading-link\" href=\"https:\/\/oldehanhoff.nl\/?page_id=428\">Lees verder<i class=\"crycon-right-dir\"><\/i><\/a><\/p>\n","protected":false},"author":1,"featured_media":273,"parent":278,"menu_order":0,"comment_status":"closed","ping_status":"closed","template":"","meta":{"_uag_custom_page_level_css":"","footnotes":"","_links_to":"","_links_to_target":""},"class_list":["post-428","page","type-page","status-publish","has-post-thumbnail","hentry"],"uagb_featured_image_src":{"full":["https:\/\/oldehanhoff.nl\/wp-content\/uploads\/2018\/03\/cropped-Park-Asterix-117-600x400.jpg",1180,140,false],"thumbnail":["https:\/\/oldehanhoff.nl\/wp-content\/uploads\/2018\/03\/cropped-Park-Asterix-117-600x400-150x140.jpg",150,140,true],"medium":["https:\/\/oldehanhoff.nl\/wp-content\/uploads\/2018\/03\/cropped-Park-Asterix-117-600x400-300x36.jpg",300,36,true],"medium_large":["https:\/\/oldehanhoff.nl\/wp-content\/uploads\/2018\/03\/cropped-Park-Asterix-117-600x400-768x91.jpg",768,91,true],"large":["https:\/\/oldehanhoff.nl\/wp-content\/uploads\/2018\/03\/cropped-Park-Asterix-117-600x400-1024x121.jpg",900,106,true],"1536x1536":["https:\/\/oldehanhoff.nl\/wp-content\/uploads\/2018\/03\/cropped-Park-Asterix-117-600x400.jpg",1180,140,false],"2048x2048":["https:\/\/oldehanhoff.nl\/wp-content\/uploads\/2018\/03\/cropped-Park-Asterix-117-600x400.jpg",1180,140,false],"custom":["https:\/\/oldehanhoff.nl\/wp-content\/uploads\/2018\/03\/cropped-Park-Asterix-117-600x400-780x140.jpg",780,140,true],"post-thumbnail":["https:\/\/oldehanhoff.nl\/wp-content\/uploads\/2018\/03\/cropped-Park-Asterix-117-600x400-150x18.jpg",150,18,true],"header":["https:\/\/oldehanhoff.nl\/wp-content\/uploads\/2018\/03\/cropped-Park-Asterix-117-600x400.jpg",1180,140,false],"slider":["https:\/\/oldehanhoff.nl\/wp-content\/uploads\/2018\/03\/cropped-Park-Asterix-117-600x400-1180x140.jpg",1180,140,true],"columns":["https:\/\/oldehanhoff.nl\/wp-content\/uploads\/2018\/03\/cropped-Park-Asterix-117-600x400-327x140.jpg",327,140,true]},"uagb_author_info":{"display_name":"Eddy","author_link":"https:\/\/oldehanhoff.nl\/?author=1"},"uagb_comment_info":0,"uagb_excerpt":"Het hotel: Voor een verblijf in Picardi\u00eb zet u uw koffers neer bij het INTER-HOTEL City H\u00f4tel van Beauvais! Op slechts 800 m van het centrum wordt u hier ontvangen in een groene, rustige en comfortabele omgeving. Het eenvoudig bereikbare INTER-HOTEL van Beauvais, op slechts een paar minuten van het\u2026 Lees verder","_links":{"self":[{"href":"https:\/\/oldehanhoff.nl\/index.php?rest_route=\/wp\/v2\/pages\/428","targetHints":{"allow":["GET"]}}],"collection":[{"href":"https:\/\/oldehanhoff.nl\/index.php?rest_route=\/wp\/v2\/pages"}],"about":[{"href":"https:\/\/oldehanhoff.nl\/index.php?rest_route=\/wp\/v2\/types\/page"}],"author":[{"embeddable":true,"href":"https:\/\/oldehanhoff.nl\/index.php?rest_route=\/wp\/v2\/users\/1"}],"replies":[{"embeddable":true,"href":"https:\/\/oldehanhoff.nl\/index.php?rest_route=%2Fwp%2Fv2%2Fcomments&post=428"}],"version-history":[{"count":4,"href":"https:\/\/oldehanhoff.nl\/index.php?rest_route=\/wp\/v2\/pages\/428\/revisions"}],"predecessor-version":[{"id":459,"href":"https:\/\/oldehanhoff.nl\/index.php?rest_route=\/wp\/v2\/pages\/428\/revisions\/459"}],"up":[{"embeddable":true,"href":"https:\/\/oldehanhoff.nl\/index.php?rest_route=\/wp\/v2\/pages\/278"}],"wp:featuredmedia":[{"embeddable":true,"href":"https:\/\/oldehanhoff.nl\/index.php?rest_route=\/wp\/v2\/media\/273"}],"wp:attachment":[{"href":"https:\/\/oldehanhoff.nl\/index.php?rest_route=%2Fwp%2Fv2%2Fmedia&parent=428"}],"curies":[{"name":"wp","href":"https:\/\/api.w.org\/{rel}","templated":true}]}}