{"id":33513,"date":"2024-01-14T08:41:23","date_gmt":"2024-01-14T07:41:23","guid":{"rendered":"https:\/\/oldehanhoff.nl\/?page_id=33513"},"modified":"2024-08-31T09:18:31","modified_gmt":"2024-08-31T07:18:31","slug":"info","status":"publish","type":"page","link":"https:\/\/oldehanhoff.nl\/?page_id=33513","title":{"rendered":"Info"},"content":{"rendered":"\n<p><strong>Sicili\u00eb<\/strong>&nbsp;is een&nbsp;eiland&nbsp;en een&nbsp;autonome regio&nbsp;van&nbsp;Itali\u00eb&nbsp;in de&nbsp;Middellandse Zee. Het ligt ten zuidwesten van de op het Italiaanse vasteland gelegen regio&nbsp;Calabri\u00eb, en ten noordoosten van het&nbsp;Noord-Afrikaanse&nbsp;land&nbsp;Tunesi\u00eb.<br>De hoofdstad van Sicili\u00eb is Palermo, gelegen in het noordwesten van het eiland. Catania is de tweede stad van het eiland, welke gelegen is in het oosten van het eiland, vlakbij de bekende vulkaan de Etna.<\/p>\n\n\n\n<ul class=\"wp-block-list\">\n<li>Sicili\u00eb\n<ul class=\"wp-block-list\">\n<li>Palermo<\/li>\n\n\n\n<li>Catania\n<ul class=\"wp-block-list\">\n<li>Etnaland<\/li>\n\n\n\n<li>Vulkaan Etna<\/li>\n<\/ul>\n<\/li>\n\n\n\n<li>Openbaar vervoer\n<ul class=\"wp-block-list\">\n<li><a href=\"https:\/\/italybeyondtheobvious.com\/getting-around-sicily-by-public-transport\/\" target=\"_blank\" rel=\"noreferrer noopener\">https:\/\/italybeyondtheobvious.com\/getting-around-sicily-by-public-transport\/<\/a><\/li>\n<\/ul>\n<\/li>\n\n\n\n<li>Vliegen naar Sicili\u00eb<\/li>\n<\/ul>\n<\/li>\n<\/ul>\n\n\n\n<p>Het eiland <strong>Sardini\u00eb<\/strong> ligt pal ten zuiden van het eiland&nbsp;Corsica&nbsp;(gescheiden ervan door de&nbsp;Straat van Bonifacio), ten westen van de&nbsp;Laars van Itali\u00eb. Met 24.090&nbsp;km\u00b2 is het na&nbsp;Sicili\u00eb&nbsp;het grootste eiland in de&nbsp;Middellandse Zee.&nbsp;<\/p>\n\n\n\n<ul class=\"wp-block-list\">\n<li>Sardini\u00eb\n<ul class=\"wp-block-list\">\n<li>Cagliari<\/li>\n\n\n\n<li>Grotta di Nettuno<\/li>\n\n\n\n<li>Tiscali<\/li>\n\n\n\n<li><a href=\"https:\/\/oldehanhoff.nl\/?page_id=35924\" data-type=\"page\" data-id=\"35924\">Roccia dell&#8217;orso<\/a><\/li>\n\n\n\n<li>etc<\/li>\n<\/ul>\n<\/li>\n<\/ul>\n\n\n\n<p><strong>Capri<\/strong>&nbsp;is een&nbsp;eiland&nbsp;gelegen in de&nbsp;baai van Napels. Het ligt in de&nbsp;Italiaanse&nbsp;regio&nbsp;Campania&nbsp;en meet 10,36&nbsp;km\u00b2. Capri is bergachtig met steile kliffen, maar ook vlakke stukken. Het hoogste punt is de&nbsp;Monte Solaro&nbsp;(589 meter). Er zijn twee dorpen:&nbsp;Capri&nbsp;en&nbsp;Anacapri.<\/p>\n\n\n\n<ul class=\"wp-block-list\">\n<li><strong>Capri<\/strong>\n<ul class=\"wp-block-list\">\n<li>Capri-stad<\/li>\n\n\n\n<li>Grotta Azzurra<\/li>\n\n\n\n<li>Via Krupp<\/li>\n\n\n\n<li>etc.<\/li>\n<\/ul>\n<\/li>\n<\/ul>\n","protected":false},"excerpt":{"rendered":"<p>Sicili\u00eb&nbsp;is een&nbsp;eiland&nbsp;en een&nbsp;autonome regio&nbsp;van&nbsp;Itali\u00eb&nbsp;in de&nbsp;Middellandse Zee. Het ligt ten zuidwesten van de op het Italiaanse vasteland gelegen regio&nbsp;Calabri\u00eb, en ten noordoosten van het&nbsp;Noord-Afrikaanse&nbsp;land&nbsp;Tunesi\u00eb.De hoofdstad van Sicili\u00eb is Palermo, gelegen in het noordwesten van het eiland. Catania is de tweede stad van het eiland, welke gelegen is in het oosten van\u2026<\/p>\n<p class=\"continue-reading-button\"> <a class=\"continue-reading-link\" href=\"https:\/\/oldehanhoff.nl\/?page_id=33513\">Lees verder<i class=\"crycon-right-dir\"><\/i><\/a><\/p>\n","protected":false},"author":1,"featured_media":0,"parent":34111,"menu_order":0,"comment_status":"closed","ping_status":"closed","template":"","meta":{"_uag_custom_page_level_css":"","footnotes":"","_links_to":"","_links_to_target":""},"class_list":["post-33513","page","type-page","status-publish","hentry"],"uagb_featured_image_src":{"full":false,"thumbnail":false,"medium":false,"medium_large":false,"large":false,"1536x1536":false,"2048x2048":false,"custom":false,"post-thumbnail":false,"header":false,"slider":false,"columns":false},"uagb_author_info":{"display_name":"Eddy","author_link":"https:\/\/oldehanhoff.nl\/?author=1"},"uagb_comment_info":0,"uagb_excerpt":"Sicili\u00eb&nbsp;is een&nbsp;eiland&nbsp;en een&nbsp;autonome regio&nbsp;van&nbsp;Itali\u00eb&nbsp;in de&nbsp;Middellandse Zee. Het ligt ten zuidwesten van de op het Italiaanse vasteland gelegen regio&nbsp;Calabri\u00eb, en ten noordoosten van het&nbsp;Noord-Afrikaanse&nbsp;land&nbsp;Tunesi\u00eb.De hoofdstad van Sicili\u00eb is Palermo, gelegen in het noordwesten van het eiland. Catania is de tweede stad van het eiland, welke gelegen is in het oosten van\u2026 Lees verder","_links":{"self":[{"href":"https:\/\/oldehanhoff.nl\/index.php?rest_route=\/wp\/v2\/pages\/33513","targetHints":{"allow":["GET"]}}],"collection":[{"href":"https:\/\/oldehanhoff.nl\/index.php?rest_route=\/wp\/v2\/pages"}],"about":[{"href":"https:\/\/oldehanhoff.nl\/index.php?rest_route=\/wp\/v2\/types\/page"}],"author":[{"embeddable":true,"href":"https:\/\/oldehanhoff.nl\/index.php?rest_route=\/wp\/v2\/users\/1"}],"replies":[{"embeddable":true,"href":"https:\/\/oldehanhoff.nl\/index.php?rest_route=%2Fwp%2Fv2%2Fcomments&post=33513"}],"version-history":[{"count":10,"href":"https:\/\/oldehanhoff.nl\/index.php?rest_route=\/wp\/v2\/pages\/33513\/revisions"}],"predecessor-version":[{"id":35928,"href":"https:\/\/oldehanhoff.nl\/index.php?rest_route=\/wp\/v2\/pages\/33513\/revisions\/35928"}],"up":[{"embeddable":true,"href":"https:\/\/oldehanhoff.nl\/index.php?rest_route=\/wp\/v2\/pages\/34111"}],"wp:attachment":[{"href":"https:\/\/oldehanhoff.nl\/index.php?rest_route=%2Fwp%2Fv2%2Fmedia&parent=33513"}],"curies":[{"name":"wp","href":"https:\/\/api.w.org\/{rel}","templated":true}]}}