{"id":31969,"date":"2023-09-05T13:43:38","date_gmt":"2023-09-05T11:43:38","guid":{"rendered":"https:\/\/oldehanhoff.nl\/?page_id=31969"},"modified":"2023-09-05T15:59:39","modified_gmt":"2023-09-05T13:59:39","slug":"schloss-schonbrunn-tiergarten-schonbrunn","status":"publish","type":"page","link":"https:\/\/oldehanhoff.nl\/?page_id=31969","title":{"rendered":"Schloss Sch\u00f6nbrunn\/Tiergarten Sch\u00f6nbrunn"},"content":{"rendered":"\n<figure class=\"wp-block-image size-large\"><img loading=\"lazy\" decoding=\"async\" width=\"1024\" height=\"459\" src=\"https:\/\/oldehanhoff.nl\/wp-content\/uploads\/2023\/09\/Schloss_Schonbrunn_Wien_2014_Zuschnitt_11-1024x459.jpg\" alt=\"\" class=\"wp-image-31979\" srcset=\"https:\/\/oldehanhoff.nl\/wp-content\/uploads\/2023\/09\/Schloss_Schonbrunn_Wien_2014_Zuschnitt_11-1024x459.jpg 1024w, https:\/\/oldehanhoff.nl\/wp-content\/uploads\/2023\/09\/Schloss_Schonbrunn_Wien_2014_Zuschnitt_11-300x134.jpg 300w, https:\/\/oldehanhoff.nl\/wp-content\/uploads\/2023\/09\/Schloss_Schonbrunn_Wien_2014_Zuschnitt_11-768x344.jpg 768w, https:\/\/oldehanhoff.nl\/wp-content\/uploads\/2023\/09\/Schloss_Schonbrunn_Wien_2014_Zuschnitt_11-1536x688.jpg 1536w, https:\/\/oldehanhoff.nl\/wp-content\/uploads\/2023\/09\/Schloss_Schonbrunn_Wien_2014_Zuschnitt_11-2048x917.jpg 2048w, https:\/\/oldehanhoff.nl\/wp-content\/uploads\/2023\/09\/Schloss_Schonbrunn_Wien_2014_Zuschnitt_11-780x350.jpg 780w, https:\/\/oldehanhoff.nl\/wp-content\/uploads\/2023\/09\/Schloss_Schonbrunn_Wien_2014_Zuschnitt_11-150x67.jpg 150w\" sizes=\"auto, (max-width: 1024px) 100vw, 1024px\" \/><\/figure>\n\n\n\n<p>In het westen van de Oostenrijkse hoofdstad Wenen ligt 1 van de drukbezochtste beziensvaardigheden van deze stad, het Schloss Sch\u00f6nbrunn. Dit slot is oorspronkelijk gebouwt tussen 1638\u20131643, waarna het ook nog een aantal keren opnieuw gebouwd is en verder uitgebreid. In de tuinen van dit slot bevind zich tevens de oudste nog bestaande dierentuin ter wereld, de Tiergarten Sch\u00f6nbrunn. Deze Tiergarten is al in 1752 geopend.<\/p>\n\n\n\n<figure class=\"wp-block-image size-large\"><img loading=\"lazy\" decoding=\"async\" width=\"1024\" height=\"683\" src=\"https:\/\/oldehanhoff.nl\/wp-content\/uploads\/2023\/09\/Kaiserpavillon11-1024x683.jpg\" alt=\"\" class=\"wp-image-31987\" srcset=\"https:\/\/oldehanhoff.nl\/wp-content\/uploads\/2023\/09\/Kaiserpavillon11-1024x683.jpg 1024w, https:\/\/oldehanhoff.nl\/wp-content\/uploads\/2023\/09\/Kaiserpavillon11-300x200.jpg 300w, https:\/\/oldehanhoff.nl\/wp-content\/uploads\/2023\/09\/Kaiserpavillon11-768x512.jpg 768w, https:\/\/oldehanhoff.nl\/wp-content\/uploads\/2023\/09\/Kaiserpavillon11-150x100.jpg 150w, https:\/\/oldehanhoff.nl\/wp-content\/uploads\/2023\/09\/Kaiserpavillon11.jpg 1417w\" sizes=\"auto, (max-width: 1024px) 100vw, 1024px\" \/><\/figure>\n\n\n\n<h6 class=\"wp-block-heading\"><strong>Plattegronden:<\/strong><\/h6>\n\n\n\n<ul class=\"wp-block-list\">\n<li><a rel=\"noreferrer noopener\" href=\"https:\/\/www.schoenbrunn.at\/fileadmin\/content_schoenbrunn\/Besucherinformationen\/Arealplan_Schoenbrunn_2022_29042022_final.pdf\" target=\"_blank\">https:\/\/www.schoenbrunn.at\/<\/a> <\/li>\n\n\n\n<li><a rel=\"noreferrer noopener\" href=\"https:\/\/www.zoovienna.at\/media\/uploads\/dokumente\/lageplan2023_juni_eng_web.pdf\" data-type=\"link\" data-id=\"https:\/\/www.zoovienna.at\/media\/uploads\/dokumente\/lageplan2023_juni_eng_web.pdf\" target=\"_blank\">https:\/\/www.zoovienna.at\/<\/a><\/li>\n<\/ul>\n\n\n\n<h6 class=\"wp-block-heading\"><strong>Websites:<\/strong><\/h6>\n\n\n\n<ul class=\"wp-block-list\">\n<li><a href=\"https:\/\/www.schoenbrunn.at\/en\/\" target=\"_blank\" rel=\"noreferrer noopener\">https:\/\/www.schoenbrunn.at\/en\/<\/a><\/li>\n\n\n\n<li><a href=\"https:\/\/www.zoovienna.at\/en\/\" target=\"_blank\" rel=\"noreferrer noopener\">https:\/\/www.zoovienna.at\/en\/<\/a><\/li>\n<\/ul>\n\n\n\n<h6 class=\"wp-block-heading\"><strong>Bereikbaarheid:<\/strong><\/h6>\n\n\n\n<p>Zowel Schloss Sch\u00f6nbrunn als Tiergarten Sch\u00f6nbrunn zijn bereikbaar met het openbaar vervoer.<br>Zo kun je voor een bezoek aan Schloss Sch\u00f6nbrunn de metro (U4) verlaten via station Sch\u00f6nbrunn en voor Tiergarten Sch\u00f6nbrunn is het dan Station Hietzing, welke ook onderdeel is van metro U4.<\/p>\n","protected":false},"excerpt":{"rendered":"<p>In het westen van de Oostenrijkse hoofdstad Wenen ligt 1 van de drukbezochtste beziensvaardigheden van deze stad, het Schloss Sch\u00f6nbrunn. Dit slot is oorspronkelijk gebouwt tussen 1638\u20131643, waarna het ook nog een aantal keren opnieuw gebouwd is en verder uitgebreid. In de tuinen van dit slot bevind zich tevens de\u2026<\/p>\n<p class=\"continue-reading-button\"> <a class=\"continue-reading-link\" href=\"https:\/\/oldehanhoff.nl\/?page_id=31969\">Lees verder<i class=\"crycon-right-dir\"><\/i><\/a><\/p>\n","protected":false},"author":1,"featured_media":0,"parent":9077,"menu_order":0,"comment_status":"closed","ping_status":"closed","template":"","meta":{"_uag_custom_page_level_css":"","footnotes":"","_links_to":"","_links_to_target":""},"class_list":["post-31969","page","type-page","status-publish","hentry"],"uagb_featured_image_src":{"full":false,"thumbnail":false,"medium":false,"medium_large":false,"large":false,"1536x1536":false,"2048x2048":false,"custom":false,"post-thumbnail":false,"header":false,"slider":false,"columns":false},"uagb_author_info":{"display_name":"Eddy","author_link":"https:\/\/oldehanhoff.nl\/?author=1"},"uagb_comment_info":0,"uagb_excerpt":"In het westen van de Oostenrijkse hoofdstad Wenen ligt 1 van de drukbezochtste beziensvaardigheden van deze stad, het Schloss Sch\u00f6nbrunn. Dit slot is oorspronkelijk gebouwt tussen 1638\u20131643, waarna het ook nog een aantal keren opnieuw gebouwd is en verder uitgebreid. In de tuinen van dit slot bevind zich tevens de\u2026 Lees verder","_links":{"self":[{"href":"https:\/\/oldehanhoff.nl\/index.php?rest_route=\/wp\/v2\/pages\/31969","targetHints":{"allow":["GET"]}}],"collection":[{"href":"https:\/\/oldehanhoff.nl\/index.php?rest_route=\/wp\/v2\/pages"}],"about":[{"href":"https:\/\/oldehanhoff.nl\/index.php?rest_route=\/wp\/v2\/types\/page"}],"author":[{"embeddable":true,"href":"https:\/\/oldehanhoff.nl\/index.php?rest_route=\/wp\/v2\/users\/1"}],"replies":[{"embeddable":true,"href":"https:\/\/oldehanhoff.nl\/index.php?rest_route=%2Fwp%2Fv2%2Fcomments&post=31969"}],"version-history":[{"count":12,"href":"https:\/\/oldehanhoff.nl\/index.php?rest_route=\/wp\/v2\/pages\/31969\/revisions"}],"predecessor-version":[{"id":31992,"href":"https:\/\/oldehanhoff.nl\/index.php?rest_route=\/wp\/v2\/pages\/31969\/revisions\/31992"}],"up":[{"embeddable":true,"href":"https:\/\/oldehanhoff.nl\/index.php?rest_route=\/wp\/v2\/pages\/9077"}],"wp:attachment":[{"href":"https:\/\/oldehanhoff.nl\/index.php?rest_route=%2Fwp%2Fv2%2Fmedia&parent=31969"}],"curies":[{"name":"wp","href":"https:\/\/api.w.org\/{rel}","templated":true}]}}