{"id":25557,"date":"2022-04-23T07:38:05","date_gmt":"2022-04-23T05:38:05","guid":{"rendered":"https:\/\/oldehanhoff.nl\/?page_id=25557"},"modified":"2022-04-23T07:48:33","modified_gmt":"2022-04-23T05:48:33","slug":"evenemententerrein-airport-letnany","status":"publish","type":"page","link":"https:\/\/oldehanhoff.nl\/?page_id=25557","title":{"rendered":"Evenemententerrein Airport Letnany"},"content":{"rendered":"\n<figure class=\"wp-block-image size-large\"><img loading=\"lazy\" decoding=\"async\" width=\"1024\" height=\"225\" src=\"https:\/\/oldehanhoff.nl\/wp-content\/uploads\/2022\/04\/Letiste-letnany1-1024x225.jpg\" alt=\"\" class=\"wp-image-25558\" srcset=\"https:\/\/oldehanhoff.nl\/wp-content\/uploads\/2022\/04\/Letiste-letnany1-1024x225.jpg 1024w, https:\/\/oldehanhoff.nl\/wp-content\/uploads\/2022\/04\/Letiste-letnany1-300x66.jpg 300w, https:\/\/oldehanhoff.nl\/wp-content\/uploads\/2022\/04\/Letiste-letnany1-768x169.jpg 768w, https:\/\/oldehanhoff.nl\/wp-content\/uploads\/2022\/04\/Letiste-letnany1-1536x338.jpg 1536w, https:\/\/oldehanhoff.nl\/wp-content\/uploads\/2022\/04\/Letiste-letnany1-2048x451.jpg 2048w, https:\/\/oldehanhoff.nl\/wp-content\/uploads\/2022\/04\/Letiste-letnany1-150x33.jpg 150w\" sizes=\"auto, (max-width: 1024px) 100vw, 1024px\" \/><\/figure>\n\n\n\n<p><strong>Airport Let\u0148any<\/strong> (Tsjechisch: <em>Leti\u0161t\u011b Let\u0148any<\/em>) is een vliegveld bij de voorstad Let\u0148any van de Tsjechische hoofdstad Praag. Sinds 2008 ligt vlak bij het vliegveld het <a href=\"https:\/\/oldehanhoff.nl\/?page_id=15974\" data-type=\"page\" data-id=\"15974\">metrostation Let\u0148any<\/a>, waardoor er een snelle verbinding is met de binnenstad van Praag. Let\u0148any is het vliegveld waar Avia vroeger vliegtuigen heeft geproduceerd.<\/p>\n\n\n\n<p>Het vliegveld wordt beheerd door de <em>Aeroklub Praha &#8211; Let\u0148any<\/em>.<\/p>\n\n\n\n<figure class=\"wp-block-image size-full is-resized\"><img decoding=\"async\" src=\"https:\/\/oldehanhoff.nl\/wp-content\/uploads\/2022\/04\/meta_eyJzcmNCdWNrZXQiOiJiemdsZmlsZXMifQ1.jpg\" alt=\"\" class=\"wp-image-25564\" width=\"800\" srcset=\"https:\/\/oldehanhoff.nl\/wp-content\/uploads\/2022\/04\/meta_eyJzcmNCdWNrZXQiOiJiemdsZmlsZXMifQ1.jpg 600w, https:\/\/oldehanhoff.nl\/wp-content\/uploads\/2022\/04\/meta_eyJzcmNCdWNrZXQiOiJiemdsZmlsZXMifQ1-300x200.jpg 300w, https:\/\/oldehanhoff.nl\/wp-content\/uploads\/2022\/04\/meta_eyJzcmNCdWNrZXQiOiJiemdsZmlsZXMifQ1-150x100.jpg 150w\" sizes=\"(max-width: 600px) 100vw, 600px\" \/><\/figure>\n\n\n\n<p>Deze locatie word ook al een aantal jaren gebruikt voor grote evenementen, zoals concerten van AC\/DC, Guns &#8217;n Roses, Iron Maiden, Metallica en Muse.<br>En in 2022 geeft Rammstein hier 2 offici\u00eble concerten en ook nog 2 rehearsal shows hier aan voorafgaand.<\/p>\n\n\n\n<ul class=\"wp-block-list\"><li><a href=\"https:\/\/en.wikipedia.org\/wiki\/Let%C5%88any\" target=\"_blank\" rel=\"noreferrer noopener\">https:\/\/en.wikipedia.org\/wiki\/Let%C5%88any<\/a><\/li><li><a href=\"http:\/\/www.letnany-airport.cz\/\" target=\"_blank\" rel=\"noreferrer noopener\">http:\/\/www.letnany-airport.cz\/<\/a><\/li><\/ul>\n","protected":false},"excerpt":{"rendered":"<p>Airport Let\u0148any (Tsjechisch: Leti\u0161t\u011b Let\u0148any) is een vliegveld bij de voorstad Let\u0148any van de Tsjechische hoofdstad Praag. Sinds 2008 ligt vlak bij het vliegveld het metrostation Let\u0148any, waardoor er een snelle verbinding is met de binnenstad van Praag. Let\u0148any is het vliegveld waar Avia vroeger vliegtuigen heeft geproduceerd. Het vliegveld\u2026<\/p>\n<p class=\"continue-reading-button\"> <a class=\"continue-reading-link\" href=\"https:\/\/oldehanhoff.nl\/?page_id=25557\">Lees verder<i class=\"crycon-right-dir\"><\/i><\/a><\/p>\n","protected":false},"author":1,"featured_media":0,"parent":15992,"menu_order":0,"comment_status":"closed","ping_status":"closed","template":"","meta":{"_uag_custom_page_level_css":"","footnotes":"","_links_to":"","_links_to_target":""},"class_list":["post-25557","page","type-page","status-publish","hentry"],"uagb_featured_image_src":{"full":false,"thumbnail":false,"medium":false,"medium_large":false,"large":false,"1536x1536":false,"2048x2048":false,"custom":false,"post-thumbnail":false,"header":false,"slider":false,"columns":false},"uagb_author_info":{"display_name":"Eddy","author_link":"https:\/\/oldehanhoff.nl\/?author=1"},"uagb_comment_info":0,"uagb_excerpt":"Airport Let\u0148any (Tsjechisch: Leti\u0161t\u011b Let\u0148any) is een vliegveld bij de voorstad Let\u0148any van de Tsjechische hoofdstad Praag. Sinds 2008 ligt vlak bij het vliegveld het metrostation Let\u0148any, waardoor er een snelle verbinding is met de binnenstad van Praag. Let\u0148any is het vliegveld waar Avia vroeger vliegtuigen heeft geproduceerd. Het vliegveld\u2026 Lees verder","_links":{"self":[{"href":"https:\/\/oldehanhoff.nl\/index.php?rest_route=\/wp\/v2\/pages\/25557","targetHints":{"allow":["GET"]}}],"collection":[{"href":"https:\/\/oldehanhoff.nl\/index.php?rest_route=\/wp\/v2\/pages"}],"about":[{"href":"https:\/\/oldehanhoff.nl\/index.php?rest_route=\/wp\/v2\/types\/page"}],"author":[{"embeddable":true,"href":"https:\/\/oldehanhoff.nl\/index.php?rest_route=\/wp\/v2\/users\/1"}],"replies":[{"embeddable":true,"href":"https:\/\/oldehanhoff.nl\/index.php?rest_route=%2Fwp%2Fv2%2Fcomments&post=25557"}],"version-history":[{"count":3,"href":"https:\/\/oldehanhoff.nl\/index.php?rest_route=\/wp\/v2\/pages\/25557\/revisions"}],"predecessor-version":[{"id":25566,"href":"https:\/\/oldehanhoff.nl\/index.php?rest_route=\/wp\/v2\/pages\/25557\/revisions\/25566"}],"up":[{"embeddable":true,"href":"https:\/\/oldehanhoff.nl\/index.php?rest_route=\/wp\/v2\/pages\/15992"}],"wp:attachment":[{"href":"https:\/\/oldehanhoff.nl\/index.php?rest_route=%2Fwp%2Fv2%2Fmedia&parent=25557"}],"curies":[{"name":"wp","href":"https:\/\/api.w.org\/{rel}","templated":true}]}}