{"id":20616,"date":"2021-07-01T11:07:39","date_gmt":"2021-07-01T09:07:39","guid":{"rendered":"https:\/\/oldehanhoff.nl\/?page_id=20616"},"modified":"2021-07-01T13:54:58","modified_gmt":"2021-07-01T11:54:58","slug":"openbaar-vervoer-in-istanbul","status":"publish","type":"page","link":"https:\/\/oldehanhoff.nl\/?page_id=20616","title":{"rendered":"Openbaar vervoer in Istanbul"},"content":{"rendered":"\n<p>Het openbaar vervoer in Istanbul is omvangrijk, vooral bestaande uit metro\u2019s, trams en bussen.&nbsp;<br>In totaal zijn er acht verschillende vervoersmiddelen, waarvan een aantal ook de buitenwijken verbinden met het centrum. <br>Ook is er een goede verbinding met Istanbul Airport, net als dat het Europese deel van de stad verbonden is met het Aziatische deel.<\/p>\n\n\n\n<ul class=\"wp-block-list\"><li>Een zeer uitgebreid busnetwerk (o.a. Metrobus en Dolmu\u015f)<\/li><li>Meerdere ferry diensten<\/li><li>Zes metrolijnen (M1, M2, M3, M4, M5 en M6)<\/li><li>Vier tramlijnen (T1, T2, T3 en T4)<\/li><li>Twee funiculars (T\u00fcnel en Kabata\u015f-Taksim)<\/li><li>Twee kabelbanen (Teleferik)<\/li><li>Marmaray (Treinen)<\/li><li>Havaray (Monorail)<\/li><\/ul>\n\n\n\n<figure class=\"wp-block-image size-large\"><a href=\"https:\/\/oldehanhoff.nl\/wp-content\/uploads\/2021\/07\/Istanbul_Rapid_Transit_Map1.png\" data-rel=\"lightbox-image-0\" data-rl_title=\"\" data-rl_caption=\"\" title=\"\"><img loading=\"lazy\" decoding=\"async\" width=\"1024\" height=\"768\" src=\"https:\/\/oldehanhoff.nl\/wp-content\/uploads\/2021\/07\/Istanbul_Rapid_Transit_Map1-1024x768.png\" alt=\"\" class=\"wp-image-20623\" srcset=\"https:\/\/oldehanhoff.nl\/wp-content\/uploads\/2021\/07\/Istanbul_Rapid_Transit_Map1-1024x768.png 1024w, https:\/\/oldehanhoff.nl\/wp-content\/uploads\/2021\/07\/Istanbul_Rapid_Transit_Map1-300x225.png 300w, https:\/\/oldehanhoff.nl\/wp-content\/uploads\/2021\/07\/Istanbul_Rapid_Transit_Map1-768x576.png 768w, https:\/\/oldehanhoff.nl\/wp-content\/uploads\/2021\/07\/Istanbul_Rapid_Transit_Map1-1536x1152.png 1536w, https:\/\/oldehanhoff.nl\/wp-content\/uploads\/2021\/07\/Istanbul_Rapid_Transit_Map1-2048x1535.png 2048w, https:\/\/oldehanhoff.nl\/wp-content\/uploads\/2021\/07\/Istanbul_Rapid_Transit_Map1-150x112.png 150w\" sizes=\"auto, (max-width: 1024px) 100vw, 1024px\" \/><\/a><figcaption><sup><strong>Plattegrond van alle railverbindingen in Istanbul<\/strong><\/sup><\/figcaption><\/figure>\n\n\n\n<ul class=\"wp-block-list\"><li><a href=\"https:\/\/www.vliegveldinfo.nl\/vliegvelden\/istanbul-airport\/openbaar-vervoer-istanbul\/\" target=\"_blank\" rel=\"noreferrer noopener\">https:\/\/www.vliegveldinfo.nl\/vliegvelden\/istanbul-airport\/openbaar-vervoer-istanbul\/<\/a><\/li><li><a href=\"https:\/\/www.vliegveldinfo.nl\/vliegvelden\/istanbul-airport\/\" target=\"_blank\" rel=\"noreferrer noopener\">https:\/\/www.vliegveldinfo.nl\/vliegvelden\/istanbul-airport\/<\/a><\/li><li><a href=\"https:\/\/www.metro.istanbul\/YolcuHizmetleri\/AgHaritalari\" target=\"_blank\" rel=\"noreferrer noopener\">https:\/\/www.metro.istanbul\/YolcuHizmetleri\/AgHaritalari<\/a><\/li><\/ul>\n\n\n\n<h5 class=\"wp-block-heading\">Bereikbaarheid pretparken:<\/h5>\n\n\n\n<p>Pretpark <strong>Isfanbul<\/strong> ligt b.v. op zo&#8217;n 700m afstand van halte <strong>Veysel Karani Ak\u015femsettin<\/strong> (Metro M7).<br>Pretpark <strong>Korsan Adasi<\/strong> ligt in een buitenwijk van de stad. Het park is bereikbaar met de <strong>Marmaray<\/strong> trein en je moet dan uitstappen bij halte <strong>Tuzla<\/strong>. Hierna is het nog zo&#8217;n 2km lopen tot aan het park. <br><strong>MOI Park<\/strong> in de Mall of Istanbul is ook bereikbaar met de metro. Je moet dan uitstappen bij halte <strong>Masko<\/strong> (Metro M9)<\/p>\n\n\n\n<h5 class=\"wp-block-heading\">Bereikbaarheid stadions:<\/h5>\n\n\n\n<p><strong>Galatasaray SK<\/strong> speelt zijn thuiswedstrijden in het T\u00fcrk Telekom Stadyumu. Het stadion ligt in het noord-oosten van de stad in de wijk Seyrantepe en is o.a. bereikbaar met de metro. Halte<strong> Seyrantepe<\/strong> (Metro M2).<br><strong>Be\u015fikta\u015f JK<\/strong> speelt zijn thuiswedstrijden in het Vodafone Park stadion, welke gelegen is in de wijk Be\u015fikta\u015f, vlak aan de Bosporus. Dit stadion ligt op ongeveer 5 minuten lopen van het Taksimplein, welke een belangrijk OV knooppunt is. Halte<strong> Taksim<\/strong> (Metro M2).<br>De derde grote voetbalclub in Istanbul, <strong>Fenerbah\u00e7e SK<\/strong>, speelt in het \u015e\u00fckr\u00fc Saraco\u011flustadion, gelegen in de wijk\u00a0Kad\u0131k\u00f6y, in het aziatische deel van de stad. Het stadion is bereikbaar met o.a. de Marmaray trein, station <strong>Sogutlucesme<\/strong>.<\/p>\n","protected":false},"excerpt":{"rendered":"<p>Het openbaar vervoer in Istanbul is omvangrijk, vooral bestaande uit metro\u2019s, trams en bussen.&nbsp;In totaal zijn er acht verschillende vervoersmiddelen, waarvan een aantal ook de buitenwijken verbinden met het centrum. Ook is er een goede verbinding met Istanbul Airport, net als dat het Europese deel van de stad verbonden is\u2026<\/p>\n<p class=\"continue-reading-button\"> <a class=\"continue-reading-link\" href=\"https:\/\/oldehanhoff.nl\/?page_id=20616\">Lees verder<i class=\"crycon-right-dir\"><\/i><\/a><\/p>\n","protected":false},"author":1,"featured_media":0,"parent":19447,"menu_order":0,"comment_status":"closed","ping_status":"closed","template":"","meta":{"_uag_custom_page_level_css":"","footnotes":"","_links_to":"","_links_to_target":""},"class_list":["post-20616","page","type-page","status-publish","hentry"],"uagb_featured_image_src":{"full":false,"thumbnail":false,"medium":false,"medium_large":false,"large":false,"1536x1536":false,"2048x2048":false,"custom":false,"post-thumbnail":false,"header":false,"slider":false,"columns":false},"uagb_author_info":{"display_name":"Eddy","author_link":"https:\/\/oldehanhoff.nl\/?author=1"},"uagb_comment_info":0,"uagb_excerpt":"Het openbaar vervoer in Istanbul is omvangrijk, vooral bestaande uit metro\u2019s, trams en bussen.&nbsp;In totaal zijn er acht verschillende vervoersmiddelen, waarvan een aantal ook de buitenwijken verbinden met het centrum. Ook is er een goede verbinding met Istanbul Airport, net als dat het Europese deel van de stad verbonden is\u2026 Lees verder","_links":{"self":[{"href":"https:\/\/oldehanhoff.nl\/index.php?rest_route=\/wp\/v2\/pages\/20616","targetHints":{"allow":["GET"]}}],"collection":[{"href":"https:\/\/oldehanhoff.nl\/index.php?rest_route=\/wp\/v2\/pages"}],"about":[{"href":"https:\/\/oldehanhoff.nl\/index.php?rest_route=\/wp\/v2\/types\/page"}],"author":[{"embeddable":true,"href":"https:\/\/oldehanhoff.nl\/index.php?rest_route=\/wp\/v2\/users\/1"}],"replies":[{"embeddable":true,"href":"https:\/\/oldehanhoff.nl\/index.php?rest_route=%2Fwp%2Fv2%2Fcomments&post=20616"}],"version-history":[{"count":11,"href":"https:\/\/oldehanhoff.nl\/index.php?rest_route=\/wp\/v2\/pages\/20616\/revisions"}],"predecessor-version":[{"id":20637,"href":"https:\/\/oldehanhoff.nl\/index.php?rest_route=\/wp\/v2\/pages\/20616\/revisions\/20637"}],"up":[{"embeddable":true,"href":"https:\/\/oldehanhoff.nl\/index.php?rest_route=\/wp\/v2\/pages\/19447"}],"wp:attachment":[{"href":"https:\/\/oldehanhoff.nl\/index.php?rest_route=%2Fwp%2Fv2%2Fmedia&parent=20616"}],"curies":[{"name":"wp","href":"https:\/\/api.w.org\/{rel}","templated":true}]}}