{"id":20456,"date":"2021-06-19T11:51:27","date_gmt":"2021-06-19T09:51:27","guid":{"rendered":"https:\/\/oldehanhoff.nl\/?page_id=20456"},"modified":"2021-07-09T09:12:40","modified_gmt":"2021-07-09T07:12:40","slug":"hotel-2","status":"publish","type":"page","link":"https:\/\/oldehanhoff.nl\/?page_id=20456","title":{"rendered":"Hotel"},"content":{"rendered":"\n<figure class=\"wp-block-image size-large\"><img loading=\"lazy\" decoding=\"async\" width=\"789\" height=\"519\" src=\"https:\/\/oldehanhoff.nl\/wp-content\/uploads\/2021\/06\/4A534FBA4BA865D04719BAE3155C484E1.jpg\" alt=\"\" class=\"wp-image-20452\" srcset=\"https:\/\/oldehanhoff.nl\/wp-content\/uploads\/2021\/06\/4A534FBA4BA865D04719BAE3155C484E1.jpg 789w, https:\/\/oldehanhoff.nl\/wp-content\/uploads\/2021\/06\/4A534FBA4BA865D04719BAE3155C484E1-300x197.jpg 300w, https:\/\/oldehanhoff.nl\/wp-content\/uploads\/2021\/06\/4A534FBA4BA865D04719BAE3155C484E1-768x505.jpg 768w, https:\/\/oldehanhoff.nl\/wp-content\/uploads\/2021\/06\/4A534FBA4BA865D04719BAE3155C484E1-150x99.jpg 150w\" sizes=\"auto, (max-width: 789px) 100vw, 789px\" \/><\/figure>\n\n\n\n<h4 class=\"wp-block-heading\">Lwowska 1 (aparthotel)<\/h4>\n\n\n\n<h6 class=\"wp-block-heading\">Adres: <\/h6>\n\n\n\n<p>Lwowska 1, 30-548 Krak\u00f3w, Polen<\/p>\n\n\n\n<p>Dit is op ongeveer 400 meter lopen vanaf station &#8220;<strong>Krak\u00f3w Zab\u0142ocie<\/strong>&#8220;, welke een directe trein verbinding (SKA1) heeft met het vliegveld. Station &#8220;<strong>Krak\u00f3w Zab\u0142ocie<\/strong>&#8221; is het eerstvolgende station na het centraalstation &#8220;<strong>Krakow Glowny<\/strong>&#8221; van Krakau<\/p>\n\n\n\n<h6 class=\"wp-block-heading\">Website: <\/h6>\n\n\n\n<ul class=\"wp-block-list\"><li><a href=\"https:\/\/www.lwowska1.pl\/en\/\" target=\"_blank\" rel=\"noreferrer noopener\">https:\/\/www.lwowska1.pl\/en\/<\/a><\/li><\/ul>\n\n\n\n<p><strong>Aparthotel Lwowska 1<\/strong> is \u00e9\u00e9n van de toppers in ons aanbod. Krakau is een stad vol sprookjes en mythische verhalen, een plek waar je je zonder verbeelding in het verleden waant! Wandel door de authentieke straatjes en bewonder de architectonische pareltjes die deze historische stad rijk is. Dit heerlijke trendy en design hotel is gelegen in de gezellige wijk Podg\u00f3rze. <\/p>\n\n\n\n<p>De kamers zijn ruim en stijlvol ingericht en voorzien van airconditioning en gratis WiFi. Indien je inclusief ontbijt boekt kun je in het restaurant iedere ochtend heerlijk rustig ontbijten. Niet bijgeboekt, niet getreurd er zijn tal van leuke eettentjes in de nabije omgeving. Ook de locatie van dit moderne hotel is ideaal! <\/p>\n\n\n\n<figure class=\"wp-block-image size-large\"><img loading=\"lazy\" decoding=\"async\" width=\"789\" height=\"519\" src=\"https:\/\/oldehanhoff.nl\/wp-content\/uploads\/2021\/06\/3B8EFA687FF30BD1B7B9A82D6273C2E91.jpg\" alt=\"\" class=\"wp-image-20460\" srcset=\"https:\/\/oldehanhoff.nl\/wp-content\/uploads\/2021\/06\/3B8EFA687FF30BD1B7B9A82D6273C2E91.jpg 789w, https:\/\/oldehanhoff.nl\/wp-content\/uploads\/2021\/06\/3B8EFA687FF30BD1B7B9A82D6273C2E91-300x197.jpg 300w, https:\/\/oldehanhoff.nl\/wp-content\/uploads\/2021\/06\/3B8EFA687FF30BD1B7B9A82D6273C2E91-768x505.jpg 768w, https:\/\/oldehanhoff.nl\/wp-content\/uploads\/2021\/06\/3B8EFA687FF30BD1B7B9A82D6273C2E91-150x99.jpg 150w\" sizes=\"auto, (max-width: 789px) 100vw, 789px\" \/><\/figure>\n\n\n\n<p>Zo wandel je vanuit het hotel zo naar de Schindler fabriek of naar de gezellige wijk Kazimierz, met haar caf\u00e9s, kleine galeries en unieke winkels. Na een lange wandeling door de binnenstad van Krakau kun je \u2019s avonds eenvoudig de tram pakken en binnen vijf minuten ben je weer terug in het hotel. In het hotel kun je \u2019s avonds heerlijk ontspannen in het wellnessgedeelte van het hotel. Wat dacht je van een Finse sauna of een hot stone massage? <\/p>\n\n\n\n<p>Om de avond goed af te sluiten kun je in de bar onder het genot van een heerlijk wijntje nog even lekker napraten. Kortom, dit hotel heeft het allemaal om je van een optimaal verblijf te laten genieten. Waar wacht je nog op? Boek nu je stedentrip naar het sprookjesachtige Krakau.<\/p>\n\n\n\n<figure class=\"wp-block-image size-large\"><img loading=\"lazy\" decoding=\"async\" width=\"789\" height=\"519\" src=\"https:\/\/oldehanhoff.nl\/wp-content\/uploads\/2021\/06\/8FEECE7B35725FA69708995700E058ED1.jpg\" alt=\"\" class=\"wp-image-20459\" srcset=\"https:\/\/oldehanhoff.nl\/wp-content\/uploads\/2021\/06\/8FEECE7B35725FA69708995700E058ED1.jpg 789w, https:\/\/oldehanhoff.nl\/wp-content\/uploads\/2021\/06\/8FEECE7B35725FA69708995700E058ED1-300x197.jpg 300w, https:\/\/oldehanhoff.nl\/wp-content\/uploads\/2021\/06\/8FEECE7B35725FA69708995700E058ED1-768x505.jpg 768w, https:\/\/oldehanhoff.nl\/wp-content\/uploads\/2021\/06\/8FEECE7B35725FA69708995700E058ED1-150x99.jpg 150w\" sizes=\"auto, (max-width: 789px) 100vw, 789px\" \/><\/figure>\n\n\n\n<p>Meer info: <a rel=\"noreferrer noopener\" href=\"https:\/\/www.tui.nl\/lwowska-1-509627419\/\" target=\"_blank\">https:\/\/www.tui.nl\/lwowska-1-509627419\/<\/a><\/p>\n\n\n\n<p><strong>EDIT:<\/strong> De hotels die voor de <a href=\"https:\/\/oldehanhoff.nl\/?page_id=834\" data-type=\"URL\" data-id=\"https:\/\/oldehanhoff.nl\/?page_id=834\">Pretpark.club trip<\/a> geboekt waren in 2020.<\/p>\n","protected":false},"excerpt":{"rendered":"<p>Lwowska 1 (aparthotel) Adres: Lwowska 1, 30-548 Krak\u00f3w, Polen Dit is op ongeveer 400 meter lopen vanaf station &#8220;Krak\u00f3w Zab\u0142ocie&#8220;, welke een directe trein verbinding (SKA1) heeft met het vliegveld. Station &#8220;Krak\u00f3w Zab\u0142ocie&#8221; is het eerstvolgende station na het centraalstation &#8220;Krakow Glowny&#8221; van Krakau Website: https:\/\/www.lwowska1.pl\/en\/ Aparthotel Lwowska 1 is\u2026<\/p>\n<p class=\"continue-reading-button\"> <a class=\"continue-reading-link\" href=\"https:\/\/oldehanhoff.nl\/?page_id=20456\">Lees verder<i class=\"crycon-right-dir\"><\/i><\/a><\/p>\n","protected":false},"author":1,"featured_media":20653,"parent":87,"menu_order":0,"comment_status":"closed","ping_status":"closed","template":"","meta":{"_uag_custom_page_level_css":"","footnotes":"","_links_to":"","_links_to_target":""},"class_list":["post-20456","page","type-page","status-publish","has-post-thumbnail","hentry"],"uagb_featured_image_src":{"full":["https:\/\/oldehanhoff.nl\/wp-content\/uploads\/2021\/07\/cropped-krakow.jpg",1180,140,false],"thumbnail":["https:\/\/oldehanhoff.nl\/wp-content\/uploads\/2021\/07\/cropped-krakow-150x140.jpg",150,140,true],"medium":["https:\/\/oldehanhoff.nl\/wp-content\/uploads\/2021\/07\/cropped-krakow-300x36.jpg",300,36,true],"medium_large":["https:\/\/oldehanhoff.nl\/wp-content\/uploads\/2021\/07\/cropped-krakow-768x91.jpg",768,91,true],"large":["https:\/\/oldehanhoff.nl\/wp-content\/uploads\/2021\/07\/cropped-krakow-1024x121.jpg",900,106,true],"1536x1536":["https:\/\/oldehanhoff.nl\/wp-content\/uploads\/2021\/07\/cropped-krakow.jpg",1180,140,false],"2048x2048":["https:\/\/oldehanhoff.nl\/wp-content\/uploads\/2021\/07\/cropped-krakow.jpg",1180,140,false],"custom":["https:\/\/oldehanhoff.nl\/wp-content\/uploads\/2021\/07\/cropped-krakow-780x140.jpg",780,140,true],"post-thumbnail":["https:\/\/oldehanhoff.nl\/wp-content\/uploads\/2021\/07\/cropped-krakow-150x18.jpg",150,18,true],"header":["https:\/\/oldehanhoff.nl\/wp-content\/uploads\/2021\/07\/cropped-krakow-1180x140.jpg",1180,140,true],"slider":["https:\/\/oldehanhoff.nl\/wp-content\/uploads\/2021\/07\/cropped-krakow.jpg",1180,140,false],"columns":["https:\/\/oldehanhoff.nl\/wp-content\/uploads\/2021\/07\/cropped-krakow-327x140.jpg",327,140,true]},"uagb_author_info":{"display_name":"Eddy","author_link":"https:\/\/oldehanhoff.nl\/?author=1"},"uagb_comment_info":0,"uagb_excerpt":"Lwowska 1 (aparthotel) Adres: Lwowska 1, 30-548 Krak\u00f3w, Polen Dit is op ongeveer 400 meter lopen vanaf station &#8220;Krak\u00f3w Zab\u0142ocie&#8220;, welke een directe trein verbinding (SKA1) heeft met het vliegveld. Station &#8220;Krak\u00f3w Zab\u0142ocie&#8221; is het eerstvolgende station na het centraalstation &#8220;Krakow Glowny&#8221; van Krakau Website: https:\/\/www.lwowska1.pl\/en\/ Aparthotel Lwowska 1 is\u2026 Lees verder","_links":{"self":[{"href":"https:\/\/oldehanhoff.nl\/index.php?rest_route=\/wp\/v2\/pages\/20456","targetHints":{"allow":["GET"]}}],"collection":[{"href":"https:\/\/oldehanhoff.nl\/index.php?rest_route=\/wp\/v2\/pages"}],"about":[{"href":"https:\/\/oldehanhoff.nl\/index.php?rest_route=\/wp\/v2\/types\/page"}],"author":[{"embeddable":true,"href":"https:\/\/oldehanhoff.nl\/index.php?rest_route=\/wp\/v2\/users\/1"}],"replies":[{"embeddable":true,"href":"https:\/\/oldehanhoff.nl\/index.php?rest_route=%2Fwp%2Fv2%2Fcomments&post=20456"}],"version-history":[{"count":5,"href":"https:\/\/oldehanhoff.nl\/index.php?rest_route=\/wp\/v2\/pages\/20456\/revisions"}],"predecessor-version":[{"id":20734,"href":"https:\/\/oldehanhoff.nl\/index.php?rest_route=\/wp\/v2\/pages\/20456\/revisions\/20734"}],"up":[{"embeddable":true,"href":"https:\/\/oldehanhoff.nl\/index.php?rest_route=\/wp\/v2\/pages\/87"}],"wp:featuredmedia":[{"embeddable":true,"href":"https:\/\/oldehanhoff.nl\/index.php?rest_route=\/wp\/v2\/media\/20653"}],"wp:attachment":[{"href":"https:\/\/oldehanhoff.nl\/index.php?rest_route=%2Fwp%2Fv2%2Fmedia&parent=20456"}],"curies":[{"name":"wp","href":"https:\/\/api.w.org\/{rel}","templated":true}]}}