{"id":20348,"date":"2021-06-15T10:22:15","date_gmt":"2021-06-15T08:22:15","guid":{"rendered":"https:\/\/oldehanhoff.nl\/?page_id=20348"},"modified":"2021-08-21T09:14:31","modified_gmt":"2021-08-21T07:14:31","slug":"reisschema-3","status":"publish","type":"page","link":"https:\/\/oldehanhoff.nl\/?page_id=20348","title":{"rendered":"Reisschema"},"content":{"rendered":"\n<figure class=\"wp-block-image\"><img decoding=\"async\" src=\"https:\/\/oldehanhoff.nl\/wp-content\/uploads\/2018\/04\/1280px-Krakow_rynek_01.jpg\" alt=\"\"\/><\/figure>\n\n\n\n<p><strong>(19-06-2021):<\/strong><br>De kogel is door de kerk, Ik ga deze trip toch op eigen gelegenheid maken, ipv met een hele groep, zoals oorspronkelijk de bedoeling was. De planning voor deze trip is nu ook rond. <\/p>\n\n\n\n<p> <strong>Maandag 23 augustus:<\/strong><\/p>\n\n\n\n<ul class=\"wp-block-list\"><li>Treinrit Hengelo (OV) &#8211; Schiphol (10:24 &#8211; 12:22uur) =&gt; <a href=\"https:\/\/oldehanhoff.nl\/?p=21356\" data-type=\"post\" data-id=\"21356\">LET OP! Werkzaamheden<\/a>, Dus andere reistijden.<\/li><li>Inchecken rond 12:30 &#8211; 12:45uur!!<\/li><li><span class=\"has-inline-color has-vivid-red-color\"><strong>HERBEVESTIGEN excursie<\/strong>: 24 augustus voor 15:00uur (tel: +48533311463)<\/span><\/li><li>Vlucht  Schiphol &#8211; Krakau (14:25 &#8211; 16:15uur)<\/li><li>Treinrit Luchthaven Krak\u00f3w-Balice &#8211; Station Krak\u00f3w Zab\u0142ocie (<a rel=\"noreferrer noopener\" href=\"https:\/\/malopolskiekoleje.pl\/images\/rozklady-jazdy\/2021-06-13\/SKA1-ZRJ13VI-28VIII2021.pdf\" data-type=\"URL\" data-id=\"https:\/\/malopolskiekoleje.pl\/images\/rozklady-jazdy\/2021-06-13\/SKA1-ZRJ13VI-28VIII2021.pdf\" target=\"_blank\">Lijn SKA1<\/a>)<br>(ong 16:53 &#8211; 17:10uur tot Station Krakow Glowny, &#8230;&#8230;<br>daarna verder met tram 3, 19, 24 of 69, tot halte &#8220;Plac Bohater\u00f3w Getta&#8221;)<\/li><li>Inchecken hotel <strong>Lwowska 1<\/strong><\/li><li>Kijkje nemen bij <strong>Heldenplein<\/strong> &amp; restant <strong>Ghetto Muur<\/strong>.<\/li><li>Ijsje halen bij <strong>Lody Si Gela<\/strong><\/li><li>Wandeling langs <a rel=\"noreferrer noopener\" href=\"https:\/\/nl.wikipedia.org\/wiki\/Wawelkathedraal\" data-type=\"URL\" data-id=\"https:\/\/nl.wikipedia.org\/wiki\/Wawelkathedraal\" target=\"_blank\">Wawelkathedraal<\/a>, <a rel=\"noreferrer noopener\" href=\"https:\/\/www.bezoekkrakau.nl\/bezienswaardigheden-krakau\/wawel\/\" data-type=\"URL\" data-id=\"https:\/\/www.bezoekkrakau.nl\/bezienswaardigheden-krakau\/wawel\/\" target=\"_blank\">kasteel van Wawel<\/a> en <a rel=\"noreferrer noopener\" href=\"https:\/\/nl.wikipedia.org\/wiki\/Smok_Wawelski\" data-type=\"URL\" data-id=\"https:\/\/nl.wikipedia.org\/wiki\/Smok_Wawelski\" target=\"_blank\">Smok Wawelski<\/a>.&nbsp;<\/li><li>Diner bij <strong><a href=\"https:\/\/oldehanhoff.nl\/?page_id=6822#HRC-Krakau\">Hard Rock Cafe<\/a><\/strong> (10:00 &#8211; 00:00uur)<\/li><\/ul>\n\n\n\n<p><strong>Dinsdag 24 augustus:<\/strong><\/p>\n\n\n\n<ul class=\"wp-block-list\"><li>Wandelexcursie <strong>Joodse wijk\/Schindlers List<\/strong> (<a rel=\"noreferrer noopener\" href=\"https:\/\/www.seekrakow.com\/city-tours\/jewish-quarter-walking-tour\/\" target=\"_blank\">Via SeeKrakow<\/a>) (10:00 &#8211; 13:00)<br><span class=\"has-inline-color has-vivid-green-cyan-color\">&#8211; <em><strong>Beginpunt:<\/strong> <a rel=\"noreferrer noopener\" href=\"https:\/\/goo.gl\/maps\/y1uxifrY5xwRqyUL7\" target=\"_blank\">Kerk St.Adalbert&#8217;s<\/a> op de Grote Markt. Gids is herkenbaar aan SeeKrakow bord!!<\/em><br><em><strong>&#8211; Aanwezig:<\/strong><\/em> <em>tussen 09:30-09:45uur<\/em><\/span><\/li><li>Lunch\/takeaway bij <strong>Kawiarnia Eden<\/strong><\/li><li><span class=\"has-inline-color has-vivid-red-color\"><strong>HERBEVESTIGEN excursie<\/strong>: 25 augustus voor 15:00uur (tel: +48533311463)<\/span><\/li><li>Fietstour <strong>Verborgen Krakau<\/strong> (<a rel=\"noreferrer noopener\" href=\"https:\/\/www.mijnkrakautours.nl\/verborgenkrakau\/\" target=\"_blank\">Via MijnKrakauTours<\/a>) (14:00 &#8211; 17:00)<br><span class=\"has-inline-color has-vivid-green-cyan-color\">&#8211; <strong><em>Beginpunt:<\/em><\/strong><em> Jozefa Sarego 5<\/em><br><em><strong>&#8211; Aanwezig:<\/strong><\/em> <em>tussen 13:30-13:45uur<\/em><\/span><\/li><li>Wandeling door <strong>Planty park<\/strong><\/li><li>Ijsje halen bij <strong>Lodziarnia Donizetti<\/strong> of <strong>Tiffany Ice Cream<\/strong><\/li><li>Diner bij&nbsp;<a href=\"https:\/\/oldehanhoff.nl\/?page_id=6822#Mamma\"><strong>La Grande Mamma<\/strong><\/a> (12:00 &#8211; 23:00uur)<\/li><\/ul>\n\n\n\n<p><strong>Woensdag 25 augustus:<\/strong><\/p>\n\n\n\n<ul class=\"wp-block-list\"><li>Bezoek aan de <strong>zoutmijn van Wieliczka<\/strong> (<a rel=\"noreferrer noopener\" href=\"https:\/\/www.seekrakow.com\/entertainment\/wieliczka-salt-mine\/\" target=\"_blank\">Via SeeKrakow<\/a>) (09:00 &#8211; 13:00)<br><span class=\"has-inline-color has-vivid-green-cyan-color\">&#8211; <strong><em>Beginpunt:<\/em><\/strong><em> Voor ingang hotel <strong>Lwowska 1<\/strong><\/em><br><em><strong>&#8211; Aanwezig:<\/strong><\/em> <em>tijd word bekend gemaakt bij telefonische herbevestiging<\/em><\/span><\/li><li>Lunch bij <strong>Bunkier Cafe<\/strong><\/li><li><span class=\"has-inline-color has-vivid-red-color\"><strong>HERBEVESTIGEN excursie<\/strong>: 26 augustus voor 15:00uur (tel: +48533311463)<\/span><\/li><li>Sightseeing Krakau<br><a rel=\"noreferrer noopener\" href=\"https:\/\/www.bezoekkrakau.nl\/bezienswaardigheden-krakau\/mariakerk-krakau\/\" target=\"_blank\"><strong>Toren Mariakerk<\/strong><\/a>??, <strong>New Jewish Cemetery<\/strong>??, <strong>Schindler&#8217;s List Passage<\/strong>??, <strong>&#8220;Singing In The Rain&#8221; mural<\/strong> of&#8230;&#8230;.<\/li><li>Ijsje halen bij <strong>Lodziarnia Donizetti<\/strong> of <strong>Tiffany Ice Cream<\/strong><\/li><li><a rel=\"noreferrer noopener\" href=\"https:\/\/freewalkingtour.com\/tours\/main-square-underground-museum\/\" target=\"_blank\"><strong>Main Square Underground<\/strong><\/a> (<a rel=\"noreferrer noopener\" href=\"https:\/\/www.bezoekkrakau.nl\/bezienswaardigheden-krakau\/rynek-underground\/\" target=\"_blank\">LINK 2<\/a>) (17:00 &#8211; 18:30uur)<br><span class=\"has-inline-color has-vivid-green-cyan-color\">&#8211; <strong><em>Beginpunt:<\/em><\/strong><em> <a rel=\"noreferrer noopener\" href=\"https:\/\/goo.gl\/maps\/n2xbBpM6KseK7EJ28\" target=\"_blank\">Ingang museum<\/a> op het plein bij de lakenhal<\/em><br><em><strong>&#8211; Aanwezig:<\/strong><\/em> <em>tussen 16:30-16:45uur<\/em><\/span><\/li><li><a rel=\"noreferrer noopener\" href=\"https:\/\/freewalkingtour.com\/tours\/macabre-krakow\/\" target=\"_blank\"><strong>Macabre Krakow<\/strong><\/a> (20:00 &#8211; 21: 20uur)<br><span class=\"has-inline-color has-vivid-green-cyan-color\"><em>&#8211; <strong>Beginpunt:<\/strong> Tussen <a rel=\"noreferrer noopener\" href=\"https:\/\/goo.gl\/maps\/rQYhfBaxdErRRccu6\" target=\"_blank\">Barbican<\/a> &amp; St.Florian&#8217;s Gate; Let op: tourguide met gele paraplu of &#8220;Walikative&#8221; bord<\/em><br><em><strong>&#8211; Aanwezig:<\/strong> Tussen 19:30 &#8211; 19:45uur<\/em><\/span><\/li><li>Diner bij <strong><a href=\"https:\/\/oldehanhoff.nl\/?page_id=6822#Galeria-Wr\u0119ga\">Pub Galeria Wr\u0119ga<\/a><\/strong> (ong. 12:00 &#8211; 23:30 of 01:00uur vr+za)<\/li><\/ul>\n\n\n\n<p><strong>Donderdag 26 augustus:<\/strong><\/p>\n\n\n\n<ul class=\"wp-block-list\"><li>Bezoek aan <strong>Auschwitz-Birkenau<\/strong> (<a rel=\"noreferrer noopener\" href=\"https:\/\/www.seekrakow.com\/history-tours\/auschwitz-birkenau-museum-guided-tour-from-krakow\/\" target=\"_blank\">Via SeeKrakow<\/a>) (07:00 &#8211; 18:00)<br><span class=\"has-inline-color has-vivid-green-cyan-color\">&#8211; <strong><em>Beginpunt:<\/em><\/strong><em> Voor ingang hotel <strong>Lwowska 1<\/strong><\/em><br><em><strong>&#8211; Aanwezig:<\/strong><\/em> <em>tijd word bekend gemaakt bij telefonische herbevestiging<\/em><\/span><\/li><li>Diner bij<strong> <a href=\"https:\/\/oldehanhoff.nl\/?page_id=6822#Restauracja-Polska\">Restauracja Polska<\/a><\/strong> (ong. 12:00 &#8211; 22:00uur)<\/li><\/ul>\n\n\n\n<p><strong>Vrijdag 27 augustus:<\/strong><\/p>\n\n\n\n<ul class=\"wp-block-list\"><li>Fietstour <strong>Compleet Krakau<\/strong> (<a rel=\"noreferrer noopener\" href=\"https:\/\/www.mijnkrakautours.nl\/compleetkrakau\/\" target=\"_blank\">Via MijnKrakauTours<\/a>) (10:30 &#8211; 13:30)<br><span class=\"has-inline-color has-vivid-green-cyan-color\">&#8211; <strong><em>Beginpunt:<\/em><\/strong><em> Jozefa Sarego 5<\/em><br><em><strong>&#8211; Aanwezig:<\/strong><\/em> <em>tussen 10:00-10:15uur<\/em><\/span><\/li><li>Lunch\/takeaway bij <strong>Kawiarnia Eden<\/strong><\/li><li><strong><a rel=\"noreferrer noopener\" href=\"https:\/\/freewalkingtour.com\/tours\/schindlers-factory-museum\/\" target=\"_blank\">Schindler Fabriek<\/a><\/strong> (15:00 &#8211; 16:30uur) of andere dag (open tot 18:00uur)<br><span class=\"has-inline-color has-vivid-green-cyan-color\"><em>&#8211; <strong>Beginpunt:<\/strong> <a rel=\"noreferrer noopener\" href=\"https:\/\/g.page\/fabryka-emalia-oskara-schindlera?share\" target=\"_blank\">Ingang museum<\/a><\/em><br><em><strong>&#8211; Aanwezig:<\/strong> tussen 14:30 &#8211; 14:45uur<\/em><\/span><\/li><li>Ijsje halen bij <strong>Good Lood Zab\u0142ocie<\/strong><\/li><li>Diner bij <strong><a href=\"https:\/\/oldehanhoff.nl\/?page_id=6822#ORZO-Restauracja\">ORZO Restauracja<\/a><\/strong> (17:00 &#8211; 00:00uur)<a rel=\"noreferrer noopener\" href=\"https:\/\/freewalkingtour.com\/tours\/main-square-underground-museum\/\" target=\"_blank\"><\/a><\/li><\/ul>\n\n\n\n<p><strong>Zaterdag 28 augustus:<\/strong><\/p>\n\n\n\n<ul class=\"wp-block-list\"><li>Treinrit Krakow Glowny &#8211; Zator (08:16 &#8211; 09:17uur)<\/li><li>Pretpark <strong>Energylandia<\/strong> (10:00 &#8211; 20:00uur)<\/li><li>Eten in het park of in <a href=\"https:\/\/oldehanhoff.nl\/?page_id=18212\">Zator<\/a><\/li><li>Treinrit Zator &#8211; Krakow Glowny (20:33 &#8211; 21:36uur)<\/li><\/ul>\n\n\n\n<p><strong>Zondag 29 augustus:<\/strong><\/p>\n\n\n\n<ul class=\"wp-block-list\"><li>Treinrit Krakow Glowny &#8211; Katowice (07:53 &#8211; 09:12uur)<\/li><li>Pretpark <strong>Legendia<\/strong> (10:00 &#8211; 20:00uur)<\/li><li>Eten in het park of in <a href=\"https:\/\/oldehanhoff.nl\/?page_id=7297\">Katowice<\/a><\/li><li>Treinrit Katowice &#8211; Krakow Glowny (20:21 &#8211; 21:32uur)<\/li><li>Wodka proeven bij <a href=\"https:\/\/oldehanhoff.nl\/?page_id=6822#Wodka\">Wodka Bar Krakow<\/a>??<\/li><\/ul>\n\n\n\n<p><strong>Maandag 30 augustus:<\/strong><\/p>\n\n\n\n<ul class=\"wp-block-list\"><li>Sightseeing Krakau<br>Relaxen bij <strong>Zakrz\u00f3wek meer<\/strong>??, Wandeling <strong><a href=\"https:\/\/oldehanhoff.nl\/?page_id=20957\">Koninklijke Route<\/a><\/strong>, of&#8230;&#8230;<br><a href=\"https:\/\/oldehanhoff.nl\/?page_id=20960\"><strong>Wawel heuvel<\/strong><\/a> met Wawelkathedraal, kasteel van Wawel, Sandomierska Tower etc<\/li><li>Lunch bij <strong>2 Okna Cafe<\/strong><\/li><li>Ijsje halen bij <strong>Good Lood Plac Wolnica<\/strong><\/li><li>Diner bij <strong><a href=\"https:\/\/oldehanhoff.nl\/?page_id=6822#Cafe-Oran\u017ceria\">Cafe Oran\u017ceria<\/a><\/strong> (13:00 &#8211; 22:00uur)<\/li><\/ul>\n\n\n\n<p><strong>Dinsdag 31 augustus:<\/strong><\/p>\n\n\n\n<ul class=\"wp-block-list\"><li>Uitchecken hotel<\/li><li><a href=\"https:\/\/oldehanhoff.nl\/?p=21460\" data-type=\"post\" data-id=\"21460\">Tram + busrit<\/a> naar Luchthaven Krak\u00f3w-Balice (ong 08:22 &#8211; 09:09uur)<\/li><li>Vlucht Krakau -Schiphol (11:45 &#8211; 13:45uur)<\/li><li>Treinrit Schiphol &#8211; Hengelo (OV)<\/li><\/ul>\n\n\n\n<h4 class=\"wp-block-heading\"><strong>NIET VERGETEN!!<\/strong><\/h4>\n\n\n\n<p><strong>Mogelijk bezoek in plannen aan:<\/strong> <a rel=\"noreferrer noopener\" href=\"https:\/\/www.bezoekkrakau.nl\/bezienswaardigheden-krakau\/mariakerk-krakau\/\" data-type=\"URL\" data-id=\"https:\/\/www.bezoekkrakau.nl\/bezienswaardigheden-krakau\/mariakerk-krakau\/\" target=\"_blank\">Mariakerk (toren)<\/a>, <a rel=\"noreferrer noopener\" href=\"https:\/\/www.bezoekkrakau.nl\/bezienswaardigheden-krakau\/nowa-huta\/\" data-type=\"URL\" data-id=\"https:\/\/www.bezoekkrakau.nl\/bezienswaardigheden-krakau\/nowa-huta\/\" target=\"_blank\">Nowa Huta<\/a> (Crazy Guides tour),  <a rel=\"noreferrer noopener\" href=\"https:\/\/oldehanhoff.nl\/?page_id=20960\" data-type=\"page\" data-id=\"20960\" target=\"_blank\">Wawel Heuvel<\/a>.<\/p>\n\n\n\n<p><\/p>\n\n\n\n<p>??? Diner bij <strong><a href=\"https:\/\/oldehanhoff.nl\/?page_id=6822#Ogniem-i-Mieczem\">Ogniem i mieczem Restaurant<\/a><\/strong> (13:00 &#8211; 22:00uur) of <strong><a href=\"https:\/\/oldehanhoff.nl\/?page_id=6822#Forum-Przestrzenie\">Forum Przestrzenie<\/a><\/strong> (10:00 &#8211; 00:00 of 04:00uur vr+za)<br>??? <span style=\"font-size: revert; color: initial;\">Lunch bij een <\/span><a rel=\"noreferrer noopener\" style=\"font-size: revert;\" href=\"https:\/\/krakowcrawl.com\/blog\/food-truck-parks-of-krakow-the-full-guide\/\" data-type=\"URL\" data-id=\"https:\/\/krakowcrawl.com\/blog\/food-truck-parks-of-krakow-the-full-guide\/\" target=\"_blank\">foodtruck in Kazimierz<\/a><span style=\"font-size: revert; color: initial;\"> (<\/span><strong style=\"font-size: revert; color: initial;\">Skwer Judah<\/strong><span style=\"font-size: revert; color: initial;\"> of <\/span><strong style=\"font-size: revert; color: initial;\">Plac Izaaka<\/strong><span style=\"font-size: revert; color: initial;\">)<\/span><\/p>\n\n\n\n<p>Voor extra info de oude reisschema&#8217;s die ik had opgestelt, toen de plannen voor deze trip nog anders waren:<br>(<a href=\"https:\/\/oldehanhoff.nl\/?page_id=831\">Reisschema 1 oud<\/a>) (<a href=\"https:\/\/oldehanhoff.nl\/?page_id=18197\">Reisschema 2 oud<\/a>)<\/p>\n","protected":false},"excerpt":{"rendered":"<p>(19-06-2021):De kogel is door de kerk, Ik ga deze trip toch op eigen gelegenheid maken, ipv met een hele groep, zoals oorspronkelijk de bedoeling was. De planning voor deze trip is nu ook rond. Maandag 23 augustus: Treinrit Hengelo (OV) &#8211; Schiphol (10:24 &#8211; 12:22uur) =&gt; LET OP! Werkzaamheden, Dus\u2026<\/p>\n<p class=\"continue-reading-button\"> <a class=\"continue-reading-link\" href=\"https:\/\/oldehanhoff.nl\/?page_id=20348\">Lees verder<i class=\"crycon-right-dir\"><\/i><\/a><\/p>\n","protected":false},"author":1,"featured_media":20653,"parent":87,"menu_order":0,"comment_status":"closed","ping_status":"closed","template":"","meta":{"_uag_custom_page_level_css":"","footnotes":"","_links_to":"","_links_to_target":""},"class_list":["post-20348","page","type-page","status-publish","has-post-thumbnail","hentry"],"uagb_featured_image_src":{"full":["https:\/\/oldehanhoff.nl\/wp-content\/uploads\/2021\/07\/cropped-krakow.jpg",1180,140,false],"thumbnail":["https:\/\/oldehanhoff.nl\/wp-content\/uploads\/2021\/07\/cropped-krakow-150x140.jpg",150,140,true],"medium":["https:\/\/oldehanhoff.nl\/wp-content\/uploads\/2021\/07\/cropped-krakow-300x36.jpg",300,36,true],"medium_large":["https:\/\/oldehanhoff.nl\/wp-content\/uploads\/2021\/07\/cropped-krakow-768x91.jpg",768,91,true],"large":["https:\/\/oldehanhoff.nl\/wp-content\/uploads\/2021\/07\/cropped-krakow-1024x121.jpg",900,106,true],"1536x1536":["https:\/\/oldehanhoff.nl\/wp-content\/uploads\/2021\/07\/cropped-krakow.jpg",1180,140,false],"2048x2048":["https:\/\/oldehanhoff.nl\/wp-content\/uploads\/2021\/07\/cropped-krakow.jpg",1180,140,false],"custom":["https:\/\/oldehanhoff.nl\/wp-content\/uploads\/2021\/07\/cropped-krakow-780x140.jpg",780,140,true],"post-thumbnail":["https:\/\/oldehanhoff.nl\/wp-content\/uploads\/2021\/07\/cropped-krakow-150x18.jpg",150,18,true],"header":["https:\/\/oldehanhoff.nl\/wp-content\/uploads\/2021\/07\/cropped-krakow-1180x140.jpg",1180,140,true],"slider":["https:\/\/oldehanhoff.nl\/wp-content\/uploads\/2021\/07\/cropped-krakow.jpg",1180,140,false],"columns":["https:\/\/oldehanhoff.nl\/wp-content\/uploads\/2021\/07\/cropped-krakow-327x140.jpg",327,140,true]},"uagb_author_info":{"display_name":"Eddy","author_link":"https:\/\/oldehanhoff.nl\/?author=1"},"uagb_comment_info":0,"uagb_excerpt":"(19-06-2021):De kogel is door de kerk, Ik ga deze trip toch op eigen gelegenheid maken, ipv met een hele groep, zoals oorspronkelijk de bedoeling was. De planning voor deze trip is nu ook rond. Maandag 23 augustus: Treinrit Hengelo (OV) &#8211; Schiphol (10:24 &#8211; 12:22uur) =&gt; LET OP! Werkzaamheden, Dus\u2026 Lees verder","_links":{"self":[{"href":"https:\/\/oldehanhoff.nl\/index.php?rest_route=\/wp\/v2\/pages\/20348","targetHints":{"allow":["GET"]}}],"collection":[{"href":"https:\/\/oldehanhoff.nl\/index.php?rest_route=\/wp\/v2\/pages"}],"about":[{"href":"https:\/\/oldehanhoff.nl\/index.php?rest_route=\/wp\/v2\/types\/page"}],"author":[{"embeddable":true,"href":"https:\/\/oldehanhoff.nl\/index.php?rest_route=\/wp\/v2\/users\/1"}],"replies":[{"embeddable":true,"href":"https:\/\/oldehanhoff.nl\/index.php?rest_route=%2Fwp%2Fv2%2Fcomments&post=20348"}],"version-history":[{"count":101,"href":"https:\/\/oldehanhoff.nl\/index.php?rest_route=\/wp\/v2\/pages\/20348\/revisions"}],"predecessor-version":[{"id":21467,"href":"https:\/\/oldehanhoff.nl\/index.php?rest_route=\/wp\/v2\/pages\/20348\/revisions\/21467"}],"up":[{"embeddable":true,"href":"https:\/\/oldehanhoff.nl\/index.php?rest_route=\/wp\/v2\/pages\/87"}],"wp:featuredmedia":[{"embeddable":true,"href":"https:\/\/oldehanhoff.nl\/index.php?rest_route=\/wp\/v2\/media\/20653"}],"wp:attachment":[{"href":"https:\/\/oldehanhoff.nl\/index.php?rest_route=%2Fwp%2Fv2%2Fmedia&parent=20348"}],"curies":[{"name":"wp","href":"https:\/\/api.w.org\/{rel}","templated":true}]}}