{"id":20136,"date":"2021-06-09T10:07:51","date_gmt":"2021-06-09T08:07:51","guid":{"rendered":"https:\/\/oldehanhoff.nl\/?page_id=20136"},"modified":"2021-06-09T10:23:04","modified_gmt":"2021-06-09T08:23:04","slug":"museum-the-tech","status":"publish","type":"page","link":"https:\/\/oldehanhoff.nl\/?page_id=20136","title":{"rendered":"Museum The Tech"},"content":{"rendered":"\n<figure class=\"wp-block-image size-large\"><img loading=\"lazy\" decoding=\"async\" width=\"1024\" height=\"680\" src=\"https:\/\/oldehanhoff.nl\/wp-content\/uploads\/2021\/06\/1024px-The_Tech_Museum_of_Innovation_in_Downtown_San_Jose_cropped1.jpg\" alt=\"\" class=\"wp-image-20137\" srcset=\"https:\/\/oldehanhoff.nl\/wp-content\/uploads\/2021\/06\/1024px-The_Tech_Museum_of_Innovation_in_Downtown_San_Jose_cropped1.jpg 1024w, https:\/\/oldehanhoff.nl\/wp-content\/uploads\/2021\/06\/1024px-The_Tech_Museum_of_Innovation_in_Downtown_San_Jose_cropped1-300x199.jpg 300w, https:\/\/oldehanhoff.nl\/wp-content\/uploads\/2021\/06\/1024px-The_Tech_Museum_of_Innovation_in_Downtown_San_Jose_cropped1-768x510.jpg 768w, https:\/\/oldehanhoff.nl\/wp-content\/uploads\/2021\/06\/1024px-The_Tech_Museum_of_Innovation_in_Downtown_San_Jose_cropped1-150x100.jpg 150w\" sizes=\"auto, (max-width: 1024px) 100vw, 1024px\" \/><\/figure>\n\n\n\n<p>The Tech Museum of Innovation, beter bekend als The Tech, is een wetenschappelijk en technologisch centrum dat praktische activiteiten, laboratoria, ontwerpuitdagingen en andere STEAM-educatiemiddelen biedt. <br>Het museum is gelegen in het centrum van San Jose, Californi\u00eb, in Silicon Valley naast de Plaza de C\u00e9sar Ch\u00e1vez.<\/p>\n\n\n\n<p>Er waren al vanaf de jaren 80 plannen voor een Technology Center voor de jeugd, maar de voortgang verliep zeer traag, toch bleef de interesse in zo&#8217;n center bestaan.<br>De eerste tijdelijke tentoonstelling van 1900 vierkante meter werd uiteindelijk geopend in 1990 en werd &#8220;The Garage&#8221; genoemd als eerbetoon aan de HP Garage, en was gehuisvest in het voormalige congrescentrum van San Jose. Op 31 oktober 1998 werd een gloednieuwe faciliteit van 12.300 m\u00b2 geopend, genaamd The Tech Museum of Innovation.<br>Tegelijkertijd opende het nieuwe IMAX\u00a0Dome Theater in het museum gebouw. Dit is nog steeds het enige koepelvormige IMAX theater in Noord California <\/p>\n","protected":false},"excerpt":{"rendered":"<p>The Tech Museum of Innovation, beter bekend als The Tech, is een wetenschappelijk en technologisch centrum dat praktische activiteiten, laboratoria, ontwerpuitdagingen en andere STEAM-educatiemiddelen biedt. Het museum is gelegen in het centrum van San Jose, Californi\u00eb, in Silicon Valley naast de Plaza de C\u00e9sar Ch\u00e1vez. Er waren al vanaf de\u2026<\/p>\n<p class=\"continue-reading-button\"> <a class=\"continue-reading-link\" href=\"https:\/\/oldehanhoff.nl\/?page_id=20136\">Lees verder<i class=\"crycon-right-dir\"><\/i><\/a><\/p>\n","protected":false},"author":1,"featured_media":19826,"parent":19887,"menu_order":0,"comment_status":"closed","ping_status":"closed","template":"","meta":{"_uag_custom_page_level_css":"","footnotes":"","_links_to":"","_links_to_target":""},"class_list":["post-20136","page","type-page","status-publish","has-post-thumbnail","hentry"],"uagb_featured_image_src":{"full":["https:\/\/oldehanhoff.nl\/wp-content\/uploads\/2021\/06\/1200px-GoldenGateBridge-0011.jpg",1200,900,false],"thumbnail":["https:\/\/oldehanhoff.nl\/wp-content\/uploads\/2021\/06\/1200px-GoldenGateBridge-0011-150x150.jpg",150,150,true],"medium":["https:\/\/oldehanhoff.nl\/wp-content\/uploads\/2021\/06\/1200px-GoldenGateBridge-0011-300x225.jpg",300,225,true],"medium_large":["https:\/\/oldehanhoff.nl\/wp-content\/uploads\/2021\/06\/1200px-GoldenGateBridge-0011-768x576.jpg",768,576,true],"large":["https:\/\/oldehanhoff.nl\/wp-content\/uploads\/2021\/06\/1200px-GoldenGateBridge-0011-1024x768.jpg",900,675,true],"1536x1536":["https:\/\/oldehanhoff.nl\/wp-content\/uploads\/2021\/06\/1200px-GoldenGateBridge-0011.jpg",1200,900,false],"2048x2048":["https:\/\/oldehanhoff.nl\/wp-content\/uploads\/2021\/06\/1200px-GoldenGateBridge-0011.jpg",1200,900,false],"custom":["https:\/\/oldehanhoff.nl\/wp-content\/uploads\/2021\/06\/1200px-GoldenGateBridge-0011-780x350.jpg",780,350,true],"post-thumbnail":["https:\/\/oldehanhoff.nl\/wp-content\/uploads\/2021\/06\/1200px-GoldenGateBridge-0011-150x113.jpg",150,113,true],"header":["https:\/\/oldehanhoff.nl\/wp-content\/uploads\/2021\/06\/1200px-GoldenGateBridge-0011-1180x140.jpg",1180,140,true],"slider":["https:\/\/oldehanhoff.nl\/wp-content\/uploads\/2021\/06\/1200px-GoldenGateBridge-0011-1180x410.jpg",1180,410,true],"columns":["https:\/\/oldehanhoff.nl\/wp-content\/uploads\/2021\/06\/1200px-GoldenGateBridge-0011-327x201.jpg",327,201,true]},"uagb_author_info":{"display_name":"Eddy","author_link":"https:\/\/oldehanhoff.nl\/?author=1"},"uagb_comment_info":0,"uagb_excerpt":"The Tech Museum of Innovation, beter bekend als The Tech, is een wetenschappelijk en technologisch centrum dat praktische activiteiten, laboratoria, ontwerpuitdagingen en andere STEAM-educatiemiddelen biedt. Het museum is gelegen in het centrum van San Jose, Californi\u00eb, in Silicon Valley naast de Plaza de C\u00e9sar Ch\u00e1vez. Er waren al vanaf de\u2026 Lees verder","_links":{"self":[{"href":"https:\/\/oldehanhoff.nl\/index.php?rest_route=\/wp\/v2\/pages\/20136","targetHints":{"allow":["GET"]}}],"collection":[{"href":"https:\/\/oldehanhoff.nl\/index.php?rest_route=\/wp\/v2\/pages"}],"about":[{"href":"https:\/\/oldehanhoff.nl\/index.php?rest_route=\/wp\/v2\/types\/page"}],"author":[{"embeddable":true,"href":"https:\/\/oldehanhoff.nl\/index.php?rest_route=\/wp\/v2\/users\/1"}],"replies":[{"embeddable":true,"href":"https:\/\/oldehanhoff.nl\/index.php?rest_route=%2Fwp%2Fv2%2Fcomments&post=20136"}],"version-history":[{"count":6,"href":"https:\/\/oldehanhoff.nl\/index.php?rest_route=\/wp\/v2\/pages\/20136\/revisions"}],"predecessor-version":[{"id":20145,"href":"https:\/\/oldehanhoff.nl\/index.php?rest_route=\/wp\/v2\/pages\/20136\/revisions\/20145"}],"up":[{"embeddable":true,"href":"https:\/\/oldehanhoff.nl\/index.php?rest_route=\/wp\/v2\/pages\/19887"}],"wp:featuredmedia":[{"embeddable":true,"href":"https:\/\/oldehanhoff.nl\/index.php?rest_route=\/wp\/v2\/media\/19826"}],"wp:attachment":[{"href":"https:\/\/oldehanhoff.nl\/index.php?rest_route=%2Fwp%2Fv2%2Fmedia&parent=20136"}],"curies":[{"name":"wp","href":"https:\/\/api.w.org\/{rel}","templated":true}]}}