{"id":19992,"date":"2021-06-06T16:49:55","date_gmt":"2021-06-06T14:49:55","guid":{"rendered":"https:\/\/oldehanhoff.nl\/?page_id=19992"},"modified":"2021-06-06T17:25:58","modified_gmt":"2021-06-06T15:25:58","slug":"pigeon-point-light-station-state-historic-parc","status":"publish","type":"page","link":"https:\/\/oldehanhoff.nl\/?page_id=19992","title":{"rendered":"Pigeon Point Light Station State Historic Parc"},"content":{"rendered":"\n<figure class=\"wp-block-image size-large\"><img loading=\"lazy\" decoding=\"async\" width=\"1024\" height=\"680\" src=\"https:\/\/oldehanhoff.nl\/wp-content\/uploads\/2021\/06\/1920px-Pigeon_Point_Lighthouse_20161-1024x680.jpg\" alt=\"\" class=\"wp-image-19995\" srcset=\"https:\/\/oldehanhoff.nl\/wp-content\/uploads\/2021\/06\/1920px-Pigeon_Point_Lighthouse_20161-1024x680.jpg 1024w, https:\/\/oldehanhoff.nl\/wp-content\/uploads\/2021\/06\/1920px-Pigeon_Point_Lighthouse_20161-300x199.jpg 300w, https:\/\/oldehanhoff.nl\/wp-content\/uploads\/2021\/06\/1920px-Pigeon_Point_Lighthouse_20161-768x510.jpg 768w, https:\/\/oldehanhoff.nl\/wp-content\/uploads\/2021\/06\/1920px-Pigeon_Point_Lighthouse_20161-1536x1020.jpg 1536w, https:\/\/oldehanhoff.nl\/wp-content\/uploads\/2021\/06\/1920px-Pigeon_Point_Lighthouse_20161-150x100.jpg 150w, https:\/\/oldehanhoff.nl\/wp-content\/uploads\/2021\/06\/1920px-Pigeon_Point_Lighthouse_20161.jpg 1920w\" sizes=\"auto, (max-width: 1024px) 100vw, 1024px\" \/><\/figure>\n\n\n\n<p><strong>Pigeon Point Light Station <\/strong>of <strong>Pigeon Point Lighthouse <\/strong>is een vuurtoren gebouwd in 1871 om schepen te begeleiden aan de Pacifische kust van Californi\u00eb . Het is de hoogste vuurtoren (verbonden met Point Arena Light ) aan de westkust van de Verenigde Staten . Het is nog steeds een actief kustwachthulpmiddel voor navigatie. Pigeon Point Light Station ligt aan de kustweg (State Route 1), 8 km ten zuiden van Pescadero, Californi\u00eb , tussen Santa Cruz en San Francisco . De 35 meter hoge, witte gemetselde toren lijkt op de typische structuur van New England. Vanwege de ligging en gemakkelijke toegang vanaf de hoofdweg, vermaakt Pigeon Point veel openbare bezoekers.<\/p>\n\n\n\n<p>De vuurtoren en het land eromheen zijn bewaard gebleven als <strong>Pigeon Point Light Station State Historic Park <\/strong>, een statepark in Californi\u00eb. De vuurtoren wordt ook vermeld op het Nationale Register van Historische Plaatsen , en aangewezen als Historisch Ori\u00ebntatiepunt van Californi\u00eb .<\/p>\n\n\n\n<p>Ik heb zelf dan nog het geluk gehad om een rondleiding te mogen volgen naar de top van de toren, want de toren is sinds december 2001 niet meer toegankelijk voor rondleidingen vanwege het instorten van het metselwerk dat de metalen looppaden aan de bovenkant van de constructie ondersteunt.<\/p>\n\n\n\n<ul class=\"wp-block-list\"><li><a href=\"http:\/\/www.parks.ca.gov\/?page_id=533\" target=\"_blank\" rel=\"noreferrer noopener\">http:\/\/www.parks.ca.gov\/?page_id=533<\/a><\/li><\/ul>\n\n\n\n<figure class=\"wp-block-image size-large\"><img loading=\"lazy\" decoding=\"async\" width=\"1024\" height=\"576\" src=\"https:\/\/oldehanhoff.nl\/wp-content\/uploads\/2021\/06\/1920px-Aerial_View_of_Pigeon_Point_lighthouse_and_surrounding_coastline1-1024x576.jpg\" alt=\"\" class=\"wp-image-20000\" srcset=\"https:\/\/oldehanhoff.nl\/wp-content\/uploads\/2021\/06\/1920px-Aerial_View_of_Pigeon_Point_lighthouse_and_surrounding_coastline1-1024x576.jpg 1024w, https:\/\/oldehanhoff.nl\/wp-content\/uploads\/2021\/06\/1920px-Aerial_View_of_Pigeon_Point_lighthouse_and_surrounding_coastline1-300x169.jpg 300w, https:\/\/oldehanhoff.nl\/wp-content\/uploads\/2021\/06\/1920px-Aerial_View_of_Pigeon_Point_lighthouse_and_surrounding_coastline1-768x432.jpg 768w, https:\/\/oldehanhoff.nl\/wp-content\/uploads\/2021\/06\/1920px-Aerial_View_of_Pigeon_Point_lighthouse_and_surrounding_coastline1-1536x864.jpg 1536w, https:\/\/oldehanhoff.nl\/wp-content\/uploads\/2021\/06\/1920px-Aerial_View_of_Pigeon_Point_lighthouse_and_surrounding_coastline1-150x84.jpg 150w, https:\/\/oldehanhoff.nl\/wp-content\/uploads\/2021\/06\/1920px-Aerial_View_of_Pigeon_Point_lighthouse_and_surrounding_coastline1.jpg 1920w\" sizes=\"auto, (max-width: 1024px) 100vw, 1024px\" \/><\/figure>\n","protected":false},"excerpt":{"rendered":"<p>Pigeon Point Light Station of Pigeon Point Lighthouse is een vuurtoren gebouwd in 1871 om schepen te begeleiden aan de Pacifische kust van Californi\u00eb . Het is de hoogste vuurtoren (verbonden met Point Arena Light ) aan de westkust van de Verenigde Staten . Het is nog steeds een actief\u2026<\/p>\n<p class=\"continue-reading-button\"> <a class=\"continue-reading-link\" href=\"https:\/\/oldehanhoff.nl\/?page_id=19992\">Lees verder<i class=\"crycon-right-dir\"><\/i><\/a><\/p>\n","protected":false},"author":1,"featured_media":19826,"parent":19876,"menu_order":0,"comment_status":"closed","ping_status":"closed","template":"","meta":{"_uag_custom_page_level_css":"","footnotes":"","_links_to":"","_links_to_target":""},"class_list":["post-19992","page","type-page","status-publish","has-post-thumbnail","hentry"],"uagb_featured_image_src":{"full":["https:\/\/oldehanhoff.nl\/wp-content\/uploads\/2021\/06\/1200px-GoldenGateBridge-0011.jpg",1200,900,false],"thumbnail":["https:\/\/oldehanhoff.nl\/wp-content\/uploads\/2021\/06\/1200px-GoldenGateBridge-0011-150x150.jpg",150,150,true],"medium":["https:\/\/oldehanhoff.nl\/wp-content\/uploads\/2021\/06\/1200px-GoldenGateBridge-0011-300x225.jpg",300,225,true],"medium_large":["https:\/\/oldehanhoff.nl\/wp-content\/uploads\/2021\/06\/1200px-GoldenGateBridge-0011-768x576.jpg",768,576,true],"large":["https:\/\/oldehanhoff.nl\/wp-content\/uploads\/2021\/06\/1200px-GoldenGateBridge-0011-1024x768.jpg",900,675,true],"1536x1536":["https:\/\/oldehanhoff.nl\/wp-content\/uploads\/2021\/06\/1200px-GoldenGateBridge-0011.jpg",1200,900,false],"2048x2048":["https:\/\/oldehanhoff.nl\/wp-content\/uploads\/2021\/06\/1200px-GoldenGateBridge-0011.jpg",1200,900,false],"custom":["https:\/\/oldehanhoff.nl\/wp-content\/uploads\/2021\/06\/1200px-GoldenGateBridge-0011-780x350.jpg",780,350,true],"post-thumbnail":["https:\/\/oldehanhoff.nl\/wp-content\/uploads\/2021\/06\/1200px-GoldenGateBridge-0011-150x113.jpg",150,113,true],"header":["https:\/\/oldehanhoff.nl\/wp-content\/uploads\/2021\/06\/1200px-GoldenGateBridge-0011-1180x140.jpg",1180,140,true],"slider":["https:\/\/oldehanhoff.nl\/wp-content\/uploads\/2021\/06\/1200px-GoldenGateBridge-0011-1180x410.jpg",1180,410,true],"columns":["https:\/\/oldehanhoff.nl\/wp-content\/uploads\/2021\/06\/1200px-GoldenGateBridge-0011-327x201.jpg",327,201,true]},"uagb_author_info":{"display_name":"Eddy","author_link":"https:\/\/oldehanhoff.nl\/?author=1"},"uagb_comment_info":0,"uagb_excerpt":"Pigeon Point Light Station of Pigeon Point Lighthouse is een vuurtoren gebouwd in 1871 om schepen te begeleiden aan de Pacifische kust van Californi\u00eb . Het is de hoogste vuurtoren (verbonden met Point Arena Light ) aan de westkust van de Verenigde Staten . Het is nog steeds een actief\u2026 Lees verder","_links":{"self":[{"href":"https:\/\/oldehanhoff.nl\/index.php?rest_route=\/wp\/v2\/pages\/19992","targetHints":{"allow":["GET"]}}],"collection":[{"href":"https:\/\/oldehanhoff.nl\/index.php?rest_route=\/wp\/v2\/pages"}],"about":[{"href":"https:\/\/oldehanhoff.nl\/index.php?rest_route=\/wp\/v2\/types\/page"}],"author":[{"embeddable":true,"href":"https:\/\/oldehanhoff.nl\/index.php?rest_route=\/wp\/v2\/users\/1"}],"replies":[{"embeddable":true,"href":"https:\/\/oldehanhoff.nl\/index.php?rest_route=%2Fwp%2Fv2%2Fcomments&post=19992"}],"version-history":[{"count":4,"href":"https:\/\/oldehanhoff.nl\/index.php?rest_route=\/wp\/v2\/pages\/19992\/revisions"}],"predecessor-version":[{"id":20001,"href":"https:\/\/oldehanhoff.nl\/index.php?rest_route=\/wp\/v2\/pages\/19992\/revisions\/20001"}],"up":[{"embeddable":true,"href":"https:\/\/oldehanhoff.nl\/index.php?rest_route=\/wp\/v2\/pages\/19876"}],"wp:featuredmedia":[{"embeddable":true,"href":"https:\/\/oldehanhoff.nl\/index.php?rest_route=\/wp\/v2\/media\/19826"}],"wp:attachment":[{"href":"https:\/\/oldehanhoff.nl\/index.php?rest_route=%2Fwp%2Fv2%2Fmedia&parent=19992"}],"curies":[{"name":"wp","href":"https:\/\/api.w.org\/{rel}","templated":true}]}}