{"id":19452,"date":"2021-05-23T11:16:21","date_gmt":"2021-05-23T09:16:21","guid":{"rendered":"https:\/\/oldehanhoff.nl\/?page_id=19452"},"modified":"2021-10-31T13:31:11","modified_gmt":"2021-10-31T12:31:11","slug":"antalya","status":"publish","type":"page","link":"https:\/\/oldehanhoff.nl\/?page_id=19452","title":{"rendered":"Antalya"},"content":{"rendered":"\n<figure class=\"wp-block-image size-large is-resized\"><img loading=\"lazy\" decoding=\"async\" src=\"https:\/\/oldehanhoff.nl\/wp-content\/uploads\/2021\/05\/1280px-Antalya_Hafen1-1024x766.jpg\" alt=\"\" class=\"wp-image-19498\" width=\"840\" height=\"628\" srcset=\"https:\/\/oldehanhoff.nl\/wp-content\/uploads\/2021\/05\/1280px-Antalya_Hafen1-1024x766.jpg 1024w, https:\/\/oldehanhoff.nl\/wp-content\/uploads\/2021\/05\/1280px-Antalya_Hafen1-300x225.jpg 300w, https:\/\/oldehanhoff.nl\/wp-content\/uploads\/2021\/05\/1280px-Antalya_Hafen1-768x575.jpg 768w, https:\/\/oldehanhoff.nl\/wp-content\/uploads\/2021\/05\/1280px-Antalya_Hafen1-150x112.jpg 150w, https:\/\/oldehanhoff.nl\/wp-content\/uploads\/2021\/05\/1280px-Antalya_Hafen1.jpg 1280w\" sizes=\"auto, (max-width: 840px) 100vw, 840px\" \/><figcaption>Haven van het oude centrum van Antalya (Kalei\u00e7i)<\/figcaption><\/figure>\n\n\n\n<p><strong>Antalya<\/strong> is een stad in het zuidwesten van Turkije, aan de Middellandse Zee met 1.492.674 inwoners (2012). Het is tevens de hoofdstad van de gelijknamige provincie Antalya. Het staat bekend als de grootste internationale badplaats van Turkije, gelegen aan de Turkse Riviera. De <em>Baai van Antalya<\/em> waar het aan ligt, is naar deze stad genoemd.<\/p>\n\n\n\n<figure class=\"wp-block-image size-large\"><a href=\"https:\/\/oldehanhoff.nl\/wp-content\/uploads\/2021\/05\/antalya-kaart-om-af-te-drukken-871621.png\" data-rel=\"lightbox-image-0\" data-rl_title=\"\" data-rl_caption=\"\" title=\"\"><img loading=\"lazy\" decoding=\"async\" width=\"1024\" height=\"692\" src=\"https:\/\/oldehanhoff.nl\/wp-content\/uploads\/2021\/05\/antalya-kaart-om-af-te-drukken-871621-1024x692.png\" alt=\"\" class=\"wp-image-19455\" srcset=\"https:\/\/oldehanhoff.nl\/wp-content\/uploads\/2021\/05\/antalya-kaart-om-af-te-drukken-871621-1024x692.png 1024w, https:\/\/oldehanhoff.nl\/wp-content\/uploads\/2021\/05\/antalya-kaart-om-af-te-drukken-871621-300x203.png 300w, https:\/\/oldehanhoff.nl\/wp-content\/uploads\/2021\/05\/antalya-kaart-om-af-te-drukken-871621-768x519.png 768w, https:\/\/oldehanhoff.nl\/wp-content\/uploads\/2021\/05\/antalya-kaart-om-af-te-drukken-871621-150x101.png 150w, https:\/\/oldehanhoff.nl\/wp-content\/uploads\/2021\/05\/antalya-kaart-om-af-te-drukken-871621.png 1530w\" sizes=\"auto, (max-width: 1024px) 100vw, 1024px\" \/><\/a><figcaption><sup>Meer info: <a href=\"https:\/\/travel.sygic.com\/nl\/map\/antalya-kaart-om-af-te-drukken-city:215\" target=\"_blank\" rel=\"noreferrer noopener\">https:\/\/travel.sygic.com\/nl\/map\/antalya-kaart-om-af-te-drukken-city:215<\/a><\/sup><\/figcaption><\/figure>\n\n\n\n<h2 class=\"wp-block-heading\">Bezienswaardigheden:<\/h2>\n\n\n\n<figure class=\"wp-block-image size-large\"><img loading=\"lazy\" decoding=\"async\" width=\"1024\" height=\"576\" src=\"https:\/\/oldehanhoff.nl\/wp-content\/uploads\/2021\/10\/1920px-Falezlerden_Antalya_Konyaalti_Plajina_dogru_bir_gorunum1-1024x576.jpg\" alt=\"\" class=\"wp-image-22326\" srcset=\"https:\/\/oldehanhoff.nl\/wp-content\/uploads\/2021\/10\/1920px-Falezlerden_Antalya_Konyaalti_Plajina_dogru_bir_gorunum1-1024x576.jpg 1024w, https:\/\/oldehanhoff.nl\/wp-content\/uploads\/2021\/10\/1920px-Falezlerden_Antalya_Konyaalti_Plajina_dogru_bir_gorunum1-300x169.jpg 300w, https:\/\/oldehanhoff.nl\/wp-content\/uploads\/2021\/10\/1920px-Falezlerden_Antalya_Konyaalti_Plajina_dogru_bir_gorunum1-768x432.jpg 768w, https:\/\/oldehanhoff.nl\/wp-content\/uploads\/2021\/10\/1920px-Falezlerden_Antalya_Konyaalti_Plajina_dogru_bir_gorunum1-1536x864.jpg 1536w, https:\/\/oldehanhoff.nl\/wp-content\/uploads\/2021\/10\/1920px-Falezlerden_Antalya_Konyaalti_Plajina_dogru_bir_gorunum1-150x84.jpg 150w, https:\/\/oldehanhoff.nl\/wp-content\/uploads\/2021\/10\/1920px-Falezlerden_Antalya_Konyaalti_Plajina_dogru_bir_gorunum1.jpg 1920w\" sizes=\"auto, (max-width: 1024px) 100vw, 1024px\" \/><figcaption>Konyaalt\u0131 Beach<\/figcaption><\/figure>\n\n\n\n<figure class=\"wp-block-image size-large\"><img loading=\"lazy\" decoding=\"async\" width=\"1024\" height=\"678\" src=\"https:\/\/oldehanhoff.nl\/wp-content\/uploads\/2021\/10\/1280px-Hadrians_Gate1-1024x678.jpg\" alt=\"\" class=\"wp-image-22327\" srcset=\"https:\/\/oldehanhoff.nl\/wp-content\/uploads\/2021\/10\/1280px-Hadrians_Gate1-1024x678.jpg 1024w, https:\/\/oldehanhoff.nl\/wp-content\/uploads\/2021\/10\/1280px-Hadrians_Gate1-300x199.jpg 300w, https:\/\/oldehanhoff.nl\/wp-content\/uploads\/2021\/10\/1280px-Hadrians_Gate1-768x509.jpg 768w, https:\/\/oldehanhoff.nl\/wp-content\/uploads\/2021\/10\/1280px-Hadrians_Gate1-150x99.jpg 150w, https:\/\/oldehanhoff.nl\/wp-content\/uploads\/2021\/10\/1280px-Hadrians_Gate1.jpg 1280w\" sizes=\"auto, (max-width: 1024px) 100vw, 1024px\" \/><figcaption>Hadrians Gate<\/figcaption><\/figure>\n\n\n\n<figure class=\"wp-block-image size-large\"><img loading=\"lazy\" decoding=\"async\" width=\"1024\" height=\"374\" src=\"https:\/\/oldehanhoff.nl\/wp-content\/uploads\/2021\/10\/1920px-Hidirlik_Tower_031-1024x374.jpg\" alt=\"\" class=\"wp-image-22328\" srcset=\"https:\/\/oldehanhoff.nl\/wp-content\/uploads\/2021\/10\/1920px-Hidirlik_Tower_031-1024x374.jpg 1024w, https:\/\/oldehanhoff.nl\/wp-content\/uploads\/2021\/10\/1920px-Hidirlik_Tower_031-300x110.jpg 300w, https:\/\/oldehanhoff.nl\/wp-content\/uploads\/2021\/10\/1920px-Hidirlik_Tower_031-768x280.jpg 768w, https:\/\/oldehanhoff.nl\/wp-content\/uploads\/2021\/10\/1920px-Hidirlik_Tower_031-1536x561.jpg 1536w, https:\/\/oldehanhoff.nl\/wp-content\/uploads\/2021\/10\/1920px-Hidirlik_Tower_031-150x55.jpg 150w, https:\/\/oldehanhoff.nl\/wp-content\/uploads\/2021\/10\/1920px-Hidirlik_Tower_031.jpg 1920w\" sizes=\"auto, (max-width: 1024px) 100vw, 1024px\" \/><figcaption>A panoramic view from Karaalio\u011flu Park with Historic H\u0131d\u0131rl\u0131k Tower<\/figcaption><\/figure>\n\n\n\n<figure class=\"wp-block-image size-large\"><img loading=\"lazy\" decoding=\"async\" width=\"1024\" height=\"694\" src=\"https:\/\/oldehanhoff.nl\/wp-content\/uploads\/2021\/10\/1280px-Antalya._Lower_Duden_Waterfall1-1024x694.jpg\" alt=\"\" class=\"wp-image-22329\" srcset=\"https:\/\/oldehanhoff.nl\/wp-content\/uploads\/2021\/10\/1280px-Antalya._Lower_Duden_Waterfall1-1024x694.jpg 1024w, https:\/\/oldehanhoff.nl\/wp-content\/uploads\/2021\/10\/1280px-Antalya._Lower_Duden_Waterfall1-300x203.jpg 300w, https:\/\/oldehanhoff.nl\/wp-content\/uploads\/2021\/10\/1280px-Antalya._Lower_Duden_Waterfall1-768x521.jpg 768w, https:\/\/oldehanhoff.nl\/wp-content\/uploads\/2021\/10\/1280px-Antalya._Lower_Duden_Waterfall1-150x102.jpg 150w, https:\/\/oldehanhoff.nl\/wp-content\/uploads\/2021\/10\/1280px-Antalya._Lower_Duden_Waterfall1.jpg 1280w\" sizes=\"auto, (max-width: 1024px) 100vw, 1024px\" \/><figcaption>Lower D\u00fcden Waterfall<\/figcaption><\/figure>\n\n\n\n<figure class=\"wp-block-image size-large\"><img loading=\"lazy\" decoding=\"async\" width=\"1024\" height=\"770\" src=\"https:\/\/oldehanhoff.nl\/wp-content\/uploads\/2021\/10\/1280px-Yivli_Minaret_Mosque_Antalya1-1024x770.jpg\" alt=\"\" class=\"wp-image-22330\" srcset=\"https:\/\/oldehanhoff.nl\/wp-content\/uploads\/2021\/10\/1280px-Yivli_Minaret_Mosque_Antalya1-1024x770.jpg 1024w, https:\/\/oldehanhoff.nl\/wp-content\/uploads\/2021\/10\/1280px-Yivli_Minaret_Mosque_Antalya1-300x226.jpg 300w, https:\/\/oldehanhoff.nl\/wp-content\/uploads\/2021\/10\/1280px-Yivli_Minaret_Mosque_Antalya1-768x578.jpg 768w, https:\/\/oldehanhoff.nl\/wp-content\/uploads\/2021\/10\/1280px-Yivli_Minaret_Mosque_Antalya1-150x113.jpg 150w, https:\/\/oldehanhoff.nl\/wp-content\/uploads\/2021\/10\/1280px-Yivli_Minaret_Mosque_Antalya1.jpg 1280w\" sizes=\"auto, (max-width: 1024px) 100vw, 1024px\" \/><figcaption>Yivli Minaret Mosque<\/figcaption><\/figure>\n\n\n\n<figure class=\"wp-block-image size-full\"><img loading=\"lazy\" decoding=\"async\" width=\"900\" height=\"598\" src=\"https:\/\/oldehanhoff.nl\/wp-content\/uploads\/2021\/10\/Antalya_as_seen_from_a_cable_car1.jpg\" alt=\"\" class=\"wp-image-22334\" srcset=\"https:\/\/oldehanhoff.nl\/wp-content\/uploads\/2021\/10\/Antalya_as_seen_from_a_cable_car1.jpg 900w, https:\/\/oldehanhoff.nl\/wp-content\/uploads\/2021\/10\/Antalya_as_seen_from_a_cable_car1-300x199.jpg 300w, https:\/\/oldehanhoff.nl\/wp-content\/uploads\/2021\/10\/Antalya_as_seen_from_a_cable_car1-768x510.jpg 768w, https:\/\/oldehanhoff.nl\/wp-content\/uploads\/2021\/10\/Antalya_as_seen_from_a_cable_car1-150x100.jpg 150w\" sizes=\"auto, (max-width: 900px) 100vw, 900px\" \/><figcaption>Antalya as seen from a cable car on it&#8217;s way to the summit of T\u00fcnek Tepe<\/figcaption><\/figure>\n\n\n\n<figure class=\"wp-block-image size-large\"><img loading=\"lazy\" decoding=\"async\" width=\"1024\" height=\"682\" src=\"https:\/\/oldehanhoff.nl\/wp-content\/uploads\/2021\/10\/1280px-Aspendos_Amphitheatre1-1024x682.jpg\" alt=\"\" class=\"wp-image-22336\" srcset=\"https:\/\/oldehanhoff.nl\/wp-content\/uploads\/2021\/10\/1280px-Aspendos_Amphitheatre1-1024x682.jpg 1024w, https:\/\/oldehanhoff.nl\/wp-content\/uploads\/2021\/10\/1280px-Aspendos_Amphitheatre1-300x200.jpg 300w, https:\/\/oldehanhoff.nl\/wp-content\/uploads\/2021\/10\/1280px-Aspendos_Amphitheatre1-768x511.jpg 768w, https:\/\/oldehanhoff.nl\/wp-content\/uploads\/2021\/10\/1280px-Aspendos_Amphitheatre1-150x100.jpg 150w, https:\/\/oldehanhoff.nl\/wp-content\/uploads\/2021\/10\/1280px-Aspendos_Amphitheatre1.jpg 1280w\" sizes=\"auto, (max-width: 1024px) 100vw, 1024px\" \/><figcaption>Aspendos Roman theatre<\/figcaption><\/figure>\n\n\n\n<figure class=\"wp-block-gallery columns-3 is-cropped wp-block-gallery-1 is-layout-flex wp-block-gallery-is-layout-flex\"><ul class=\"blocks-gallery-grid\"><li class=\"blocks-gallery-item\"><figure><a href=\"https:\/\/oldehanhoff.nl\/wp-content\/uploads\/2021\/10\/aagahrg.jpg\" data-rel=\"lightbox-image-1\" data-rl_title=\"\" data-rl_caption=\"\" title=\"\"><img loading=\"lazy\" decoding=\"async\" width=\"1024\" height=\"768\" src=\"https:\/\/oldehanhoff.nl\/wp-content\/uploads\/2021\/10\/aagahrg-1024x768.jpg\" alt=\"\" data-id=\"22340\" data-full-url=\"https:\/\/oldehanhoff.nl\/wp-content\/uploads\/2021\/10\/aagahrg.jpg\" data-link=\"https:\/\/oldehanhoff.nl\/?attachment_id=22340\" class=\"wp-image-22340\" srcset=\"https:\/\/oldehanhoff.nl\/wp-content\/uploads\/2021\/10\/aagahrg-1024x768.jpg 1024w, https:\/\/oldehanhoff.nl\/wp-content\/uploads\/2021\/10\/aagahrg-300x225.jpg 300w, https:\/\/oldehanhoff.nl\/wp-content\/uploads\/2021\/10\/aagahrg-768x576.jpg 768w, https:\/\/oldehanhoff.nl\/wp-content\/uploads\/2021\/10\/aagahrg-150x113.jpg 150w, https:\/\/oldehanhoff.nl\/wp-content\/uploads\/2021\/10\/aagahrg.jpg 1440w\" sizes=\"auto, (max-width: 1024px) 100vw, 1024px\" \/><\/a><\/figure><\/li><li class=\"blocks-gallery-item\"><figure><a href=\"https:\/\/oldehanhoff.nl\/wp-content\/uploads\/2021\/10\/aagahug.jpg\" data-rel=\"lightbox-image-2\" data-rl_title=\"\" data-rl_caption=\"\" title=\"\"><img loading=\"lazy\" decoding=\"async\" width=\"1024\" height=\"768\" src=\"https:\/\/oldehanhoff.nl\/wp-content\/uploads\/2021\/10\/aagahug-1024x768.jpg\" alt=\"\" data-id=\"22339\" data-full-url=\"https:\/\/oldehanhoff.nl\/wp-content\/uploads\/2021\/10\/aagahug.jpg\" data-link=\"https:\/\/oldehanhoff.nl\/?attachment_id=22339\" class=\"wp-image-22339\" srcset=\"https:\/\/oldehanhoff.nl\/wp-content\/uploads\/2021\/10\/aagahug-1024x768.jpg 1024w, https:\/\/oldehanhoff.nl\/wp-content\/uploads\/2021\/10\/aagahug-300x225.jpg 300w, https:\/\/oldehanhoff.nl\/wp-content\/uploads\/2021\/10\/aagahug-768x576.jpg 768w, https:\/\/oldehanhoff.nl\/wp-content\/uploads\/2021\/10\/aagahug-150x113.jpg 150w, https:\/\/oldehanhoff.nl\/wp-content\/uploads\/2021\/10\/aagahug.jpg 1440w\" sizes=\"auto, (max-width: 1024px) 100vw, 1024px\" \/><\/a><\/figure><\/li><li class=\"blocks-gallery-item\"><figure><a href=\"https:\/\/oldehanhoff.nl\/wp-content\/uploads\/2021\/10\/aafmybg.jpg\" data-rel=\"lightbox-image-3\" data-rl_title=\"\" data-rl_caption=\"\" title=\"\"><img loading=\"lazy\" decoding=\"async\" width=\"1024\" height=\"674\" src=\"https:\/\/oldehanhoff.nl\/wp-content\/uploads\/2021\/10\/aafmybg-1024x674.jpg\" alt=\"\" data-id=\"22338\" data-full-url=\"https:\/\/oldehanhoff.nl\/wp-content\/uploads\/2021\/10\/aafmybg.jpg\" data-link=\"https:\/\/oldehanhoff.nl\/?attachment_id=22338\" class=\"wp-image-22338\" srcset=\"https:\/\/oldehanhoff.nl\/wp-content\/uploads\/2021\/10\/aafmybg-1024x674.jpg 1024w, https:\/\/oldehanhoff.nl\/wp-content\/uploads\/2021\/10\/aafmybg-300x197.jpg 300w, https:\/\/oldehanhoff.nl\/wp-content\/uploads\/2021\/10\/aafmybg-768x505.jpg 768w, https:\/\/oldehanhoff.nl\/wp-content\/uploads\/2021\/10\/aafmybg-1536x1011.jpg 1536w, https:\/\/oldehanhoff.nl\/wp-content\/uploads\/2021\/10\/aafmybg-150x99.jpg 150w, https:\/\/oldehanhoff.nl\/wp-content\/uploads\/2021\/10\/aafmybg.jpg 1641w\" sizes=\"auto, (max-width: 1024px) 100vw, 1024px\" \/><\/a><\/figure><\/li><\/ul><figcaption class=\"blocks-gallery-caption\">Land of Legends themepark<\/figcaption><\/figure>\n","protected":false},"excerpt":{"rendered":"<p>Antalya is een stad in het zuidwesten van Turkije, aan de Middellandse Zee met 1.492.674 inwoners (2012). Het is tevens de hoofdstad van de gelijknamige provincie Antalya. Het staat bekend als de grootste internationale badplaats van Turkije, gelegen aan de Turkse Riviera. De Baai van Antalya waar het aan ligt,\u2026<\/p>\n<p class=\"continue-reading-button\"> <a class=\"continue-reading-link\" href=\"https:\/\/oldehanhoff.nl\/?page_id=19452\">Lees verder<i class=\"crycon-right-dir\"><\/i><\/a><\/p>\n","protected":false},"author":1,"featured_media":1086,"parent":19441,"menu_order":0,"comment_status":"closed","ping_status":"closed","template":"","meta":{"_uag_custom_page_level_css":"","footnotes":"","_links_to":"","_links_to_target":""},"class_list":["post-19452","page","type-page","status-publish","has-post-thumbnail","hentry"],"uagb_featured_image_src":{"full":["https:\/\/oldehanhoff.nl\/wp-content\/uploads\/2018\/04\/cropped-redfire2-1.jpg",1180,140,false],"thumbnail":["https:\/\/oldehanhoff.nl\/wp-content\/uploads\/2018\/04\/cropped-redfire2-1-150x140.jpg",150,140,true],"medium":["https:\/\/oldehanhoff.nl\/wp-content\/uploads\/2018\/04\/cropped-redfire2-1-300x36.jpg",300,36,true],"medium_large":["https:\/\/oldehanhoff.nl\/wp-content\/uploads\/2018\/04\/cropped-redfire2-1-768x91.jpg",768,91,true],"large":["https:\/\/oldehanhoff.nl\/wp-content\/uploads\/2018\/04\/cropped-redfire2-1-1024x121.jpg",900,106,true],"1536x1536":["https:\/\/oldehanhoff.nl\/wp-content\/uploads\/2018\/04\/cropped-redfire2-1.jpg",1180,140,false],"2048x2048":["https:\/\/oldehanhoff.nl\/wp-content\/uploads\/2018\/04\/cropped-redfire2-1.jpg",1180,140,false],"custom":["https:\/\/oldehanhoff.nl\/wp-content\/uploads\/2018\/04\/cropped-redfire2-1-780x140.jpg",780,140,true],"post-thumbnail":["https:\/\/oldehanhoff.nl\/wp-content\/uploads\/2018\/04\/cropped-redfire2-1-150x18.jpg",150,18,true],"header":["https:\/\/oldehanhoff.nl\/wp-content\/uploads\/2018\/04\/cropped-redfire2-1.jpg",1180,140,false],"slider":["https:\/\/oldehanhoff.nl\/wp-content\/uploads\/2018\/04\/cropped-redfire2-1-1180x140.jpg",1180,140,true],"columns":["https:\/\/oldehanhoff.nl\/wp-content\/uploads\/2018\/04\/cropped-redfire2-1-327x140.jpg",327,140,true]},"uagb_author_info":{"display_name":"Eddy","author_link":"https:\/\/oldehanhoff.nl\/?author=1"},"uagb_comment_info":0,"uagb_excerpt":"Antalya is een stad in het zuidwesten van Turkije, aan de Middellandse Zee met 1.492.674 inwoners (2012). Het is tevens de hoofdstad van de gelijknamige provincie Antalya. Het staat bekend als de grootste internationale badplaats van Turkije, gelegen aan de Turkse Riviera. De Baai van Antalya waar het aan ligt,\u2026 Lees verder","_links":{"self":[{"href":"https:\/\/oldehanhoff.nl\/index.php?rest_route=\/wp\/v2\/pages\/19452","targetHints":{"allow":["GET"]}}],"collection":[{"href":"https:\/\/oldehanhoff.nl\/index.php?rest_route=\/wp\/v2\/pages"}],"about":[{"href":"https:\/\/oldehanhoff.nl\/index.php?rest_route=\/wp\/v2\/types\/page"}],"author":[{"embeddable":true,"href":"https:\/\/oldehanhoff.nl\/index.php?rest_route=\/wp\/v2\/users\/1"}],"replies":[{"embeddable":true,"href":"https:\/\/oldehanhoff.nl\/index.php?rest_route=%2Fwp%2Fv2%2Fcomments&post=19452"}],"version-history":[{"count":7,"href":"https:\/\/oldehanhoff.nl\/index.php?rest_route=\/wp\/v2\/pages\/19452\/revisions"}],"predecessor-version":[{"id":22341,"href":"https:\/\/oldehanhoff.nl\/index.php?rest_route=\/wp\/v2\/pages\/19452\/revisions\/22341"}],"up":[{"embeddable":true,"href":"https:\/\/oldehanhoff.nl\/index.php?rest_route=\/wp\/v2\/pages\/19441"}],"wp:featuredmedia":[{"embeddable":true,"href":"https:\/\/oldehanhoff.nl\/index.php?rest_route=\/wp\/v2\/media\/1086"}],"wp:attachment":[{"href":"https:\/\/oldehanhoff.nl\/index.php?rest_route=%2Fwp%2Fv2%2Fmedia&parent=19452"}],"curies":[{"name":"wp","href":"https:\/\/api.w.org\/{rel}","templated":true}]}}