{"id":17520,"date":"2021-03-15T11:03:43","date_gmt":"2021-03-15T10:03:43","guid":{"rendered":"https:\/\/oldehanhoff.nl\/?page_id=17520"},"modified":"2021-03-15T12:50:52","modified_gmt":"2021-03-15T11:50:52","slug":"parken-natuur-en-mooie-uitzichten","status":"publish","type":"page","link":"https:\/\/oldehanhoff.nl\/?page_id=17520","title":{"rendered":"Parken, natuur en mooie uitzichten"},"content":{"rendered":"\n<h2 class=\"wp-block-heading\">V\u00e5landst\u00e5rnet<\/h2>\n\n\n\n<figure class=\"wp-block-image size-large\"><img loading=\"lazy\" decoding=\"async\" width=\"1024\" height=\"683\" src=\"https:\/\/oldehanhoff.nl\/wp-content\/uploads\/2021\/03\/23588881333_176b3a80ee_o1-1024x683.jpg\" alt=\"\" class=\"wp-image-17530\" srcset=\"https:\/\/oldehanhoff.nl\/wp-content\/uploads\/2021\/03\/23588881333_176b3a80ee_o1-1024x683.jpg 1024w, https:\/\/oldehanhoff.nl\/wp-content\/uploads\/2021\/03\/23588881333_176b3a80ee_o1-300x200.jpg 300w, https:\/\/oldehanhoff.nl\/wp-content\/uploads\/2021\/03\/23588881333_176b3a80ee_o1-768x512.jpg 768w, https:\/\/oldehanhoff.nl\/wp-content\/uploads\/2021\/03\/23588881333_176b3a80ee_o1-1536x1024.jpg 1536w, https:\/\/oldehanhoff.nl\/wp-content\/uploads\/2021\/03\/23588881333_176b3a80ee_o1-2048x1365.jpg 2048w, https:\/\/oldehanhoff.nl\/wp-content\/uploads\/2021\/03\/23588881333_176b3a80ee_o1-150x100.jpg 150w\" sizes=\"auto, (max-width: 1024px) 100vw, 1024px\" \/><\/figure>\n\n\n\n<p>V\u00e5landst\u00e5rnet is een uitkijktoren gebouwd in 1895 in het V\u00e5landsparken.<br>De toren bij\u00a0St. Hanshaugen\u00a0in Oslo werd gebruikt als model voor de bouw van V\u00e5landst\u00e5rnet, en velen noemden dit\u00a0<em>V\u00e5landsborgen<\/em>\u00a0.<br>Het uitzicht is al mooi vanaf de voet van de toren, maar vanaf het platform is het nog vele malen beter.<\/p>\n\n\n\n<h6 class=\"wp-block-heading\">Adres:<\/h6>\n\n\n\n<ul class=\"wp-block-list\"><li>V\u00e5landshaugen 18, 4010 Stavanger, Noorwegen<\/li><\/ul>\n\n\n\n<h6 class=\"wp-block-heading\">Website:<\/h6>\n\n\n\n<ul class=\"wp-block-list\"><li><a href=\"https:\/\/www.facebook.com\/vaalandstaarnet\/\" target=\"_blank\" rel=\"noreferrer noopener\">https:\/\/www.facebook.com\/vaalandstaarnet\/<\/a><\/li><\/ul>\n\n\n\n<h2 class=\"wp-block-heading\">Byparken<\/h2>\n\n\n\n<figure class=\"wp-block-image size-large\"><img loading=\"lazy\" decoding=\"async\" width=\"1024\" height=\"768\" src=\"https:\/\/oldehanhoff.nl\/wp-content\/uploads\/2021\/03\/1024px-Breiavatnet21.jpg\" alt=\"\" class=\"wp-image-17531\" srcset=\"https:\/\/oldehanhoff.nl\/wp-content\/uploads\/2021\/03\/1024px-Breiavatnet21.jpg 1024w, https:\/\/oldehanhoff.nl\/wp-content\/uploads\/2021\/03\/1024px-Breiavatnet21-300x225.jpg 300w, https:\/\/oldehanhoff.nl\/wp-content\/uploads\/2021\/03\/1024px-Breiavatnet21-768x576.jpg 768w, https:\/\/oldehanhoff.nl\/wp-content\/uploads\/2021\/03\/1024px-Breiavatnet21-150x113.jpg 150w\" sizes=\"auto, (max-width: 1024px) 100vw, 1024px\" \/><\/figure>\n\n\n\n<p>Byparken, is een stadspark in het centrum van Stavanger, rond om het kleine Breiavatnet meertje. In het noorden van het park is de Kathedraal van Stavanger te vinden.<br>In 2009 werd het stadspark\u00a0door Noorse landschapsarchitecten\u00a0uitgeroepen tot\u00a0&#8220;Green Park\u00a0of the\u00a0Year&#8221;.<\/p>\n\n\n\n<h2 class=\"wp-block-heading\">Sverd i fjell<\/h2>\n\n\n\n<figure class=\"wp-block-image size-large\"><img loading=\"lazy\" decoding=\"async\" width=\"1024\" height=\"640\" src=\"https:\/\/oldehanhoff.nl\/wp-content\/uploads\/2021\/03\/1024px-Schwerter_im_Felsen._011.jpg\" alt=\"\" class=\"wp-image-17538\" srcset=\"https:\/\/oldehanhoff.nl\/wp-content\/uploads\/2021\/03\/1024px-Schwerter_im_Felsen._011.jpg 1024w, https:\/\/oldehanhoff.nl\/wp-content\/uploads\/2021\/03\/1024px-Schwerter_im_Felsen._011-300x188.jpg 300w, https:\/\/oldehanhoff.nl\/wp-content\/uploads\/2021\/03\/1024px-Schwerter_im_Felsen._011-768x480.jpg 768w, https:\/\/oldehanhoff.nl\/wp-content\/uploads\/2021\/03\/1024px-Schwerter_im_Felsen._011-150x94.jpg 150w\" sizes=\"auto, (max-width: 1024px) 100vw, 1024px\" \/><\/figure>\n\n\n\n<p><strong>Sverd i fjell<\/strong>\u00a0(Nederlands: &#8220;Zwaarden in rots&#8221;) is een herdenkingsmonument gelegen in het\u00a0Hafrsfjord\u00a0van de stad\u00a0Stavanger\u00a0in\u00a0Noorwegen. Het monument werd gemaakt door beeldhouwer\u00a0Fritz R\u00f8ed\u00a0uit\u00a0Bryne\u00a0en werd onthuld door\u00a0Koning Olaf\u00a0in\u00a01983.<\/p>\n\n\n\n<p>Het monument is ook de naamgever aan de afsluitende track op het\u00a0<a href=\"https:\/\/en.wikipedia.org\/wiki\/Leaves%27_Eyes\" target=\"_blank\" rel=\"noreferrer noopener\">Leaves&#8217; Eyes<\/a>\u00a0album\u00a0<em><a href=\"https:\/\/en.wikipedia.org\/wiki\/King_of_Kings_(Leaves%27_Eyes_album)\" target=\"_blank\" rel=\"noreferrer noopener\">King of Kings<\/a><\/em>.<\/p>\n\n\n\n<h6 class=\"wp-block-heading\">Adres:<\/h6>\n\n\n\n<ul class=\"wp-block-list\"><li>M\u00f8llebukta, 4044 Hafrsfjord, Noorwegen<\/li><\/ul>\n\n\n\n<h6 class=\"wp-block-heading\">Website:<\/h6>\n\n\n\n<ul class=\"wp-block-list\"><li><a href=\"https:\/\/www.visitnorway.com\/listings\/swords-in-rock\/1852\/\" target=\"_blank\" rel=\"noreferrer noopener\">https:\/\/www.visitnorway.com\/listings\/swords-in-rock\/1852\/<\/a><\/li><\/ul>\n","protected":false},"excerpt":{"rendered":"<p>V\u00e5landst\u00e5rnet V\u00e5landst\u00e5rnet is een uitkijktoren gebouwd in 1895 in het V\u00e5landsparken.De toren bij\u00a0St. Hanshaugen\u00a0in Oslo werd gebruikt als model voor de bouw van V\u00e5landst\u00e5rnet, en velen noemden dit\u00a0V\u00e5landsborgen\u00a0.Het uitzicht is al mooi vanaf de voet van de toren, maar vanaf het platform is het nog vele malen beter. Adres: V\u00e5landshaugen\u2026<\/p>\n<p class=\"continue-reading-button\"> <a class=\"continue-reading-link\" href=\"https:\/\/oldehanhoff.nl\/?page_id=17520\">Lees verder<i class=\"crycon-right-dir\"><\/i><\/a><\/p>\n","protected":false},"author":1,"featured_media":0,"parent":8241,"menu_order":0,"comment_status":"closed","ping_status":"closed","template":"","meta":{"_uag_custom_page_level_css":"","footnotes":"","_links_to":"","_links_to_target":""},"class_list":["post-17520","page","type-page","status-publish","hentry"],"uagb_featured_image_src":{"full":false,"thumbnail":false,"medium":false,"medium_large":false,"large":false,"1536x1536":false,"2048x2048":false,"custom":false,"post-thumbnail":false,"header":false,"slider":false,"columns":false},"uagb_author_info":{"display_name":"Eddy","author_link":"https:\/\/oldehanhoff.nl\/?author=1"},"uagb_comment_info":0,"uagb_excerpt":"V\u00e5landst\u00e5rnet V\u00e5landst\u00e5rnet is een uitkijktoren gebouwd in 1895 in het V\u00e5landsparken.De toren bij\u00a0St. Hanshaugen\u00a0in Oslo werd gebruikt als model voor de bouw van V\u00e5landst\u00e5rnet, en velen noemden dit\u00a0V\u00e5landsborgen\u00a0.Het uitzicht is al mooi vanaf de voet van de toren, maar vanaf het platform is het nog vele malen beter. Adres: V\u00e5landshaugen\u2026 Lees verder","_links":{"self":[{"href":"https:\/\/oldehanhoff.nl\/index.php?rest_route=\/wp\/v2\/pages\/17520","targetHints":{"allow":["GET"]}}],"collection":[{"href":"https:\/\/oldehanhoff.nl\/index.php?rest_route=\/wp\/v2\/pages"}],"about":[{"href":"https:\/\/oldehanhoff.nl\/index.php?rest_route=\/wp\/v2\/types\/page"}],"author":[{"embeddable":true,"href":"https:\/\/oldehanhoff.nl\/index.php?rest_route=\/wp\/v2\/users\/1"}],"replies":[{"embeddable":true,"href":"https:\/\/oldehanhoff.nl\/index.php?rest_route=%2Fwp%2Fv2%2Fcomments&post=17520"}],"version-history":[{"count":10,"href":"https:\/\/oldehanhoff.nl\/index.php?rest_route=\/wp\/v2\/pages\/17520\/revisions"}],"predecessor-version":[{"id":17541,"href":"https:\/\/oldehanhoff.nl\/index.php?rest_route=\/wp\/v2\/pages\/17520\/revisions\/17541"}],"up":[{"embeddable":true,"href":"https:\/\/oldehanhoff.nl\/index.php?rest_route=\/wp\/v2\/pages\/8241"}],"wp:attachment":[{"href":"https:\/\/oldehanhoff.nl\/index.php?rest_route=%2Fwp%2Fv2%2Fmedia&parent=17520"}],"curies":[{"name":"wp","href":"https:\/\/api.w.org\/{rel}","templated":true}]}}