{"id":16158,"date":"2021-01-09T20:05:45","date_gmt":"2021-01-09T19:05:45","guid":{"rendered":"https:\/\/oldehanhoff.nl\/?page_id=16158"},"modified":"2022-05-01T08:07:56","modified_gmt":"2022-05-01T06:07:56","slug":"majaland-praha","status":"publish","type":"page","link":"https:\/\/oldehanhoff.nl\/?page_id=16158","title":{"rendered":"Majaland Praha"},"content":{"rendered":"\n<div class=\"wp-block-image\"><figure class=\"alignleft size-large is-resized\"><img decoding=\"async\" src=\"https:\/\/oldehanhoff.nl\/wp-content\/uploads\/2021\/01\/aagmfea.jpg\" alt=\"\" class=\"wp-image-16161\" width=\"400\" srcset=\"https:\/\/oldehanhoff.nl\/wp-content\/uploads\/2021\/01\/aagmfea.jpg 643w, https:\/\/oldehanhoff.nl\/wp-content\/uploads\/2021\/01\/aagmfea-229x300.jpg 229w, https:\/\/oldehanhoff.nl\/wp-content\/uploads\/2021\/01\/aagmfea-114x150.jpg 114w\" sizes=\"(max-width: 643px) 100vw, 643px\" \/><\/figure><\/div>\n\n\n\n<p>Majaland Praha zal een indoorpretpark gaan worden, welke eind 2021 zal openen als onderdeel van <a rel=\"noreferrer noopener\" href=\"https:\/\/www.pop.cz\/\" target=\"_blank\">Premium Outlet Prague Airport<\/a>, welke zich dicht bij het vliegveld van Praag bevind.<\/p>\n\n\n\n<p>Het park is een franchise van&nbsp;<a href=\"https:\/\/rcdb.com\/12490.htm\" target=\"_blank\" rel=\"noreferrer noopener\">Studio 100<\/a>&nbsp;(AKA&nbsp;Plopsa Group) en zal worden beheerd en gerund door de investerings maatschappijen&nbsp;TNI Group en Kaprain.<\/p>\n\n\n\n<p>Er zal in ieder geval een compacte familie coaster in dit parkje komen, zeer waarschijnlijk afkomstig van Zierer. Deze baan zal zeer waarschijnlijk gelijk zijn aan de baan in het Poolse <a rel=\"noreferrer noopener\" href=\"https:\/\/rcdb.com\/14709.htm\" data-type=\"URL\" data-id=\"https:\/\/rcdb.com\/14709.htm\" target=\"_blank\">Majaland Kownaty<\/a> indoor park en dus Vickie de Viking als thema krijgen.<br>De rest van dit nieuwe parkje in Praag, zal zeer waarschijnlijk ook vergelijkbaar worden met het parkje in Polen en dus Maja de bij als hoofdthema krijgen en attracties gericht op kinderen, zoals diverse draaimolens, een schommelschip en een kinder vrijevaltoren.<\/p>\n\n\n\n<figure class=\"wp-block-image size-large\"><img loading=\"lazy\" decoding=\"async\" width=\"1024\" height=\"723\" src=\"https:\/\/oldehanhoff.nl\/wp-content\/uploads\/2022\/05\/majaland_mapa_praha-1024x723.jpg\" alt=\"\" class=\"wp-image-25650\" srcset=\"https:\/\/oldehanhoff.nl\/wp-content\/uploads\/2022\/05\/majaland_mapa_praha-1024x723.jpg 1024w, https:\/\/oldehanhoff.nl\/wp-content\/uploads\/2022\/05\/majaland_mapa_praha-300x212.jpg 300w, https:\/\/oldehanhoff.nl\/wp-content\/uploads\/2022\/05\/majaland_mapa_praha-768x542.jpg 768w, https:\/\/oldehanhoff.nl\/wp-content\/uploads\/2022\/05\/majaland_mapa_praha-1536x1085.jpg 1536w, https:\/\/oldehanhoff.nl\/wp-content\/uploads\/2022\/05\/majaland_mapa_praha-150x106.jpg 150w, https:\/\/oldehanhoff.nl\/wp-content\/uploads\/2022\/05\/majaland_mapa_praha.jpg 1920w\" sizes=\"auto, (max-width: 1024px) 100vw, 1024px\" \/><\/figure>\n\n\n\n<h5 class=\"wp-block-heading\">Bereikbaarheid:<\/h5>\n\n\n\n<p>Momenteel is de outlet al wel bereikbaar met het <a rel=\"noreferrer noopener\" href=\"https:\/\/www.pop.cz\/cs\/kudy-k-nam\" data-type=\"URL\" data-id=\"https:\/\/www.pop.cz\/cs\/kudy-k-nam\" target=\"_blank\">openbaar vervoer<\/a> vanuit het centrum van Praag. <br>Er zijn een paar verschillende mogelijkheden:<\/p>\n\n\n\n<ul class=\"wp-block-list\"><li>Vanaf metrostation &#8220;Bo\u0159islavka&#8221; (Lijn A) brengt <strong>bus 312<\/strong> je in zo&#8217;n 16minuten naar de outlet, halte &#8220;Tuchom\u011b\u0159ice,Outlet&#8221;.<br>Deze bus rijd op weekdagen vanaf 10:00uur 1 keer per uur, terwijl deze s&#8217;middags 3 keer per uur rijd. In de weekenden rijd deze bus 2 keer per uur. <br>Deze rit duurt vanaf het centraal station in totaal ongeveer 50minuten.<br>Route: <a rel=\"noreferrer noopener\" href=\"https:\/\/goo.gl\/maps\/qC3DSr1yubmyxoTN7\" target=\"_blank\">https:\/\/goo.gl\/maps\/qC3DSr1yubmyxoTN7<\/a><\/li><li>Er rijd ook nog een speciale <strong>shuttle bus<\/strong>, tussen metrostation &#8220;Bo\u0159islavka&#8221; (Lijn A) en de outlet. <br>Deze shuttlebus rijd dezelfde route als bus 312, maar deze stopt niet onderweg.<br>Meer info over deze shuttle bus: <a rel=\"noreferrer noopener\" href=\"https:\/\/www.pop.cz\/cs\/shuttle-bus\" target=\"_blank\">https:\/\/www.pop.cz\/cs\/shuttle-bus<\/a><\/li><li>Vanaf metrostation &#8220;N\u00e1dra\u017e\u00ed Veleslav\u00edn&#8221; (Lijn A) brengt <strong>bus 322<\/strong> je naar de outlet, halte &#8220;Tuchom\u011b\u0159ice, Outlet&#8221;.<br>Deze bus rijd via de luchthaven en doet er 20minuten over om bij de outlet te komen. De totale reistijd vanaf het centraal station zal ongeveer 60minuten zijn.<br>Op weekdagen rijd deze bus 1 keer per uur, terwijl deze bus in het weekend 1 keer per 2uur rijd.<br>Route: <a rel=\"noreferrer noopener\" href=\"https:\/\/goo.gl\/maps\/SKxSjHL2Vsjmzou56\" target=\"_blank\">https:\/\/goo.gl\/maps\/SKxSjHL2Vsjmzou56<\/a><\/li><\/ul>\n\n\n\n<p>Meer info: <a href=\"https:\/\/pop.cz\/majaland\/en\/\" target=\"_blank\" rel=\"noreferrer noopener\">https:\/\/pop.cz\/majaland\/en\/<\/a><\/p>\n","protected":false},"excerpt":{"rendered":"<p>Majaland Praha zal een indoorpretpark gaan worden, welke eind 2021 zal openen als onderdeel van Premium Outlet Prague Airport, welke zich dicht bij het vliegveld van Praag bevind. Het park is een franchise van&nbsp;Studio 100&nbsp;(AKA&nbsp;Plopsa Group) en zal worden beheerd en gerund door de investerings maatschappijen&nbsp;TNI Group en Kaprain. Er\u2026<\/p>\n<p class=\"continue-reading-button\"> <a class=\"continue-reading-link\" href=\"https:\/\/oldehanhoff.nl\/?page_id=16158\">Lees verder<i class=\"crycon-right-dir\"><\/i><\/a><\/p>\n","protected":false},"author":1,"featured_media":0,"parent":15976,"menu_order":0,"comment_status":"closed","ping_status":"closed","template":"","meta":{"_uag_custom_page_level_css":"","footnotes":"","_links_to":"","_links_to_target":""},"class_list":["post-16158","page","type-page","status-publish","hentry"],"uagb_featured_image_src":{"full":false,"thumbnail":false,"medium":false,"medium_large":false,"large":false,"1536x1536":false,"2048x2048":false,"custom":false,"post-thumbnail":false,"header":false,"slider":false,"columns":false},"uagb_author_info":{"display_name":"Eddy","author_link":"https:\/\/oldehanhoff.nl\/?author=1"},"uagb_comment_info":0,"uagb_excerpt":"Majaland Praha zal een indoorpretpark gaan worden, welke eind 2021 zal openen als onderdeel van Premium Outlet Prague Airport, welke zich dicht bij het vliegveld van Praag bevind. Het park is een franchise van&nbsp;Studio 100&nbsp;(AKA&nbsp;Plopsa Group) en zal worden beheerd en gerund door de investerings maatschappijen&nbsp;TNI Group en Kaprain. Er\u2026 Lees verder","_links":{"self":[{"href":"https:\/\/oldehanhoff.nl\/index.php?rest_route=\/wp\/v2\/pages\/16158","targetHints":{"allow":["GET"]}}],"collection":[{"href":"https:\/\/oldehanhoff.nl\/index.php?rest_route=\/wp\/v2\/pages"}],"about":[{"href":"https:\/\/oldehanhoff.nl\/index.php?rest_route=\/wp\/v2\/types\/page"}],"author":[{"embeddable":true,"href":"https:\/\/oldehanhoff.nl\/index.php?rest_route=\/wp\/v2\/users\/1"}],"replies":[{"embeddable":true,"href":"https:\/\/oldehanhoff.nl\/index.php?rest_route=%2Fwp%2Fv2%2Fcomments&post=16158"}],"version-history":[{"count":16,"href":"https:\/\/oldehanhoff.nl\/index.php?rest_route=\/wp\/v2\/pages\/16158\/revisions"}],"predecessor-version":[{"id":25651,"href":"https:\/\/oldehanhoff.nl\/index.php?rest_route=\/wp\/v2\/pages\/16158\/revisions\/25651"}],"up":[{"embeddable":true,"href":"https:\/\/oldehanhoff.nl\/index.php?rest_route=\/wp\/v2\/pages\/15976"}],"wp:attachment":[{"href":"https:\/\/oldehanhoff.nl\/index.php?rest_route=%2Fwp%2Fv2%2Fmedia&parent=16158"}],"curies":[{"name":"wp","href":"https:\/\/api.w.org\/{rel}","templated":true}]}}