{"id":16104,"date":"2021-01-08T18:33:34","date_gmt":"2021-01-08T17:33:34","guid":{"rendered":"https:\/\/oldehanhoff.nl\/?page_id=16104"},"modified":"2021-01-09T14:47:06","modified_gmt":"2021-01-09T13:47:06","slug":"hoe-kom-je-het-gemakkelijkst-in-praag","status":"publish","type":"page","link":"https:\/\/oldehanhoff.nl\/?page_id=16104","title":{"rendered":"Hoe kom je het gemakkelijkst in Praag?"},"content":{"rendered":"\n<figure class=\"wp-block-image size-large\"><img loading=\"lazy\" decoding=\"async\" width=\"1024\" height=\"768\" src=\"https:\/\/oldehanhoff.nl\/wp-content\/uploads\/2021\/01\/Prague_Airport_Terminal_1_-_Arrivals1-1024x768.jpg\" alt=\"\" class=\"wp-image-16109\" srcset=\"https:\/\/oldehanhoff.nl\/wp-content\/uploads\/2021\/01\/Prague_Airport_Terminal_1_-_Arrivals1-1024x768.jpg 1024w, https:\/\/oldehanhoff.nl\/wp-content\/uploads\/2021\/01\/Prague_Airport_Terminal_1_-_Arrivals1-300x225.jpg 300w, https:\/\/oldehanhoff.nl\/wp-content\/uploads\/2021\/01\/Prague_Airport_Terminal_1_-_Arrivals1-768x576.jpg 768w, https:\/\/oldehanhoff.nl\/wp-content\/uploads\/2021\/01\/Prague_Airport_Terminal_1_-_Arrivals1-1536x1152.jpg 1536w, https:\/\/oldehanhoff.nl\/wp-content\/uploads\/2021\/01\/Prague_Airport_Terminal_1_-_Arrivals1-2048x1536.jpg 2048w, https:\/\/oldehanhoff.nl\/wp-content\/uploads\/2021\/01\/Prague_Airport_Terminal_1_-_Arrivals1-150x113.jpg 150w\" sizes=\"auto, (max-width: 1024px) 100vw, 1024px\" \/><\/figure>\n\n\n\n<p>De makkelijkste en snelste manier om naar Praag te reizen, is nog steeds met het vliegtuig. Vanaf Schiphol Amsterdam, ben je met een rechtstreekse vlucht in ongeveer 80minuten tijd op het <strong>V\u00e1clav Havel Airport Prague<\/strong>. Dit vliegveld ligt ongeveer 12km ten westen van het centrum van de stad.<br>Het huidige vliegveld is geopend in 1937, en heeft sinds 2012 de huidige naam. In 2019 maakten ruim 18 miljoen mensen gebruik van het vliegveld.<\/p>\n\n\n\n<figure class=\"wp-block-image size-large\"><img loading=\"lazy\" decoding=\"async\" width=\"1024\" height=\"768\" src=\"https:\/\/oldehanhoff.nl\/wp-content\/uploads\/2021\/01\/1280px-Prague_Airport_Terminal_21-1024x768.jpg\" alt=\"\" class=\"wp-image-16108\" srcset=\"https:\/\/oldehanhoff.nl\/wp-content\/uploads\/2021\/01\/1280px-Prague_Airport_Terminal_21-1024x768.jpg 1024w, https:\/\/oldehanhoff.nl\/wp-content\/uploads\/2021\/01\/1280px-Prague_Airport_Terminal_21-300x225.jpg 300w, https:\/\/oldehanhoff.nl\/wp-content\/uploads\/2021\/01\/1280px-Prague_Airport_Terminal_21-768x576.jpg 768w, https:\/\/oldehanhoff.nl\/wp-content\/uploads\/2021\/01\/1280px-Prague_Airport_Terminal_21-150x113.jpg 150w, https:\/\/oldehanhoff.nl\/wp-content\/uploads\/2021\/01\/1280px-Prague_Airport_Terminal_21.jpg 1280w\" sizes=\"auto, (max-width: 1024px) 100vw, 1024px\" \/><\/figure>\n\n\n\n<p>Om vanaf het vliegveld in de stad zelf te komen, is er helaas geen snelle manier met het openbaar vervoer. <br>Het vliegveld heeft namelijk nog steeds geen aansluiting op het trein\/tram netwerk van de stad. Ondanks dat er al wel vele jaren plannen zijn om dit te realiseren.<br>Er rijden wel regelmatig bussen vanaf zowel terminal 1 als 2 richting de stad om te eindigen bij een metrostation, waarna je daarmee verder kunt reizen naar het centrum. Te weten bus nummer 100 en bus nummer 119. Bus lijn 100 rijdt tussen de luchthaven (Leti\u0161t\u011b) en metrostation Zli\u010d\u00edn (metro B), de reistijd is 15 a 20 minuten. <br>Bus lijn 119 rijdt van het vliegveld (Leti\u0161t\u011b) naar metrostation N\u00e1dra\u017e\u00ed Veleslav\u00edn (metro A), de reistijd is 13 a 17 minuten. <br>Om in het centrum te komen moet u met metrolijn B naar station Mustek of N\u00e1m\u011bst\u00ed Republiky reizen of met metrolijn A naar station Starom\u011bstsk\u00e1 of Mustek. .<\/p>\n\n\n\n<p>Je kunt ook kiezen om de AirportExpress bus te nemen, van de Tsjechische spoorwegen, welke je rechtstreeks naar het centraal station van Praag brengt, Hlavn\u00ed N\u00e1dra\u017e\u00ed.<\/p>\n\n\n\n<figure class=\"wp-block-image size-large\"><img loading=\"lazy\" decoding=\"async\" width=\"1024\" height=\"768\" src=\"https:\/\/oldehanhoff.nl\/wp-content\/uploads\/2021\/01\/1280px-Praha_station1-1024x768.jpg\" alt=\"\" class=\"wp-image-16114\" srcset=\"https:\/\/oldehanhoff.nl\/wp-content\/uploads\/2021\/01\/1280px-Praha_station1-1024x768.jpg 1024w, https:\/\/oldehanhoff.nl\/wp-content\/uploads\/2021\/01\/1280px-Praha_station1-300x225.jpg 300w, https:\/\/oldehanhoff.nl\/wp-content\/uploads\/2021\/01\/1280px-Praha_station1-768x576.jpg 768w, https:\/\/oldehanhoff.nl\/wp-content\/uploads\/2021\/01\/1280px-Praha_station1-150x113.jpg 150w, https:\/\/oldehanhoff.nl\/wp-content\/uploads\/2021\/01\/1280px-Praha_station1.jpg 1280w\" sizes=\"auto, (max-width: 1024px) 100vw, 1024px\" \/><\/figure>\n\n\n\n<p>Er zijn zoals gezegd wel plannen om het vliegveld in de toekomst aan te sluiten op het spoortnetwerk van Praag, maar de bouw van deze aansluiting zal op zijn vroegst pas in 2023 beginnen. Wanneer de opening van deze verbinding zal zijn is nog niet bekend.<\/p>\n\n\n\n<ul class=\"wp-block-list\"><li><a rel=\"noreferrer noopener\" href=\"http:\/\/www.prg.aero\/\" target=\"_blank\">http:\/\/www.prg.aero\/<\/a><\/li><li><a rel=\"noreferrer noopener\" href=\"https:\/\/nl.wikipedia.org\/wiki\/Luchthaven_van_Praag\" target=\"_blank\">https:\/\/nl.wikipedia.org\/wiki\/Luchthaven_van_Praag<\/a><\/li><li><a href=\"https:\/\/nl.wikipedia.org\/wiki\/Praha_hlavn%C3%AD_n%C3%A1dra%C5%BE%C3%AD\" target=\"_blank\" rel=\"noreferrer noopener\">https:\/\/nl.wikipedia.org\/wiki\/Praha_hlavn%C3%AD_n%C3%A1dra%C5%BE%C3%AD<\/a><\/li><\/ul>\n\n\n\n<p><\/p>\n","protected":false},"excerpt":{"rendered":"<p>De makkelijkste en snelste manier om naar Praag te reizen, is nog steeds met het vliegtuig. Vanaf Schiphol Amsterdam, ben je met een rechtstreekse vlucht in ongeveer 80minuten tijd op het V\u00e1clav Havel Airport Prague. Dit vliegveld ligt ongeveer 12km ten westen van het centrum van de stad.Het huidige vliegveld\u2026<\/p>\n<p class=\"continue-reading-button\"> <a class=\"continue-reading-link\" href=\"https:\/\/oldehanhoff.nl\/?page_id=16104\">Lees verder<i class=\"crycon-right-dir\"><\/i><\/a><\/p>\n","protected":false},"author":1,"featured_media":0,"parent":15976,"menu_order":0,"comment_status":"closed","ping_status":"closed","template":"","meta":{"_uag_custom_page_level_css":"","footnotes":"","_links_to":"","_links_to_target":""},"class_list":["post-16104","page","type-page","status-publish","hentry"],"uagb_featured_image_src":{"full":false,"thumbnail":false,"medium":false,"medium_large":false,"large":false,"1536x1536":false,"2048x2048":false,"custom":false,"post-thumbnail":false,"header":false,"slider":false,"columns":false},"uagb_author_info":{"display_name":"Eddy","author_link":"https:\/\/oldehanhoff.nl\/?author=1"},"uagb_comment_info":0,"uagb_excerpt":"De makkelijkste en snelste manier om naar Praag te reizen, is nog steeds met het vliegtuig. Vanaf Schiphol Amsterdam, ben je met een rechtstreekse vlucht in ongeveer 80minuten tijd op het V\u00e1clav Havel Airport Prague. Dit vliegveld ligt ongeveer 12km ten westen van het centrum van de stad.Het huidige vliegveld\u2026 Lees verder","_links":{"self":[{"href":"https:\/\/oldehanhoff.nl\/index.php?rest_route=\/wp\/v2\/pages\/16104","targetHints":{"allow":["GET"]}}],"collection":[{"href":"https:\/\/oldehanhoff.nl\/index.php?rest_route=\/wp\/v2\/pages"}],"about":[{"href":"https:\/\/oldehanhoff.nl\/index.php?rest_route=\/wp\/v2\/types\/page"}],"author":[{"embeddable":true,"href":"https:\/\/oldehanhoff.nl\/index.php?rest_route=\/wp\/v2\/users\/1"}],"replies":[{"embeddable":true,"href":"https:\/\/oldehanhoff.nl\/index.php?rest_route=%2Fwp%2Fv2%2Fcomments&post=16104"}],"version-history":[{"count":6,"href":"https:\/\/oldehanhoff.nl\/index.php?rest_route=\/wp\/v2\/pages\/16104\/revisions"}],"predecessor-version":[{"id":16146,"href":"https:\/\/oldehanhoff.nl\/index.php?rest_route=\/wp\/v2\/pages\/16104\/revisions\/16146"}],"up":[{"embeddable":true,"href":"https:\/\/oldehanhoff.nl\/index.php?rest_route=\/wp\/v2\/pages\/15976"}],"wp:attachment":[{"href":"https:\/\/oldehanhoff.nl\/index.php?rest_route=%2Fwp%2Fv2%2Fmedia&parent=16104"}],"curies":[{"name":"wp","href":"https:\/\/api.w.org\/{rel}","templated":true}]}}