{"id":16061,"date":"2021-01-07T11:40:39","date_gmt":"2021-01-07T10:40:39","guid":{"rendered":"https:\/\/oldehanhoff.nl\/?page_id=16061"},"modified":"2021-11-07T08:47:24","modified_gmt":"2021-11-07T07:47:24","slug":"eten-in-praag","status":"publish","type":"page","link":"https:\/\/oldehanhoff.nl\/?page_id=16061","title":{"rendered":"Eten &#038; Drinken in Praag"},"content":{"rendered":"\n<figure class=\"wp-block-image size-large\"><img loading=\"lazy\" decoding=\"async\" width=\"1024\" height=\"683\" src=\"https:\/\/oldehanhoff.nl\/wp-content\/uploads\/2021\/01\/41166776-10155818515353123-2427046994896748544-o1-1024x683.jpg\" alt=\"\" class=\"wp-image-16071\" srcset=\"https:\/\/oldehanhoff.nl\/wp-content\/uploads\/2021\/01\/41166776-10155818515353123-2427046994896748544-o1-1024x683.jpg 1024w, https:\/\/oldehanhoff.nl\/wp-content\/uploads\/2021\/01\/41166776-10155818515353123-2427046994896748544-o1-300x200.jpg 300w, https:\/\/oldehanhoff.nl\/wp-content\/uploads\/2021\/01\/41166776-10155818515353123-2427046994896748544-o1-768x512.jpg 768w, https:\/\/oldehanhoff.nl\/wp-content\/uploads\/2021\/01\/41166776-10155818515353123-2427046994896748544-o1-1536x1024.jpg 1536w, https:\/\/oldehanhoff.nl\/wp-content\/uploads\/2021\/01\/41166776-10155818515353123-2427046994896748544-o1-150x100.jpg 150w, https:\/\/oldehanhoff.nl\/wp-content\/uploads\/2021\/01\/41166776-10155818515353123-2427046994896748544-o1.jpg 2048w\" sizes=\"auto, (max-width: 1024px) 100vw, 1024px\" \/><\/figure>\n\n\n\n<h5 class=\"wp-block-heading\"><strong>Hard Rock Cafe Prague<\/strong><\/h5>\n\n\n\n<p>Hard Rock Cafe Prague, one of Europe&#8217;s largest Hard Rock Cafes, is situated in the four-story V. J. Rott building, which features a beautifully decorated neo-Renaissance fa\u00e7ade with colorful frescos. The 1,900-square-meter cafe is spread across three levels and a basement, and includes three vibrant bars, a Rock Shop\u00ae, and a unique compilation of&nbsp;memorabilia&nbsp;from Hard Rock\u2019s world-famous collection. <br>Our Prague cafe stands out amongst other Hard Rock Cafes thanks to the stunning, guitar-shaped chandelier that hangs in the center of the atrium, which was custom made just for our cafe and is 5 meters wide.<\/p>\n\n\n\n<p><strong>Adres:<\/strong>&nbsp;D\u016fm U Rotta, Mal\u00e9 N\u00e1m. 3, 110 00 Josefov, Tsjechi\u00eb<\/p>\n\n\n\n<ul class=\"wp-block-list\"><li><a rel=\"noreferrer noopener\" href=\"https:\/\/www.hardrockcafe.com\/location\/prague\/\" target=\"_blank\">https:\/\/www.hardrockcafe.com\/location\/prague<\/a><\/li><li><a rel=\"noreferrer noopener\" href=\"https:\/\/www.facebook.com\/HardRockCafePraha\/\" target=\"_blank\">https:\/\/www.facebook.com\/HardRockCafePraha\/<\/a><\/li><li><a rel=\"noreferrer noopener\" href=\"https:\/\/www.instagram.com\/hrcprague\/\" target=\"_blank\">https:\/\/www.instagram.com\/hrcprague\/<\/a><\/li><li><a href=\"https:\/\/twitter.com\/HRCPrague\" target=\"_blank\" rel=\"noreferrer noopener\">https:\/\/twitter.com\/HRCPrague<\/a><\/li><\/ul>\n\n\n\n<figure class=\"wp-block-image size-large\"><img loading=\"lazy\" decoding=\"async\" width=\"1000\" height=\"666\" src=\"https:\/\/oldehanhoff.nl\/wp-content\/uploads\/2021\/01\/letna-beer-garden-prague-2018-041.jpg\" alt=\"\" class=\"wp-image-16065\" srcset=\"https:\/\/oldehanhoff.nl\/wp-content\/uploads\/2021\/01\/letna-beer-garden-prague-2018-041.jpg 1000w, https:\/\/oldehanhoff.nl\/wp-content\/uploads\/2021\/01\/letna-beer-garden-prague-2018-041-300x200.jpg 300w, https:\/\/oldehanhoff.nl\/wp-content\/uploads\/2021\/01\/letna-beer-garden-prague-2018-041-768x511.jpg 768w, https:\/\/oldehanhoff.nl\/wp-content\/uploads\/2021\/01\/letna-beer-garden-prague-2018-041-150x100.jpg 150w\" sizes=\"auto, (max-width: 1000px) 100vw, 1000px\" \/><\/figure>\n\n\n\n<h5 class=\"wp-block-heading\"><strong>Biergarten Letna-Schl\u00f6sschen<\/strong><\/h5>\n\n\n\n<p>Letna is een heel mooi park. Je kunt er goed wandelen en je hebt er een prachtig uitzicht over Praag. In de biertuin kun je voor \u20ac1,60 een halve liter bier kopen. Je kunt er gezellig zitten. Het is erg leuk om je dag mee af te sluiten. Zeker een aanrader!<\/p>\n\n\n\n<p><strong>Adres:<\/strong>&nbsp;Letensk\u00e9 sady, 170 00 Praha 7-Letn\u00e1, Tsjechi\u00eb<\/p>\n\n\n\n<ul class=\"wp-block-list\"><li><a rel=\"noreferrer noopener\" href=\"http:\/\/www.letenskyzamecek.cz\/en\" target=\"_blank\">http:\/\/www.letenskyzamecek.cz\/en<\/a><\/li><li><a rel=\"noreferrer noopener\" href=\"https:\/\/www.facebook.com\/Letensk%C3%BD-z%C3%A1me%C4%8Dek-237956718103\/\" target=\"_blank\">https:\/\/www.facebook.com\/Letensk%C3%BD-z%C3%A1me%C4%8Dek-237956718103\/<\/a><\/li><li><a rel=\"noreferrer noopener\" href=\"https:\/\/www.instagram.com\/letensky.zamecek\/\" target=\"_blank\">https:\/\/www.instagram.com\/letensky.zamecek\/<\/a><\/li><li><a href=\"https:\/\/www.praguebeergarden.com\/pubs\/post\/letna-beer-garden\">https:\/\/www.praguebeergarden.com\/pubs\/post\/letna-beer-garden<\/a><\/li><li><a href=\"https:\/\/hellojetlag.com\/letna-beer-garden-prague\/\" target=\"_blank\" rel=\"noreferrer noopener\">https:\/\/hellojetlag.com\/letna-beer-garden-prague\/<\/a><\/li><\/ul>\n\n\n\n<figure class=\"wp-block-image size-large\"><img loading=\"lazy\" decoding=\"async\" width=\"840\" height=\"460\" src=\"https:\/\/oldehanhoff.nl\/wp-content\/uploads\/2021\/01\/11.jpg\" alt=\"\" class=\"wp-image-16132\" srcset=\"https:\/\/oldehanhoff.nl\/wp-content\/uploads\/2021\/01\/11.jpg 840w, https:\/\/oldehanhoff.nl\/wp-content\/uploads\/2021\/01\/11-300x164.jpg 300w, https:\/\/oldehanhoff.nl\/wp-content\/uploads\/2021\/01\/11-768x421.jpg 768w, https:\/\/oldehanhoff.nl\/wp-content\/uploads\/2021\/01\/11-150x82.jpg 150w\" sizes=\"auto, (max-width: 840px) 100vw, 840px\" \/><\/figure>\n\n\n\n<h5 class=\"wp-block-heading\"><strong>Dakterras Hotel U Prince<\/strong><\/h5>\n\n\n\n<p>Een minstens zo spectaculair uitzicht kun je verwachten op het dakterras van&nbsp;<strong>Hotel U Prince<\/strong>. Het vijfsterren hotel is gesitueerd in een prachtig gerenoveerd 12e eeuws pand aan het Oudestadsplein, tegenover de Astronomisch Uurwerk. Je kijkt uit over het historisch centrum van de Oude Stad. Aan je linkerhand kun je het huis zien waar de beroemde schrijver Franz Kafka opgroeide. Zowel Tsjechische als internationale specialiteiten zijn te vinden op de menukaart van Hotel U Pince.<\/p>\n\n\n\n<p><strong>Adres:<\/strong> Starom\u011bstsk\u00e9 n\u00e1m. 29, 110 00 Star\u00e9 M\u011bsto, Tsjechi\u00eb<\/p>\n\n\n\n<ul class=\"wp-block-list\"><li><a rel=\"noreferrer noopener\" href=\"https:\/\/hoteluprince.com\/en\/restaurants-and-bars\/terasa-u-prince\" target=\"_blank\" data-type=\"URL\" data-id=\"https:\/\/hoteluprince.com\/en\/restaurants-and-bars\/terasa-u-prince\">https:\/\/hoteluprince.com\/en\/<\/a><\/li><li><a rel=\"noreferrer noopener\" href=\"https:\/\/www.facebook.com\/HotelUPrincePrague\/\" target=\"_blank\">https:\/\/www.facebook.com\/HotelUPrincePrague\/<\/a><\/li><li><a href=\"https:\/\/www.instagram.com\/hoteluprince\/\" target=\"_blank\" rel=\"noreferrer noopener\">https:\/\/www.instagram.com\/hoteluprince\/<\/a><\/li><li><a rel=\"noreferrer noopener\" href=\"https:\/\/www.tsjechiexperience.nl\/diner-dakterras-u-prince-praag\" target=\"_blank\">https:\/\/www.tsjechiexperience.nl\/diner-dakterras-u-prince-praag<\/a><\/li><\/ul>\n\n\n\n<figure class=\"wp-block-image size-large\"><img loading=\"lazy\" decoding=\"async\" width=\"900\" height=\"584\" src=\"https:\/\/oldehanhoff.nl\/wp-content\/uploads\/2021\/01\/terasa-0051.jpg\" alt=\"\" class=\"wp-image-16138\" srcset=\"https:\/\/oldehanhoff.nl\/wp-content\/uploads\/2021\/01\/terasa-0051.jpg 900w, https:\/\/oldehanhoff.nl\/wp-content\/uploads\/2021\/01\/terasa-0051-300x195.jpg 300w, https:\/\/oldehanhoff.nl\/wp-content\/uploads\/2021\/01\/terasa-0051-768x498.jpg 768w, https:\/\/oldehanhoff.nl\/wp-content\/uploads\/2021\/01\/terasa-0051-150x97.jpg 150w\" sizes=\"auto, (max-width: 900px) 100vw, 900px\" \/><\/figure>\n\n\n\n<h5 class=\"wp-block-heading\"><strong>Pet\u0159\u00ednsk\u00e9 terasy \/ Beer garden Pet\u0159\u00edn<\/strong><\/h5>\n\n\n\n<p>Het gezellige restaurant met een prettige sfeer en een uniek uitzicht over Praag is ontworpen in de stijl van een hut en is te vinden op de helling van Pet\u0159\u00ednsk\u00e9 sady.&nbsp;In de zomer is er een panoramisch terras met een buitenbar en barbecuefaciliteiten.&nbsp;Hier kunt u genieten van klassieke Tsjechische gerechten en onder andere huisgemaakte desserts.<\/p>\n\n\n\n<figure class=\"wp-block-image size-large\"><img loading=\"lazy\" decoding=\"async\" width=\"1024\" height=\"762\" src=\"https:\/\/oldehanhoff.nl\/wp-content\/uploads\/2021\/01\/Beergarten-Petrin-1024x762.jpg\" alt=\"\" class=\"wp-image-16139\" srcset=\"https:\/\/oldehanhoff.nl\/wp-content\/uploads\/2021\/01\/Beergarten-Petrin-1024x762.jpg 1024w, https:\/\/oldehanhoff.nl\/wp-content\/uploads\/2021\/01\/Beergarten-Petrin-300x223.jpg 300w, https:\/\/oldehanhoff.nl\/wp-content\/uploads\/2021\/01\/Beergarten-Petrin-768x572.jpg 768w, https:\/\/oldehanhoff.nl\/wp-content\/uploads\/2021\/01\/Beergarten-Petrin-150x112.jpg 150w, https:\/\/oldehanhoff.nl\/wp-content\/uploads\/2021\/01\/Beergarten-Petrin.jpg 1237w\" sizes=\"auto, (max-width: 1024px) 100vw, 1024px\" \/><\/figure>\n\n\n\n<p>Naast dit restaurant bevind zich in de zomer ook een gezellige beergarten, welke van dezelfde eigenaar is als het naastgelegen restaurant.  De prijzen van het eten (snacks) en drinken (in plastic bekers) zijn hier natuurlijk lager dan in het restaurant, maar de kwaliteit is vergelijkbaar.<br>De sfeer is hier wel gemoedelijker, maar het uitzicht is ook hier net zo mooi als in het restaurant.<\/p>\n\n\n\n<p><strong>Adres:<\/strong> Pet\u0159\u00ednsk\u00e9 sady 393, 118 00 Praha 1, Tsjechi\u00eb<\/p>\n\n\n\n<ul class=\"wp-block-list\"><li><a rel=\"noreferrer noopener\" href=\"https:\/\/petrinsketerasy.cz\/cz\/\" target=\"_blank\">https:\/\/petrinsketerasy.cz\/cz\/<\/a><\/li><li><a rel=\"noreferrer noopener\" href=\"https:\/\/www.facebook.com\/petrinsketerasy\/\" target=\"_blank\">https:\/\/www.facebook.com\/petrinsketerasy\/<\/a><\/li><li><a rel=\"noreferrer noopener\" href=\"https:\/\/www.instagram.com\/restauracepetrinsketerasy\/?hl=af\" target=\"_blank\">https:\/\/www.instagram.com\/restauracepetrinsketerasy\/?hl=af<\/a><\/li><\/ul>\n\n\n\n<figure class=\"wp-block-image size-large\"><img loading=\"lazy\" decoding=\"async\" width=\"1024\" height=\"683\" src=\"https:\/\/oldehanhoff.nl\/wp-content\/uploads\/2021\/11\/254276707_3100981616804187_6576842582238481676_n1-1024x683.jpg\" alt=\"\" class=\"wp-image-22519\" srcset=\"https:\/\/oldehanhoff.nl\/wp-content\/uploads\/2021\/11\/254276707_3100981616804187_6576842582238481676_n1-1024x683.jpg 1024w, https:\/\/oldehanhoff.nl\/wp-content\/uploads\/2021\/11\/254276707_3100981616804187_6576842582238481676_n1-300x200.jpg 300w, https:\/\/oldehanhoff.nl\/wp-content\/uploads\/2021\/11\/254276707_3100981616804187_6576842582238481676_n1-768x512.jpg 768w, https:\/\/oldehanhoff.nl\/wp-content\/uploads\/2021\/11\/254276707_3100981616804187_6576842582238481676_n1-150x100.jpg 150w, https:\/\/oldehanhoff.nl\/wp-content\/uploads\/2021\/11\/254276707_3100981616804187_6576842582238481676_n1.jpg 1080w\" sizes=\"auto, (max-width: 1024px) 100vw, 1024px\" \/><\/figure>\n\n\n\n<h5 class=\"wp-block-heading\"><strong>Manifesto Market<\/strong><\/h5>\n\n\n\n<p>Manifesto Market is a hospitality concept for food, drink, and cultural experiences located in the heart of Prague that transformed a former deserted no-go zone into a vibrant place.<\/p>\n\n\n\n<p>Manifesto offers high-quality gastronomic concepts from Michelin restaurants accessible at street food prices as well as local microbrews and signature cocktails. It is 100% powered by renewable energy sources delivered by Nano Energies, and it has a zero-tolerance on plastic.<\/p>\n\n\n\n<p>The market is made by 27 containers and includes 20+ food concessions on one spot, offering from Czech to international specialties. The daily cultural program includes top local DJs, live music, performance, summer cinema, and classes.<\/p>\n\n\n\n<p> <strong>Adres:<\/strong> Na Florenci, 110 00 Praha 1-Nov\u00e9 M\u011bsto, Tsjechi\u00eb<\/p>\n\n\n\n<ul class=\"wp-block-list\"><li><a href=\"https:\/\/www.facebook.com\/manifesto.market\/\" target=\"_blank\" rel=\"noreferrer noopener\">https:\/\/www.facebook.com\/manifesto.market\/<\/a><\/li><li><a href=\"https:\/\/www.manifestomarket.com\" target=\"_blank\" rel=\"noreferrer noopener\">https:\/\/www.manifestomarket.com<\/a><\/li><\/ul>\n\n\n\n<hr class=\"wp-block-separator\"\/>\n\n\n\n<h5 class=\"wp-block-heading\">Restaurants with a view:<\/h5>\n\n\n\n<ul class=\"wp-block-list\"><li><a rel=\"noreferrer noopener\" href=\"https:\/\/www.roadiscalling.com\/prague-restaurants-with-a-view\/\" target=\"_blank\">https:\/\/www.roadiscalling.com\/prague-restaurants-with-a-view\/<\/a><\/li><li><a rel=\"noreferrer noopener\" href=\"https:\/\/www.eatingeurope.com\/blog\/prague-restaurants-view\/\" target=\"_blank\">https:\/\/www.eatingeurope.com\/blog\/prague-restaurants-view\/<\/a><\/li><li><a rel=\"noreferrer noopener\" href=\"https:\/\/thewanderingwanderluster.com\/pragues-top-restaurants-with-a-view\/\" target=\"_blank\">https:\/\/thewanderingwanderluster.com\/pragues-top-restaurants-with-a-view\/<\/a><\/li><li><a rel=\"noreferrer noopener\" href=\"https:\/\/www.evisions-advertising.com\/blog-2018-11-01-rooftop-restaurants-and-bars-with-astonishing-views-of-prague\/\" target=\"_blank\">https:\/\/www.evisions-advertising.com\/blog-2018-11-01-rooftop-restaurants-and-bars-with-astonishing-views-of-prague\/<\/a><\/li><li><a rel=\"noreferrer noopener\" href=\"https:\/\/blog.businesstripfriend.com\/article\/the-13-best-rooftop-restaurants-in-prague\" target=\"_blank\">https:\/\/blog.businesstripfriend.com\/article\/the-13-best-rooftop-restaurants-in-prague<\/a><\/li><li><a href=\"http:\/\/www.weekendjenaarpraag.nl\/eten-met-uitzicht\/\" target=\"_blank\" rel=\"noreferrer noopener\">http:\/\/www.weekendjenaarpraag.nl\/eten-met-uitzicht\/<\/a><\/li><\/ul>\n\n\n\n<hr class=\"wp-block-separator\"\/>\n\n\n\n<p><\/p>\n\n\n\n<h5 class=\"wp-block-heading\">Lunch:<\/h5>\n\n\n\n<ul class=\"wp-block-list\"><li><a href=\"https:\/\/www.ontdekpraag.nl\/praag-tips\/lunchen-praag\/\" target=\"_blank\" rel=\"noreferrer noopener\">https:\/\/www.ontdekpraag.nl\/praag-tips\/lunchen-praag\/<\/a><\/li><li><a href=\"https:\/\/www.triptalk.nl\/tsjechie\/praag\/eten-en-drinken-praag\/lunchen-praag\/\" target=\"_blank\" rel=\"noreferrer noopener\">https:\/\/www.triptalk.nl\/tsjechie\/praag\/eten-en-drinken-praag\/lunchen-praag\/<\/a><\/li><li><a href=\"https:\/\/www.wearetravellers.nl\/europa\/tsjechie\/hotspots-praag-hippe-restaurants\/\" target=\"_blank\" rel=\"noreferrer noopener\">https:\/\/www.wearetravellers.nl\/europa\/tsjechie\/hotspots-praag-hippe-restaurants\/<\/a><\/li><li><a href=\"https:\/\/www.laurabrijde.com\/eten-praag-tips\/\" target=\"_blank\" rel=\"noreferrer noopener\">https:\/\/www.laurabrijde.com\/eten-praag-tips\/<\/a><\/li><li><a href=\"https:\/\/www.mapofjoy.nl\/leuke-betaalbare-food-hotspots-praag\/\" target=\"_blank\" rel=\"noreferrer noopener\">https:\/\/www.mapofjoy.nl\/leuke-betaalbare-food-hotspots-praag\/<\/a><\/li><li><a href=\"https:\/\/www.expeditieaardbol.nl\/uit-eten-praag-restaurants\/\" target=\"_blank\" rel=\"noreferrer noopener\">https:\/\/www.expeditieaardbol.nl\/uit-eten-praag-restaurants\/<\/a><\/li><li><a href=\"https:\/\/www.bartsboekje.com\/restaurants-praag\/\" target=\"_blank\" rel=\"noreferrer noopener\">https:\/\/www.bartsboekje.com\/restaurants-praag\/<\/a><\/li><li><a href=\"https:\/\/www.timetomomo.com\/nl\/5x-lunchen-voor-5-euro\/\" target=\"_blank\" rel=\"noreferrer noopener\">https:\/\/www.timetomomo.com\/nl\/5x-lunchen-voor-5-euro\/<\/a><\/li><li><a href=\"https:\/\/www.elleeten.nl\/hotspots\/buitenland\/a24836476\/praag-restaurants-uit-eten-stedentrip-tips-eten-in-praag\/\" target=\"_blank\" rel=\"noreferrer noopener\">https:\/\/www.elleeten.nl\/hotspots\/buitenland\/a24836476\/praag-restaurants-uit-eten-stedentrip-tips-eten-in-praag\/<\/a><\/li><\/ul>\n\n\n\n<hr class=\"wp-block-separator\"\/>\n\n\n\n<h5 class=\"wp-block-heading\">IJS:<\/h5>\n\n\n\n<ul class=\"wp-block-list\"><li><a href=\"https:\/\/www.tasteofprague.com\/pragueblog\/best-ice-cream-in-prague\" target=\"_blank\" rel=\"noreferrer noopener\">https:\/\/www.tasteofprague.com\/pragueblog\/best-ice-cream-in-prague<\/a><\/li><li><a href=\"https:\/\/www.viewfromprague.com\/best-ice-cream-in-prague\/\" target=\"_blank\" rel=\"noreferrer noopener\">https:\/\/www.viewfromprague.com\/best-ice-cream-in-prague\/<\/a><\/li><\/ul>\n\n\n\n<p><\/p>\n","protected":false},"excerpt":{"rendered":"<p>Hard Rock Cafe Prague Hard Rock Cafe Prague, one of Europe&#8217;s largest Hard Rock Cafes, is situated in the four-story V. J. Rott building, which features a beautifully decorated neo-Renaissance fa\u00e7ade with colorful frescos. The 1,900-square-meter cafe is spread across three levels and a basement, and includes three vibrant bars,\u2026<\/p>\n<p class=\"continue-reading-button\"> <a class=\"continue-reading-link\" href=\"https:\/\/oldehanhoff.nl\/?page_id=16061\">Lees verder<i class=\"crycon-right-dir\"><\/i><\/a><\/p>\n","protected":false},"author":1,"featured_media":0,"parent":15976,"menu_order":0,"comment_status":"closed","ping_status":"closed","template":"","meta":{"_uag_custom_page_level_css":"","footnotes":"","_links_to":"","_links_to_target":""},"class_list":["post-16061","page","type-page","status-publish","hentry"],"uagb_featured_image_src":{"full":false,"thumbnail":false,"medium":false,"medium_large":false,"large":false,"1536x1536":false,"2048x2048":false,"custom":false,"post-thumbnail":false,"header":false,"slider":false,"columns":false},"uagb_author_info":{"display_name":"Eddy","author_link":"https:\/\/oldehanhoff.nl\/?author=1"},"uagb_comment_info":0,"uagb_excerpt":"Hard Rock Cafe Prague Hard Rock Cafe Prague, one of Europe&#8217;s largest Hard Rock Cafes, is situated in the four-story V. J. Rott building, which features a beautifully decorated neo-Renaissance fa\u00e7ade with colorful frescos. The 1,900-square-meter cafe is spread across three levels and a basement, and includes three vibrant bars,\u2026 Lees verder","_links":{"self":[{"href":"https:\/\/oldehanhoff.nl\/index.php?rest_route=\/wp\/v2\/pages\/16061","targetHints":{"allow":["GET"]}}],"collection":[{"href":"https:\/\/oldehanhoff.nl\/index.php?rest_route=\/wp\/v2\/pages"}],"about":[{"href":"https:\/\/oldehanhoff.nl\/index.php?rest_route=\/wp\/v2\/types\/page"}],"author":[{"embeddable":true,"href":"https:\/\/oldehanhoff.nl\/index.php?rest_route=\/wp\/v2\/users\/1"}],"replies":[{"embeddable":true,"href":"https:\/\/oldehanhoff.nl\/index.php?rest_route=%2Fwp%2Fv2%2Fcomments&post=16061"}],"version-history":[{"count":16,"href":"https:\/\/oldehanhoff.nl\/index.php?rest_route=\/wp\/v2\/pages\/16061\/revisions"}],"predecessor-version":[{"id":22521,"href":"https:\/\/oldehanhoff.nl\/index.php?rest_route=\/wp\/v2\/pages\/16061\/revisions\/22521"}],"up":[{"embeddable":true,"href":"https:\/\/oldehanhoff.nl\/index.php?rest_route=\/wp\/v2\/pages\/15976"}],"wp:attachment":[{"href":"https:\/\/oldehanhoff.nl\/index.php?rest_route=%2Fwp%2Fv2%2Fmedia&parent=16061"}],"curies":[{"name":"wp","href":"https:\/\/api.w.org\/{rel}","templated":true}]}}