{"id":16025,"date":"2021-01-07T10:16:48","date_gmt":"2021-01-07T09:16:48","guid":{"rendered":"https:\/\/oldehanhoff.nl\/?page_id=16025"},"modified":"2021-01-07T10:51:19","modified_gmt":"2021-01-07T09:51:19","slug":"pilsen","status":"publish","type":"page","link":"https:\/\/oldehanhoff.nl\/?page_id=16025","title":{"rendered":"Pilsen"},"content":{"rendered":"\n<figure class=\"wp-block-image size-large\"><img loading=\"lazy\" decoding=\"async\" width=\"1024\" height=\"768\" src=\"https:\/\/oldehanhoff.nl\/wp-content\/uploads\/2021\/01\/1024px-View_St_Bartholomew_Plzen_1131.jpg\" alt=\"\" class=\"wp-image-16044\" srcset=\"https:\/\/oldehanhoff.nl\/wp-content\/uploads\/2021\/01\/1024px-View_St_Bartholomew_Plzen_1131.jpg 1024w, https:\/\/oldehanhoff.nl\/wp-content\/uploads\/2021\/01\/1024px-View_St_Bartholomew_Plzen_1131-300x225.jpg 300w, https:\/\/oldehanhoff.nl\/wp-content\/uploads\/2021\/01\/1024px-View_St_Bartholomew_Plzen_1131-768x576.jpg 768w, https:\/\/oldehanhoff.nl\/wp-content\/uploads\/2021\/01\/1024px-View_St_Bartholomew_Plzen_1131-150x113.jpg 150w\" sizes=\"auto, (max-width: 1024px) 100vw, 1024px\" \/><\/figure>\n\n\n\n<p><strong>Pilsen<\/strong>\u00a0(Tsjechisch:\u00a0<em>Plze\u0148<\/em>) is een stad in het westen van\u00a0Tsjechi\u00eb. Het is de hoofdstad van de\u00a0gelijknamige regio. Met 162.627 inwoners is het de vierde stad van het land, na\u00a0Praag,\u00a0Brno\u00a0en\u00a0Ostrava. De stad is bekend geworden als bakermat en naamgever van de\u00a0pils, welke gebrouwen word door de <a href=\"https:\/\/oldehanhoff.nl\/?page_id=16028\">Pilsner Urquell brouwerij<\/a>.<br>In het jaar 1859 zorgde de oprichting van de machinebouwfabriek\u00a0\u0160koda\u00a0voor een enorme economische heropleving.<\/p>\n\n\n\n<figure class=\"wp-block-image size-large\"><img loading=\"lazy\" decoding=\"async\" width=\"1024\" height=\"768\" src=\"https:\/\/oldehanhoff.nl\/wp-content\/uploads\/2021\/01\/1024px-PilsenCityHall1.jpg\" alt=\"\" class=\"wp-image-16046\" srcset=\"https:\/\/oldehanhoff.nl\/wp-content\/uploads\/2021\/01\/1024px-PilsenCityHall1.jpg 1024w, https:\/\/oldehanhoff.nl\/wp-content\/uploads\/2021\/01\/1024px-PilsenCityHall1-300x225.jpg 300w, https:\/\/oldehanhoff.nl\/wp-content\/uploads\/2021\/01\/1024px-PilsenCityHall1-768x576.jpg 768w, https:\/\/oldehanhoff.nl\/wp-content\/uploads\/2021\/01\/1024px-PilsenCityHall1-150x113.jpg 150w\" sizes=\"auto, (max-width: 1024px) 100vw, 1024px\" \/><\/figure>\n\n\n\n<div class=\"wp-block-image\"><figure class=\"alignleft size-large is-resized\"><img loading=\"lazy\" decoding=\"async\" src=\"https:\/\/oldehanhoff.nl\/wp-content\/uploads\/2021\/01\/800px-Katedrala_svateho_Bartolomeje1-773x1024.jpg\" alt=\"\" class=\"wp-image-16048\" width=\"350\" height=\"256\"\/><\/figure><\/div>\n\n\n\n<p>In 1295 is het huidige Pilsen gesticht door koning Wenceslaus II.<br>Het werd een stad uitgestrekt over 20 hectare met een rechthoekig ontwerp van 15 straten en een\u00a0marktplein. Dit hoofdplein, het\u00a0N\u00e1m\u011bst\u00ed Republiky, is met een grootte van 193 bij 139 meter een van de grootste van Europa en ook de breedte van de straten was naar middeleeuwse maatstaven ongewoon groot.<\/p>\n\n\n\n<p>Veel van de belangrijkste bezienswaardigheden van de stad zijn gelegen aan het N\u00e1m\u011bst\u00ed Republiky, waarvan de meest in het oog springende de\u00a0St. Bartholome\u00fcskathedraal\u00a0is. <br>Verder is het gemeentehuis aan het plein gevestigd, alsmede het\u00a0<em>Keizerlijk Huis<\/em>\u00a0(<em>C\u00edsa\u0159sk\u00fd d\u016fm<\/em>) van\u00a0keizer Rudolf II. Dit laatste gebouw heeft de functie van toeristisch informatiecentrum.<\/p>\n","protected":false},"excerpt":{"rendered":"<p>Pilsen\u00a0(Tsjechisch:\u00a0Plze\u0148) is een stad in het westen van\u00a0Tsjechi\u00eb. Het is de hoofdstad van de\u00a0gelijknamige regio. Met 162.627 inwoners is het de vierde stad van het land, na\u00a0Praag,\u00a0Brno\u00a0en\u00a0Ostrava. De stad is bekend geworden als bakermat en naamgever van de\u00a0pils, welke gebrouwen word door de Pilsner Urquell brouwerij.In het jaar 1859 zorgde\u2026<\/p>\n<p class=\"continue-reading-button\"> <a class=\"continue-reading-link\" href=\"https:\/\/oldehanhoff.nl\/?page_id=16025\">Lees verder<i class=\"crycon-right-dir\"><\/i><\/a><\/p>\n","protected":false},"author":1,"featured_media":0,"parent":15976,"menu_order":0,"comment_status":"closed","ping_status":"closed","template":"","meta":{"_uag_custom_page_level_css":"","footnotes":"","_links_to":"","_links_to_target":""},"class_list":["post-16025","page","type-page","status-publish","hentry"],"uagb_featured_image_src":{"full":false,"thumbnail":false,"medium":false,"medium_large":false,"large":false,"1536x1536":false,"2048x2048":false,"custom":false,"post-thumbnail":false,"header":false,"slider":false,"columns":false},"uagb_author_info":{"display_name":"Eddy","author_link":"https:\/\/oldehanhoff.nl\/?author=1"},"uagb_comment_info":0,"uagb_excerpt":"Pilsen\u00a0(Tsjechisch:\u00a0Plze\u0148) is een stad in het westen van\u00a0Tsjechi\u00eb. Het is de hoofdstad van de\u00a0gelijknamige regio. Met 162.627 inwoners is het de vierde stad van het land, na\u00a0Praag,\u00a0Brno\u00a0en\u00a0Ostrava. De stad is bekend geworden als bakermat en naamgever van de\u00a0pils, welke gebrouwen word door de Pilsner Urquell brouwerij.In het jaar 1859 zorgde\u2026 Lees verder","_links":{"self":[{"href":"https:\/\/oldehanhoff.nl\/index.php?rest_route=\/wp\/v2\/pages\/16025","targetHints":{"allow":["GET"]}}],"collection":[{"href":"https:\/\/oldehanhoff.nl\/index.php?rest_route=\/wp\/v2\/pages"}],"about":[{"href":"https:\/\/oldehanhoff.nl\/index.php?rest_route=\/wp\/v2\/types\/page"}],"author":[{"embeddable":true,"href":"https:\/\/oldehanhoff.nl\/index.php?rest_route=\/wp\/v2\/users\/1"}],"replies":[{"embeddable":true,"href":"https:\/\/oldehanhoff.nl\/index.php?rest_route=%2Fwp%2Fv2%2Fcomments&post=16025"}],"version-history":[{"count":10,"href":"https:\/\/oldehanhoff.nl\/index.php?rest_route=\/wp\/v2\/pages\/16025\/revisions"}],"predecessor-version":[{"id":16057,"href":"https:\/\/oldehanhoff.nl\/index.php?rest_route=\/wp\/v2\/pages\/16025\/revisions\/16057"}],"up":[{"embeddable":true,"href":"https:\/\/oldehanhoff.nl\/index.php?rest_route=\/wp\/v2\/pages\/15976"}],"wp:attachment":[{"href":"https:\/\/oldehanhoff.nl\/index.php?rest_route=%2Fwp%2Fv2%2Fmedia&parent=16025"}],"curies":[{"name":"wp","href":"https:\/\/api.w.org\/{rel}","templated":true}]}}