{"id":16000,"date":"2021-01-07T08:38:41","date_gmt":"2021-01-07T07:38:41","guid":{"rendered":"https:\/\/oldehanhoff.nl\/?page_id=16000"},"modified":"2021-01-09T12:49:34","modified_gmt":"2021-01-09T11:49:34","slug":"mooiste-uitzichten-over-praag","status":"publish","type":"page","link":"https:\/\/oldehanhoff.nl\/?page_id=16000","title":{"rendered":"Mooiste uitzichten over Praag"},"content":{"rendered":"\n<h5 class=\"wp-block-heading\"><strong>Letna Park<\/strong><\/h5>\n\n\n\n<figure class=\"wp-block-image size-large\"><img loading=\"lazy\" decoding=\"async\" width=\"1024\" height=\"679\" src=\"https:\/\/oldehanhoff.nl\/wp-content\/uploads\/2021\/01\/DSC_09961-1024x679.jpg\" alt=\"\" class=\"wp-image-16117\" srcset=\"https:\/\/oldehanhoff.nl\/wp-content\/uploads\/2021\/01\/DSC_09961-1024x679.jpg 1024w, https:\/\/oldehanhoff.nl\/wp-content\/uploads\/2021\/01\/DSC_09961-300x199.jpg 300w, https:\/\/oldehanhoff.nl\/wp-content\/uploads\/2021\/01\/DSC_09961-768x509.jpg 768w, https:\/\/oldehanhoff.nl\/wp-content\/uploads\/2021\/01\/DSC_09961-1536x1019.jpg 1536w, https:\/\/oldehanhoff.nl\/wp-content\/uploads\/2021\/01\/DSC_09961-150x99.jpg 150w, https:\/\/oldehanhoff.nl\/wp-content\/uploads\/2021\/01\/DSC_09961.jpg 2048w\" sizes=\"auto, (max-width: 1024px) 100vw, 1024px\" \/><\/figure>\n\n\n\n<h5 class=\"wp-block-heading\"><strong>Strahov klooster<\/strong><\/h5>\n\n\n\n<figure class=\"wp-block-image size-large\"><img loading=\"lazy\" decoding=\"async\" width=\"1024\" height=\"683\" src=\"https:\/\/oldehanhoff.nl\/wp-content\/uploads\/2021\/01\/DSC_11871-1024x683.jpg\" alt=\"\" class=\"wp-image-16119\" srcset=\"https:\/\/oldehanhoff.nl\/wp-content\/uploads\/2021\/01\/DSC_11871-1024x683.jpg 1024w, https:\/\/oldehanhoff.nl\/wp-content\/uploads\/2021\/01\/DSC_11871-300x200.jpg 300w, https:\/\/oldehanhoff.nl\/wp-content\/uploads\/2021\/01\/DSC_11871-768x512.jpg 768w, https:\/\/oldehanhoff.nl\/wp-content\/uploads\/2021\/01\/DSC_11871-1536x1024.jpg 1536w, https:\/\/oldehanhoff.nl\/wp-content\/uploads\/2021\/01\/DSC_11871-150x100.jpg 150w, https:\/\/oldehanhoff.nl\/wp-content\/uploads\/2021\/01\/DSC_11871.jpg 2048w\" sizes=\"auto, (max-width: 1024px) 100vw, 1024px\" \/><\/figure>\n\n\n\n<h5 class=\"wp-block-heading\"><strong>Pet\u0159\u00edn heuvel\u00a0&amp; Uitkijktoren<\/strong><\/h5>\n\n\n\n<figure class=\"wp-block-image size-large\"><img loading=\"lazy\" decoding=\"async\" width=\"1024\" height=\"768\" src=\"https:\/\/oldehanhoff.nl\/wp-content\/uploads\/2021\/01\/pohled-z-petrinske-rozhledny1-1024x768.jpg\" alt=\"\" class=\"wp-image-16120\" srcset=\"https:\/\/oldehanhoff.nl\/wp-content\/uploads\/2021\/01\/pohled-z-petrinske-rozhledny1-1024x768.jpg 1024w, https:\/\/oldehanhoff.nl\/wp-content\/uploads\/2021\/01\/pohled-z-petrinske-rozhledny1-300x225.jpg 300w, https:\/\/oldehanhoff.nl\/wp-content\/uploads\/2021\/01\/pohled-z-petrinske-rozhledny1-768x576.jpg 768w, https:\/\/oldehanhoff.nl\/wp-content\/uploads\/2021\/01\/pohled-z-petrinske-rozhledny1-1536x1152.jpg 1536w, https:\/\/oldehanhoff.nl\/wp-content\/uploads\/2021\/01\/pohled-z-petrinske-rozhledny1-2048x1536.jpg 2048w, https:\/\/oldehanhoff.nl\/wp-content\/uploads\/2021\/01\/pohled-z-petrinske-rozhledny1-150x113.jpg 150w\" sizes=\"auto, (max-width: 1024px) 100vw, 1024px\" \/><\/figure>\n\n\n\n<h5 class=\"wp-block-heading\"><strong><strong><strong>Vy\u0161ehrad<\/strong><\/strong><\/strong><\/h5>\n\n\n\n<figure class=\"wp-block-image size-large\"><img loading=\"lazy\" decoding=\"async\" width=\"1000\" height=\"666\" src=\"https:\/\/oldehanhoff.nl\/wp-content\/uploads\/2021\/01\/Uitzicht-vanaf-Vysehrad1.jpg\" alt=\"\" class=\"wp-image-16124\" srcset=\"https:\/\/oldehanhoff.nl\/wp-content\/uploads\/2021\/01\/Uitzicht-vanaf-Vysehrad1.jpg 1000w, https:\/\/oldehanhoff.nl\/wp-content\/uploads\/2021\/01\/Uitzicht-vanaf-Vysehrad1-300x200.jpg 300w, https:\/\/oldehanhoff.nl\/wp-content\/uploads\/2021\/01\/Uitzicht-vanaf-Vysehrad1-768x511.jpg 768w, https:\/\/oldehanhoff.nl\/wp-content\/uploads\/2021\/01\/Uitzicht-vanaf-Vysehrad1-150x100.jpg 150w\" sizes=\"auto, (max-width: 1000px) 100vw, 1000px\" \/><\/figure>\n\n\n\n<h5 class=\"wp-block-heading\"><strong>De Praagse burcht &amp; heuvel\u00a0<\/strong><\/h5>\n\n\n\n<figure class=\"wp-block-image size-large\"><img loading=\"lazy\" decoding=\"async\" width=\"1000\" height=\"675\" src=\"https:\/\/oldehanhoff.nl\/wp-content\/uploads\/2021\/01\/Mooiste-uitzichten-Praag-Tsjechie-Praagse-Burcht1.jpeg\" alt=\"\" class=\"wp-image-16121\" srcset=\"https:\/\/oldehanhoff.nl\/wp-content\/uploads\/2021\/01\/Mooiste-uitzichten-Praag-Tsjechie-Praagse-Burcht1.jpeg 1000w, https:\/\/oldehanhoff.nl\/wp-content\/uploads\/2021\/01\/Mooiste-uitzichten-Praag-Tsjechie-Praagse-Burcht1-300x203.jpeg 300w, https:\/\/oldehanhoff.nl\/wp-content\/uploads\/2021\/01\/Mooiste-uitzichten-Praag-Tsjechie-Praagse-Burcht1-768x518.jpeg 768w, https:\/\/oldehanhoff.nl\/wp-content\/uploads\/2021\/01\/Mooiste-uitzichten-Praag-Tsjechie-Praagse-Burcht1-150x101.jpeg 150w\" sizes=\"auto, (max-width: 1000px) 100vw, 1000px\" \/><\/figure>\n\n\n\n<h5 class=\"wp-block-heading\"><strong>St. Vituskerk<\/strong> (Kathedraal van Praag)<\/h5>\n\n\n\n<figure class=\"wp-block-image size-large\"><img loading=\"lazy\" decoding=\"async\" width=\"1024\" height=\"761\" src=\"https:\/\/oldehanhoff.nl\/wp-content\/uploads\/2021\/01\/uitzicht-vanaf-kathedraal-van-praag-1024x761.jpg\" alt=\"\" class=\"wp-image-16130\" srcset=\"https:\/\/oldehanhoff.nl\/wp-content\/uploads\/2021\/01\/uitzicht-vanaf-kathedraal-van-praag-1024x761.jpg 1024w, https:\/\/oldehanhoff.nl\/wp-content\/uploads\/2021\/01\/uitzicht-vanaf-kathedraal-van-praag-300x223.jpg 300w, https:\/\/oldehanhoff.nl\/wp-content\/uploads\/2021\/01\/uitzicht-vanaf-kathedraal-van-praag-768x571.jpg 768w, https:\/\/oldehanhoff.nl\/wp-content\/uploads\/2021\/01\/uitzicht-vanaf-kathedraal-van-praag-150x112.jpg 150w, https:\/\/oldehanhoff.nl\/wp-content\/uploads\/2021\/01\/uitzicht-vanaf-kathedraal-van-praag.jpg 1239w\" sizes=\"auto, (max-width: 1024px) 100vw, 1024px\" \/><\/figure>\n\n\n\n<h5 class=\"wp-block-heading\"><strong><strong><strong><strong><strong>De Karelsbrug\u00a0<\/strong><\/strong><\/strong><\/strong><\/strong>toren (<strong>Old Town Bridge Tower<\/strong>)<\/h5>\n\n\n\n<figure class=\"wp-block-image size-large\"><img loading=\"lazy\" decoding=\"async\" width=\"1000\" height=\"669\" src=\"https:\/\/oldehanhoff.nl\/wp-content\/uploads\/2021\/01\/Mooiste-uitzichten-Praag-Tsjechie-Lesser-Town-Bridge-Tower1.jpeg\" alt=\"\" class=\"wp-image-16122\" srcset=\"https:\/\/oldehanhoff.nl\/wp-content\/uploads\/2021\/01\/Mooiste-uitzichten-Praag-Tsjechie-Lesser-Town-Bridge-Tower1.jpeg 1000w, https:\/\/oldehanhoff.nl\/wp-content\/uploads\/2021\/01\/Mooiste-uitzichten-Praag-Tsjechie-Lesser-Town-Bridge-Tower1-300x201.jpeg 300w, https:\/\/oldehanhoff.nl\/wp-content\/uploads\/2021\/01\/Mooiste-uitzichten-Praag-Tsjechie-Lesser-Town-Bridge-Tower1-768x514.jpeg 768w, https:\/\/oldehanhoff.nl\/wp-content\/uploads\/2021\/01\/Mooiste-uitzichten-Praag-Tsjechie-Lesser-Town-Bridge-Tower1-150x100.jpeg 150w\" sizes=\"auto, (max-width: 1000px) 100vw, 1000px\" \/><\/figure>\n\n\n\n<h5 class=\"wp-block-heading\"><strong>De klokkentoren\u00a0van het oude raadhuis<\/strong><\/h5>\n\n\n\n<figure class=\"wp-block-image size-large\"><img loading=\"lazy\" decoding=\"async\" width=\"1024\" height=\"683\" src=\"https:\/\/oldehanhoff.nl\/wp-content\/uploads\/2021\/01\/DSC_13251-1024x683.jpg\" alt=\"\" class=\"wp-image-16125\" srcset=\"https:\/\/oldehanhoff.nl\/wp-content\/uploads\/2021\/01\/DSC_13251-1024x683.jpg 1024w, https:\/\/oldehanhoff.nl\/wp-content\/uploads\/2021\/01\/DSC_13251-300x200.jpg 300w, https:\/\/oldehanhoff.nl\/wp-content\/uploads\/2021\/01\/DSC_13251-768x512.jpg 768w, https:\/\/oldehanhoff.nl\/wp-content\/uploads\/2021\/01\/DSC_13251-1536x1024.jpg 1536w, https:\/\/oldehanhoff.nl\/wp-content\/uploads\/2021\/01\/DSC_13251-150x100.jpg 150w, https:\/\/oldehanhoff.nl\/wp-content\/uploads\/2021\/01\/DSC_13251.jpg 2048w\" sizes=\"auto, (max-width: 1024px) 100vw, 1024px\" \/><\/figure>\n\n\n\n<h5 class=\"wp-block-heading\"><strong>V\u00edtkov Nationaal Monument<\/strong><\/h5>\n\n\n\n<figure class=\"wp-block-image size-large\"><img loading=\"lazy\" decoding=\"async\" width=\"1000\" height=\"669\" src=\"https:\/\/oldehanhoff.nl\/wp-content\/uploads\/2021\/01\/Mooiste-uitzichten-Praag-Tsjechie-Vitkov-Nationaal-Monument-11.jpeg\" alt=\"\" class=\"wp-image-16123\" srcset=\"https:\/\/oldehanhoff.nl\/wp-content\/uploads\/2021\/01\/Mooiste-uitzichten-Praag-Tsjechie-Vitkov-Nationaal-Monument-11.jpeg 1000w, https:\/\/oldehanhoff.nl\/wp-content\/uploads\/2021\/01\/Mooiste-uitzichten-Praag-Tsjechie-Vitkov-Nationaal-Monument-11-300x201.jpeg 300w, https:\/\/oldehanhoff.nl\/wp-content\/uploads\/2021\/01\/Mooiste-uitzichten-Praag-Tsjechie-Vitkov-Nationaal-Monument-11-768x514.jpeg 768w, https:\/\/oldehanhoff.nl\/wp-content\/uploads\/2021\/01\/Mooiste-uitzichten-Praag-Tsjechie-Vitkov-Nationaal-Monument-11-150x100.jpeg 150w\" sizes=\"auto, (max-width: 1000px) 100vw, 1000px\" \/><\/figure>\n\n\n\n<h5 class=\"wp-block-heading\"><strong>De Kruid Toren (Pra\u0161n\u00e1 br\u00e1na)<\/strong><\/h5>\n\n\n\n<figure class=\"wp-block-image size-large\"><img loading=\"lazy\" decoding=\"async\" width=\"935\" height=\"620\" src=\"https:\/\/oldehanhoff.nl\/wp-content\/uploads\/2021\/01\/Screenshot_3.png\" alt=\"\" class=\"wp-image-16131\" srcset=\"https:\/\/oldehanhoff.nl\/wp-content\/uploads\/2021\/01\/Screenshot_3.png 935w, https:\/\/oldehanhoff.nl\/wp-content\/uploads\/2021\/01\/Screenshot_3-300x199.png 300w, https:\/\/oldehanhoff.nl\/wp-content\/uploads\/2021\/01\/Screenshot_3-768x509.png 768w, https:\/\/oldehanhoff.nl\/wp-content\/uploads\/2021\/01\/Screenshot_3-150x99.png 150w\" sizes=\"auto, (max-width: 935px) 100vw, 935px\" \/><\/figure>\n\n\n\n<h5 class=\"wp-block-heading\"><strong>Dakterras U Prince Hotel<\/strong><\/h5>\n\n\n\n<figure class=\"wp-block-image size-large\"><img loading=\"lazy\" decoding=\"async\" width=\"840\" height=\"460\" src=\"https:\/\/oldehanhoff.nl\/wp-content\/uploads\/2021\/01\/11.jpg\" alt=\"\" class=\"wp-image-16132\" srcset=\"https:\/\/oldehanhoff.nl\/wp-content\/uploads\/2021\/01\/11.jpg 840w, https:\/\/oldehanhoff.nl\/wp-content\/uploads\/2021\/01\/11-300x164.jpg 300w, https:\/\/oldehanhoff.nl\/wp-content\/uploads\/2021\/01\/11-768x421.jpg 768w, https:\/\/oldehanhoff.nl\/wp-content\/uploads\/2021\/01\/11-150x82.jpg 150w\" sizes=\"auto, (max-width: 840px) 100vw, 840px\" \/><\/figure>\n\n\n\n<ul class=\"wp-block-list\"><li><a rel=\"noreferrer noopener\" href=\"https:\/\/travellersoftheworld.nl\/uitzichtpunten-van-praag\/\" target=\"_blank\">https:\/\/travellersoftheworld.nl\/uitzichtpunten-van-praag\/<\/a><\/li><li><a rel=\"noreferrer noopener\" href=\"https:\/\/travelmadness.nl\/mooiste-uitzichten-praag\/\" target=\"_blank\">https:\/\/travelmadness.nl\/mooiste-uitzichten-praag\/<\/a><\/li><li><a rel=\"noreferrer noopener\" href=\"https:\/\/www.opreismetco.nl\/tsjechie\/de-mooiste-uitzichten-in-praag\/\" target=\"_blank\">https:\/\/www.opreismetco.nl\/tsjechie\/de-mooiste-uitzichten-in-praag\/<\/a><\/li><li><a href=\"https:\/\/www.reisvormen.nl\/7-geweldige-uitkijkpunten-in-praag.htm\" target=\"_blank\" rel=\"noreferrer noopener\">https:\/\/www.reisvormen.nl\/7-geweldige-uitkijkpunten-in-praag.htm<\/a><\/li><\/ul>\n\n\n\n<p><\/p>\n","protected":false},"excerpt":{"rendered":"<p>Letna Park Strahov klooster Pet\u0159\u00edn heuvel\u00a0&amp; Uitkijktoren Vy\u0161ehrad De Praagse burcht &amp; heuvel\u00a0 St. Vituskerk (Kathedraal van Praag) De Karelsbrug\u00a0toren (Old Town Bridge Tower) De klokkentoren\u00a0van het oude raadhuis V\u00edtkov Nationaal Monument De Kruid Toren (Pra\u0161n\u00e1 br\u00e1na) Dakterras U Prince Hotel https:\/\/travellersoftheworld.nl\/uitzichtpunten-van-praag\/ https:\/\/travelmadness.nl\/mooiste-uitzichten-praag\/ https:\/\/www.opreismetco.nl\/tsjechie\/de-mooiste-uitzichten-in-praag\/ https:\/\/www.reisvormen.nl\/7-geweldige-uitkijkpunten-in-praag.htm<\/p>\n<p class=\"continue-reading-button\"> <a class=\"continue-reading-link\" href=\"https:\/\/oldehanhoff.nl\/?page_id=16000\">Lees verder<i class=\"crycon-right-dir\"><\/i><\/a><\/p>\n","protected":false},"author":1,"featured_media":0,"parent":15976,"menu_order":0,"comment_status":"closed","ping_status":"closed","template":"","meta":{"_uag_custom_page_level_css":"","footnotes":"","_links_to":"","_links_to_target":""},"class_list":["post-16000","page","type-page","status-publish","hentry"],"uagb_featured_image_src":{"full":false,"thumbnail":false,"medium":false,"medium_large":false,"large":false,"1536x1536":false,"2048x2048":false,"custom":false,"post-thumbnail":false,"header":false,"slider":false,"columns":false},"uagb_author_info":{"display_name":"Eddy","author_link":"https:\/\/oldehanhoff.nl\/?author=1"},"uagb_comment_info":0,"uagb_excerpt":"Letna Park Strahov klooster Pet\u0159\u00edn heuvel\u00a0&amp; Uitkijktoren Vy\u0161ehrad De Praagse burcht &amp; heuvel\u00a0 St. Vituskerk (Kathedraal van Praag) De Karelsbrug\u00a0toren (Old Town Bridge Tower) De klokkentoren\u00a0van het oude raadhuis V\u00edtkov Nationaal Monument De Kruid Toren (Pra\u0161n\u00e1 br\u00e1na) Dakterras U Prince Hotel https:\/\/travellersoftheworld.nl\/uitzichtpunten-van-praag\/ https:\/\/travelmadness.nl\/mooiste-uitzichten-praag\/ https:\/\/www.opreismetco.nl\/tsjechie\/de-mooiste-uitzichten-in-praag\/ https:\/\/www.reisvormen.nl\/7-geweldige-uitkijkpunten-in-praag.htm Lees verder","_links":{"self":[{"href":"https:\/\/oldehanhoff.nl\/index.php?rest_route=\/wp\/v2\/pages\/16000","targetHints":{"allow":["GET"]}}],"collection":[{"href":"https:\/\/oldehanhoff.nl\/index.php?rest_route=\/wp\/v2\/pages"}],"about":[{"href":"https:\/\/oldehanhoff.nl\/index.php?rest_route=\/wp\/v2\/types\/page"}],"author":[{"embeddable":true,"href":"https:\/\/oldehanhoff.nl\/index.php?rest_route=\/wp\/v2\/users\/1"}],"replies":[{"embeddable":true,"href":"https:\/\/oldehanhoff.nl\/index.php?rest_route=%2Fwp%2Fv2%2Fcomments&post=16000"}],"version-history":[{"count":7,"href":"https:\/\/oldehanhoff.nl\/index.php?rest_route=\/wp\/v2\/pages\/16000\/revisions"}],"predecessor-version":[{"id":16133,"href":"https:\/\/oldehanhoff.nl\/index.php?rest_route=\/wp\/v2\/pages\/16000\/revisions\/16133"}],"up":[{"embeddable":true,"href":"https:\/\/oldehanhoff.nl\/index.php?rest_route=\/wp\/v2\/pages\/15976"}],"wp:attachment":[{"href":"https:\/\/oldehanhoff.nl\/index.php?rest_route=%2Fwp%2Fv2%2Fmedia&parent=16000"}],"curies":[{"name":"wp","href":"https:\/\/api.w.org\/{rel}","templated":true}]}}