{"id":15974,"date":"2021-01-07T07:50:30","date_gmt":"2021-01-07T06:50:30","guid":{"rendered":"https:\/\/oldehanhoff.nl\/?page_id=15974"},"modified":"2021-01-08T17:38:30","modified_gmt":"2021-01-08T16:38:30","slug":"openbaar-vervoer-in-praag","status":"publish","type":"page","link":"https:\/\/oldehanhoff.nl\/?page_id=15974","title":{"rendered":"Openbaar vervoer in Praag"},"content":{"rendered":"\n<p>De stad Praag beschikt over een uitgebreid metro-, tram- en busnetwerk. <br>Zo kent de metro van Praag drie lijnen die allen het oude centrum van de stad doorkruisen.&nbsp;In het oude centrum zult u weinig trams en bussen vinden, dit komt door de vele oude en smalle straatjes. <br>Net iets buiten het historische centrum vindt u wel veel bus- en tramlijnen. <br>Het vliegveld van de stad&nbsp;<a rel=\"noreferrer noopener\" href=\"https:\/\/www.vliegveldinfo.nl\/vliegvelden\/praag-airport\/\" target=\"_blank\">Praag Airport<\/a>&nbsp;is alleen bereikbaar per bus, waarna je je reis eventueel wel kunt vervolgen met tram of metro.<\/p>\n\n\n\n<h2 class=\"wp-block-heading\">Tickets openbaar vervoer Praag<\/h2>\n\n\n\n<p>Kaartjes voor het openbaar vervoer in Praag zijn altijd geldig voor alle metro\u2019s, trams, bussen \u00e9n treindiensten binnen de stadsgrenzen van Praag.<\/p>\n\n\n\n<p>De kaartjes zijn volledig op tijd gebaseerd; je koopt bijvoorbeeld een 30 minuten kaartje waarmee je dan dus 30 minuten lang op alle OV-middelen kunt stappen die je wilt.<\/p>\n\n\n\n<p>In Praag zelf heb je meestal genoeg aan een ticket voor 30 minuten (24 CZK, iets minder dan een Euro) maar je kunt ook een kaartje kopen dat 90 minuten geldig is (32 CZK, ongeveer \u20ac 1,25).<\/p>\n\n\n\n<p>Daarnaast zijn er handige tickets voor de Praagse metro, tram, trein en bus waarmee je langer kunt reizen:<\/p>\n\n\n\n<ul class=\"wp-block-list\"><li>24 uur\/1 dag geldig: 110 CZK (ongeveer \u20ac 4,40)<\/li><li>72 uur\/3 dagen geldig: 310 CZK (ongeveer \u20ac 12,10)<\/li><\/ul>\n\n\n\n<p>Voordat je zo\u2019n duurder ticket koopt: hou in gedachten dat Praag een wandelstad is. In onze ervaring is het voldoende om een paar 24CZK 30 minuten kaartjes in je portemonnee te hebben; je loopt toch het grootste deel.<\/p>\n\n\n\n<p>Er zijn kortingen voor kinderen, ouderen en studenten en in sommige gevallen kan je zelfs gratis reizen. Zie hier een overzichtje van alle beschikbare kaartjes in het openbaar vervoer in Praag, of kijk onderaan deze pagina voor meer info.<\/p>\n\n\n\n<figure class=\"wp-block-image size-large\"><img loading=\"lazy\" decoding=\"async\" width=\"600\" height=\"402\" src=\"https:\/\/oldehanhoff.nl\/wp-content\/uploads\/2021\/01\/Prague-publictransportation-fees-20161.png\" alt=\"\" class=\"wp-image-15989\" srcset=\"https:\/\/oldehanhoff.nl\/wp-content\/uploads\/2021\/01\/Prague-publictransportation-fees-20161.png 600w, https:\/\/oldehanhoff.nl\/wp-content\/uploads\/2021\/01\/Prague-publictransportation-fees-20161-300x201.png 300w, https:\/\/oldehanhoff.nl\/wp-content\/uploads\/2021\/01\/Prague-publictransportation-fees-20161-150x101.png 150w\" sizes=\"auto, (max-width: 600px) 100vw, 600px\" \/><\/figure>\n\n\n\n<h3 class=\"wp-block-heading\">Openbaar vervoerkaartjes kopen via de PID Litacka app<\/h3>\n\n\n\n<p>De eenvoudigste manier om kaartjes te kopen voor het openbaar vervoer in Praag is met de app PID Litacka : dit is de offici\u00eble app van het openbaar vervoersbedrijf. Download deze&nbsp;<a href=\"https:\/\/play.google.com\/store\/apps\/details?id=cz.dpp.praguepublictransport&amp;hl=en_US\" target=\"_blank\" rel=\"noreferrer noopener\">hier voor Android<\/a>&nbsp;of&nbsp;<a href=\"https:\/\/apps.apple.com\/cz\/app\/pid-l%C3%ADta%C4%8Dka\/id983071129\" target=\"_blank\" rel=\"noreferrer noopener\">hier voor iPhone<\/a>.<br>Met PID Litacka koop je vooraf \u00e9\u00e9n of meerdere tickets; je kunt hier dus ook met je hele gezin of groep op reizen, of gewoon een aantal tickets achter de hand hebben. We hebben er zelf altijd een stuk of 10 achter de hand, gewoon voor het geval dat. Je kan dit zelf vanuit Nederland al doen.<br>In de app zijn alle hieronder genoemde ticketsoorten verkrijgbaar. Echt een aanrader!<\/p>\n\n\n\n<p>Je hebt een Master-, VISA- of American Express kaart nodig om in PID Litacka te betalen.<\/p>\n\n\n\n<h3 class=\"wp-block-heading\">De Metro in Praag<\/h3>\n\n\n\n<figure class=\"wp-block-image size-large\"><a href=\"https:\/\/oldehanhoff.nl\/wp-content\/uploads\/2021\/01\/Prague-Metro-Map.jpg\" data-rel=\"lightbox-image-0\" data-rl_title=\"\" data-rl_caption=\"\" title=\"\"><img loading=\"lazy\" decoding=\"async\" width=\"844\" height=\"1024\" src=\"https:\/\/oldehanhoff.nl\/wp-content\/uploads\/2021\/01\/Prague-Metro-Map-844x1024.jpg\" alt=\"\" class=\"wp-image-15980\" srcset=\"https:\/\/oldehanhoff.nl\/wp-content\/uploads\/2021\/01\/Prague-Metro-Map-844x1024.jpg 844w, https:\/\/oldehanhoff.nl\/wp-content\/uploads\/2021\/01\/Prague-Metro-Map-247x300.jpg 247w, https:\/\/oldehanhoff.nl\/wp-content\/uploads\/2021\/01\/Prague-Metro-Map-768x932.jpg 768w, https:\/\/oldehanhoff.nl\/wp-content\/uploads\/2021\/01\/Prague-Metro-Map-124x150.jpg 124w, https:\/\/oldehanhoff.nl\/wp-content\/uploads\/2021\/01\/Prague-Metro-Map.jpg 889w\" sizes=\"auto, (max-width: 844px) 100vw, 844px\" \/><\/a><figcaption><sup>Praag Metro Map via <a rel=\"noreferrer noopener\" href=\"http:\/\/www.dpp.cz\/en\/\" target=\"_blank\">DPP.cz<\/a><\/sup><\/figcaption><\/figure>\n\n\n\n<p>De&nbsp;<em><strong>metro in Praag<\/strong><\/em>&nbsp;bestaat uit drie lijnen:<\/p>\n\n\n\n<ul class=\"wp-block-list\"><li>De Groene lijn (A): dit is de lijn die je in de richting van het vliegveld neemt. Hij begint in het oosten van de stad en eindigt noordwestelijk.<\/li><li>De Gele lijn (B): begint noordoostelijk en eindigt aan de zuidwestkant van Praag.<\/li><li>De Rode lijn (C): begint aan de noordzijde van de stad en eindigt in het diepe zuidoosten.<\/li><\/ul>\n\n\n\n<p>Metro\u2019s in Praag rijdt elke dag van ca. 5.00 &#8211; 24.00 uur. Tijdens piekuren rijdt de metro in Praag met een frequentie van 2 tot 3 minuten. Tijdens weekenden loopt dat op tot 5 tot 10 minuten. Lang hoef je dus nooit te wachten.<br>Vrijwel alle metro\u2019s bieden tegenwoordig gratis Wifi aan. Het hele netwerk is relatief nieuw en goed onderhouden en schoongemaakt.<\/p>\n\n\n\n<p>De metrostations Mustek, Muzeum en Florenc zijn belangrijk: hier kan je van de ene metro overstappen op de andere, en bovendien zijn er vele trams en buslijnen die bij deze stations stoppen.<br>Verblijf je in de wijk Vinohrady, of wil je deze bezoeken? Dan is station IP Pavlova er eentje om in de gaten te houden: vanaf hier heb je supersnel toegang tot de hele wijk, hetzij per metro, hetzij per tram.<\/p>\n\n\n\n<p><strong><em>Let op:<\/em><\/strong> bij gebruik van de metro in Praag moet je al op het perron een gestempeld kaartje hebben. Doe dit bij de gele stempelautomaten voor de roltrap. As je de PID Litacka app gebruikt moet je je kaartje hebben geactiveerd voordat je de roltrap opstapt.<\/p>\n\n\n\n<h3 class=\"wp-block-heading\">De Tram in Praag<\/h3>\n\n\n\n<figure class=\"wp-block-image size-large\"><a href=\"https:\/\/oldehanhoff.nl\/wp-content\/uploads\/2021\/01\/Praha_tramvaje_metro_denni_schema_19.04.191.png\" data-rel=\"lightbox-image-1\" data-rl_title=\"\" data-rl_caption=\"\" title=\"\"><img loading=\"lazy\" decoding=\"async\" width=\"1024\" height=\"724\" src=\"https:\/\/oldehanhoff.nl\/wp-content\/uploads\/2021\/01\/Praha_tramvaje_metro_denni_schema_19.04.191-1024x724.png\" alt=\"\" class=\"wp-image-16090\" srcset=\"https:\/\/oldehanhoff.nl\/wp-content\/uploads\/2021\/01\/Praha_tramvaje_metro_denni_schema_19.04.191-1024x724.png 1024w, https:\/\/oldehanhoff.nl\/wp-content\/uploads\/2021\/01\/Praha_tramvaje_metro_denni_schema_19.04.191-300x212.png 300w, https:\/\/oldehanhoff.nl\/wp-content\/uploads\/2021\/01\/Praha_tramvaje_metro_denni_schema_19.04.191-768x543.png 768w, https:\/\/oldehanhoff.nl\/wp-content\/uploads\/2021\/01\/Praha_tramvaje_metro_denni_schema_19.04.191-1536x1086.png 1536w, https:\/\/oldehanhoff.nl\/wp-content\/uploads\/2021\/01\/Praha_tramvaje_metro_denni_schema_19.04.191-2048x1448.png 2048w, https:\/\/oldehanhoff.nl\/wp-content\/uploads\/2021\/01\/Praha_tramvaje_metro_denni_schema_19.04.191-150x106.png 150w\" sizes=\"auto, (max-width: 1024px) 100vw, 1024px\" \/><\/a><figcaption><sup>Praag Tram &amp; Metro Map via <a rel=\"noreferrer noopener\" href=\"http:\/\/www.dpp.cz\/en\/\" target=\"_blank\">DPP.cz<\/a><\/sup><\/figcaption><\/figure>\n\n\n\n<p>De\u00a0<em><strong>tram in Praag<\/strong><\/em> kent 25 dagroutes (genummerd 1-18, 20-26) en 9 nachtlijnen (51-59). <a rel=\"noreferrer noopener\" href=\"https:\/\/www.dpp.cz\/en\/entertainment-and-experience\/dpp-history\/nostalgic-line-no-23\" data-type=\"URL\" data-id=\"https:\/\/www.dpp.cz\/en\/entertainment-and-experience\/dpp-history\/nostalgic-line-no-23\" target=\"_blank\">Route 23<\/a> word bereden door oude Tatra T3\u00a0trams.<br>En dan is er nog een historische tram, <a rel=\"noreferrer noopener\" href=\"https:\/\/www.dpp.cz\/en\/entertainment-and-experience\/dpp-history\/historical-line-no-41\" data-type=\"URL\" data-id=\"https:\/\/www.dpp.cz\/en\/entertainment-and-experience\/dpp-history\/historical-line-no-41\" target=\"_blank\">route 41<\/a>, welke alleen in de zomer (tussen april en oktober) gereden word, in de weekenden.<br>De <a rel=\"noreferrer noopener\" href=\"https:\/\/www.dpp.cz\/en\/entertainment-and-experience\/events-and-attractions\/funicular-to-petrin\" data-type=\"URL\" data-id=\"https:\/\/www.dpp.cz\/en\/entertainment-and-experience\/events-and-attractions\/funicular-to-petrin\" target=\"_blank\">kabelspoorweg<\/a> naar de top van de Pet\u0159\u00edn heuvel valt ook onder het tramnetwerk. De lijn heeft drie haltes: \u00dajezd (dal), Neboz\u00edzek (midden) en Pet\u0159\u00edn (top). Deze verbinding rijd ook dagelijks, het hele jaar door.<\/p>\n\n\n\n<p>De dag trams rijden over het algemeen dagelijks vanaf 04:30uur s&#8217;morgens tot 01:00uur in de nacht. Terwijl de nacht trams tussen middernacht en 05:00uur\/06:00uur in de ochtend rijden.<br>De lijnen 2, 4, 6, 21 en 23 zijn ondersteunende lijnen en rijden alleen tijdens de spits uren. <\/p>\n\n\n\n<h5 class=\"wp-block-heading\">Bron: <\/h5>\n\n\n\n<ul class=\"wp-block-list\"><li><a rel=\"noreferrer noopener\" href=\"https:\/\/www.vliegveldinfo.nl\/vliegvelden\/praag-airport\/openbaar-vervoer-praag\/\" target=\"_blank\">https:\/\/www.vliegveldinfo.nl\/vliegvelden\/praag-airport\/openbaar-vervoer-praag\/<\/a><\/li><li><a rel=\"noreferrer noopener\" href=\"https:\/\/www.ontdekpraag.nl\/praag-praktisch\/metro-praag\/\" target=\"_blank\">https:\/\/www.ontdekpraag.nl\/praag-praktisch\/metro-praag\/<\/a><\/li><li><a rel=\"noreferrer noopener\" href=\"https:\/\/nl.wikipedia.org\/wiki\/Kabelspoorweg_van_Pet%C5%99%C3%ADn\" target=\"_blank\">https:\/\/nl.wikipedia.org\/wiki\/Kabelspoorweg_van_Pet%C5%99%C3%ADn<\/a><\/li><li><a rel=\"noreferrer noopener\" href=\"https:\/\/nl.wikipedia.org\/wiki\/Tram_van_Praag\" target=\"_blank\">https:\/\/nl.wikipedia.org\/wiki\/Tram_van_Praag<\/a><\/li><li><a href=\"https:\/\/nl.wikipedia.org\/wiki\/Metro_van_Praag\" target=\"_blank\" rel=\"noreferrer noopener\">https:\/\/nl.wikipedia.org\/wiki\/Metro_van_Praag<\/a><\/li><\/ul>\n\n\n\n<p><\/p>\n","protected":false},"excerpt":{"rendered":"<p>De stad Praag beschikt over een uitgebreid metro-, tram- en busnetwerk. Zo kent de metro van Praag drie lijnen die allen het oude centrum van de stad doorkruisen.&nbsp;In het oude centrum zult u weinig trams en bussen vinden, dit komt door de vele oude en smalle straatjes. Net iets buiten\u2026<\/p>\n<p class=\"continue-reading-button\"> <a class=\"continue-reading-link\" href=\"https:\/\/oldehanhoff.nl\/?page_id=15974\">Lees verder<i class=\"crycon-right-dir\"><\/i><\/a><\/p>\n","protected":false},"author":1,"featured_media":0,"parent":15976,"menu_order":0,"comment_status":"closed","ping_status":"closed","template":"","meta":{"_uag_custom_page_level_css":"","footnotes":"","_links_to":"","_links_to_target":""},"class_list":["post-15974","page","type-page","status-publish","hentry"],"uagb_featured_image_src":{"full":false,"thumbnail":false,"medium":false,"medium_large":false,"large":false,"1536x1536":false,"2048x2048":false,"custom":false,"post-thumbnail":false,"header":false,"slider":false,"columns":false},"uagb_author_info":{"display_name":"Eddy","author_link":"https:\/\/oldehanhoff.nl\/?author=1"},"uagb_comment_info":0,"uagb_excerpt":"De stad Praag beschikt over een uitgebreid metro-, tram- en busnetwerk. Zo kent de metro van Praag drie lijnen die allen het oude centrum van de stad doorkruisen.&nbsp;In het oude centrum zult u weinig trams en bussen vinden, dit komt door de vele oude en smalle straatjes. Net iets buiten\u2026 Lees verder","_links":{"self":[{"href":"https:\/\/oldehanhoff.nl\/index.php?rest_route=\/wp\/v2\/pages\/15974","targetHints":{"allow":["GET"]}}],"collection":[{"href":"https:\/\/oldehanhoff.nl\/index.php?rest_route=\/wp\/v2\/pages"}],"about":[{"href":"https:\/\/oldehanhoff.nl\/index.php?rest_route=\/wp\/v2\/types\/page"}],"author":[{"embeddable":true,"href":"https:\/\/oldehanhoff.nl\/index.php?rest_route=\/wp\/v2\/users\/1"}],"replies":[{"embeddable":true,"href":"https:\/\/oldehanhoff.nl\/index.php?rest_route=%2Fwp%2Fv2%2Fcomments&post=15974"}],"version-history":[{"count":16,"href":"https:\/\/oldehanhoff.nl\/index.php?rest_route=\/wp\/v2\/pages\/15974\/revisions"}],"predecessor-version":[{"id":16102,"href":"https:\/\/oldehanhoff.nl\/index.php?rest_route=\/wp\/v2\/pages\/15974\/revisions\/16102"}],"up":[{"embeddable":true,"href":"https:\/\/oldehanhoff.nl\/index.php?rest_route=\/wp\/v2\/pages\/15976"}],"wp:attachment":[{"href":"https:\/\/oldehanhoff.nl\/index.php?rest_route=%2Fwp%2Fv2%2Fmedia&parent=15974"}],"curies":[{"name":"wp","href":"https:\/\/api.w.org\/{rel}","templated":true}]}}