{"id":1445,"date":"2018-04-18T19:38:55","date_gmt":"2018-04-18T17:38:55","guid":{"rendered":"https:\/\/oldehanhoff.nl\/?page_id=1445"},"modified":"2018-05-14T11:17:59","modified_gmt":"2018-05-14T09:17:59","slug":"horeca","status":"publish","type":"page","link":"https:\/\/oldehanhoff.nl\/?page_id=1445","title":{"rendered":"Horeca"},"content":{"rendered":"<p><iframe loading=\"lazy\" src=\"https:\/\/www.google.com\/maps\/d\/embed?mid=116pASLlyKHMpq_CDprXhy0hRPwAquNRi\" width=\"750\" height=\"500\"><span style=\"display: inline-block; width: 0px; overflow: hidden; line-height: 0;\" data-mce-type=\"bookmark\" class=\"mce_SELRES_start\">\ufeff<\/span><span data-mce-type=\"bookmark\" style=\"display: inline-block; width: 0px; overflow: hidden; line-height: 0;\" class=\"mce_SELRES_start\">\ufeff<\/span><\/iframe><\/p>\n<p>Als je een stedentrip naar Gothenburg in Zweden maakt, wil je toch ook kunnen genieten van lekker eten, drinken, een ijsje etc?<\/p>\n<p>Hieronder een kort overzicht van horeca (Restaurants, Bars, Koffiehuisjes, Ijssalons) welke ik zou kunnen bezoeken tijdens mijn verblijf in Gothenburg.<br \/>\nVoor een overzicht van alle andere must-do\u2019s in Gothenburg klik <a href=\"https:\/\/oldehanhoff.nl\/?page_id=1439\">HIER!<\/a><\/p>\n<ul>\n<li><strong>Restaurants:<br \/>\n<\/strong>\u2013 Hard Rock Cafe<br \/>\n\u2013 Heaven 23<\/li>\n<li><strong>Bars:<br \/>\n<\/strong>\u2013 xxx<\/li>\n<li><strong>Koffiehuisjes:<br \/>\n<\/strong>\u2013 Two Little Birds<br \/>\n&#8211; Brogyllen<br \/>\n&#8211; da Matteo Magasinsgatan\/Vallgata<\/li>\n<li><strong>Ijssalons:<br \/>\n<\/strong>\u2013 R\u00e5da Gelato<br \/>\n<strong><span style=\"color: #ff0000;\">\u2013 Gelato da Luca (Gesloten)<\/span><\/strong><br \/>\n<strong><span style=\"color: #ff0000;\"> &#8211; NK Gelato da Luca (Gesloten)<\/span><\/strong><br \/>\n&#8211; Gelaterian G\u00f6teborg<\/li>\n<\/ul>\n<hr>\n<p><img loading=\"lazy\" decoding=\"async\" src=\"https:\/\/oldehanhoff.nl\/wp-content\/uploads\/2018\/04\/Gothenburg_Entrance.jpg\" alt=\"\" width=\"1250\" height=\"550\"><\/p>\n<h1>Hard Rock Cafe Gothenburg<\/h1>\n<p><strong>Adres:<\/strong><br \/>\n<span class=\"address\"><span class=\"adr\">Kungsportsavenyen 10<br \/>\n411 36 G\u00f6teborg, Sweden<\/span><\/span><\/p>\n<p><strong>Website:<\/strong><br \/>\n<a href=\"http:\/\/www.hardrock.com\/cafes\/gothenburg\/\" target=\"_blank\" rel=\"noopener\">http:\/\/www.hardrock.com\/cafes\/gothenburg\/<\/a><br \/>\n<a href=\"https:\/\/www.facebook.com\/hardrock.gothenburg\" target=\"_blank\" rel=\"noopener\">https:\/\/www.facebook.com\/hardrock.gothenburg<br \/>\n<\/a><a href=\"https:\/\/www.instagram.com\/hrcgothenburg\/\" target=\"_blank\" rel=\"noopener\">https:\/\/www.instagram.com\/hrcgothenburg\/<\/a><\/p>\n<hr>\n<h1><img loading=\"lazy\" decoding=\"async\" src=\"https:\/\/oldehanhoff.nl\/wp-content\/uploads\/2018\/04\/gothia_towers_gothenburg-1.jpg\" alt=\"\" width=\"1068\" height=\"801\"><\/h1>\n<h1>Bar\/Restaurant Heaven 23<\/h1>\n<p class=\"tagline\">Cocktail bar en restaurant op de 23e verdieping van het Gothia Towers hotel met geweldig mooie uitzichten over Gothenburg.<\/p>\n<p><strong>Adres:<\/strong><br \/>\nM\u00e4ssans gata 24<br \/>\n402 26 G\u00f6teborg<\/p>\n<p>Website:<br \/>\n<a href=\"http:\/\/www.heaven23.se\" target=\"_blank\" rel=\"noopener\">http:\/\/www.heaven23.se<br \/>\n<\/a><a href=\"https:\/\/gothiatowers.com\/?lang=en\" target=\"_blank\" rel=\"noopener\">https:\/\/gothiatowers.com\/?lang=en<\/a><br \/>\n<a href=\"https:\/\/www.facebook.com\/heaven23.se\" target=\"_blank\" rel=\"noopener\">https:\/\/www.facebook.com\/heaven23.se<br \/>\n<\/a><a href=\"https:\/\/www.instagram.com\/heaven23swe\/\" target=\"_blank\" rel=\"noopener\">https:\/\/www.instagram.com\/heaven23swe\/<\/a><\/p>\n<p><img loading=\"lazy\" decoding=\"async\" src=\"https:\/\/oldehanhoff.nl\/wp-content\/uploads\/2018\/04\/201577926453241117076_sbig.jpg\" alt=\"\" width=\"1220\" height=\"817\"><\/p>\n<hr>\n<h1><img loading=\"lazy\" decoding=\"async\" src=\"https:\/\/oldehanhoff.nl\/wp-content\/uploads\/2018\/04\/nicklas-rada-43-2-800x600.jpg\" alt=\"\" width=\"800\" height=\"600\"><\/h1>\n<h1><b>R\u00e5da Gelato<\/b><\/h1>\n<p><b>Outstanding gelato made from local and natural ingredients<\/b><\/p>\n<p><a href=\"http:\/\/www.goteborg.com\/en\/rada-gelato\/\">R\u00e5da Gelato<\/a> has quickly become a local favourite and if you\u2019ve ever tried their chocolate sorbet you\u2019ll know why. Enjoy classic and inspired flavours of ice cream and sorbet, always made from local and organic ingredients. All their sorbets are vegan. Visit R\u00e5da Gelato at Landsv\u00e4gsgatan 38.<\/p>\n<p><strong>Adres:<\/strong><br \/>\n<span class=\"_Xbe\">Landsv\u00e4gsgatan 38<br \/>\n413 04 G\u00f6teborg<\/span><\/p>\n<p>Website:<br \/>\n<a href=\"https:\/\/www.facebook.com\/RadaGelati\" target=\"_blank\" rel=\"noopener\">https:\/\/www.facebook.com\/RadaGelati<\/a><\/p>\n<p>Bron: <a href=\"http:\/\/www.goteborg.com\/en\/ice-cream-in-gothenburg\/\" target=\"_blank\" rel=\"noopener\">http:\/\/www.goteborg.com\/en\/ice-cream-in-gothenburg\/<\/a><\/p>\n<hr>\n<h1><img loading=\"lazy\" decoding=\"async\" src=\"https:\/\/oldehanhoff.nl\/wp-content\/uploads\/2018\/04\/gelato-1-840x560.jpg\" alt=\"\" width=\"840\" height=\"560\"><\/h1>\n<h1><b>Gelato da Luca<\/b><\/h1>\n<p><b>Irresistible Italian ice cream<\/b><\/p>\n<p>Gelato da Luca is a must stop if you love italian ice cream. Located by the square Skanstorget, Gelato Da Luca serves up a scoop of Italy that\u2019ll have you coming back for more. Gelato Da Luca recently opened a second location, at the deparment store. Look for <strong>NK Gelato <\/strong>(Adres: Kyrkogatan 52, G\u00f6teborg).<\/p>\n<p><strong>Adres:<\/strong><br \/>\nSkanstorget 10<br \/>\n411 22 G\u00f6teborg<\/p>\n<p>Website:<br \/>\n<a href=\"https:\/\/www.facebook.com\/gelatodaluca\/\" target=\"_blank\" rel=\"noopener\">https:\/\/www.facebook.com\/gelatodaluca\/<\/a><\/p>\n<p>Bron: <a href=\"http:\/\/www.goteborg.com\/en\/ice-cream-in-gothenburg\/\" target=\"_blank\" rel=\"noopener\">http:\/\/www.goteborg.com\/en\/ice-cream-in-gothenburg\/<\/a><\/p>\n<hr>\n<h1><img loading=\"lazy\" decoding=\"async\" src=\"https:\/\/oldehanhoff.nl\/wp-content\/uploads\/2018\/04\/IMG_7656-copy.jpg\" alt=\"\" width=\"800\" height=\"600\"><\/h1>\n<h1 class=\"entry-title\">Two Little Birds<\/h1>\n<h2>\u00c9cht G\u00f6teborg(s)<\/h2>\n<p>Je vindt Two Little Birds in L\u00e5nggatorna, een gedeelte van de stad dat doet denken aan de Amsterdamse negen straatjes. En hoewel het hier maar vier straten geldt en geen negen, is dit wel de <em>place to be<\/em>voor vintage winkels, platen- zaken en fijne cafeetjes.<\/p>\n<p>L\u00e5nggatorna is in de loop der jaren van voormalig havengebied (waar weinig van over lijkt te zijn?) omgetoverd tot juist \u00e9\u00e9n van de hipste wijken. En weet je wat misschien nog wel het mooiste is? Het ligt pal naast Haga: het toeristische hart van G\u00f6teborg. Als je dus net als ik daar rondloopt op zoek naar thee en taart, is het echt alleen maar een kwestie van straat oversteken en L\u00e5nggatorna inlopen. Daar is het niet alleen stukken goedkoper en G\u00f6teborgser, maar \u00f3\u00f3k stukken fijner.<\/p>\n<h2>Kunst en koffie<\/h2>\n<p>Naast cafeetje is Two Little Birds een kunstgalerij, waar maandelijks nieuwe kunstenaars hun werk tentoonstellen en ook regelmatig vernissages plaatsvinden. Daar kun je gewoon even binnenlopen, voor of na of tijdens dat je van je kopje koffie of thee geniet tussen de vele planten en retro meubels.<\/p>\n<p><strong>Adres:<\/strong><br \/>\nAndra L\u00e5nggatan 5<br \/>\n413 03 G\u00f6teborg<\/p>\n<p>Website:<br \/>\n<a href=\"http:\/\/www.twolittlebirds.se\/\" target=\"_blank\" rel=\"noopener\">http:\/\/www.twolittlebirds.se\/<\/a><\/p>\n<hr>\n<h1><img loading=\"lazy\" decoding=\"async\" src=\"https:\/\/oldehanhoff.nl\/wp-content\/uploads\/2018\/04\/img_8422.jpg\" alt=\"\" width=\"4142\" height=\"2761\"><\/h1>\n<h1>Brogyllen<\/h1>\n<p>Classic patisserie and bakery with a view of the canal and the G\u00f6teborg City Museum. This is the place to go for coffee and cake. Sandwiches and quiches are also served here.<\/p>\n<p>The caf\u00e9 is located near the Gothenburg Cathedral. A meeting place for people of all ages. The interior is a mix of a central European and modern style. Brogyllen has a second central location in the market hall at Kungstorget. Please see the website for opening hours.<\/p>\n<p><strong>Adres:<\/strong><br \/>\nV\u00e4stra Hamngatan 2<br \/>\n411 17 G\u00f6teborg<\/p>\n<p>Website:<br \/>\n<a href=\"https:\/\/brogyllen.se\/\" target=\"_blank\" rel=\"noopener\">https:\/\/brogyllen.se\/<\/a><br \/>\n<a href=\"https:\/\/www.facebook.com\/bageri.brogyllen\/\" target=\"_blank\" rel=\"noopener\">https:\/\/www.facebook.com\/bageri.brogyllen\/<\/a><\/p>\n<hr>\n<h1><img loading=\"lazy\" decoding=\"async\" src=\"https:\/\/oldehanhoff.nl\/wp-content\/uploads\/2018\/04\/23130621_10155825266759860_8071924181580652832_n.jpg\" alt=\"\" width=\"960\" height=\"720\"><\/h1>\n<h1>da Matteo Magasinsgatan\/Vallgatan<\/h1>\n<p>To many people in Gothenburg, Da Matteo is synonymous with superb coffee, delicious pizzas and a great sunny location.<\/p>\n<h2>Sweden&#8217;s best caf\u00e9 2015.<\/h2>\n<p>The local coffee shop chain has several branches in town and two of them are found at the popular square on Magasinsgatan.<\/p>\n<p>Magasinsgatan is one of the most popular streets in Gothenburg. Here you will find trendy fashion shops, bars, restaurants, food trucks and more. Da Matteo&#8217;s two cafes in the area are always filled with people.<\/p>\n<p>At Da Matteo Magasinsgatan the bread and pastries are baked and here they roast the coffee. Don\u2019t hesitate to ask the bakers and roasters about their craft. Opposite Da Matteo Magasinsgatan is Da Matteo Vallgatan. The cafe&#8217;s outdoor terrace is incredibly popular \u2013 not least thanks to the sunny location. From early spring until late autum, locals come here in hoards to have pizza, drink Italian lemonade or coffee.<\/p>\n<p><strong>Adres:<\/strong><br \/>\nVallgatan 5<br \/>\n411 16 G\u00f6teborg<br \/>\n&amp;<br \/>\nMagasinsgatan 17A<br \/>\n411 18 G\u00f6teborg<\/p>\n<p><strong>Website:<\/strong><a href=\"http:\/\/www.damatteo.se\" target=\"_blank\" rel=\"noopener\"><br \/>\nhttp:\/\/www.damatteo.se<\/a><br \/>\n<a href=\"https:\/\/www.facebook.com\/damatteokaffe\/\" target=\"_blank\" rel=\"noopener\">https:\/\/www.facebook.com\/damatteokaffe\/<\/a><\/p>\n<hr>\n<h1><img loading=\"lazy\" decoding=\"async\" class=\"alignnone size-full wp-image-2153\" src=\"https:\/\/oldehanhoff.nl\/wp-content\/uploads\/2018\/05\/21740537_2109340069292855_3064335680396141361_n.jpg\" alt=\"\" width=\"960\" height=\"720\" srcset=\"https:\/\/oldehanhoff.nl\/wp-content\/uploads\/2018\/05\/21740537_2109340069292855_3064335680396141361_n.jpg 960w, https:\/\/oldehanhoff.nl\/wp-content\/uploads\/2018\/05\/21740537_2109340069292855_3064335680396141361_n-300x225.jpg 300w, https:\/\/oldehanhoff.nl\/wp-content\/uploads\/2018\/05\/21740537_2109340069292855_3064335680396141361_n-768x576.jpg 768w, https:\/\/oldehanhoff.nl\/wp-content\/uploads\/2018\/05\/21740537_2109340069292855_3064335680396141361_n-150x113.jpg 150w\" sizes=\"auto, (max-width: 960px) 100vw, 960px\" \/><\/h1>\n<h1><span data-original-name=\"Gelaterian G\u00f6teborg\">Gelaterian G\u00f6teborg<\/span><\/h1>\n<p>Lovely italian style ice cream made fresh from organic dairy products, located only metres from the bustling shopping streets of Gothenburg. Sit down at the caf\u00e9 by the square Gr\u00f6nsakstorget, or take your ice cream with you to the leafy park on the other side of the moat just outside.<\/p>\n<p><strong>Adres:<\/strong><br \/>\n<span class=\"LrzXr\">Gr\u00f6nsakstorget 1<br \/>\n411 17 G\u00f6teborg<\/span><\/p>\n<p>Website:<br \/>\n<a href=\"https:\/\/www.facebook.com\/gelaterian\/\" target=\"_blank\" rel=\"noopener\">https:\/\/www.facebook.com\/gelaterian\/<\/a><br \/>\n<a href=\"http:\/\/gelaterian-goteborg.business.site\/\" target=\"_blank\" rel=\"noopener\">http:\/\/gelaterian-goteborg.business.site\/<\/a><\/p>\n","protected":false},"excerpt":{"rendered":"<p>\ufeff\ufeff Als je een stedentrip naar Gothenburg in Zweden maakt, wil je toch ook kunnen genieten van lekker eten, drinken, een ijsje etc? Hieronder een kort overzicht van horeca (Restaurants, Bars, Koffiehuisjes, Ijssalons) welke ik zou kunnen bezoeken tijdens mijn verblijf in Gothenburg. Voor een overzicht van alle andere must-do\u2019s\u2026<\/p>\n<p class=\"continue-reading-button\"> <a class=\"continue-reading-link\" href=\"https:\/\/oldehanhoff.nl\/?page_id=1445\">Lees verder<i class=\"crycon-right-dir\"><\/i><\/a><\/p>\n","protected":false},"author":1,"featured_media":904,"parent":927,"menu_order":0,"comment_status":"closed","ping_status":"closed","template":"","meta":{"_uag_custom_page_level_css":"","footnotes":"","_links_to":"","_links_to_target":""},"class_list":["post-1445","page","type-page","status-publish","has-post-thumbnail","hentry"],"uagb_featured_image_src":{"full":["https:\/\/oldehanhoff.nl\/wp-content\/uploads\/2018\/04\/cropped-24294007_1972052206146039_6158079566685010354_n.jpg",1180,140,false],"thumbnail":["https:\/\/oldehanhoff.nl\/wp-content\/uploads\/2018\/04\/cropped-24294007_1972052206146039_6158079566685010354_n-150x140.jpg",150,140,true],"medium":["https:\/\/oldehanhoff.nl\/wp-content\/uploads\/2018\/04\/cropped-24294007_1972052206146039_6158079566685010354_n-300x36.jpg",300,36,true],"medium_large":["https:\/\/oldehanhoff.nl\/wp-content\/uploads\/2018\/04\/cropped-24294007_1972052206146039_6158079566685010354_n-768x91.jpg",768,91,true],"large":["https:\/\/oldehanhoff.nl\/wp-content\/uploads\/2018\/04\/cropped-24294007_1972052206146039_6158079566685010354_n-1024x121.jpg",900,106,true],"1536x1536":["https:\/\/oldehanhoff.nl\/wp-content\/uploads\/2018\/04\/cropped-24294007_1972052206146039_6158079566685010354_n.jpg",1180,140,false],"2048x2048":["https:\/\/oldehanhoff.nl\/wp-content\/uploads\/2018\/04\/cropped-24294007_1972052206146039_6158079566685010354_n.jpg",1180,140,false],"custom":["https:\/\/oldehanhoff.nl\/wp-content\/uploads\/2018\/04\/cropped-24294007_1972052206146039_6158079566685010354_n-780x140.jpg",780,140,true],"post-thumbnail":["https:\/\/oldehanhoff.nl\/wp-content\/uploads\/2018\/04\/cropped-24294007_1972052206146039_6158079566685010354_n-150x18.jpg",150,18,true],"header":["https:\/\/oldehanhoff.nl\/wp-content\/uploads\/2018\/04\/cropped-24294007_1972052206146039_6158079566685010354_n.jpg",1180,140,false],"slider":["https:\/\/oldehanhoff.nl\/wp-content\/uploads\/2018\/04\/cropped-24294007_1972052206146039_6158079566685010354_n-1180x140.jpg",1180,140,true],"columns":["https:\/\/oldehanhoff.nl\/wp-content\/uploads\/2018\/04\/cropped-24294007_1972052206146039_6158079566685010354_n-327x140.jpg",327,140,true]},"uagb_author_info":{"display_name":"Eddy","author_link":"https:\/\/oldehanhoff.nl\/?author=1"},"uagb_comment_info":0,"uagb_excerpt":"\ufeff\ufeff Als je een stedentrip naar Gothenburg in Zweden maakt, wil je toch ook kunnen genieten van lekker eten, drinken, een ijsje etc? Hieronder een kort overzicht van horeca (Restaurants, Bars, Koffiehuisjes, Ijssalons) welke ik zou kunnen bezoeken tijdens mijn verblijf in Gothenburg. Voor een overzicht van alle andere must-do\u2019s\u2026 Lees verder","_links":{"self":[{"href":"https:\/\/oldehanhoff.nl\/index.php?rest_route=\/wp\/v2\/pages\/1445","targetHints":{"allow":["GET"]}}],"collection":[{"href":"https:\/\/oldehanhoff.nl\/index.php?rest_route=\/wp\/v2\/pages"}],"about":[{"href":"https:\/\/oldehanhoff.nl\/index.php?rest_route=\/wp\/v2\/types\/page"}],"author":[{"embeddable":true,"href":"https:\/\/oldehanhoff.nl\/index.php?rest_route=\/wp\/v2\/users\/1"}],"replies":[{"embeddable":true,"href":"https:\/\/oldehanhoff.nl\/index.php?rest_route=%2Fwp%2Fv2%2Fcomments&post=1445"}],"version-history":[{"count":8,"href":"https:\/\/oldehanhoff.nl\/index.php?rest_route=\/wp\/v2\/pages\/1445\/revisions"}],"predecessor-version":[{"id":2155,"href":"https:\/\/oldehanhoff.nl\/index.php?rest_route=\/wp\/v2\/pages\/1445\/revisions\/2155"}],"up":[{"embeddable":true,"href":"https:\/\/oldehanhoff.nl\/index.php?rest_route=\/wp\/v2\/pages\/927"}],"wp:featuredmedia":[{"embeddable":true,"href":"https:\/\/oldehanhoff.nl\/index.php?rest_route=\/wp\/v2\/media\/904"}],"wp:attachment":[{"href":"https:\/\/oldehanhoff.nl\/index.php?rest_route=%2Fwp%2Fv2%2Fmedia&parent=1445"}],"curies":[{"name":"wp","href":"https:\/\/api.w.org\/{rel}","templated":true}]}}