{"id":1421,"date":"2018-04-18T17:35:12","date_gmt":"2018-04-18T15:35:12","guid":{"rendered":"https:\/\/oldehanhoff.nl\/?page_id=1421"},"modified":"2018-04-18T19:07:36","modified_gmt":"2018-04-18T17:07:36","slug":"linkoping","status":"publish","type":"page","link":"https:\/\/oldehanhoff.nl\/?page_id=1421","title":{"rendered":"Link\u00f6ping"},"content":{"rendered":"<p><img loading=\"lazy\" decoding=\"async\" src=\"https:\/\/oldehanhoff.nl\/wp-content\/uploads\/2018\/04\/Linkoping-map.jpg\" alt=\"\" width=\"845\" height=\"733\"><\/p>\n<p>Link\u00f6ping (spreek uit als <i>liensjeuping<\/i>) is de op 6 na grootste stad van Zweden. De stad is gelegen aan de rivier St\u00e5ng\u00e5n, ten zuiden van het meer Roxen.<br \/>\nWe hebben in&nbsp;Link\u00f6ping onze 2e overnachting deze trip. Ons hotel voor deze nacht,&nbsp;<span data-original-name=\"Quality Hotel The Box\">Quality Hotel The Box<\/span>, ligt ongeveer 2km ten oosten van het centrum van&nbsp;Link\u00f6ping, maar misschien gebeurd er nog wel meer hier voordat de nacht voorbij is.<\/p>\n","protected":false},"excerpt":{"rendered":"<p>Link\u00f6ping (spreek uit als liensjeuping) is de op 6 na grootste stad van Zweden. De stad is gelegen aan de rivier St\u00e5ng\u00e5n, ten zuiden van het meer Roxen. We hebben in&nbsp;Link\u00f6ping onze 2e overnachting deze trip. Ons hotel voor deze nacht,&nbsp;Quality Hotel The Box, ligt ongeveer 2km ten oosten van\u2026<\/p>\n<p class=\"continue-reading-button\"> <a class=\"continue-reading-link\" href=\"https:\/\/oldehanhoff.nl\/?page_id=1421\">Lees verder<i class=\"crycon-right-dir\"><\/i><\/a><\/p>\n","protected":false},"author":1,"featured_media":904,"parent":662,"menu_order":0,"comment_status":"closed","ping_status":"closed","template":"","meta":{"_uag_custom_page_level_css":"","footnotes":"","_links_to":"","_links_to_target":""},"class_list":["post-1421","page","type-page","status-publish","has-post-thumbnail","hentry"],"uagb_featured_image_src":{"full":["https:\/\/oldehanhoff.nl\/wp-content\/uploads\/2018\/04\/cropped-24294007_1972052206146039_6158079566685010354_n.jpg",1180,140,false],"thumbnail":["https:\/\/oldehanhoff.nl\/wp-content\/uploads\/2018\/04\/cropped-24294007_1972052206146039_6158079566685010354_n-150x140.jpg",150,140,true],"medium":["https:\/\/oldehanhoff.nl\/wp-content\/uploads\/2018\/04\/cropped-24294007_1972052206146039_6158079566685010354_n-300x36.jpg",300,36,true],"medium_large":["https:\/\/oldehanhoff.nl\/wp-content\/uploads\/2018\/04\/cropped-24294007_1972052206146039_6158079566685010354_n-768x91.jpg",768,91,true],"large":["https:\/\/oldehanhoff.nl\/wp-content\/uploads\/2018\/04\/cropped-24294007_1972052206146039_6158079566685010354_n-1024x121.jpg",900,106,true],"1536x1536":["https:\/\/oldehanhoff.nl\/wp-content\/uploads\/2018\/04\/cropped-24294007_1972052206146039_6158079566685010354_n.jpg",1180,140,false],"2048x2048":["https:\/\/oldehanhoff.nl\/wp-content\/uploads\/2018\/04\/cropped-24294007_1972052206146039_6158079566685010354_n.jpg",1180,140,false],"custom":["https:\/\/oldehanhoff.nl\/wp-content\/uploads\/2018\/04\/cropped-24294007_1972052206146039_6158079566685010354_n-780x140.jpg",780,140,true],"post-thumbnail":["https:\/\/oldehanhoff.nl\/wp-content\/uploads\/2018\/04\/cropped-24294007_1972052206146039_6158079566685010354_n-150x18.jpg",150,18,true],"header":["https:\/\/oldehanhoff.nl\/wp-content\/uploads\/2018\/04\/cropped-24294007_1972052206146039_6158079566685010354_n.jpg",1180,140,false],"slider":["https:\/\/oldehanhoff.nl\/wp-content\/uploads\/2018\/04\/cropped-24294007_1972052206146039_6158079566685010354_n-1180x140.jpg",1180,140,true],"columns":["https:\/\/oldehanhoff.nl\/wp-content\/uploads\/2018\/04\/cropped-24294007_1972052206146039_6158079566685010354_n-327x140.jpg",327,140,true]},"uagb_author_info":{"display_name":"Eddy","author_link":"https:\/\/oldehanhoff.nl\/?author=1"},"uagb_comment_info":0,"uagb_excerpt":"Link\u00f6ping (spreek uit als liensjeuping) is de op 6 na grootste stad van Zweden. De stad is gelegen aan de rivier St\u00e5ng\u00e5n, ten zuiden van het meer Roxen. We hebben in&nbsp;Link\u00f6ping onze 2e overnachting deze trip. Ons hotel voor deze nacht,&nbsp;Quality Hotel The Box, ligt ongeveer 2km ten oosten van\u2026 Lees verder","_links":{"self":[{"href":"https:\/\/oldehanhoff.nl\/index.php?rest_route=\/wp\/v2\/pages\/1421","targetHints":{"allow":["GET"]}}],"collection":[{"href":"https:\/\/oldehanhoff.nl\/index.php?rest_route=\/wp\/v2\/pages"}],"about":[{"href":"https:\/\/oldehanhoff.nl\/index.php?rest_route=\/wp\/v2\/types\/page"}],"author":[{"embeddable":true,"href":"https:\/\/oldehanhoff.nl\/index.php?rest_route=\/wp\/v2\/users\/1"}],"replies":[{"embeddable":true,"href":"https:\/\/oldehanhoff.nl\/index.php?rest_route=%2Fwp%2Fv2%2Fcomments&post=1421"}],"version-history":[{"count":5,"href":"https:\/\/oldehanhoff.nl\/index.php?rest_route=\/wp\/v2\/pages\/1421\/revisions"}],"predecessor-version":[{"id":1432,"href":"https:\/\/oldehanhoff.nl\/index.php?rest_route=\/wp\/v2\/pages\/1421\/revisions\/1432"}],"up":[{"embeddable":true,"href":"https:\/\/oldehanhoff.nl\/index.php?rest_route=\/wp\/v2\/pages\/662"}],"wp:featuredmedia":[{"embeddable":true,"href":"https:\/\/oldehanhoff.nl\/index.php?rest_route=\/wp\/v2\/media\/904"}],"wp:attachment":[{"href":"https:\/\/oldehanhoff.nl\/index.php?rest_route=%2Fwp%2Fv2%2Fmedia&parent=1421"}],"curies":[{"name":"wp","href":"https:\/\/api.w.org\/{rel}","templated":true}]}}