{"id":13477,"date":"2020-10-30T12:49:33","date_gmt":"2020-10-30T11:49:33","guid":{"rendered":"https:\/\/oldehanhoff.nl\/?page_id=13477"},"modified":"2020-10-30T12:52:03","modified_gmt":"2020-10-30T11:52:03","slug":"parque-de-atracciones-de-montjuic","status":"publish","type":"page","link":"https:\/\/oldehanhoff.nl\/?page_id=13477","title":{"rendered":"Parque de atracciones de Montjuic"},"content":{"rendered":"\n<figure class=\"wp-block-image size-large\"><img loading=\"lazy\" decoding=\"async\" width=\"1000\" height=\"653\" src=\"https:\/\/oldehanhoff.nl\/wp-content\/uploads\/2020\/10\/boomerang-19901.jpg\" alt=\"\" class=\"wp-image-13480\" srcset=\"https:\/\/oldehanhoff.nl\/wp-content\/uploads\/2020\/10\/boomerang-19901.jpg 1000w, https:\/\/oldehanhoff.nl\/wp-content\/uploads\/2020\/10\/boomerang-19901-300x196.jpg 300w, https:\/\/oldehanhoff.nl\/wp-content\/uploads\/2020\/10\/boomerang-19901-768x502.jpg 768w, https:\/\/oldehanhoff.nl\/wp-content\/uploads\/2020\/10\/boomerang-19901-150x98.jpg 150w\" sizes=\"auto, (max-width: 1000px) 100vw, 1000px\" \/><\/figure>\n\n\n\n<p>Jarenlang heeft Barcelona nog een tweede pretpark in de stad gehad. Op de berg Montjuic hebben zich namelijk de laatste 100 jaar meerdere pretparken bevonden onder verschillende namen.<br>Het laatste park, en ook gelijk het langst aanwezig zijnde park op deze locatie was het <strong>Parque de atracciones de Montjuic<\/strong>. Dit park was aanwezig van 1966 tot de sluiting in 1998.<br>Dit familie park bestond uit verschillende lagen en bezat zo&#8217;n 30 verschillende attracties, van achtbanen en draaimolens tot botsauto&#8217;s en spookhuizen.<br>Het park bezat met de Boomerang ook een tijd lang de grootste achtbaan van Spanje.<br>Verder bezat het park een groots openlucht podium waar elke zomer verschillende muzikale optredens gegeven werden.<\/p>\n\n\n\n<figure class=\"wp-block-image size-large\"><img loading=\"lazy\" decoding=\"async\" width=\"941\" height=\"658\" src=\"https:\/\/oldehanhoff.nl\/wp-content\/uploads\/2020\/10\/mapa-montjuic1.jpg\" alt=\"\" class=\"wp-image-13481\" srcset=\"https:\/\/oldehanhoff.nl\/wp-content\/uploads\/2020\/10\/mapa-montjuic1.jpg 941w, https:\/\/oldehanhoff.nl\/wp-content\/uploads\/2020\/10\/mapa-montjuic1-300x210.jpg 300w, https:\/\/oldehanhoff.nl\/wp-content\/uploads\/2020\/10\/mapa-montjuic1-768x537.jpg 768w, https:\/\/oldehanhoff.nl\/wp-content\/uploads\/2020\/10\/mapa-montjuic1-150x105.jpg 150w\" sizes=\"auto, (max-width: 941px) 100vw, 941px\" \/><\/figure>\n\n\n\n<p>Momenteel is er van het oude pretpark zo goed als niets meer terug te vinden. Alle oude attracties en gebouwen zijn al vrij snel verwijderd en het grondstuk waar het pretpark te vinden was is nu toegankelijk als publiekelijk park Jardines de Joan Brossa, aan de Carretera de Montjuic.<br>De grootste achtbaan van het park, de <a href=\"https:\/\/rcdb.com\/1112.htm\" target=\"_blank\" rel=\"noopener noreferrer\">Boomerang<\/a> is al in 2000 geopend in het amerikaanse Six Flags New Orleans park. Dit park is in augustus 2005 helaas voorgoed gesloten doordat orkaan Katrina teveel schade heeft aangebracht aan het park. De Boomerang staat nog steeds op zijn plaats, maar word net als de rest van het park aan z&#8217;n lot over gelaten.<br>Twee van de andere achtbanen van het park zijn ook verhuisd naar een ander park, <a href=\"https:\/\/rcdb.com\/1113.htm\" target=\"_blank\" rel=\"noopener noreferrer\">Cicl\u00f3n<\/a> naar PPS Park Platja d&#8217;Aro en <a href=\"https:\/\/rcdb.com\/2870.htm\" target=\"_blank\" rel=\"noopener noreferrer\">Vikingo<\/a> naar Parque de Atracciones de Zaragoza.<br>Of de overige attracties ook andere bestemmingen hebben gekregen is onbekend.<\/p>\n\n\n\n<p>Het park is te bereiken met behulp van de Funicular de Montju\u00efc en de Telef\u00e9rico de Montju\u00efc.<br>De laatste brengt je zelfs tot helemaal boven op de berg, tot vlak bij Montju\u00efc Castle.<\/p>\n\n\n\n<p><iframe loading=\"lazy\" style=\"border: 0;\" src=\"https:\/\/www.google.com\/maps\/embed?pb=!1m18!1m12!1m3!1d1991.448992894398!2d2.1646041861694214!3d41.3676819294194!2m3!1f0!2f0!3f0!3m2!1i1024!2i768!4f13.1!3m3!1m2!1s0x0%3A0x0!2zNDHCsDIyJzA0LjMiTiAywrAxMCcwMS41IkU!5e1!3m2!1snl!2sus!4v1486055111887\" width=\"800\" height=\"500\" frameborder=\"0\" allowfullscreen=\"allowfullscreen\"><\/iframe><\/p>\n\n\n\n<p><iframe loading=\"lazy\" src=\"https:\/\/www.youtube.com\/embed\/j7vPsT7hLVM\" width=\"420\" height=\"315\" frameborder=\"0\" allowfullscreen=\"allowfullscreen\"><\/iframe><\/p>\n\n\n\n<p>Meer info over de geschiedenis van dit parkje: http:\/\/www.achus.biz\/<\/p>\n","protected":false},"excerpt":{"rendered":"<p>Jarenlang heeft Barcelona nog een tweede pretpark in de stad gehad. Op de berg Montjuic hebben zich namelijk de laatste 100 jaar meerdere pretparken bevonden onder verschillende namen.Het laatste park, en ook gelijk het langst aanwezig zijnde park op deze locatie was het Parque de atracciones de Montjuic. Dit park\u2026<\/p>\n<p class=\"continue-reading-button\"> <a class=\"continue-reading-link\" href=\"https:\/\/oldehanhoff.nl\/?page_id=13477\">Lees verder<i class=\"crycon-right-dir\"><\/i><\/a><\/p>\n","protected":false},"author":1,"featured_media":2778,"parent":5683,"menu_order":0,"comment_status":"closed","ping_status":"closed","template":"","meta":{"_uag_custom_page_level_css":"","footnotes":"","_links_to":"","_links_to_target":""},"class_list":["post-13477","page","type-page","status-publish","has-post-thumbnail","hentry"],"uagb_featured_image_src":{"full":["https:\/\/oldehanhoff.nl\/wp-content\/uploads\/2018\/07\/cropped-IMG_20170621_142309.jpg",1180,140,false],"thumbnail":["https:\/\/oldehanhoff.nl\/wp-content\/uploads\/2018\/07\/cropped-IMG_20170621_142309-150x140.jpg",150,140,true],"medium":["https:\/\/oldehanhoff.nl\/wp-content\/uploads\/2018\/07\/cropped-IMG_20170621_142309-300x36.jpg",300,36,true],"medium_large":["https:\/\/oldehanhoff.nl\/wp-content\/uploads\/2018\/07\/cropped-IMG_20170621_142309-768x91.jpg",768,91,true],"large":["https:\/\/oldehanhoff.nl\/wp-content\/uploads\/2018\/07\/cropped-IMG_20170621_142309-1024x121.jpg",900,106,true],"1536x1536":["https:\/\/oldehanhoff.nl\/wp-content\/uploads\/2018\/07\/cropped-IMG_20170621_142309.jpg",1180,140,false],"2048x2048":["https:\/\/oldehanhoff.nl\/wp-content\/uploads\/2018\/07\/cropped-IMG_20170621_142309.jpg",1180,140,false],"custom":["https:\/\/oldehanhoff.nl\/wp-content\/uploads\/2018\/07\/cropped-IMG_20170621_142309-780x140.jpg",780,140,true],"post-thumbnail":["https:\/\/oldehanhoff.nl\/wp-content\/uploads\/2018\/07\/cropped-IMG_20170621_142309-150x18.jpg",150,18,true],"header":["https:\/\/oldehanhoff.nl\/wp-content\/uploads\/2018\/07\/cropped-IMG_20170621_142309.jpg",1180,140,false],"slider":["https:\/\/oldehanhoff.nl\/wp-content\/uploads\/2018\/07\/cropped-IMG_20170621_142309-1180x140.jpg",1180,140,true],"columns":["https:\/\/oldehanhoff.nl\/wp-content\/uploads\/2018\/07\/cropped-IMG_20170621_142309-327x140.jpg",327,140,true]},"uagb_author_info":{"display_name":"Eddy","author_link":"https:\/\/oldehanhoff.nl\/?author=1"},"uagb_comment_info":0,"uagb_excerpt":"Jarenlang heeft Barcelona nog een tweede pretpark in de stad gehad. Op de berg Montjuic hebben zich namelijk de laatste 100 jaar meerdere pretparken bevonden onder verschillende namen.Het laatste park, en ook gelijk het langst aanwezig zijnde park op deze locatie was het Parque de atracciones de Montjuic. Dit park\u2026 Lees verder","_links":{"self":[{"href":"https:\/\/oldehanhoff.nl\/index.php?rest_route=\/wp\/v2\/pages\/13477","targetHints":{"allow":["GET"]}}],"collection":[{"href":"https:\/\/oldehanhoff.nl\/index.php?rest_route=\/wp\/v2\/pages"}],"about":[{"href":"https:\/\/oldehanhoff.nl\/index.php?rest_route=\/wp\/v2\/types\/page"}],"author":[{"embeddable":true,"href":"https:\/\/oldehanhoff.nl\/index.php?rest_route=\/wp\/v2\/users\/1"}],"replies":[{"embeddable":true,"href":"https:\/\/oldehanhoff.nl\/index.php?rest_route=%2Fwp%2Fv2%2Fcomments&post=13477"}],"version-history":[{"count":4,"href":"https:\/\/oldehanhoff.nl\/index.php?rest_route=\/wp\/v2\/pages\/13477\/revisions"}],"predecessor-version":[{"id":13484,"href":"https:\/\/oldehanhoff.nl\/index.php?rest_route=\/wp\/v2\/pages\/13477\/revisions\/13484"}],"up":[{"embeddable":true,"href":"https:\/\/oldehanhoff.nl\/index.php?rest_route=\/wp\/v2\/pages\/5683"}],"wp:featuredmedia":[{"embeddable":true,"href":"https:\/\/oldehanhoff.nl\/index.php?rest_route=\/wp\/v2\/media\/2778"}],"wp:attachment":[{"href":"https:\/\/oldehanhoff.nl\/index.php?rest_route=%2Fwp%2Fv2%2Fmedia&parent=13477"}],"curies":[{"name":"wp","href":"https:\/\/api.w.org\/{rel}","templated":true}]}}