{"id":13012,"date":"2020-10-29T09:13:24","date_gmt":"2020-10-29T08:13:24","guid":{"rendered":"https:\/\/oldehanhoff.nl\/?page_id=13012"},"modified":"2020-11-27T09:11:42","modified_gmt":"2020-11-27T08:11:42","slug":"camping-del-garda","status":"publish","type":"page","link":"https:\/\/oldehanhoff.nl\/?page_id=13012","title":{"rendered":"Camping Del Garda"},"content":{"rendered":"\n<figure class=\"wp-block-image size-large\"><a href=\"https:\/\/italy2011.oldehanhoff.nl\/images\/pics\/camping-1.jpg\" data-rel=\"lightbox-image-0\" data-rl_title=\"\" data-rl_caption=\"\" title=\"\"><img loading=\"lazy\" decoding=\"async\" width=\"800\" height=\"456\" src=\"https:\/\/oldehanhoff.nl\/wp-content\/uploads\/2020\/10\/camping-11.jpg\" alt=\"\" class=\"wp-image-13015\" srcset=\"https:\/\/oldehanhoff.nl\/wp-content\/uploads\/2020\/10\/camping-11.jpg 800w, https:\/\/oldehanhoff.nl\/wp-content\/uploads\/2020\/10\/camping-11-300x171.jpg 300w, https:\/\/oldehanhoff.nl\/wp-content\/uploads\/2020\/10\/camping-11-768x438.jpg 768w, https:\/\/oldehanhoff.nl\/wp-content\/uploads\/2020\/10\/camping-11-150x86.jpg 150w\" sizes=\"auto, (max-width: 800px) 100vw, 800px\" \/><\/a><\/figure>\n\n\n\n<figure class=\"wp-block-image size-large\"><a href=\"https:\/\/italy2011.oldehanhoff.nl\/images\/pics\/camping-2.jpg\" data-rel=\"lightbox-image-1\" data-rl_title=\"\" data-rl_caption=\"\" title=\"\"><img loading=\"lazy\" decoding=\"async\" width=\"800\" height=\"437\" src=\"https:\/\/oldehanhoff.nl\/wp-content\/uploads\/2020\/10\/camping-21.jpg\" alt=\"\" class=\"wp-image-13016\" srcset=\"https:\/\/oldehanhoff.nl\/wp-content\/uploads\/2020\/10\/camping-21.jpg 800w, https:\/\/oldehanhoff.nl\/wp-content\/uploads\/2020\/10\/camping-21-300x164.jpg 300w, https:\/\/oldehanhoff.nl\/wp-content\/uploads\/2020\/10\/camping-21-768x420.jpg 768w, https:\/\/oldehanhoff.nl\/wp-content\/uploads\/2020\/10\/camping-21-150x82.jpg 150w\" sizes=\"auto, (max-width: 800px) 100vw, 800px\" \/><\/a><\/figure>\n\n\n\n<p>Camping Del Garda is een prachtige camping aan het Gardameer in Italie. De camping ligt op loopafstand van het gezellige plaatsje Peschiera.<br>Het is een mooie grote camping met vermaak voor alle leeftijden. De camping ligt aan het Gardameer en u bent omgeven door schitterende natuur. Of u nu een watersport liefhebber bent, of wilt genieten van het gebied rond Peschiera en het dorpje Garda, het kan allemaal.<\/p>\n\n\n\n<p>Camping Del Garda biedt open ruimten aan die in het groen liggen van een typisch vegetatie van het meer en mediterraan. Zelfs tijdens de heetste dagen blijft de lucht van de staanplaatsen fris, dit komt door de schaduw van de eeuwenoude bomen. Zij beschermen tenten, caravans en campers met hun takken tegen de zon. De camping biedt zeer comfortabele en ruime plaatsen en naaste sanitair is op zeer korte afstand te bereiken. Voor de kinderen is er genoeg plaats om te spelen op en rondom de staanplaats.<\/p>\n\n\n\n<figure class=\"wp-block-image size-large\"><a href=\"https:\/\/italy2011.oldehanhoff.nl\/images\/pics\/camping-3.jpg\" data-rel=\"lightbox-image-2\" data-rl_title=\"\" data-rl_caption=\"\" title=\"\"><img loading=\"lazy\" decoding=\"async\" width=\"800\" height=\"600\" src=\"https:\/\/oldehanhoff.nl\/wp-content\/uploads\/2020\/10\/camping-31.jpg\" alt=\"\" class=\"wp-image-13017\" srcset=\"https:\/\/oldehanhoff.nl\/wp-content\/uploads\/2020\/10\/camping-31.jpg 800w, https:\/\/oldehanhoff.nl\/wp-content\/uploads\/2020\/10\/camping-31-300x225.jpg 300w, https:\/\/oldehanhoff.nl\/wp-content\/uploads\/2020\/10\/camping-31-768x576.jpg 768w, https:\/\/oldehanhoff.nl\/wp-content\/uploads\/2020\/10\/camping-31-150x113.jpg 150w\" sizes=\"auto, (max-width: 800px) 100vw, 800px\" \/><\/a><\/figure>\n\n\n\n<figure class=\"wp-block-image size-large\"><a href=\"https:\/\/italy2011.oldehanhoff.nl\/images\/pics\/camping-4.jpg\" data-rel=\"lightbox-image-3\" data-rl_title=\"\" data-rl_caption=\"\" title=\"\"><img loading=\"lazy\" decoding=\"async\" width=\"650\" height=\"426\" src=\"https:\/\/oldehanhoff.nl\/wp-content\/uploads\/2020\/10\/camping-41.jpg\" alt=\"\" class=\"wp-image-13018\" srcset=\"https:\/\/oldehanhoff.nl\/wp-content\/uploads\/2020\/10\/camping-41.jpg 650w, https:\/\/oldehanhoff.nl\/wp-content\/uploads\/2020\/10\/camping-41-300x197.jpg 300w, https:\/\/oldehanhoff.nl\/wp-content\/uploads\/2020\/10\/camping-41-150x98.jpg 150w\" sizes=\"auto, (max-width: 650px) 100vw, 650px\" \/><\/a><\/figure>\n\n\n\n<p>Er is ontspanning en vermaak voor de hele familie. Camping Del Garda heeft twee grote en twee kleine zwembaden, de zwembaden zijn compleet met verschillende glijbanen. Aan de aller kleintje is ook gedacht, er zijn aparte peuterbadjes. Daarnaast is er nog een prachtige speeltuin, en een enthousiaste animatie-team die verschillende activiteiten organiseert. Ook zijn er op de camping nog 2 beachvolleybal velden te vinden en enkele tennisbanen, waar de hele familie gebruik van kan maken.<br>Tot de faciliteiten op de camping behoren verder nog een restaurant, bar en een supermarkt.<\/p>\n\n\n\n<p><strong>Bungalows<\/strong><br>De huisjes van Camping del Garda zijn werkelijke woningen, comfortable, ruim en met alle nodige gemakken om een heerlijke vakantie te verlopen zonder zorgen van iedere soort. Onze huijsjes zijn zeer modern en technisch voor en bieden een aangename plaats aan waar serene en ontspannene uren te door brengen, om na een dag van afleiding en beweging te uitrusten.<\/p>\n\n\n\n<p><strong>I Pini &#8211; 3-kamer bungalow<\/strong><br>Deze 30m2 grote 4 persoons bungalow beschikt over een woonkamer met slaapbank, keukenhoek, twee slaapkamers waarvan \u00e9\u00e9n met twee 1-persoons bedden en \u00e9\u00e9n met een stapelbed, badkamer met douche, tv, airco, terras met tuintje.<\/p>\n\n\n\n<figure class=\"wp-block-image size-large\"><a href=\"https:\/\/italy2011.oldehanhoff.nl\/images\/pics\/bungalow3-0.jpg\" data-rel=\"lightbox-image-4\" data-rl_title=\"\" data-rl_caption=\"\" title=\"\"><img loading=\"lazy\" decoding=\"async\" width=\"800\" height=\"566\" src=\"https:\/\/oldehanhoff.nl\/wp-content\/uploads\/2020\/10\/bungalow3-01-1.jpg\" alt=\"\" class=\"wp-image-13019\" srcset=\"https:\/\/oldehanhoff.nl\/wp-content\/uploads\/2020\/10\/bungalow3-01-1.jpg 800w, https:\/\/oldehanhoff.nl\/wp-content\/uploads\/2020\/10\/bungalow3-01-1-300x212.jpg 300w, https:\/\/oldehanhoff.nl\/wp-content\/uploads\/2020\/10\/bungalow3-01-1-768x543.jpg 768w, https:\/\/oldehanhoff.nl\/wp-content\/uploads\/2020\/10\/bungalow3-01-1-150x106.jpg 150w\" sizes=\"auto, (max-width: 800px) 100vw, 800px\" \/><\/a><\/figure>\n\n\n\n<figure class=\"wp-block-image size-large\"><a href=\"https:\/\/italy2011.oldehanhoff.nl\/images\/pics\/bungalow3-1.jpg\" data-rel=\"lightbox-image-5\" data-rl_title=\"\" data-rl_caption=\"\" title=\"\"><img loading=\"lazy\" decoding=\"async\" width=\"726\" height=\"486\" src=\"https:\/\/oldehanhoff.nl\/wp-content\/uploads\/2020\/10\/bungalow3-11.jpg\" alt=\"\" class=\"wp-image-13020\" srcset=\"https:\/\/oldehanhoff.nl\/wp-content\/uploads\/2020\/10\/bungalow3-11.jpg 726w, https:\/\/oldehanhoff.nl\/wp-content\/uploads\/2020\/10\/bungalow3-11-300x201.jpg 300w, https:\/\/oldehanhoff.nl\/wp-content\/uploads\/2020\/10\/bungalow3-11-150x100.jpg 150w\" sizes=\"auto, (max-width: 726px) 100vw, 726px\" \/><\/a><\/figure>\n\n\n\n<figure class=\"wp-block-image size-large\"><a href=\"https:\/\/italy2011.oldehanhoff.nl\/images\/pics\/bungalow3-2.jpg\" data-rel=\"lightbox-image-6\" data-rl_title=\"\" data-rl_caption=\"\" title=\"\"><img loading=\"lazy\" decoding=\"async\" width=\"726\" height=\"486\" src=\"https:\/\/oldehanhoff.nl\/wp-content\/uploads\/2020\/10\/bungalow3-21.jpg\" alt=\"\" class=\"wp-image-13021\" srcset=\"https:\/\/oldehanhoff.nl\/wp-content\/uploads\/2020\/10\/bungalow3-21.jpg 726w, https:\/\/oldehanhoff.nl\/wp-content\/uploads\/2020\/10\/bungalow3-21-300x201.jpg 300w, https:\/\/oldehanhoff.nl\/wp-content\/uploads\/2020\/10\/bungalow3-21-150x100.jpg 150w\" sizes=\"auto, (max-width: 726px) 100vw, 726px\" \/><\/a><\/figure>\n\n\n\n<figure class=\"wp-block-image size-large\"><a href=\"https:\/\/italy2011.oldehanhoff.nl\/images\/pics\/bungalow3-3.jpg\" data-rel=\"lightbox-image-7\" data-rl_title=\"\" data-rl_caption=\"\" title=\"\"><img loading=\"lazy\" decoding=\"async\" width=\"576\" height=\"752\" src=\"https:\/\/oldehanhoff.nl\/wp-content\/uploads\/2020\/10\/bungalow3-31.jpg\" alt=\"\" class=\"wp-image-13022\" srcset=\"https:\/\/oldehanhoff.nl\/wp-content\/uploads\/2020\/10\/bungalow3-31.jpg 576w, https:\/\/oldehanhoff.nl\/wp-content\/uploads\/2020\/10\/bungalow3-31-230x300.jpg 230w, https:\/\/oldehanhoff.nl\/wp-content\/uploads\/2020\/10\/bungalow3-31-115x150.jpg 115w\" sizes=\"auto, (max-width: 576px) 100vw, 576px\" \/><\/a><\/figure>\n\n\n\n<figure class=\"wp-block-image size-large\"><a href=\"https:\/\/oldehanhoff.nl\/wp-content\/uploads\/2020\/11\/plattegrond1.jpg\" data-rel=\"lightbox-image-8\" data-rl_title=\"\" data-rl_caption=\"\" title=\"\"><img loading=\"lazy\" decoding=\"async\" width=\"807\" height=\"798\" src=\"https:\/\/oldehanhoff.nl\/wp-content\/uploads\/2020\/11\/plattegrond1.jpg\" alt=\"\" class=\"wp-image-14789\" srcset=\"https:\/\/oldehanhoff.nl\/wp-content\/uploads\/2020\/11\/plattegrond1.jpg 807w, https:\/\/oldehanhoff.nl\/wp-content\/uploads\/2020\/11\/plattegrond1-300x297.jpg 300w, https:\/\/oldehanhoff.nl\/wp-content\/uploads\/2020\/11\/plattegrond1-768x759.jpg 768w, https:\/\/oldehanhoff.nl\/wp-content\/uploads\/2020\/11\/plattegrond1-150x148.jpg 150w\" sizes=\"auto, (max-width: 807px) 100vw, 807px\" \/><\/a><\/figure>\n\n\n\n<p>Internet: <a rel=\"noopener noreferrer\" href=\"http:\/\/www.campingdelgarda.it\/\" target=\"_blank\">www.campingdelgarda.it<\/a> of <a rel=\"noopener noreferrer\" href=\"http:\/\/www.camping-delgarda.nl\/\" target=\"_blank\">www.camping-delgarda.nl<\/a><\/p>\n\n\n\n<p><strong>Adres:<\/strong>&nbsp;via Marzan, 37019 Peschiera del Garda VR, Itali\u00eb<\/p>\n","protected":false},"excerpt":{"rendered":"<p>Camping Del Garda is een prachtige camping aan het Gardameer in Italie. De camping ligt op loopafstand van het gezellige plaatsje Peschiera.Het is een mooie grote camping met vermaak voor alle leeftijden. De camping ligt aan het Gardameer en u bent omgeven door schitterende natuur. Of u nu een watersport\u2026<\/p>\n<p class=\"continue-reading-button\"> <a class=\"continue-reading-link\" href=\"https:\/\/oldehanhoff.nl\/?page_id=13012\">Lees verder<i class=\"crycon-right-dir\"><\/i><\/a><\/p>\n","protected":false},"author":1,"featured_media":12627,"parent":324,"menu_order":0,"comment_status":"closed","ping_status":"closed","template":"","meta":{"_uag_custom_page_level_css":"","footnotes":"","_links_to":"","_links_to_target":""},"class_list":["post-13012","page","type-page","status-publish","has-post-thumbnail","hentry"],"uagb_featured_image_src":{"full":["https:\/\/oldehanhoff.nl\/wp-content\/uploads\/2020\/10\/cropped-DSC02096-1.jpg",1180,140,false],"thumbnail":["https:\/\/oldehanhoff.nl\/wp-content\/uploads\/2020\/10\/cropped-DSC02096-1-150x140.jpg",150,140,true],"medium":["https:\/\/oldehanhoff.nl\/wp-content\/uploads\/2020\/10\/cropped-DSC02096-1-300x36.jpg",300,36,true],"medium_large":["https:\/\/oldehanhoff.nl\/wp-content\/uploads\/2020\/10\/cropped-DSC02096-1-768x91.jpg",768,91,true],"large":["https:\/\/oldehanhoff.nl\/wp-content\/uploads\/2020\/10\/cropped-DSC02096-1-1024x121.jpg",900,106,true],"1536x1536":["https:\/\/oldehanhoff.nl\/wp-content\/uploads\/2020\/10\/cropped-DSC02096-1.jpg",1180,140,false],"2048x2048":["https:\/\/oldehanhoff.nl\/wp-content\/uploads\/2020\/10\/cropped-DSC02096-1.jpg",1180,140,false],"custom":["https:\/\/oldehanhoff.nl\/wp-content\/uploads\/2020\/10\/cropped-DSC02096-1-780x140.jpg",780,140,true],"post-thumbnail":["https:\/\/oldehanhoff.nl\/wp-content\/uploads\/2020\/10\/cropped-DSC02096-1-150x18.jpg",150,18,true],"header":["https:\/\/oldehanhoff.nl\/wp-content\/uploads\/2020\/10\/cropped-DSC02096-1-1180x140.jpg",1180,140,true],"slider":["https:\/\/oldehanhoff.nl\/wp-content\/uploads\/2020\/10\/cropped-DSC02096-1.jpg",1180,140,false],"columns":["https:\/\/oldehanhoff.nl\/wp-content\/uploads\/2020\/10\/cropped-DSC02096-1-327x140.jpg",327,140,true]},"uagb_author_info":{"display_name":"Eddy","author_link":"https:\/\/oldehanhoff.nl\/?author=1"},"uagb_comment_info":0,"uagb_excerpt":"Camping Del Garda is een prachtige camping aan het Gardameer in Italie. De camping ligt op loopafstand van het gezellige plaatsje Peschiera.Het is een mooie grote camping met vermaak voor alle leeftijden. De camping ligt aan het Gardameer en u bent omgeven door schitterende natuur. Of u nu een watersport\u2026 Lees verder","_links":{"self":[{"href":"https:\/\/oldehanhoff.nl\/index.php?rest_route=\/wp\/v2\/pages\/13012","targetHints":{"allow":["GET"]}}],"collection":[{"href":"https:\/\/oldehanhoff.nl\/index.php?rest_route=\/wp\/v2\/pages"}],"about":[{"href":"https:\/\/oldehanhoff.nl\/index.php?rest_route=\/wp\/v2\/types\/page"}],"author":[{"embeddable":true,"href":"https:\/\/oldehanhoff.nl\/index.php?rest_route=\/wp\/v2\/users\/1"}],"replies":[{"embeddable":true,"href":"https:\/\/oldehanhoff.nl\/index.php?rest_route=%2Fwp%2Fv2%2Fcomments&post=13012"}],"version-history":[{"count":5,"href":"https:\/\/oldehanhoff.nl\/index.php?rest_route=\/wp\/v2\/pages\/13012\/revisions"}],"predecessor-version":[{"id":14791,"href":"https:\/\/oldehanhoff.nl\/index.php?rest_route=\/wp\/v2\/pages\/13012\/revisions\/14791"}],"up":[{"embeddable":true,"href":"https:\/\/oldehanhoff.nl\/index.php?rest_route=\/wp\/v2\/pages\/324"}],"wp:featuredmedia":[{"embeddable":true,"href":"https:\/\/oldehanhoff.nl\/index.php?rest_route=\/wp\/v2\/media\/12627"}],"wp:attachment":[{"href":"https:\/\/oldehanhoff.nl\/index.php?rest_route=%2Fwp%2Fv2%2Fmedia&parent=13012"}],"curies":[{"name":"wp","href":"https:\/\/api.w.org\/{rel}","templated":true}]}}