{"id":12612,"date":"2020-10-25T13:53:05","date_gmt":"2020-10-25T12:53:05","guid":{"rendered":"https:\/\/oldehanhoff.nl\/?page_id=12612"},"modified":"2020-10-25T13:54:53","modified_gmt":"2020-10-25T12:54:53","slug":"plaza-de-espana","status":"publish","type":"page","link":"https:\/\/oldehanhoff.nl\/?page_id=12612","title":{"rendered":"Plaza de Espa\u00f1a"},"content":{"rendered":"\n<figure class=\"wp-block-image size-large\"><img loading=\"lazy\" decoding=\"async\" width=\"1024\" height=\"768\" src=\"https:\/\/oldehanhoff.nl\/wp-content\/uploads\/2020\/10\/Plaza_de_Espana_-_Madrid1-1024x768.jpg\" alt=\"\" class=\"wp-image-12615\" srcset=\"https:\/\/oldehanhoff.nl\/wp-content\/uploads\/2020\/10\/Plaza_de_Espana_-_Madrid1-1024x768.jpg 1024w, https:\/\/oldehanhoff.nl\/wp-content\/uploads\/2020\/10\/Plaza_de_Espana_-_Madrid1-300x225.jpg 300w, https:\/\/oldehanhoff.nl\/wp-content\/uploads\/2020\/10\/Plaza_de_Espana_-_Madrid1-768x576.jpg 768w, https:\/\/oldehanhoff.nl\/wp-content\/uploads\/2020\/10\/Plaza_de_Espana_-_Madrid1-1536x1152.jpg 1536w, https:\/\/oldehanhoff.nl\/wp-content\/uploads\/2020\/10\/Plaza_de_Espana_-_Madrid1-2048x1536.jpg 2048w, https:\/\/oldehanhoff.nl\/wp-content\/uploads\/2020\/10\/Plaza_de_Espana_-_Madrid1-150x113.jpg 150w\" sizes=\"auto, (max-width: 1024px) 100vw, 1024px\" \/><\/figure>\n\n\n\n<p>Het Plaza de Espa\u00f1a is een groot plein in de Spaanse hoofdstad Madrid.<\/p>\n\n\n\n<p>Het plein is gelegen aan het westelijke eind van de Gran V\u00eda, op loopafstand van het Koninklijk Paleis. Op het plein bevindt zich een monument voor de schrijver Miguel de Cervantes (1547-1616). Het monument bevat onder meer beelden van een aantal bekende romanfiguren van Cervantes, zoals Don Quichot.<\/p>\n\n\n\n<p>Aan het plein staan twee van de hoogste gebouwen van Madrid, de Torre de Madrid (142 m) en de Edificio Espa\u00f1a (117 m, &#8220;Spanjegebouw&#8221;), beide van de hand van de broers Juli\u00e1n en Joaqu\u00edn Otamendi.<\/p>\n\n\n\n<p>Onder het plein is het gelijknamige metrostation Plaza de Espa\u00f1a.<\/p>\n\n\n\n<figure class=\"wp-block-image size-large\"><img loading=\"lazy\" decoding=\"async\" width=\"1024\" height=\"768\" src=\"https:\/\/oldehanhoff.nl\/wp-content\/uploads\/2020\/10\/Monumento_a_Miguel_de_Cervantes_-_051-1024x768.jpg\" alt=\"\" class=\"wp-image-12616\" srcset=\"https:\/\/oldehanhoff.nl\/wp-content\/uploads\/2020\/10\/Monumento_a_Miguel_de_Cervantes_-_051-1024x768.jpg 1024w, https:\/\/oldehanhoff.nl\/wp-content\/uploads\/2020\/10\/Monumento_a_Miguel_de_Cervantes_-_051-300x225.jpg 300w, https:\/\/oldehanhoff.nl\/wp-content\/uploads\/2020\/10\/Monumento_a_Miguel_de_Cervantes_-_051-768x576.jpg 768w, https:\/\/oldehanhoff.nl\/wp-content\/uploads\/2020\/10\/Monumento_a_Miguel_de_Cervantes_-_051-1536x1152.jpg 1536w, https:\/\/oldehanhoff.nl\/wp-content\/uploads\/2020\/10\/Monumento_a_Miguel_de_Cervantes_-_051-2048x1536.jpg 2048w, https:\/\/oldehanhoff.nl\/wp-content\/uploads\/2020\/10\/Monumento_a_Miguel_de_Cervantes_-_051-150x113.jpg 150w\" sizes=\"auto, (max-width: 1024px) 100vw, 1024px\" \/><\/figure>\n","protected":false},"excerpt":{"rendered":"<p>Het Plaza de Espa\u00f1a is een groot plein in de Spaanse hoofdstad Madrid. Het plein is gelegen aan het westelijke eind van de Gran V\u00eda, op loopafstand van het Koninklijk Paleis. Op het plein bevindt zich een monument voor de schrijver Miguel de Cervantes (1547-1616). Het monument bevat onder meer\u2026<\/p>\n<p class=\"continue-reading-button\"> <a class=\"continue-reading-link\" href=\"https:\/\/oldehanhoff.nl\/?page_id=12612\">Lees verder<i class=\"crycon-right-dir\"><\/i><\/a><\/p>\n","protected":false},"author":1,"featured_media":12421,"parent":12460,"menu_order":0,"comment_status":"closed","ping_status":"closed","template":"","meta":{"_uag_custom_page_level_css":"","footnotes":"","_links_to":"","_links_to_target":""},"class_list":["post-12612","page","type-page","status-publish","has-post-thumbnail","hentry"],"uagb_featured_image_src":{"full":["https:\/\/oldehanhoff.nl\/wp-content\/uploads\/2020\/10\/cropped-DSC07637-b.jpg",1180,140,false],"thumbnail":["https:\/\/oldehanhoff.nl\/wp-content\/uploads\/2020\/10\/cropped-DSC07637-b-150x140.jpg",150,140,true],"medium":["https:\/\/oldehanhoff.nl\/wp-content\/uploads\/2020\/10\/cropped-DSC07637-b-300x36.jpg",300,36,true],"medium_large":["https:\/\/oldehanhoff.nl\/wp-content\/uploads\/2020\/10\/cropped-DSC07637-b-768x91.jpg",768,91,true],"large":["https:\/\/oldehanhoff.nl\/wp-content\/uploads\/2020\/10\/cropped-DSC07637-b-1024x121.jpg",900,106,true],"1536x1536":["https:\/\/oldehanhoff.nl\/wp-content\/uploads\/2020\/10\/cropped-DSC07637-b.jpg",1180,140,false],"2048x2048":["https:\/\/oldehanhoff.nl\/wp-content\/uploads\/2020\/10\/cropped-DSC07637-b.jpg",1180,140,false],"custom":["https:\/\/oldehanhoff.nl\/wp-content\/uploads\/2020\/10\/cropped-DSC07637-b-780x140.jpg",780,140,true],"post-thumbnail":["https:\/\/oldehanhoff.nl\/wp-content\/uploads\/2020\/10\/cropped-DSC07637-b-150x18.jpg",150,18,true],"header":["https:\/\/oldehanhoff.nl\/wp-content\/uploads\/2020\/10\/cropped-DSC07637-b-1180x140.jpg",1180,140,true],"slider":["https:\/\/oldehanhoff.nl\/wp-content\/uploads\/2020\/10\/cropped-DSC07637-b.jpg",1180,140,false],"columns":["https:\/\/oldehanhoff.nl\/wp-content\/uploads\/2020\/10\/cropped-DSC07637-b-327x140.jpg",327,140,true]},"uagb_author_info":{"display_name":"Eddy","author_link":"https:\/\/oldehanhoff.nl\/?author=1"},"uagb_comment_info":0,"uagb_excerpt":"Het Plaza de Espa\u00f1a is een groot plein in de Spaanse hoofdstad Madrid. Het plein is gelegen aan het westelijke eind van de Gran V\u00eda, op loopafstand van het Koninklijk Paleis. Op het plein bevindt zich een monument voor de schrijver Miguel de Cervantes (1547-1616). Het monument bevat onder meer\u2026 Lees verder","_links":{"self":[{"href":"https:\/\/oldehanhoff.nl\/index.php?rest_route=\/wp\/v2\/pages\/12612","targetHints":{"allow":["GET"]}}],"collection":[{"href":"https:\/\/oldehanhoff.nl\/index.php?rest_route=\/wp\/v2\/pages"}],"about":[{"href":"https:\/\/oldehanhoff.nl\/index.php?rest_route=\/wp\/v2\/types\/page"}],"author":[{"embeddable":true,"href":"https:\/\/oldehanhoff.nl\/index.php?rest_route=\/wp\/v2\/users\/1"}],"replies":[{"embeddable":true,"href":"https:\/\/oldehanhoff.nl\/index.php?rest_route=%2Fwp%2Fv2%2Fcomments&post=12612"}],"version-history":[{"count":2,"href":"https:\/\/oldehanhoff.nl\/index.php?rest_route=\/wp\/v2\/pages\/12612\/revisions"}],"predecessor-version":[{"id":12617,"href":"https:\/\/oldehanhoff.nl\/index.php?rest_route=\/wp\/v2\/pages\/12612\/revisions\/12617"}],"up":[{"embeddable":true,"href":"https:\/\/oldehanhoff.nl\/index.php?rest_route=\/wp\/v2\/pages\/12460"}],"wp:featuredmedia":[{"embeddable":true,"href":"https:\/\/oldehanhoff.nl\/index.php?rest_route=\/wp\/v2\/media\/12421"}],"wp:attachment":[{"href":"https:\/\/oldehanhoff.nl\/index.php?rest_route=%2Fwp%2Fv2%2Fmedia&parent=12612"}],"curies":[{"name":"wp","href":"https:\/\/api.w.org\/{rel}","templated":true}]}}