{"id":12591,"date":"2020-10-25T13:39:44","date_gmt":"2020-10-25T12:39:44","guid":{"rendered":"https:\/\/oldehanhoff.nl\/?page_id=12591"},"modified":"2020-10-25T13:41:16","modified_gmt":"2020-10-25T12:41:16","slug":"parque-del-buen-retiro","status":"publish","type":"page","link":"https:\/\/oldehanhoff.nl\/?page_id=12591","title":{"rendered":"Parque del Buen Retiro"},"content":{"rendered":"\n<figure class=\"wp-block-image size-large\"><img loading=\"lazy\" decoding=\"async\" width=\"1024\" height=\"683\" src=\"https:\/\/oldehanhoff.nl\/wp-content\/uploads\/2020\/10\/Monumento_a_Alfonso_XII_El_Retiro_Madrid1-1024x683.jpg\" alt=\"\" class=\"wp-image-12593\" srcset=\"https:\/\/oldehanhoff.nl\/wp-content\/uploads\/2020\/10\/Monumento_a_Alfonso_XII_El_Retiro_Madrid1-1024x683.jpg 1024w, https:\/\/oldehanhoff.nl\/wp-content\/uploads\/2020\/10\/Monumento_a_Alfonso_XII_El_Retiro_Madrid1-300x200.jpg 300w, https:\/\/oldehanhoff.nl\/wp-content\/uploads\/2020\/10\/Monumento_a_Alfonso_XII_El_Retiro_Madrid1-768x512.jpg 768w, https:\/\/oldehanhoff.nl\/wp-content\/uploads\/2020\/10\/Monumento_a_Alfonso_XII_El_Retiro_Madrid1-1536x1024.jpg 1536w, https:\/\/oldehanhoff.nl\/wp-content\/uploads\/2020\/10\/Monumento_a_Alfonso_XII_El_Retiro_Madrid1-2048x1365.jpg 2048w, https:\/\/oldehanhoff.nl\/wp-content\/uploads\/2020\/10\/Monumento_a_Alfonso_XII_El_Retiro_Madrid1-150x100.jpg 150w\" sizes=\"auto, (max-width: 1024px) 100vw, 1024px\" \/><\/figure>\n\n\n\n<p>De Jardines del Buen Retiro of Parque del Buen Retiro, kortweg El Retiro, is een stadspark in de Spaanse hoofdstad Madrid.<\/p>\n\n\n\n<p>Het park heeft een oppervlakte van 1.4 km\u00b2 en bevindt zich direct ten oosten van het centrum van de stad.<\/p>\n\n\n\n<p>Hier stond ooit het paleis van Filips IV, het Real Sitio del Buen-Retiro-paleis, waarvan nog twee gebouwen resten: het Cas\u00f3n del Buen Retiro en het Museo del Ej\u00e9rcito. Tot 1869, toen het park werd opengesteld voor het publiek, was in de 17e eeuw dit het priv\u00e9park van de koninklijke familie.<\/p>\n\n\n\n<p>Centraal in het park ligt een vijver met een zuilengalerij in de vorm van een halve maan met een standbeeld van koning Alfons XII. Men kan er roeiboten huren.<\/p>\n\n\n\n<figure class=\"wp-block-image size-large\"><img loading=\"lazy\" decoding=\"async\" width=\"600\" height=\"450\" src=\"https:\/\/oldehanhoff.nl\/wp-content\/uploads\/2020\/10\/Palacio_de_Cristal_-_Parque_del_Buen_Retiro1.jpg\" alt=\"\" class=\"wp-image-12594\" srcset=\"https:\/\/oldehanhoff.nl\/wp-content\/uploads\/2020\/10\/Palacio_de_Cristal_-_Parque_del_Buen_Retiro1.jpg 600w, https:\/\/oldehanhoff.nl\/wp-content\/uploads\/2020\/10\/Palacio_de_Cristal_-_Parque_del_Buen_Retiro1-300x225.jpg 300w, https:\/\/oldehanhoff.nl\/wp-content\/uploads\/2020\/10\/Palacio_de_Cristal_-_Parque_del_Buen_Retiro1-150x113.jpg 150w\" sizes=\"auto, (max-width: 600px) 100vw, 600px\" \/><\/figure>\n\n\n\n<p>Ten zuiden van het meer liggen het Palacio de Vel\u00e1quez en het door architect Ricardo Vel\u00e1squez Bosco gebouwde Palacio de Cristal. Voor dit laatste gebouw liet de architect zich inspireren door het intussen verdwenen Crystal Palace van Joseph Paxton te Londen. Het ontwerp is van 1887 en het werd gebouwd om tropische planten tentoon te stellen.<\/p>\n\n\n\n<p>Straatmuzikanten, portretschilders en waarzeggers amuseren het publiek.<\/p>\n\n\n\n<figure class=\"wp-block-image size-large\"><img loading=\"lazy\" decoding=\"async\" width=\"768\" height=\"1024\" src=\"https:\/\/oldehanhoff.nl\/wp-content\/uploads\/2020\/10\/Plaza_de_nicaragua_parque_del_buen_retiro1-768x1024.jpg\" alt=\"\" class=\"wp-image-12595\" srcset=\"https:\/\/oldehanhoff.nl\/wp-content\/uploads\/2020\/10\/Plaza_de_nicaragua_parque_del_buen_retiro1-768x1024.jpg 768w, https:\/\/oldehanhoff.nl\/wp-content\/uploads\/2020\/10\/Plaza_de_nicaragua_parque_del_buen_retiro1-225x300.jpg 225w, https:\/\/oldehanhoff.nl\/wp-content\/uploads\/2020\/10\/Plaza_de_nicaragua_parque_del_buen_retiro1-1152x1536.jpg 1152w, https:\/\/oldehanhoff.nl\/wp-content\/uploads\/2020\/10\/Plaza_de_nicaragua_parque_del_buen_retiro1-113x150.jpg 113w, https:\/\/oldehanhoff.nl\/wp-content\/uploads\/2020\/10\/Plaza_de_nicaragua_parque_del_buen_retiro1.jpg 1500w\" sizes=\"auto, (max-width: 768px) 100vw, 768px\" \/><\/figure>\n","protected":false},"excerpt":{"rendered":"<p>De Jardines del Buen Retiro of Parque del Buen Retiro, kortweg El Retiro, is een stadspark in de Spaanse hoofdstad Madrid. Het park heeft een oppervlakte van 1.4 km\u00b2 en bevindt zich direct ten oosten van het centrum van de stad. Hier stond ooit het paleis van Filips IV, het\u2026<\/p>\n<p class=\"continue-reading-button\"> <a class=\"continue-reading-link\" href=\"https:\/\/oldehanhoff.nl\/?page_id=12591\">Lees verder<i class=\"crycon-right-dir\"><\/i><\/a><\/p>\n","protected":false},"author":1,"featured_media":12421,"parent":12460,"menu_order":0,"comment_status":"closed","ping_status":"closed","template":"","meta":{"_uag_custom_page_level_css":"","footnotes":"","_links_to":"","_links_to_target":""},"class_list":["post-12591","page","type-page","status-publish","has-post-thumbnail","hentry"],"uagb_featured_image_src":{"full":["https:\/\/oldehanhoff.nl\/wp-content\/uploads\/2020\/10\/cropped-DSC07637-b.jpg",1180,140,false],"thumbnail":["https:\/\/oldehanhoff.nl\/wp-content\/uploads\/2020\/10\/cropped-DSC07637-b-150x140.jpg",150,140,true],"medium":["https:\/\/oldehanhoff.nl\/wp-content\/uploads\/2020\/10\/cropped-DSC07637-b-300x36.jpg",300,36,true],"medium_large":["https:\/\/oldehanhoff.nl\/wp-content\/uploads\/2020\/10\/cropped-DSC07637-b-768x91.jpg",768,91,true],"large":["https:\/\/oldehanhoff.nl\/wp-content\/uploads\/2020\/10\/cropped-DSC07637-b-1024x121.jpg",900,106,true],"1536x1536":["https:\/\/oldehanhoff.nl\/wp-content\/uploads\/2020\/10\/cropped-DSC07637-b.jpg",1180,140,false],"2048x2048":["https:\/\/oldehanhoff.nl\/wp-content\/uploads\/2020\/10\/cropped-DSC07637-b.jpg",1180,140,false],"custom":["https:\/\/oldehanhoff.nl\/wp-content\/uploads\/2020\/10\/cropped-DSC07637-b-780x140.jpg",780,140,true],"post-thumbnail":["https:\/\/oldehanhoff.nl\/wp-content\/uploads\/2020\/10\/cropped-DSC07637-b-150x18.jpg",150,18,true],"header":["https:\/\/oldehanhoff.nl\/wp-content\/uploads\/2020\/10\/cropped-DSC07637-b-1180x140.jpg",1180,140,true],"slider":["https:\/\/oldehanhoff.nl\/wp-content\/uploads\/2020\/10\/cropped-DSC07637-b.jpg",1180,140,false],"columns":["https:\/\/oldehanhoff.nl\/wp-content\/uploads\/2020\/10\/cropped-DSC07637-b-327x140.jpg",327,140,true]},"uagb_author_info":{"display_name":"Eddy","author_link":"https:\/\/oldehanhoff.nl\/?author=1"},"uagb_comment_info":0,"uagb_excerpt":"De Jardines del Buen Retiro of Parque del Buen Retiro, kortweg El Retiro, is een stadspark in de Spaanse hoofdstad Madrid. Het park heeft een oppervlakte van 1.4 km\u00b2 en bevindt zich direct ten oosten van het centrum van de stad. Hier stond ooit het paleis van Filips IV, het\u2026 Lees verder","_links":{"self":[{"href":"https:\/\/oldehanhoff.nl\/index.php?rest_route=\/wp\/v2\/pages\/12591","targetHints":{"allow":["GET"]}}],"collection":[{"href":"https:\/\/oldehanhoff.nl\/index.php?rest_route=\/wp\/v2\/pages"}],"about":[{"href":"https:\/\/oldehanhoff.nl\/index.php?rest_route=\/wp\/v2\/types\/page"}],"author":[{"embeddable":true,"href":"https:\/\/oldehanhoff.nl\/index.php?rest_route=\/wp\/v2\/users\/1"}],"replies":[{"embeddable":true,"href":"https:\/\/oldehanhoff.nl\/index.php?rest_route=%2Fwp%2Fv2%2Fcomments&post=12591"}],"version-history":[{"count":2,"href":"https:\/\/oldehanhoff.nl\/index.php?rest_route=\/wp\/v2\/pages\/12591\/revisions"}],"predecessor-version":[{"id":12596,"href":"https:\/\/oldehanhoff.nl\/index.php?rest_route=\/wp\/v2\/pages\/12591\/revisions\/12596"}],"up":[{"embeddable":true,"href":"https:\/\/oldehanhoff.nl\/index.php?rest_route=\/wp\/v2\/pages\/12460"}],"wp:featuredmedia":[{"embeddable":true,"href":"https:\/\/oldehanhoff.nl\/index.php?rest_route=\/wp\/v2\/media\/12421"}],"wp:attachment":[{"href":"https:\/\/oldehanhoff.nl\/index.php?rest_route=%2Fwp%2Fv2%2Fmedia&parent=12591"}],"curies":[{"name":"wp","href":"https:\/\/api.w.org\/{rel}","templated":true}]}}