{"id":12446,"date":"2020-10-25T08:36:26","date_gmt":"2020-10-25T07:36:26","guid":{"rendered":"https:\/\/oldehanhoff.nl\/?page_id=12446"},"modified":"2020-10-25T08:39:26","modified_gmt":"2020-10-25T07:39:26","slug":"openbaar-vervoer-in-madrid","status":"publish","type":"page","link":"https:\/\/oldehanhoff.nl\/?page_id=12446","title":{"rendered":"Openbaar vervoer in Madrid"},"content":{"rendered":"\n<figure class=\"wp-block-image size-large\"><img loading=\"lazy\" decoding=\"async\" width=\"1024\" height=\"768\" src=\"https:\/\/oldehanhoff.nl\/wp-content\/uploads\/2020\/10\/Metro_de_Madrid_-_Gran_Via_011-1024x768.jpg\" alt=\"\" class=\"wp-image-12449\" srcset=\"https:\/\/oldehanhoff.nl\/wp-content\/uploads\/2020\/10\/Metro_de_Madrid_-_Gran_Via_011-1024x768.jpg 1024w, https:\/\/oldehanhoff.nl\/wp-content\/uploads\/2020\/10\/Metro_de_Madrid_-_Gran_Via_011-300x225.jpg 300w, https:\/\/oldehanhoff.nl\/wp-content\/uploads\/2020\/10\/Metro_de_Madrid_-_Gran_Via_011-768x576.jpg 768w, https:\/\/oldehanhoff.nl\/wp-content\/uploads\/2020\/10\/Metro_de_Madrid_-_Gran_Via_011-1536x1152.jpg 1536w, https:\/\/oldehanhoff.nl\/wp-content\/uploads\/2020\/10\/Metro_de_Madrid_-_Gran_Via_011-2048x1536.jpg 2048w, https:\/\/oldehanhoff.nl\/wp-content\/uploads\/2020\/10\/Metro_de_Madrid_-_Gran_Via_011-150x113.jpg 150w\" sizes=\"auto, (max-width: 1024px) 100vw, 1024px\" \/><\/figure>\n\n\n\n<p>Madrid heeft, net zoals vele andere Spaanse steden, een uitgebreid metronetwerk dat dagelijks aan uitbreiding onderhevig is.<br>Op 31 december 2001 waren er maar liefst 11 metrolijnen actief. De totale lengte van het metronetwerk is 171 km en er zijn maar liefst 201 stations waarvan 122 enkele stations (geen overstapmogelijkheden), 48 dubbele stations, 27 drievoudige stations en 4 viervoudige stations. Je kunt dus gemakkelijk overstappen van het ene station naar het andere station.<\/p>\n\n\n\n<p>De metro is bij uitstek het vervoersmiddel dat je moet gebruiken om de schitterende stad te bezichtigen. De metro is snel en schoon en de wachttijden zijn minimaal. Er is een goede verbinding naar de verschillende treinstations en er is een aansluiting op de luchtvaartbus die je naar de luchthaven brengt.<\/p>\n\n\n\n<p>Er wordt continu gewerkt om het metronetwerk uit te breiden. Rond 2010 zal de metro van Madrid qua lengte de Underground van Londen en de M\u00e9tro van Parijs overtreffen. Zo belangrijk is de metro voor de Madrilenen en de vele miljoenen toeristen die de stad jaarlijks bezoeken.<\/p>\n\n\n\n<p>De metro\u2019s in Madrid rijden van zondag tot donderdag van 06.00 \u2013 01.30. Op vrijdag en zaterdag rijden de metro\u2019s van 06.00 \u2013 02.30. Tijdens de ochtendspits rijden de metro\u2019s om de 2-3 minuten, overdag en in de avond rijden de metro\u2019s om de 4-6 minuten en na middernacht rijden de metro\u2019s om het kwartier.<\/p>\n\n\n\n<figure class=\"wp-block-image size-large\"><a href=\"https:\/\/oldehanhoff.nl\/wp-content\/uploads\/2020\/10\/2000px-Madrid_Metro_Map.svg_1.png\" data-rel=\"lightbox-image-0\" data-rl_title=\"\" data-rl_caption=\"\" title=\"\"><img loading=\"lazy\" decoding=\"async\" width=\"844\" height=\"1024\" src=\"https:\/\/oldehanhoff.nl\/wp-content\/uploads\/2020\/10\/2000px-Madrid_Metro_Map.svg_1-844x1024.png\" alt=\"\" class=\"wp-image-12450\" srcset=\"https:\/\/oldehanhoff.nl\/wp-content\/uploads\/2020\/10\/2000px-Madrid_Metro_Map.svg_1-844x1024.png 844w, https:\/\/oldehanhoff.nl\/wp-content\/uploads\/2020\/10\/2000px-Madrid_Metro_Map.svg_1-247x300.png 247w, https:\/\/oldehanhoff.nl\/wp-content\/uploads\/2020\/10\/2000px-Madrid_Metro_Map.svg_1-768x932.png 768w, https:\/\/oldehanhoff.nl\/wp-content\/uploads\/2020\/10\/2000px-Madrid_Metro_Map.svg_1-1266x1536.png 1266w, https:\/\/oldehanhoff.nl\/wp-content\/uploads\/2020\/10\/2000px-Madrid_Metro_Map.svg_1-1688x2048.png 1688w, https:\/\/oldehanhoff.nl\/wp-content\/uploads\/2020\/10\/2000px-Madrid_Metro_Map.svg_1-124x150.png 124w, https:\/\/oldehanhoff.nl\/wp-content\/uploads\/2020\/10\/2000px-Madrid_Metro_Map.svg_1.png 2000w\" sizes=\"auto, (max-width: 844px) 100vw, 844px\" \/><\/a><\/figure>\n\n\n\n<p>Madrid heeft de volgende metrolijnen:<\/p>\n\n\n\n<p>Lijn 1: Plaza de Castilla-Congosto<br>Lijn 2: Ventas-Cuatro Caminos<br>Lijn 3: Legazpi-Moncloa<br>Lijn 4: Parque de Santa Mar\u00eda-Arg\u00fcelles<br>Lijn 5: Canillejas-Casa de Campo<br>Lijn 6: Circular<br>Lijn 7: Las Musas-Pitis<br>Lijn 8: Nuevos Ministerios &#8211; Barajas<br>Lijn 9: Herrera Oria-Arganda del Rey<br>Lijn 10: Fuencarral-Colonia Jardin<br>Lijn 11: Plaza El\u00edptica-Pan Bendito<br>Lijn R: Opera-Pr\u00edncipe P\u00edo<\/p>\n","protected":false},"excerpt":{"rendered":"<p>Madrid heeft, net zoals vele andere Spaanse steden, een uitgebreid metronetwerk dat dagelijks aan uitbreiding onderhevig is.Op 31 december 2001 waren er maar liefst 11 metrolijnen actief. De totale lengte van het metronetwerk is 171 km en er zijn maar liefst 201 stations waarvan 122 enkele stations (geen overstapmogelijkheden), 48\u2026<\/p>\n<p class=\"continue-reading-button\"> <a class=\"continue-reading-link\" href=\"https:\/\/oldehanhoff.nl\/?page_id=12446\">Lees verder<i class=\"crycon-right-dir\"><\/i><\/a><\/p>\n","protected":false},"author":1,"featured_media":12421,"parent":12432,"menu_order":0,"comment_status":"closed","ping_status":"closed","template":"","meta":{"_uag_custom_page_level_css":"","footnotes":"","_links_to":"","_links_to_target":""},"class_list":["post-12446","page","type-page","status-publish","has-post-thumbnail","hentry"],"uagb_featured_image_src":{"full":["https:\/\/oldehanhoff.nl\/wp-content\/uploads\/2020\/10\/cropped-DSC07637-b.jpg",1180,140,false],"thumbnail":["https:\/\/oldehanhoff.nl\/wp-content\/uploads\/2020\/10\/cropped-DSC07637-b-150x140.jpg",150,140,true],"medium":["https:\/\/oldehanhoff.nl\/wp-content\/uploads\/2020\/10\/cropped-DSC07637-b-300x36.jpg",300,36,true],"medium_large":["https:\/\/oldehanhoff.nl\/wp-content\/uploads\/2020\/10\/cropped-DSC07637-b-768x91.jpg",768,91,true],"large":["https:\/\/oldehanhoff.nl\/wp-content\/uploads\/2020\/10\/cropped-DSC07637-b-1024x121.jpg",900,106,true],"1536x1536":["https:\/\/oldehanhoff.nl\/wp-content\/uploads\/2020\/10\/cropped-DSC07637-b.jpg",1180,140,false],"2048x2048":["https:\/\/oldehanhoff.nl\/wp-content\/uploads\/2020\/10\/cropped-DSC07637-b.jpg",1180,140,false],"custom":["https:\/\/oldehanhoff.nl\/wp-content\/uploads\/2020\/10\/cropped-DSC07637-b-780x140.jpg",780,140,true],"post-thumbnail":["https:\/\/oldehanhoff.nl\/wp-content\/uploads\/2020\/10\/cropped-DSC07637-b-150x18.jpg",150,18,true],"header":["https:\/\/oldehanhoff.nl\/wp-content\/uploads\/2020\/10\/cropped-DSC07637-b-1180x140.jpg",1180,140,true],"slider":["https:\/\/oldehanhoff.nl\/wp-content\/uploads\/2020\/10\/cropped-DSC07637-b.jpg",1180,140,false],"columns":["https:\/\/oldehanhoff.nl\/wp-content\/uploads\/2020\/10\/cropped-DSC07637-b-327x140.jpg",327,140,true]},"uagb_author_info":{"display_name":"Eddy","author_link":"https:\/\/oldehanhoff.nl\/?author=1"},"uagb_comment_info":0,"uagb_excerpt":"Madrid heeft, net zoals vele andere Spaanse steden, een uitgebreid metronetwerk dat dagelijks aan uitbreiding onderhevig is.Op 31 december 2001 waren er maar liefst 11 metrolijnen actief. De totale lengte van het metronetwerk is 171 km en er zijn maar liefst 201 stations waarvan 122 enkele stations (geen overstapmogelijkheden), 48\u2026 Lees verder","_links":{"self":[{"href":"https:\/\/oldehanhoff.nl\/index.php?rest_route=\/wp\/v2\/pages\/12446","targetHints":{"allow":["GET"]}}],"collection":[{"href":"https:\/\/oldehanhoff.nl\/index.php?rest_route=\/wp\/v2\/pages"}],"about":[{"href":"https:\/\/oldehanhoff.nl\/index.php?rest_route=\/wp\/v2\/types\/page"}],"author":[{"embeddable":true,"href":"https:\/\/oldehanhoff.nl\/index.php?rest_route=\/wp\/v2\/users\/1"}],"replies":[{"embeddable":true,"href":"https:\/\/oldehanhoff.nl\/index.php?rest_route=%2Fwp%2Fv2%2Fcomments&post=12446"}],"version-history":[{"count":2,"href":"https:\/\/oldehanhoff.nl\/index.php?rest_route=\/wp\/v2\/pages\/12446\/revisions"}],"predecessor-version":[{"id":12451,"href":"https:\/\/oldehanhoff.nl\/index.php?rest_route=\/wp\/v2\/pages\/12446\/revisions\/12451"}],"up":[{"embeddable":true,"href":"https:\/\/oldehanhoff.nl\/index.php?rest_route=\/wp\/v2\/pages\/12432"}],"wp:featuredmedia":[{"embeddable":true,"href":"https:\/\/oldehanhoff.nl\/index.php?rest_route=\/wp\/v2\/media\/12421"}],"wp:attachment":[{"href":"https:\/\/oldehanhoff.nl\/index.php?rest_route=%2Fwp%2Fv2%2Fmedia&parent=12446"}],"curies":[{"name":"wp","href":"https:\/\/api.w.org\/{rel}","templated":true}]}}