{"id":12069,"date":"2020-10-18T10:28:04","date_gmt":"2020-10-18T08:28:04","guid":{"rendered":"https:\/\/oldehanhoff.nl\/?page_id=12069"},"modified":"2020-10-18T10:28:52","modified_gmt":"2020-10-18T08:28:52","slug":"east-side-gallery","status":"publish","type":"page","link":"https:\/\/oldehanhoff.nl\/?page_id=12069","title":{"rendered":"East-Side Gallery"},"content":{"rendered":"\n<figure class=\"wp-block-image size-large\"><img loading=\"lazy\" decoding=\"async\" width=\"800\" height=\"500\" src=\"https:\/\/oldehanhoff.nl\/wp-content\/uploads\/2020\/10\/Bundesarchiv_B_145_Bild-F088809-0038_Berlin_East_Side_Gallery1.jpg\" alt=\"\" class=\"wp-image-12070\" srcset=\"https:\/\/oldehanhoff.nl\/wp-content\/uploads\/2020\/10\/Bundesarchiv_B_145_Bild-F088809-0038_Berlin_East_Side_Gallery1.jpg 800w, https:\/\/oldehanhoff.nl\/wp-content\/uploads\/2020\/10\/Bundesarchiv_B_145_Bild-F088809-0038_Berlin_East_Side_Gallery1-300x188.jpg 300w, https:\/\/oldehanhoff.nl\/wp-content\/uploads\/2020\/10\/Bundesarchiv_B_145_Bild-F088809-0038_Berlin_East_Side_Gallery1-768x480.jpg 768w, https:\/\/oldehanhoff.nl\/wp-content\/uploads\/2020\/10\/Bundesarchiv_B_145_Bild-F088809-0038_Berlin_East_Side_Gallery1-150x94.jpg 150w\" sizes=\"auto, (max-width: 800px) 100vw, 800px\" \/><\/figure>\n\n\n\n<p>The East Side Gallery is an international memorial for freedom. It is a 1.3&nbsp;km long section of the Berlin Wall located near the centre of Berlin on M\u00fchlenstra\u00dfe in Friedrichshain-Kreuzberg, between the Berliner Ostbahnhof and the Oberbaumbr\u00fccke along the river Spree.<br>The actual border at this point was the river Spree. The gallery is located on the so-called &#8220;hinterland mauer&#8221;, which closed the border to West Berlin.<br>The Gallery consists of 105 paintings by artists from all over the world, painted in 1990 on the east side of the Berlin Wall.<br>It is possibly the largest and longest-lasting open air gallery in the world.<\/p>\n\n\n\n<figure class=\"wp-block-image size-large\"><img loading=\"lazy\" decoding=\"async\" width=\"1024\" height=\"768\" src=\"https:\/\/oldehanhoff.nl\/wp-content\/uploads\/2020\/10\/Berliner_Mauer_East_Side_Gallery_81-1024x768.jpg\" alt=\"\" class=\"wp-image-12071\" srcset=\"https:\/\/oldehanhoff.nl\/wp-content\/uploads\/2020\/10\/Berliner_Mauer_East_Side_Gallery_81-1024x768.jpg 1024w, https:\/\/oldehanhoff.nl\/wp-content\/uploads\/2020\/10\/Berliner_Mauer_East_Side_Gallery_81-300x225.jpg 300w, https:\/\/oldehanhoff.nl\/wp-content\/uploads\/2020\/10\/Berliner_Mauer_East_Side_Gallery_81-768x576.jpg 768w, https:\/\/oldehanhoff.nl\/wp-content\/uploads\/2020\/10\/Berliner_Mauer_East_Side_Gallery_81-1536x1152.jpg 1536w, https:\/\/oldehanhoff.nl\/wp-content\/uploads\/2020\/10\/Berliner_Mauer_East_Side_Gallery_81-2048x1536.jpg 2048w, https:\/\/oldehanhoff.nl\/wp-content\/uploads\/2020\/10\/Berliner_Mauer_East_Side_Gallery_81-150x113.jpg 150w\" sizes=\"auto, (max-width: 1024px) 100vw, 1024px\" \/><\/figure>\n","protected":false},"excerpt":{"rendered":"<p>The East Side Gallery is an international memorial for freedom. It is a 1.3&nbsp;km long section of the Berlin Wall located near the centre of Berlin on M\u00fchlenstra\u00dfe in Friedrichshain-Kreuzberg, between the Berliner Ostbahnhof and the Oberbaumbr\u00fccke along the river Spree.The actual border at this point was the river Spree.\u2026<\/p>\n<p class=\"continue-reading-button\"> <a class=\"continue-reading-link\" href=\"https:\/\/oldehanhoff.nl\/?page_id=12069\">Lees verder<i class=\"crycon-right-dir\"><\/i><\/a><\/p>\n","protected":false},"author":1,"featured_media":4103,"parent":4316,"menu_order":0,"comment_status":"closed","ping_status":"closed","template":"","meta":{"_uag_custom_page_level_css":"","footnotes":"","_links_to":"","_links_to_target":""},"class_list":["post-12069","page","type-page","status-publish","has-post-thumbnail","hentry"],"uagb_featured_image_src":{"full":["https:\/\/oldehanhoff.nl\/wp-content\/uploads\/2018\/12\/cropped-IMG_20160709_161301.jpg",1180,140,false],"thumbnail":["https:\/\/oldehanhoff.nl\/wp-content\/uploads\/2018\/12\/cropped-IMG_20160709_161301-150x140.jpg",150,140,true],"medium":["https:\/\/oldehanhoff.nl\/wp-content\/uploads\/2018\/12\/cropped-IMG_20160709_161301-300x36.jpg",300,36,true],"medium_large":["https:\/\/oldehanhoff.nl\/wp-content\/uploads\/2018\/12\/cropped-IMG_20160709_161301-768x91.jpg",768,91,true],"large":["https:\/\/oldehanhoff.nl\/wp-content\/uploads\/2018\/12\/cropped-IMG_20160709_161301-1024x121.jpg",900,106,true],"1536x1536":["https:\/\/oldehanhoff.nl\/wp-content\/uploads\/2018\/12\/cropped-IMG_20160709_161301.jpg",1180,140,false],"2048x2048":["https:\/\/oldehanhoff.nl\/wp-content\/uploads\/2018\/12\/cropped-IMG_20160709_161301.jpg",1180,140,false],"custom":["https:\/\/oldehanhoff.nl\/wp-content\/uploads\/2018\/12\/cropped-IMG_20160709_161301-780x140.jpg",780,140,true],"post-thumbnail":["https:\/\/oldehanhoff.nl\/wp-content\/uploads\/2018\/12\/cropped-IMG_20160709_161301-150x18.jpg",150,18,true],"header":["https:\/\/oldehanhoff.nl\/wp-content\/uploads\/2018\/12\/cropped-IMG_20160709_161301.jpg",1180,140,false],"slider":["https:\/\/oldehanhoff.nl\/wp-content\/uploads\/2018\/12\/cropped-IMG_20160709_161301-1180x140.jpg",1180,140,true],"columns":["https:\/\/oldehanhoff.nl\/wp-content\/uploads\/2018\/12\/cropped-IMG_20160709_161301-327x140.jpg",327,140,true]},"uagb_author_info":{"display_name":"Eddy","author_link":"https:\/\/oldehanhoff.nl\/?author=1"},"uagb_comment_info":0,"uagb_excerpt":"The East Side Gallery is an international memorial for freedom. It is a 1.3&nbsp;km long section of the Berlin Wall located near the centre of Berlin on M\u00fchlenstra\u00dfe in Friedrichshain-Kreuzberg, between the Berliner Ostbahnhof and the Oberbaumbr\u00fccke along the river Spree.The actual border at this point was the river Spree.\u2026 Lees verder","_links":{"self":[{"href":"https:\/\/oldehanhoff.nl\/index.php?rest_route=\/wp\/v2\/pages\/12069","targetHints":{"allow":["GET"]}}],"collection":[{"href":"https:\/\/oldehanhoff.nl\/index.php?rest_route=\/wp\/v2\/pages"}],"about":[{"href":"https:\/\/oldehanhoff.nl\/index.php?rest_route=\/wp\/v2\/types\/page"}],"author":[{"embeddable":true,"href":"https:\/\/oldehanhoff.nl\/index.php?rest_route=\/wp\/v2\/users\/1"}],"replies":[{"embeddable":true,"href":"https:\/\/oldehanhoff.nl\/index.php?rest_route=%2Fwp%2Fv2%2Fcomments&post=12069"}],"version-history":[{"count":2,"href":"https:\/\/oldehanhoff.nl\/index.php?rest_route=\/wp\/v2\/pages\/12069\/revisions"}],"predecessor-version":[{"id":12074,"href":"https:\/\/oldehanhoff.nl\/index.php?rest_route=\/wp\/v2\/pages\/12069\/revisions\/12074"}],"up":[{"embeddable":true,"href":"https:\/\/oldehanhoff.nl\/index.php?rest_route=\/wp\/v2\/pages\/4316"}],"wp:featuredmedia":[{"embeddable":true,"href":"https:\/\/oldehanhoff.nl\/index.php?rest_route=\/wp\/v2\/media\/4103"}],"wp:attachment":[{"href":"https:\/\/oldehanhoff.nl\/index.php?rest_route=%2Fwp%2Fv2%2Fmedia&parent=12069"}],"curies":[{"name":"wp","href":"https:\/\/api.w.org\/{rel}","templated":true}]}}