{"id":11009,"date":"2020-08-15T08:03:48","date_gmt":"2020-08-15T06:03:48","guid":{"rendered":"https:\/\/oldehanhoff.nl\/?page_id=11009"},"modified":"2022-08-27T12:23:10","modified_gmt":"2022-08-27T10:23:10","slug":"hotel","status":"publish","type":"page","link":"https:\/\/oldehanhoff.nl\/?page_id=11009","title":{"rendered":"Hotel"},"content":{"rendered":"\n<figure class=\"wp-block-image size-large\"><img loading=\"lazy\" decoding=\"async\" width=\"1024\" height=\"583\" src=\"https:\/\/oldehanhoff.nl\/wp-content\/uploads\/2020\/08\/10575165_718548504876879_2324114046085642575_o1-1024x583.jpg\" alt=\"\" class=\"wp-image-11033\" srcset=\"https:\/\/oldehanhoff.nl\/wp-content\/uploads\/2020\/08\/10575165_718548504876879_2324114046085642575_o1-1024x583.jpg 1024w, https:\/\/oldehanhoff.nl\/wp-content\/uploads\/2020\/08\/10575165_718548504876879_2324114046085642575_o1-300x171.jpg 300w, https:\/\/oldehanhoff.nl\/wp-content\/uploads\/2020\/08\/10575165_718548504876879_2324114046085642575_o1-768x437.jpg 768w, https:\/\/oldehanhoff.nl\/wp-content\/uploads\/2020\/08\/10575165_718548504876879_2324114046085642575_o1-1536x875.jpg 1536w, https:\/\/oldehanhoff.nl\/wp-content\/uploads\/2020\/08\/10575165_718548504876879_2324114046085642575_o1-150x85.jpg 150w, https:\/\/oldehanhoff.nl\/wp-content\/uploads\/2020\/08\/10575165_718548504876879_2324114046085642575_o1.jpg 2048w\" sizes=\"auto, (max-width: 1024px) 100vw, 1024px\" \/><\/figure>\n\n\n\n<h3 class=\"wp-block-heading\">Econtel Berlin Charlottenburg<\/h3>\n\n\n\n<p>Das 3-Sterne-Superior-Hotel ECONTEL HOTEL Berlin Charlottenburg bringt Sie mitten im Herzen von Berlin mit den beliebtesten Sehensw\u00fcrdigkeiten der Stadt zusammen. Zentral gelegen, zwischen der Berliner Messe, dem Kurf\u00fcrstendamm, dem Hauptbahnhof und dem Flughafen Tegel, profitieren Sie von der ausge\u00adzeichneten und dennoch erstaunlich ruhigen Lage des Hotels. <\/p>\n\n\n\n<p>Durch den angrenzenden Park erreichen Sie bequem das Schloss Charlottenburg oder das \u00c4gyptische Museum. <\/p>\n\n\n\n<p>Das ECONTEL HOTEL Berlin Charlottenburg ist daher ein idealer Ausgangs\u00adpunkt f\u00fcr Ihren Aufenthalt in der Hauptstadt Berlin und bietet Ihnen mit seinen schnellen Verbindungen zum Kurf\u00fcrstendamm oder zur Siegess\u00e4ule, zum Brandenburger Tor und dem Reichstag, zum Potsdamer Platz oder zum Berliner Olympiastadion ideale Voraussetzungen f\u00fcr Ihre Reise nach Berlin. Hotel, \u00dcbernachtung, Berlin erleben.<\/p>\n\n\n\n<figure class=\"wp-block-image size-large\"><img loading=\"lazy\" decoding=\"async\" width=\"800\" height=\"600\" src=\"https:\/\/oldehanhoff.nl\/wp-content\/uploads\/2020\/08\/450x300-econtel-hotel-berlin-Hotelzimmer-standard-doppelzimmer1.jpg\" alt=\"\" class=\"wp-image-11037\" srcset=\"https:\/\/oldehanhoff.nl\/wp-content\/uploads\/2020\/08\/450x300-econtel-hotel-berlin-Hotelzimmer-standard-doppelzimmer1.jpg 800w, https:\/\/oldehanhoff.nl\/wp-content\/uploads\/2020\/08\/450x300-econtel-hotel-berlin-Hotelzimmer-standard-doppelzimmer1-300x225.jpg 300w, https:\/\/oldehanhoff.nl\/wp-content\/uploads\/2020\/08\/450x300-econtel-hotel-berlin-Hotelzimmer-standard-doppelzimmer1-768x576.jpg 768w, https:\/\/oldehanhoff.nl\/wp-content\/uploads\/2020\/08\/450x300-econtel-hotel-berlin-Hotelzimmer-standard-doppelzimmer1-150x113.jpg 150w\" sizes=\"auto, (max-width: 800px) 100vw, 800px\" \/><\/figure>\n\n\n\n<h6 class=\"wp-block-heading\">Adres:<\/h6>\n\n\n\n<p>S\u00f6mmeringstra\u00dfe 24-26 10589 Berlijn, Duitsland<\/p>\n\n\n\n<p>Metrostation Mierendorfplatz op circa 300m<\/p>\n\n\n\n<ul class=\"wp-block-list\"><li><a rel=\"noreferrer noopener\" href=\"https:\/\/www.facebook.com\/econtelhotel.berlin\" target=\"_blank\">https:\/\/www.facebook.com\/econtelhotel.berlin<\/a><\/li><li><a href=\"https:\/\/www.instagram.com\/econtelhotelberlin\/\" target=\"_blank\" rel=\"noreferrer noopener\">https:\/\/www.instagram.com\/econtelhotelberlin\/<\/a><\/li><li><a rel=\"noreferrer noopener\" href=\"https:\/\/www.amber-hotels.de\/berlin-charlottenburg\/\" target=\"_blank\">https:\/\/www.amber-hotels.de\/berlin-charlottenburg\/<\/a><\/li><\/ul>\n\n\n\n<p><\/p>\n","protected":false},"excerpt":{"rendered":"<p>Econtel Berlin Charlottenburg Das 3-Sterne-Superior-Hotel ECONTEL HOTEL Berlin Charlottenburg bringt Sie mitten im Herzen von Berlin mit den beliebtesten Sehensw\u00fcrdigkeiten der Stadt zusammen. Zentral gelegen, zwischen der Berliner Messe, dem Kurf\u00fcrstendamm, dem Hauptbahnhof und dem Flughafen Tegel, profitieren Sie von der ausge\u00adzeichneten und dennoch erstaunlich ruhigen Lage des Hotels. Durch\u2026<\/p>\n<p class=\"continue-reading-button\"> <a class=\"continue-reading-link\" href=\"https:\/\/oldehanhoff.nl\/?page_id=11009\">Lees verder<i class=\"crycon-right-dir\"><\/i><\/a><\/p>\n","protected":false},"author":1,"featured_media":27100,"parent":10986,"menu_order":0,"comment_status":"closed","ping_status":"closed","template":"","meta":{"_uag_custom_page_level_css":"","footnotes":"","_links_to":"","_links_to_target":""},"class_list":["post-11009","page","type-page","status-publish","has-post-thumbnail","hentry"],"uagb_featured_image_src":{"full":["https:\/\/oldehanhoff.nl\/wp-content\/uploads\/2022\/08\/10307ve1-1-e1597426654507-1180x140-1.jpg",1180,140,false],"thumbnail":["https:\/\/oldehanhoff.nl\/wp-content\/uploads\/2022\/08\/10307ve1-1-e1597426654507-1180x140-1-150x140.jpg",150,140,true],"medium":["https:\/\/oldehanhoff.nl\/wp-content\/uploads\/2022\/08\/10307ve1-1-e1597426654507-1180x140-1-300x36.jpg",300,36,true],"medium_large":["https:\/\/oldehanhoff.nl\/wp-content\/uploads\/2022\/08\/10307ve1-1-e1597426654507-1180x140-1-768x91.jpg",768,91,true],"large":["https:\/\/oldehanhoff.nl\/wp-content\/uploads\/2022\/08\/10307ve1-1-e1597426654507-1180x140-1-1024x121.jpg",900,106,true],"1536x1536":["https:\/\/oldehanhoff.nl\/wp-content\/uploads\/2022\/08\/10307ve1-1-e1597426654507-1180x140-1.jpg",1180,140,false],"2048x2048":["https:\/\/oldehanhoff.nl\/wp-content\/uploads\/2022\/08\/10307ve1-1-e1597426654507-1180x140-1.jpg",1180,140,false],"custom":["https:\/\/oldehanhoff.nl\/wp-content\/uploads\/2022\/08\/10307ve1-1-e1597426654507-1180x140-1-780x140.jpg",780,140,true],"post-thumbnail":["https:\/\/oldehanhoff.nl\/wp-content\/uploads\/2022\/08\/10307ve1-1-e1597426654507-1180x140-1-150x18.jpg",150,18,true],"header":["https:\/\/oldehanhoff.nl\/wp-content\/uploads\/2022\/08\/10307ve1-1-e1597426654507-1180x140-1.jpg",1180,140,false],"slider":["https:\/\/oldehanhoff.nl\/wp-content\/uploads\/2022\/08\/10307ve1-1-e1597426654507-1180x140-1.jpg",1180,140,false],"columns":["https:\/\/oldehanhoff.nl\/wp-content\/uploads\/2022\/08\/10307ve1-1-e1597426654507-1180x140-1-327x140.jpg",327,140,true]},"uagb_author_info":{"display_name":"Eddy","author_link":"https:\/\/oldehanhoff.nl\/?author=1"},"uagb_comment_info":0,"uagb_excerpt":"Econtel Berlin Charlottenburg Das 3-Sterne-Superior-Hotel ECONTEL HOTEL Berlin Charlottenburg bringt Sie mitten im Herzen von Berlin mit den beliebtesten Sehensw\u00fcrdigkeiten der Stadt zusammen. Zentral gelegen, zwischen der Berliner Messe, dem Kurf\u00fcrstendamm, dem Hauptbahnhof und dem Flughafen Tegel, profitieren Sie von der ausge\u00adzeichneten und dennoch erstaunlich ruhigen Lage des Hotels. Durch\u2026 Lees verder","_links":{"self":[{"href":"https:\/\/oldehanhoff.nl\/index.php?rest_route=\/wp\/v2\/pages\/11009","targetHints":{"allow":["GET"]}}],"collection":[{"href":"https:\/\/oldehanhoff.nl\/index.php?rest_route=\/wp\/v2\/pages"}],"about":[{"href":"https:\/\/oldehanhoff.nl\/index.php?rest_route=\/wp\/v2\/types\/page"}],"author":[{"embeddable":true,"href":"https:\/\/oldehanhoff.nl\/index.php?rest_route=\/wp\/v2\/users\/1"}],"replies":[{"embeddable":true,"href":"https:\/\/oldehanhoff.nl\/index.php?rest_route=%2Fwp%2Fv2%2Fcomments&post=11009"}],"version-history":[{"count":7,"href":"https:\/\/oldehanhoff.nl\/index.php?rest_route=\/wp\/v2\/pages\/11009\/revisions"}],"predecessor-version":[{"id":11040,"href":"https:\/\/oldehanhoff.nl\/index.php?rest_route=\/wp\/v2\/pages\/11009\/revisions\/11040"}],"up":[{"embeddable":true,"href":"https:\/\/oldehanhoff.nl\/index.php?rest_route=\/wp\/v2\/pages\/10986"}],"wp:featuredmedia":[{"embeddable":true,"href":"https:\/\/oldehanhoff.nl\/index.php?rest_route=\/wp\/v2\/media\/27100"}],"wp:attachment":[{"href":"https:\/\/oldehanhoff.nl\/index.php?rest_route=%2Fwp%2Fv2%2Fmedia&parent=11009"}],"curies":[{"name":"wp","href":"https:\/\/api.w.org\/{rel}","templated":true}]}}